{"id":775,"date":"2024-05-25T11:36:59","date_gmt":"2024-05-25T03:36:59","guid":{"rendered":"http:\/\/www.fangofast.com\/?post_type=product&#038;p=775"},"modified":"2024-05-25T11:37:00","modified_gmt":"2024-05-25T03:37:00","slug":"ceiling-register-2","status":"publish","type":"product","link":"https:\/\/www.fangofast.com\/it\/product\/ceiling-register-2\/","title":{"rendered":"Registro a soffitto"},"content":{"rendered":"<table>\n<tbody>\n<tr>\n<td width=\"277\">Produttore<\/td>\n<td width=\"278\">FanGoFast<\/td>\n<\/tr>\n<tr>\n<td width=\"277\">Numero di parte<\/td>\n<td width=\"278\">JSFKB-4\u00d710-3P-US<\/td>\n<\/tr>\n<tr>\n<td width=\"277\">Dimensioni del prodotto<\/td>\n<td width=\"278\">25,4 x 10,16 x 3,05 cm; 1,36 kg<\/td>\n<\/tr>\n<tr>\n<td width=\"277\">Numero di modello dell'articolo<\/td>\n<td width=\"278\">JSFKB-4\u00d710-3P-US<\/td>\n<\/tr>\n<tr>\n<td width=\"277\">Colore<\/td>\n<td width=\"278\">Marrone<\/td>\n<\/tr>\n<tr>\n<td width=\"277\">Materiale<\/td>\n<td width=\"278\">Metallo<\/td>\n<\/tr>\n<tr>\n<td width=\"277\">Componenti inclusi<\/td>\n<td width=\"278\">NO<\/td>\n<\/tr>\n<tr>\n<td width=\"277\">Batterie incluse?<\/td>\n<td width=\"278\">No<\/td>\n<\/tr>\n<tr>\n<td width=\"277\">Batterie necessarie?<\/td>\n<td width=\"278\">No<\/td>\n<\/tr>\n<tr>\n<td width=\"277\">Peso dell'articolo<\/td>\n<td width=\"278\">1,36 kg<\/td>\n<\/tr>\n<\/tbody>\n<\/table>\n<p>&nbsp;<\/p>\n<ul>\n<li>Dimensioni dell'apertura del condotto 4 in \u00d7 10 in: Le dimensioni indicate sulla bocchetta a pavimento corrispondono alle dimensioni dell'apertura del condotto. Prima dell'acquisto, prendere le misure dell'apertura del condotto nella stanza e ordinare la misura corretta. Nota: misurare l'interno dell'apertura del condotto in pollici. Non misurare le dimensioni complessive della bocchetta!<\/li>\n<li>Prese d'aria a pavimento in metallo: 100% nuovo di zecca e di alta qualit\u00e0. Realizzate in materiale ferroso di alta qualit\u00e0, forte e durevole, non facile da rompere o deformare, e possono essere utilizzate per lungo tempo.<\/li>\n<li>Decorativo: L'aspetto della bocchetta \u00e8 pulito e conciso, e non solo consente la circolazione dell'aria, ma svolge anche un ruolo decorativo nell'ambiente.<\/li>\n<li>Facile da regolare: La bocchetta di aerazione a pavimento con valvola di non ritorno regolabile pu\u00f2 essere facilmente regolata; quando la valvola \u00e8 chiusa, pu\u00f2 efficacemente impedire la fuoriuscita dell'aria condizionata.<\/li>\n<li>Facile da installare, non richiede attrezzi: L'installazione \u00e8 semplice, non richiede strumenti aggiuntivi e pu\u00f2 essere completata in pochi minuti.<\/li>\n<\/ul>","protected":false},"excerpt":{"rendered":"<p>Manufacturer \u200eFanGoFast Part Number \u200eJSFKB-4\u00d710-3P-US Product Dimensions \u200e25.4 x 10.16 x 3.05 cm; 1.36 kg Item model number \u200eJSFKB-4\u00d710-3P-US Colour \u200eBrown Material \u200eMetal Included Components \u200eNO Batteries included? \u200eNo Batteries Required? \u200eNo Item Weight \u200e1.36 kg &nbsp; 4 in \u00d7 10 in duct opening size: The size indicated on the floor vent corresponds to the &hellip;<\/p>\n<p class=\"read-more\"> <a class=\"\" href=\"https:\/\/www.fangofast.com\/it\/product\/ceiling-register-2\/\"> <span class=\"screen-reader-text\">Registro a soffitto<\/span> Leggi tutto \u00bb<\/a><\/p>","protected":false},"featured_media":783,"template":"","meta":{"site-sidebar-layout":"default","site-content-layout":"default","ast-global-header-display":"","ast-main-header-display":"","ast-hfb-above-header-display":"","ast-hfb-below-header-display":"","ast-hfb-mobile-header-display":"","site-post-title":"","ast-breadcrumbs-content":"","ast-featured-img":"","footer-sml-layout":"","theme-transparent-header-meta":"default","adv-header-id-meta":"","stick-header-meta":"","header-above-stick-meta":"","header-main-stick-meta":"","header-below-stick-meta":""},"product_cat":[49],"product_tag":[],"class_list":["post-775","product","type-product","status-publish","has-post-thumbnail","hentry","product_cat-ceiling-register","desktop-align-left","tablet-align-left","mobile-align-left","ast-product-gallery-layout-vertical-slider","ast-product-tabs-layout-horizontal"],"_links":{"self":[{"href":"https:\/\/www.fangofast.com\/it\/wp-json\/wp\/v2\/product\/775","targetHints":{"allow":["GET"]}}],"collection":[{"href":"https:\/\/www.fangofast.com\/it\/wp-json\/wp\/v2\/product"}],"about":[{"href":"https:\/\/www.fangofast.com\/it\/wp-json\/wp\/v2\/types\/product"}],"wp:featuredmedia":[{"embeddable":true,"href":"https:\/\/www.fangofast.com\/it\/wp-json\/wp\/v2\/media\/783"}],"wp:attachment":[{"href":"https:\/\/www.fangofast.com\/it\/wp-json\/wp\/v2\/media?parent=775"}],"wp:term":[{"taxonomy":"product_cat","embeddable":true,"href":"https:\/\/www.fangofast.com\/it\/wp-json\/wp\/v2\/product_cat?post=775"},{"taxonomy":"product_tag","embeddable":true,"href":"https:\/\/www.fangofast.com\/it\/wp-json\/wp\/v2\/product_tag?post=775"}],"curies":[{"name":"wp","href":"https:\/\/api.w.org\/{rel}","templated":true}]}}