{"id":717,"date":"2024-05-25T11:26:00","date_gmt":"2024-05-25T03:26:00","guid":{"rendered":"http:\/\/www.fangofast.com\/?post_type=product&#038;p=717"},"modified":"2024-05-25T11:26:00","modified_gmt":"2024-05-25T03:26:00","slug":"100mm-axial-fan-kit","status":"publish","type":"product","link":"https:\/\/www.fangofast.com\/it\/product\/100mm-axial-fan-kit\/","title":{"rendered":"Kit ventola assiale da 100 mm"},"content":{"rendered":"<table>\n<tbody>\n<tr>\n<td width=\"136\"><strong><b>Marchio<\/b><\/strong><\/td>\n<td width=\"434\">FanGoFast<\/td>\n<\/tr>\n<tr>\n<td width=\"136\"><strong><b>Colore <\/b><\/strong><\/td>\n<td width=\"434\">Nero<\/td>\n<\/tr>\n<tr>\n<td width=\"136\"><strong><b>Fonte di alimentazione<\/b><\/strong><\/td>\n<td width=\"434\">Cavo elettrico<\/td>\n<\/tr>\n<tr>\n<td width=\"136\"><strong><b>Stile<\/b><\/strong><\/td>\n<td width=\"434\">Ventilatore assiale da 100 mm Kit<\/td>\n<\/tr>\n<tr>\n<td width=\"136\"><strong><b>Dimensioni del prodotto<\/b><\/strong><\/td>\n<td width=\"434\">15d x 17w x 29,5h centimetri<\/td>\n<\/tr>\n<tr>\n<td width=\"136\"><strong><b>Tipo<\/b><\/strong><\/td>\n<td width=\"434\">Garage, ufficio, sala da pranzo<\/td>\n<\/tr>\n<tr>\n<td width=\"136\"><strong><b>Caratteristiche speciali:<\/b><\/strong><\/td>\n<td width=\"434\">Specifiche: tensione: 220-240V; frequenza: 50\/60Hz; potenza: 18W; velocit\u00e0: 2700 RPM; portata d'aria: 153m\u00b3\/h. Temperatura di funzionamento: -20\u2103-70\u2103 (-4\u2109-158\u2109). KIT PRATICO per ventola assiale da 100 mm: il KIT \u00e8 composto da 1 ventola assiale, 1 tubo in PVC e due fascette. Una confezione di viti (confezione da quattro) in omaggio. Il tubo del canale ha un diametro di circa 6 pollici \/ 2 metri di lunghezza (6.5ft). Materiali di alta qualit\u00e0: l'involucro del ventilatore tubolare silenzioso da 100 mm \u00e8 realizzato in alluminio con rivestimento nero opaco, leggero ma robusto e resistente alla ruggine. A differenza di altre ventole in plastica, che sono soggette a rotture e non sono durevoli. L'alloggiamento esterno in metallo impedisce danni accidentali. Ventilatore assiale 2 in 1: FanGoFast ha sviluppato questa ventola con guaina basata sulle ventole Muffin AC, \u00e8 possibile utilizzare la guaina all'interno o rimuoverla. Permette di utilizzare il ventilatore in ambienti diversi, anche cambiando le dimensioni tradizionali da quadrate a rotonde. Ideale per un principiante nella coltivazione di piante con una piccola tenda. Motore a sfera ad olio: il motore del ventilatore tubolare assiale \u00e8 dotato di un cuscinetto a sfera a lubrificazione permanente che funziona in modo silenzioso e non richiede manutenzione. Adatto per spazi verdi, soffitte, sale ospedaliere, refrigerazione commerciale e applicazioni industriali.<\/td>\n<\/tr>\n<tr>\n<td width=\"136\"><strong><b>Usi consigliati per il prodotto<\/b><\/strong><\/td>\n<td width=\"434\">Esauriente<\/td>\n<\/tr>\n<tr>\n<td width=\"136\"><strong><b>P<\/b><\/strong><strong><b>ower <\/b><\/strong><\/td>\n<td width=\"434\">18 Watt<\/td>\n<\/tr>\n<tr>\n<td width=\"136\"><strong><b>Tensione<\/b><\/strong><\/td>\n<td width=\"434\">220<\/td>\n<\/tr>\n<\/tbody>\n<\/table>\n<p>&nbsp;<\/p>\n<ul>\n<li>Specifiche: Tensione :220-240V; Frequenza :50\/60Hz; Gradi :6W; Velocit\u00e0 :3200 RPM; Pressione aria :180m\u00b3\/ h. Betriebstemperaturbereich: -20\u2103-70\u2103(-4\u2109-158\u2109).<\/li>\n<li>Materiale di alta qualit\u00e0: L'alloggiamento della ventola tubolare da 100 mm \u00e8 composto da alluminio leggero e rivestimento nero MAT, che \u00e8 robusto e non arrugginisce. A differenza di altre ventole in plastica, che si rompono facilmente e non sono durevoli. L'alloggiamento in metallo previene i danni accidentali.<\/li>\n<li>Motori con valvole a sfera ad olio: I motori dei ventilatori a flusso assiale sono dotati di cuscinetti con valvole a sfera a lubrificazione permanente che funzionano in modo silenzioso e non richiedono manutenzione. Sono adatti per spazi verdi, loft, ospedali, refrigerazione commerciale e applicazioni industriali.<\/li>\n<li>Basso consumo energetico ed elevata efficienza: Ventola tubolare incorporata, lubrificata, con motore a cuscinetti a sfera, che rende il funzionamento della ventola pi\u00f9 stabile. Presenta i vantaggi di un'elevata pressione dell'aria, di un grande volume d'aria, di un'alta efficienza, di un basso consumo energetico e di una bassa rumorosit\u00e0. Il ventilatore adotta il principio del meccanismo del flusso d'aria per ottenere il miglior flusso d'aria e la migliore pressione del vento.<\/li>\n<li>Kit di utilit\u00e0 per sintonizzatori TV con ventilazione assiale da 100 mm: Questo kit comprende 1 ventilatore assiale, 1 tubo in PVC e 2 clip. Un pacchetto gratuito di viti (quattro pacchetti). Il tubo ha un diametro di circa 2 metri (6,5 piedi).<\/li>\n<\/ul>","protected":false},"excerpt":{"rendered":"<p>Brand FanGoFast Color Black Power Source Electric cable Style 100 mm axial fan Kit Product Dimensions 15d x 17w x 29.5h centimeters Type Garage, home office, dining room Special feature specification: Specification: voltage: 220-240V; Frequency: 50\/60Hz; Power :18W; Speed: 2700 RPM; Air flow rate :153m\u00b3\/h. Operating temperature range: -20\u2103-70\u2103(-4\u2109-158\u2109). PRACTICAL 100MM AXIAL fan KIT: the &hellip;<\/p>\n<p class=\"read-more\"> <a class=\"\" href=\"https:\/\/www.fangofast.com\/it\/product\/100mm-axial-fan-kit\/\"> <span class=\"screen-reader-text\">Kit ventola assiale da 100 mm<\/span> Leggi tutto \u00bb<\/a><\/p>","protected":false},"featured_media":722,"template":"","meta":{"site-sidebar-layout":"default","site-content-layout":"default","ast-global-header-display":"","ast-main-header-display":"","ast-hfb-above-header-display":"","ast-hfb-below-header-display":"","ast-hfb-mobile-header-display":"","site-post-title":"","ast-breadcrumbs-content":"","ast-featured-img":"","footer-sml-layout":"","theme-transparent-header-meta":"default","adv-header-id-meta":"","stick-header-meta":"","header-above-stick-meta":"","header-main-stick-meta":"","header-below-stick-meta":""},"product_cat":[38],"product_tag":[],"class_list":["post-717","product","type-product","status-publish","has-post-thumbnail","hentry","product_cat-axial-inline-fan","desktop-align-left","tablet-align-left","mobile-align-left","ast-product-gallery-layout-vertical-slider","ast-product-tabs-layout-horizontal"],"_links":{"self":[{"href":"https:\/\/www.fangofast.com\/it\/wp-json\/wp\/v2\/product\/717","targetHints":{"allow":["GET"]}}],"collection":[{"href":"https:\/\/www.fangofast.com\/it\/wp-json\/wp\/v2\/product"}],"about":[{"href":"https:\/\/www.fangofast.com\/it\/wp-json\/wp\/v2\/types\/product"}],"wp:featuredmedia":[{"embeddable":true,"href":"https:\/\/www.fangofast.com\/it\/wp-json\/wp\/v2\/media\/722"}],"wp:attachment":[{"href":"https:\/\/www.fangofast.com\/it\/wp-json\/wp\/v2\/media?parent=717"}],"wp:term":[{"taxonomy":"product_cat","embeddable":true,"href":"https:\/\/www.fangofast.com\/it\/wp-json\/wp\/v2\/product_cat?post=717"},{"taxonomy":"product_tag","embeddable":true,"href":"https:\/\/www.fangofast.com\/it\/wp-json\/wp\/v2\/product_tag?post=717"}],"curies":[{"name":"wp","href":"https:\/\/api.w.org\/{rel}","templated":true}]}}