{"id":710,"date":"2024-05-25T11:25:06","date_gmt":"2024-05-25T03:25:06","guid":{"rendered":"http:\/\/www.fangofast.com\/?post_type=product&#038;p=710"},"modified":"2024-05-25T11:25:07","modified_gmt":"2024-05-25T03:25:07","slug":"150mm-axial-fan-kit","status":"publish","type":"product","link":"https:\/\/www.fangofast.com\/it\/product\/150mm-axial-fan-kit\/","title":{"rendered":"Kit ventola assiale da 150 mm"},"content":{"rendered":"<table>\n<tbody>\n<tr>\n<td width=\"136\"><strong><b>Marchio<\/b><\/strong><\/td>\n<td width=\"434\">FanGoFast<\/td>\n<\/tr>\n<tr>\n<td width=\"136\"><strong><b>Colore <\/b><\/strong><\/td>\n<td width=\"434\">Nero<\/td>\n<\/tr>\n<tr>\n<td width=\"136\"><strong><b>potenza<\/b><\/strong><\/td>\n<td width=\"434\">Cavo elettrico<\/td>\n<\/tr>\n<tr>\n<td width=\"136\"><strong><b>Stile<\/b><\/strong><\/td>\n<td width=\"434\">Ventilatore assiale da 150 mm Kit<\/td>\n<\/tr>\n<tr>\n<td width=\"136\"><strong><b>Dimensioni del prodotto<\/b><\/strong><\/td>\n<td width=\"434\">19,5d x 21w x 38h centimetri<\/td>\n<\/tr>\n<tr>\n<td width=\"136\"><strong><b>Tipo <\/b><\/strong><\/td>\n<td width=\"434\">Garage, ufficio, sala da pranzo<\/td>\n<\/tr>\n<tr>\n<td width=\"136\"><strong><b>Caratteristica speciale<\/b><\/strong><\/td>\n<td width=\"434\">Specifiche: tensione: 220-240V; frequenza: 50\/60Hz; potenza: 36W; velocit\u00e0: 2500 RPM; flusso d'aria: 334m\u00b3\/h. Temperatura di funzionamento: -20\u2103-70\u2103 (-4\u2109-158\u2109). Materiali di alta qualit\u00e0: il centro del ventilatore assiale \u00e8 realizzato in plastica dura stampata a iniezione in un unico pezzo. Entrambe le estremit\u00e0 sono realizzate in materiale ABS nero resistente alla corrosione. Plastica ABS di alta qualit\u00e0, eccellente lavorazione e durata. Motore a sfera ad olio: il motore del ventilatore assiale tubolare \u00e8 dotato di un cuscinetto a sfera a lubrificazione permanente che funziona in modo silenzioso e non richiede manutenzione. Adatto per spazi verdi, soffitte, sale ospedaliere, refrigerazione commerciale e applicazioni industriali. KIT PRATICO DI VENTILAZIONE ASSIALE 150MM: il KIT \u00e8 composto da 1 ventilatore assiale, 1 tubo in PVC e due fascette. Una confezione di viti (confezione da quattro) in omaggio. Il tubo del canale ha un diametro di circa 6 pollici \/ 3 metri di lunghezza (9,8 piedi). Ventilatore assiale 2 in 1: FanGoFast ha sviluppato questa ventola con guaina basata sulle ventole AC Muffin, \u00e8 possibile utilizzare la guaina all'interno o rimuoverla. Permette di utilizzare il ventilatore in ambienti diversi, anche cambiando le dimensioni tradizionali da quadrate a rotonde. Ideale per i principianti nella coltivazione di piante con una piccola tenda.<\/td>\n<\/tr>\n<tr>\n<td width=\"136\"><strong><b>Usi consigliati per il prodotto<\/b><\/strong><\/td>\n<td width=\"434\">Esauriente<\/td>\n<\/tr>\n<tr>\n<td width=\"136\"><strong><b>Livello sonoro<\/b><\/strong><\/td>\n<td width=\"434\">40 dB<\/td>\n<\/tr>\n<\/tbody>\n<\/table>\n<p>&nbsp;<\/p>\n<ul>\n<li>Specifiche: Tensione :220-240V; Frequenza :50\/60Hz; Gradi :36W; Velocit\u00e0 :2500 RPM; Pressione aria :334m\u00b3\/ h. Betriebstemperaturbereich: -20\u2103-70\u2103(-4\u2109-158\u2109).<\/li>\n<li>Materiali di alta qualit\u00e0: Il centro del ventilatore assiale \u00e8 realizzato in plastica dura stampata a iniezione in un unico pezzo. Entrambe le estremit\u00e0 sono realizzate in materiale ABS nero anticorrosione. Plastica ABS di alta qualit\u00e0, tecnologia eccellente, lunga durata.<\/li>\n<li>Motori con valvole a sfera ad olio: I motori dei ventilatori a flusso assiale sono dotati di cuscinetti con valvole a sfera a lubrificazione permanente che funzionano in modo silenzioso e non richiedono manutenzione. Sono adatti per spazi verdi, loft, ospedali, refrigerazione commerciale e applicazioni industriali.<\/li>\n<li>Basso consumo energetico ed elevata efficienza: Ventola tubolare incorporata, lubrificata, con motore a cuscinetti a sfera, che rende il funzionamento della ventola pi\u00f9 stabile. Presenta i vantaggi di un'elevata pressione dell'aria, di un grande volume d'aria, di un'alta efficienza, di un basso consumo energetico e di una bassa rumorosit\u00e0. Il ventilatore \u00e8 progettato secondo il principio del meccanismo del flusso d'aria per ottenere il miglior flusso d'aria e la migliore pressione del vento.<\/li>\n<li>Kit di utilit\u00e0 per sintonizzatori TV con ventilazione assiale da 150 mm: Questo kit comprende 1 ventilatore assiale, 1 tubo in PVC e 2 morsetti. Un pacchetto gratuito di viti (quattro pacchetti). Il tubo ha un diametro di circa 6 pollici e una lunghezza di circa 3 metri (9,8 piedi).<\/li>\n<\/ul>","protected":false},"excerpt":{"rendered":"<p>Brand FanGoFast Color Black power Electric cable Style 150\u00a0mm axial fan Kit Dimensions of the product 19.5d x 21w x 38h centimeters Type Garage, home office, dining room Special feature Specification: voltage: 220-240V; Frequency: 50\/60Hz; Power :36W; Speed: 2500 RPM; Air flow :334m\u00b3\/h. Operating temperature range: -20\u2103-70\u2103(-4\u2109-158\u2109). , high quality materials: the center of the &hellip;<\/p>\n<p class=\"read-more\"> <a class=\"\" href=\"https:\/\/www.fangofast.com\/it\/product\/150mm-axial-fan-kit\/\"> <span class=\"screen-reader-text\">Kit ventola assiale da 150 mm<\/span> Leggi tutto \u00bb<\/a><\/p>","protected":false},"featured_media":715,"template":"","meta":{"site-sidebar-layout":"default","site-content-layout":"default","ast-global-header-display":"","ast-main-header-display":"","ast-hfb-above-header-display":"","ast-hfb-below-header-display":"","ast-hfb-mobile-header-display":"","site-post-title":"","ast-breadcrumbs-content":"","ast-featured-img":"","footer-sml-layout":"","theme-transparent-header-meta":"default","adv-header-id-meta":"","stick-header-meta":"","header-above-stick-meta":"","header-main-stick-meta":"","header-below-stick-meta":""},"product_cat":[38],"product_tag":[],"class_list":["post-710","product","type-product","status-publish","has-post-thumbnail","hentry","product_cat-axial-inline-fan","desktop-align-left","tablet-align-left","mobile-align-left","ast-product-gallery-layout-vertical-slider","ast-product-tabs-layout-horizontal"],"_links":{"self":[{"href":"https:\/\/www.fangofast.com\/it\/wp-json\/wp\/v2\/product\/710","targetHints":{"allow":["GET"]}}],"collection":[{"href":"https:\/\/www.fangofast.com\/it\/wp-json\/wp\/v2\/product"}],"about":[{"href":"https:\/\/www.fangofast.com\/it\/wp-json\/wp\/v2\/types\/product"}],"wp:featuredmedia":[{"embeddable":true,"href":"https:\/\/www.fangofast.com\/it\/wp-json\/wp\/v2\/media\/715"}],"wp:attachment":[{"href":"https:\/\/www.fangofast.com\/it\/wp-json\/wp\/v2\/media?parent=710"}],"wp:term":[{"taxonomy":"product_cat","embeddable":true,"href":"https:\/\/www.fangofast.com\/it\/wp-json\/wp\/v2\/product_cat?post=710"},{"taxonomy":"product_tag","embeddable":true,"href":"https:\/\/www.fangofast.com\/it\/wp-json\/wp\/v2\/product_tag?post=710"}],"curies":[{"name":"wp","href":"https:\/\/api.w.org\/{rel}","templated":true}]}}