{"id":693,"date":"2024-05-25T11:23:47","date_gmt":"2024-05-25T03:23:47","guid":{"rendered":"http:\/\/www.fangofast.com\/?post_type=product&#038;p=693"},"modified":"2025-03-20T14:29:40","modified_gmt":"2025-03-20T06:29:40","slug":"bathroom-fan-5","status":"publish","type":"product","link":"https:\/\/www.fangofast.com\/it\/product\/bathroom-fan-5\/","title":{"rendered":"Ventilatore da bagno 100B-umidit\u00e0"},"content":{"rendered":"<div id=\"twister_feature_div\" class=\"celwidget\" data-feature-name=\"twister\" data-csa-c-type=\"widget\" data-csa-c-content-id=\"twister\" data-csa-c-slot-id=\"twister_feature_div\" data-csa-c-asin=\"B0BV63DJ79\" data-csa-c-is-in-initial-active-row=\"false\" data-csa-c-id=\"ap7tnp-r2rx4j-f87cwr-vllbv2\" data-cel-widget=\"twister_feature_div\">\n<div id=\"twister-plus-desktop-twister-container\" class=\"a-cardui-deck inline-twister-container-margins\" data-csa-c-content-id=\"twister-plus-inline-twister-container\" data-csa-c-slot-id=\"twister-plus-inline-twister-container\" data-csa-c-type=\"slot\" data-csa-c-id=\"wd9j4d-o44i6u-goetoj-g7h3ku\">\n<div id=\"twister-plus-inline-twister-card\" class=\"a-cardui inline-twister-card-padding\" data-a-card-type=\"basic\">\n<div class=\"a-cardui-body\">\n<div id=\"twister-plus-inline-twister\" class=\"a-section\">\n<div id=\"inline-twister-singleton-header-color_name\" class=\"a-section a-spacing-none inline-twister-singleton-header\"><\/div>\n<\/div>\n<\/div>\n<\/div>\n<\/div>\n<\/div>\n<div id=\"productOverview_feature_div\" class=\"celwidget\" data-feature-name=\"productOverview\" data-csa-c-type=\"widget\" data-csa-c-content-id=\"productOverview\" data-csa-c-slot-id=\"productOverview_feature_div\" data-csa-c-asin=\"B0BV63DJ79\" data-csa-c-is-in-initial-active-row=\"false\" data-csa-c-id=\"ngq3o2-3li0zh-3gg9m0-pmml6j\" data-cel-widget=\"productOverview_feature_div\">\n<div class=\"a-section a-spacing-small a-spacing-top-small\">\n<table class=\"a-normal a-spacing-micro\" style=\"height: 281px;\" width=\"1335\">\n<tbody>\n<tr class=\"a-spacing-small po-brand\">\n<td class=\"a-span3\"><span class=\"a-size-base a-text-bold\">Marchio<\/span><\/td>\n<td class=\"a-span9\"><span class=\"a-size-base po-break-word\">FanGoFast<\/span><\/td>\n<\/tr>\n<tr class=\"a-spacing-small po-color\">\n<td class=\"a-span3\"><span class=\"a-size-base a-text-bold\">Colore<\/span><\/td>\n<td class=\"a-span9\"><span class=\"a-size-base po-break-word\">Bianco<\/span><\/td>\n<\/tr>\n<tr class=\"a-spacing-small po-electric_fan_design\">\n<td class=\"a-span3\"><span class=\"a-size-base a-text-bold\">Design del ventilatore elettrico<\/span><\/td>\n<td class=\"a-span9\"><span class=\"a-size-base po-break-word\">Ventilatore di scarico<\/span><\/td>\n<\/tr>\n<tr class=\"a-spacing-small po-power_source_type\">\n<td class=\"a-span3\"><span class=\"a-size-base a-text-bold\">Fonte di alimentazione<\/span><\/td>\n<td class=\"a-span9\"><span class=\"a-size-base po-break-word\">S\u00cc<\/span><\/td>\n<\/tr>\n<tr class=\"a-spacing-small po-style\">\n<td class=\"a-span3\"><span class=\"a-size-base a-text-bold\">Stile<\/span><\/td>\n<td class=\"a-span9\"><span class=\"a-size-base po-break-word\">Umidit\u00e0 di tipo 100<\/span><\/td>\n<\/tr>\n<tr class=\"a-spacing-small po-item_depth_width_height\">\n<td class=\"a-span3\"><span class=\"a-size-base a-text-bold\">Dimensioni del prodotto<\/span><\/td>\n<td class=\"a-span9\"><span class=\"a-size-base po-break-word\">16D x 11L x 11H centimetri<\/span><\/td>\n<\/tr>\n<\/tbody>\n<\/table>\n<\/div>\n<\/div>\n<p>&nbsp;<\/p>\n<ul>\n<li class=\"a-spacing-mini\"><span class=\"a-list-item\">Controllo intelligente dell'umidit\u00e0 Il ventilatore con igrosensore \u00e8 dotato di un sensore di umidit\u00e0 avanzato integrato, che accende automaticamente il ventilatore del bagno quando l'umidit\u00e0 supera il valore impostato del 50-90%, con un tempo di funzionamento da 1 a 30 minuti, a seconda delle esigenze!<\/span><\/li>\n<li class=\"a-spacing-mini\"><span class=\"a-list-item\">Facile installazione: il ventilatore da bagno da 100 mm viene fornito con un set completo di accessori di montaggio, tra cui viti e tasselli, per garantire un'installazione rapida e semplice. Il montaggio a parete, a soffitto o alla finestra \u00e8 semplice e adatto a tutti gli utenti.<\/span><\/li>\n<li class=\"a-spacing-mini\"><span class=\"a-list-item\">Design ultra-silenzioso: Con un livello di rumorosit\u00e0 di soli 30 dB, il ventilatore regolatore di umidit\u00e0 aspira l'aria senza disturbare il lavoro o il riposo. Il suo design a bassa rumorosit\u00e0 lo rende ideale per camere da letto, bagni o altri ambienti che richiedono un ambiente silenzioso.<\/span><\/li>\n<li class=\"a-spacing-mini\"><span class=\"a-list-item\">DESIGN ELEGANTE Questo aspiratore si adatta a diversi stili di interni grazie al suo aspetto semplice e moderno. Che si tratti di un bagno tradizionale o moderno, questo aspiratore da parete si integra perfettamente e aggiunge un tocco di eleganza al vostro spazio.<\/span><\/li>\n<li class=\"a-spacing-mini\"><span class=\"a-list-item\">Ventilazione efficiente: questo efficiente aspiratore per il bagno ha una potente funzione di ventilazione che elimina efficacemente l'umidit\u00e0 e gli odori in eccesso e garantisce la circolazione di aria fresca. Dopo la doccia o in un ambiente umido, ripristina rapidamente la qualit\u00e0 dell'aria e migliora l'esperienza abitativa.<\/span><\/li>\n<\/ul>","protected":false},"excerpt":{"rendered":"<p>Brand FanGoFast Colour White Electric fan design Exhaust Fan Power source YES Style Type 100 humidity Product dimensions 16D x 11W x 11H centimetres &nbsp; Intelligent Humidity Control The fan with hygrosensor has a built-in advanced humidity sensor, which automatically turns on the bathroom fan when the humidity exceeds a set value of 50-90 percent, &hellip;<\/p>\n<p class=\"read-more\"> <a class=\"\" href=\"https:\/\/www.fangofast.com\/it\/product\/bathroom-fan-5\/\"> <span class=\"screen-reader-text\">Ventilatore da bagno 100B-umidit\u00e0<\/span> Leggi tutto \u00bb<\/a><\/p>","protected":false},"featured_media":1254,"template":"","meta":{"site-sidebar-layout":"default","site-content-layout":"default","ast-global-header-display":"","ast-main-header-display":"","ast-hfb-above-header-display":"","ast-hfb-below-header-display":"","ast-hfb-mobile-header-display":"","site-post-title":"","ast-breadcrumbs-content":"","ast-featured-img":"","footer-sml-layout":"","theme-transparent-header-meta":"default","adv-header-id-meta":"","stick-header-meta":"","header-above-stick-meta":"","header-main-stick-meta":"","header-below-stick-meta":""},"product_cat":[37],"product_tag":[],"class_list":["post-693","product","type-product","status-publish","has-post-thumbnail","hentry","product_cat-bathroom-fan","desktop-align-left","tablet-align-left","mobile-align-left","ast-product-gallery-layout-vertical-slider","ast-product-tabs-layout-horizontal"],"_links":{"self":[{"href":"https:\/\/www.fangofast.com\/it\/wp-json\/wp\/v2\/product\/693","targetHints":{"allow":["GET"]}}],"collection":[{"href":"https:\/\/www.fangofast.com\/it\/wp-json\/wp\/v2\/product"}],"about":[{"href":"https:\/\/www.fangofast.com\/it\/wp-json\/wp\/v2\/types\/product"}],"wp:featuredmedia":[{"embeddable":true,"href":"https:\/\/www.fangofast.com\/it\/wp-json\/wp\/v2\/media\/1254"}],"wp:attachment":[{"href":"https:\/\/www.fangofast.com\/it\/wp-json\/wp\/v2\/media?parent=693"}],"wp:term":[{"taxonomy":"product_cat","embeddable":true,"href":"https:\/\/www.fangofast.com\/it\/wp-json\/wp\/v2\/product_cat?post=693"},{"taxonomy":"product_tag","embeddable":true,"href":"https:\/\/www.fangofast.com\/it\/wp-json\/wp\/v2\/product_tag?post=693"}],"curies":[{"name":"wp","href":"https:\/\/api.w.org\/{rel}","templated":true}]}}