{"id":689,"date":"2024-05-25T11:23:20","date_gmt":"2024-05-25T03:23:20","guid":{"rendered":"http:\/\/www.fangofast.com\/?post_type=product&#038;p=689"},"modified":"2025-03-20T14:17:21","modified_gmt":"2025-03-20T06:17:21","slug":"bathroom-fan-4","status":"publish","type":"product","link":"https:\/\/www.fangofast.com\/it\/product\/bathroom-fan-4\/","title":{"rendered":"Ventilatore da bagno 150-A"},"content":{"rendered":"<table class=\"a-normal a-spacing-micro\">\n<tbody>\n<tr class=\"a-spacing-small po-brand\">\n<td class=\"a-span3\"><span class=\"a-size-base a-text-bold\">Marchio<\/span><\/td>\n<td class=\"a-span9\"><span class=\"a-size-base po-break-word\">FanGoFast<\/span><\/td>\n<\/tr>\n<tr class=\"a-spacing-small po-color\">\n<td class=\"a-span3\"><span class=\"a-size-base a-text-bold\">Colore<\/span><\/td>\n<td class=\"a-span9\"><span class=\"a-size-base po-break-word\">Bianco<\/span><\/td>\n<\/tr>\n<tr class=\"a-spacing-small po-electric_fan_design\">\n<td class=\"a-span3\"><span class=\"a-size-base a-text-bold\">Design del ventilatore elettrico<\/span><\/td>\n<td class=\"a-span9\"><span class=\"a-size-base po-break-word\">Ventilatore di scarico<\/span><\/td>\n<\/tr>\n<tr class=\"a-spacing-small po-power_source_type\">\n<td class=\"a-span3\"><span class=\"a-size-base a-text-bold\">Fonte di alimentazione<\/span><\/td>\n<td class=\"a-span9\"><span class=\"a-size-base po-break-word\">Elettrico con cavo<\/span><\/td>\n<\/tr>\n<tr class=\"a-spacing-small po-style\">\n<td class=\"a-span3\"><span class=\"a-size-base a-text-bold\">Stile<\/span><\/td>\n<td class=\"a-span9\"><span class=\"a-size-base po-break-word\">Tipo 150A<\/span><\/td>\n<\/tr>\n<tr class=\"a-spacing-small po-item_depth_width_height\">\n<td class=\"a-span3\"><span class=\"a-size-base a-text-bold\">Dimensioni del prodotto<\/span><\/td>\n<td class=\"a-span9\"><span class=\"a-size-base po-break-word\">20D x 13,5L x 20H centimetri<\/span><\/td>\n<\/tr>\n<tr class=\"a-spacing-small po-room_type\">\n<td class=\"a-span3\"><span class=\"a-size-base a-text-bold\">Tipo di camera<\/span><\/td>\n<td class=\"a-span9\"><span class=\"a-size-base po-break-word\">Bagno<\/span><\/td>\n<\/tr>\n<tr class=\"a-spacing-small po-special_feature\">\n<td class=\"a-span3\"><span class=\"a-size-base a-text-bold\">Caratteristica speciale<\/span><\/td>\n<td class=\"a-span9\"><span class=\"a-size-base po-break-word\">Impermeabile<\/span><\/td>\n<\/tr>\n<tr class=\"a-spacing-small po-recommended_uses_for_product\">\n<td class=\"a-span3\"><span class=\"a-size-base a-text-bold\">Usi consigliati per il prodotto<\/span><\/td>\n<td class=\"a-span9\"><span class=\"a-size-base po-break-word\">Ventilazione<\/span><\/td>\n<\/tr>\n<tr class=\"a-spacing-small po-noise_level\">\n<td class=\"a-span3\"><span class=\"a-size-base a-text-bold\">Livello di rumore<\/span><\/td>\n<td class=\"a-span9\"><span class=\"a-size-base po-break-word\">37 dB<\/span><\/td>\n<\/tr>\n<\/tbody>\n<\/table>\n<p>&nbsp;<\/p>\n<ul>\n<li class=\"a-spacing-mini\"><span class=\"a-list-item\">Gratis: un cacciavite in dotazione<\/span><\/li>\n<li class=\"a-spacing-mini\"><span class=\"a-list-item\">Ventilatore da bagno da 150 mm di diametro: Questo ventilatore da bagno da 150 mm \u00e8 realizzato in materiale ABS resistente alla corrosione, leggero e non facilmente deformabile, con eccellenti caratteristiche di resistenza al calore e durata. Tensione di funzionamento: 230 V\/50 Hz; potenza: 17 W; risparmio energetico. La minore potenza pu\u00f2 garantire un flusso d'aria soddisfacente. Flusso d'aria: 132 m\u00b3\/h; velocit\u00e0 del motore: 1550 RPM; peso: 0,7 kg.<\/span><\/li>\n<li class=\"a-spacing-mini\"><span class=\"a-list-item\">Valvola di ritegno speciale - a differenza di altri ventilatori di scarico, i ventilatori di scarico FanGoFast da 150 mm sono dotati di una valvola di ritegno a 4 porte che corrisponde meglio al principio di gravit\u00e0 e riduce al minimo la perdita di flusso d'aria. Inoltre, la valvola di ritegno \u00e8 realizzata in materiale speciale flessibile ed elastico, pi\u00f9 resistente rispetto a quello dei ventilatori di scarico generici.<\/span><\/li>\n<li class=\"a-spacing-mini\"><span class=\"a-list-item\">Bassa rumorosit\u00e0: questo ventilatore da parete da 150 mm \u00e8 dotato di un motore in rame con doppio cuscinetto a sfera, che garantisce un'elevata efficienza, un funzionamento silenzioso e prestazioni di alta qualit\u00e0. Rispetto ai motori ordinari, il motore migliorato \u00e8 in grado di ridurre il coefficiente di attrito, di risparmiare energia e di ridurre il rumore del ventilatore da bagno da 150 mm.<\/span><\/li>\n<li class=\"a-spacing-mini\"><span class=\"a-list-item\">Protezione contro il surriscaldamento: le pale della ventola assiale assicurano un raffreddamento ottimale e il motore sigillato con cuscinetti in rame puro genera meno calore, prolungando il tempo di funzionamento e la durata di vita. Il dispositivo di protezione dal surriscaldamento incorporato interrompe il contatto quando il motore si surriscalda e svolge il ruolo di protezione dall'interruzione di corrente e di doppia protezione.<\/span><\/li>\n<li class=\"a-spacing-mini\"><span class=\"a-list-item\">Ampia applicazione: questo ventilatore da bagno da 150 mm \u00e8 la scelta ideale per creare un sistema HVAC efficiente in cucine, camere da letto, uffici, scantinati, magazzini, garage e altre aree che richiedono una ventilazione continua o necessaria. Offriamo 30 giorni di rimborso completo veloce e nuovo servizio di sostituzione entro 18 mesi di garanzia. Qualsiasi domanda con questo ventilatore bagno, non esitate a contattarci in qualsiasi momento.<\/span><\/li>\n<\/ul>","protected":false},"excerpt":{"rendered":"<p>Brand FanGoFast Colour White Electric fan design Exhaust Fan Power source Corded Electric Style Type 150A Product dimensions 20D x 13.5W x 20H centimetres Room type Bathroom Special feature Waterproof Recommended uses for product Ventilating Noise level 37 dB &nbsp; For free \u2013 a screwdriver is included Diameter 150 mm bathroom fan: This 150 mm &hellip;<\/p>\n<p class=\"read-more\"> <a class=\"\" href=\"https:\/\/www.fangofast.com\/it\/product\/bathroom-fan-4\/\"> <span class=\"screen-reader-text\">Ventilatore da bagno 150-A<\/span> Leggi tutto \u00bb<\/a><\/p>","protected":false},"featured_media":692,"template":"","meta":{"site-sidebar-layout":"default","site-content-layout":"default","ast-global-header-display":"","ast-main-header-display":"","ast-hfb-above-header-display":"","ast-hfb-below-header-display":"","ast-hfb-mobile-header-display":"","site-post-title":"","ast-breadcrumbs-content":"","ast-featured-img":"","footer-sml-layout":"","theme-transparent-header-meta":"default","adv-header-id-meta":"","stick-header-meta":"","header-above-stick-meta":"","header-main-stick-meta":"","header-below-stick-meta":""},"product_cat":[37],"product_tag":[],"class_list":["post-689","product","type-product","status-publish","has-post-thumbnail","hentry","product_cat-bathroom-fan","desktop-align-left","tablet-align-left","mobile-align-left","ast-product-gallery-layout-vertical-slider","ast-product-tabs-layout-horizontal"],"_links":{"self":[{"href":"https:\/\/www.fangofast.com\/it\/wp-json\/wp\/v2\/product\/689","targetHints":{"allow":["GET"]}}],"collection":[{"href":"https:\/\/www.fangofast.com\/it\/wp-json\/wp\/v2\/product"}],"about":[{"href":"https:\/\/www.fangofast.com\/it\/wp-json\/wp\/v2\/types\/product"}],"wp:featuredmedia":[{"embeddable":true,"href":"https:\/\/www.fangofast.com\/it\/wp-json\/wp\/v2\/media\/692"}],"wp:attachment":[{"href":"https:\/\/www.fangofast.com\/it\/wp-json\/wp\/v2\/media?parent=689"}],"wp:term":[{"taxonomy":"product_cat","embeddable":true,"href":"https:\/\/www.fangofast.com\/it\/wp-json\/wp\/v2\/product_cat?post=689"},{"taxonomy":"product_tag","embeddable":true,"href":"https:\/\/www.fangofast.com\/it\/wp-json\/wp\/v2\/product_tag?post=689"}],"curies":[{"name":"wp","href":"https:\/\/api.w.org\/{rel}","templated":true}]}}