{"id":677,"date":"2024-05-25T11:22:37","date_gmt":"2024-05-25T03:22:37","guid":{"rendered":"http:\/\/www.fangofast.com\/?post_type=product&#038;p=677"},"modified":"2025-03-20T14:22:47","modified_gmt":"2025-03-20T06:22:47","slug":"bathroom-fan-3","status":"publish","type":"product","link":"https:\/\/www.fangofast.com\/it\/product\/bathroom-fan-3\/","title":{"rendered":"Ventilatore da bagno 150-B"},"content":{"rendered":"<table class=\"a-normal a-spacing-micro\">\n<tbody>\n<tr class=\"a-spacing-small po-brand\">\n<td class=\"a-span3\"><span class=\"a-size-base a-text-bold\">Marchio<\/span><\/td>\n<td class=\"a-span9\"><span class=\"a-size-base po-break-word\">FanGoFast<\/span><\/td>\n<\/tr>\n<tr class=\"a-spacing-small po-color\">\n<td class=\"a-span3\"><span class=\"a-size-base a-text-bold\">Colore<\/span><\/td>\n<td class=\"a-span9\"><span class=\"a-size-base po-break-word\">Bianco<\/span><\/td>\n<\/tr>\n<tr class=\"a-spacing-small po-electric_fan_design\">\n<td class=\"a-span3\"><span class=\"a-size-base a-text-bold\">Design del ventilatore elettrico<\/span><\/td>\n<td class=\"a-span9\"><span class=\"a-size-base po-break-word\">Ventilatore di scarico<\/span><\/td>\n<\/tr>\n<tr class=\"a-spacing-small po-power_source_type\">\n<td class=\"a-span3\"><span class=\"a-size-base a-text-bold\">Fonte di alimentazione<\/span><\/td>\n<td class=\"a-span9\"><span class=\"a-size-base po-break-word\">Corrente alternata (CA)<\/span><\/td>\n<\/tr>\n<tr class=\"a-spacing-small po-style\">\n<td class=\"a-span3\"><span class=\"a-size-base a-text-bold\">Stile<\/span><\/td>\n<td class=\"a-span9\"><span class=\"a-size-base po-break-word\">Tipo-150B<\/span><\/td>\n<\/tr>\n<tr class=\"a-spacing-small po-item_depth_width_height\">\n<td class=\"a-span3\"><span class=\"a-size-base a-text-bold\">Dimensioni del prodotto<\/span><\/td>\n<td class=\"a-span9\"><span class=\"a-size-base po-break-word\">13,5D x 20L x 20H centimetri<\/span><\/td>\n<\/tr>\n<tr class=\"a-spacing-small po-room_type\">\n<td class=\"a-span3\"><span class=\"a-size-base a-text-bold\">Tipo di camera<\/span><\/td>\n<td class=\"a-span9\"><span class=\"a-size-base po-break-word\">Cucina<\/span><\/td>\n<\/tr>\n<tr class=\"a-spacing-small po-special_feature\">\n<td class=\"a-span3\"><span class=\"a-size-base a-text-bold\">Caratteristica speciale<\/span><\/td>\n<td class=\"a-span9\"><span class=\"a-size-base po-break-word\">Impermeabile<\/span><\/td>\n<\/tr>\n<tr class=\"a-spacing-small po-recommended_uses_for_product\">\n<td class=\"a-span3\"><span class=\"a-size-base a-text-bold\">Usi consigliati per il prodotto<\/span><\/td>\n<td class=\"a-span9\"><span class=\"a-size-base po-break-word\">Ventilazione<\/span><\/td>\n<\/tr>\n<tr class=\"a-spacing-small po-noise_level\">\n<td class=\"a-span3\"><span class=\"a-size-base a-text-bold\">Livello di rumore<\/span><\/td>\n<td class=\"a-span9\"><span class=\"a-size-base po-break-word\">46 dB<\/span><\/td>\n<\/tr>\n<\/tbody>\n<\/table>\n<p>&nbsp;<\/p>\n<ul>\n<li class=\"a-spacing-mini\"><span class=\"a-list-item\">Gratis: un cacciavite in dotazione<\/span><\/li>\n<li class=\"a-spacing-mini\"><span class=\"a-list-item\">Prestazioni elevate: tensione di esercizio: 230 V\/50 Hz; potenza: 17 W; flusso d'aria: 132 m\u00b3\/h. Il ventilatore da bagno standard da 150 mm \u00e8 una soluzione ideale per gli ambienti ad alto tasso di umidit\u00e0, come bagni, cucine, garage, cantine, soggiorni, uffici, sale attrezzi, ecc.<\/span><\/li>\n<li class=\"a-spacing-mini\"><span class=\"a-list-item\">Valvola di ritegno speciale - a differenza di altri aspiratori, i ventilatori silenziosi per bagno FanGoFast 150 mm sono dotati di una valvola di ritegno a 4 porte che corrisponde meglio al principio di gravit\u00e0 e riduce al minimo la perdita di flusso d'aria. Inoltre, la valvola di non ritorno \u00e8 realizzata in materiale speciale flessibile ed elastico, pi\u00f9 durevole rispetto a un ventilatore di scarico generico.<\/span><\/li>\n<li class=\"a-spacing-mini\"><span class=\"a-list-item\">Bassa rumorosit\u00e0: questo ventilatore da parete da 150 mm \u00e8 dotato di un motore in rame con doppio cuscinetto a sfera, che garantisce un'elevata efficienza, un funzionamento silenzioso e prestazioni di alta qualit\u00e0. Rispetto ai motori ordinari, il motore migliorato \u00e8 in grado di ridurre il coefficiente di attrito, di risparmiare energia e di ridurre il rumore del ventilatore da bagno da 150 mm.<\/span><\/li>\n<li class=\"a-spacing-mini\"><span class=\"a-list-item\">Materiale di alta qualit\u00e0: il telaio principale e la pala del ventilatore sono realizzati in materiale ABS anti-UV, che garantisce una buona protezione dalla corrosione e dall'invecchiamento ed \u00e8 facile da pulire.<\/span><\/li>\n<li class=\"a-spacing-mini\"><span class=\"a-list-item\">SERVIZIO AMICHEVOLE DEL CLIENTE - Forniamo 30 giorni di rimborso completo veloce e nuovo servizio di sostituzione entro 18 mesi di garanzia. Qualsiasi domanda con questo ventilatore di scarico del bagno, siete invitati a contattarci in qualsiasi momento.<\/span><\/li>\n<\/ul>","protected":false},"excerpt":{"rendered":"<p>Brand FanGoFast Colour White Electric fan design Exhaust Fan Power source Alternating Current (AC) Style Type-150B Product dimensions 13.5D x 20W x 20H centimetres Room type Kitchen Special feature Waterproof Recommended uses for product Ventilating Noise level 46 dB &nbsp; For free \u2013 a screwdriver is included High performance: operating voltage: 230 V\/50 Hz; power: &hellip;<\/p>\n<p class=\"read-more\"> <a class=\"\" href=\"https:\/\/www.fangofast.com\/it\/product\/bathroom-fan-3\/\"> <span class=\"screen-reader-text\">Ventilatore da bagno 150-B<\/span> Leggi tutto \u00bb<\/a><\/p>","protected":false},"featured_media":1247,"template":"","meta":{"site-sidebar-layout":"default","site-content-layout":"default","ast-global-header-display":"","ast-main-header-display":"","ast-hfb-above-header-display":"","ast-hfb-below-header-display":"","ast-hfb-mobile-header-display":"","site-post-title":"","ast-breadcrumbs-content":"","ast-featured-img":"","footer-sml-layout":"","theme-transparent-header-meta":"default","adv-header-id-meta":"","stick-header-meta":"","header-above-stick-meta":"","header-main-stick-meta":"","header-below-stick-meta":""},"product_cat":[37],"product_tag":[],"class_list":["post-677","product","type-product","status-publish","has-post-thumbnail","hentry","product_cat-bathroom-fan","desktop-align-left","tablet-align-left","mobile-align-left","ast-product-gallery-layout-vertical-slider","ast-product-tabs-layout-horizontal"],"_links":{"self":[{"href":"https:\/\/www.fangofast.com\/it\/wp-json\/wp\/v2\/product\/677","targetHints":{"allow":["GET"]}}],"collection":[{"href":"https:\/\/www.fangofast.com\/it\/wp-json\/wp\/v2\/product"}],"about":[{"href":"https:\/\/www.fangofast.com\/it\/wp-json\/wp\/v2\/types\/product"}],"wp:featuredmedia":[{"embeddable":true,"href":"https:\/\/www.fangofast.com\/it\/wp-json\/wp\/v2\/media\/1247"}],"wp:attachment":[{"href":"https:\/\/www.fangofast.com\/it\/wp-json\/wp\/v2\/media?parent=677"}],"wp:term":[{"taxonomy":"product_cat","embeddable":true,"href":"https:\/\/www.fangofast.com\/it\/wp-json\/wp\/v2\/product_cat?post=677"},{"taxonomy":"product_tag","embeddable":true,"href":"https:\/\/www.fangofast.com\/it\/wp-json\/wp\/v2\/product_tag?post=677"}],"curies":[{"name":"wp","href":"https:\/\/api.w.org\/{rel}","templated":true}]}}