{"id":676,"date":"2024-05-25T11:22:16","date_gmt":"2024-05-25T03:22:16","guid":{"rendered":"http:\/\/www.fangofast.com\/?post_type=product&#038;p=676"},"modified":"2025-03-20T14:16:22","modified_gmt":"2025-03-20T06:16:22","slug":"bathroom-fan-2","status":"publish","type":"product","link":"https:\/\/www.fangofast.com\/it\/product\/bathroom-fan-2\/","title":{"rendered":"Ventilatore da bagno 100-B"},"content":{"rendered":"<table>\n<tbody>\n<tr>\n<td width=\"129\"><strong><b>Marchio<\/b><\/strong><\/td>\n<td width=\"412\">FanGoFast<\/td>\n<\/tr>\n<tr>\n<td width=\"129\"><strong><b>Colore<\/b><\/strong><\/td>\n<td width=\"412\">Bianco<\/td>\n<\/tr>\n<tr>\n<td width=\"129\"><strong><b>Design del ventilatore elettrico<\/b><\/strong><\/td>\n<td width=\"412\">Ventilatore di scarico<\/td>\n<\/tr>\n<tr>\n<td width=\"129\"><strong><b>Fonte di alimentazione<\/b><\/strong><\/td>\n<td width=\"412\">Elettrico con cavo<\/td>\n<\/tr>\n<tr>\n<td width=\"129\"><strong><b>Stile<\/b><\/strong><\/td>\n<td width=\"412\">Tipo-44B<\/td>\n<\/tr>\n<tr>\n<td width=\"129\"><strong><b>Dimensioni del prodotto<\/b><\/strong><\/td>\n<td width=\"412\">16D x 16L x 11H centimetri<\/td>\n<\/tr>\n<tr>\n<td width=\"129\"><strong><b>Tipo di camera<\/b><\/strong><\/td>\n<td width=\"412\">Cucina, bagno<\/td>\n<\/tr>\n<tr>\n<td width=\"129\"><strong><b>Caratteristica speciale<\/b><\/strong><\/td>\n<td width=\"412\">Leggero<\/td>\n<\/tr>\n<tr>\n<td width=\"129\"><strong><b>Usi consigliati per il prodotto<\/b><\/strong><\/td>\n<td width=\"412\">Ventilazione<\/td>\n<\/tr>\n<tr>\n<td width=\"129\"><strong><b>Livello di rumore<\/b><\/strong><\/td>\n<td width=\"412\">34 dB<\/td>\n<\/tr>\n<\/tbody>\n<\/table>\n<p>&nbsp;<\/p>\n<ul>\n<li class=\"a-spacing-mini\"><span class=\"a-list-item\">Sceglietelo venduto da HVAC paopao.<\/span><\/li>\n<li class=\"a-spacing-mini\"><span class=\"a-list-item\">Ventilatore da bagno da 100 mm di diametro: Questo ventilatore da bagno da 100 mm \u00e8 realizzato in materiale ABS resistente alla corrosione, leggero e che non si deforma facilmente, con un'eccellente resistenza al calore e una lunga durata. Tensione di funzionamento: 230 V\/50 Hz; potenza: 12 W; risparmio energetico. La minore potenza pu\u00f2 garantire un flusso d'aria soddisfacente.<\/span><\/li>\n<li class=\"a-spacing-mini\"><span class=\"a-list-item\">Valvola di ritegno speciale - a differenza di altri ventilatori di scarico, i ventilatori di scarico FanGoFast da 100 mm sono dotati di una valvola di ritegno a 4 porte che corrisponde meglio al principio di gravit\u00e0 e riduce al minimo la perdita di flusso d'aria. Inoltre, la valvola di ritegno \u00e8 realizzata in materiale speciale flessibile ed elastico, pi\u00f9 resistente rispetto a quello dei ventilatori di scarico generici.<\/span><\/li>\n<li class=\"a-spacing-mini\"><span class=\"a-list-item\">Bassa rumorosit\u00e0: questo ventilatore da parete da 100 mm \u00e8 dotato di un motore in rame con doppio cuscinetto a sfera, che garantisce un'elevata efficienza, un funzionamento silenzioso e prestazioni di alta qualit\u00e0. Rispetto ai motori ordinari, il motore migliorato \u00e8 in grado di ridurre il coefficiente di attrito, di risparmiare energia e di ridurre il rumore del ventilatore da bagno da 100 mm.<\/span><\/li>\n<li class=\"a-spacing-mini\"><span class=\"a-list-item\">Protezione contro il surriscaldamento: le pale della ventola assiale assicurano un raffreddamento ottimale e il motore sigillato con cuscinetti in rame puro genera meno calore, prolungando il tempo di funzionamento e la durata di vita. Il dispositivo di protezione dal surriscaldamento incorporato interrompe il contatto quando il motore si surriscalda e svolge il ruolo di protezione dall'interruzione di corrente e di doppia protezione.<\/span><\/li>\n<li class=\"a-spacing-mini\"><span class=\"a-list-item\">Ampia applicazione: questo ventilatore da bagno da 100 mm \u00e8 la scelta ideale per creare un sistema HVAC efficiente in cucine, camere da letto, uffici, scantinati, magazzini, garage e altre aree che richiedono una ventilazione continua o necessaria. Offriamo 30 giorni di rimborso completo veloce e nuovo servizio di sostituzione entro 18 mesi di garanzia. Qualsiasi domanda con questo ventilatore bagno, non esitate a contattarci in qualsiasi momento.<\/span><\/li>\n<\/ul>","protected":false},"excerpt":{"rendered":"<p>Brand FanGoFast Colour White Electric fan design Exhaust Fan Power source Corded Electric Style Type-44B Product dimensions 16D x 16W x 11H centimetres Room type Kitchen, Bathroom Special feature Lightweight Recommended uses for product Ventilating Noise level 34 dB &nbsp; Please choose it sold by HVAC paopao. Diameter 100 mm bathroom fan: This 100 mm &hellip;<\/p>\n<p class=\"read-more\"> <a class=\"\" href=\"https:\/\/www.fangofast.com\/it\/product\/bathroom-fan-2\/\"> <span class=\"screen-reader-text\">Ventilatore da bagno 100-B<\/span> Leggi tutto \u00bb<\/a><\/p>","protected":false},"featured_media":1239,"template":"","meta":{"site-sidebar-layout":"default","site-content-layout":"default","ast-global-header-display":"","ast-main-header-display":"","ast-hfb-above-header-display":"","ast-hfb-below-header-display":"","ast-hfb-mobile-header-display":"","site-post-title":"","ast-breadcrumbs-content":"","ast-featured-img":"","footer-sml-layout":"","theme-transparent-header-meta":"default","adv-header-id-meta":"","stick-header-meta":"","header-above-stick-meta":"","header-main-stick-meta":"","header-below-stick-meta":""},"product_cat":[37],"product_tag":[],"class_list":["post-676","product","type-product","status-publish","has-post-thumbnail","hentry","product_cat-bathroom-fan","desktop-align-left","tablet-align-left","mobile-align-left","ast-product-gallery-layout-vertical-slider","ast-product-tabs-layout-horizontal"],"_links":{"self":[{"href":"https:\/\/www.fangofast.com\/it\/wp-json\/wp\/v2\/product\/676","targetHints":{"allow":["GET"]}}],"collection":[{"href":"https:\/\/www.fangofast.com\/it\/wp-json\/wp\/v2\/product"}],"about":[{"href":"https:\/\/www.fangofast.com\/it\/wp-json\/wp\/v2\/types\/product"}],"wp:featuredmedia":[{"embeddable":true,"href":"https:\/\/www.fangofast.com\/it\/wp-json\/wp\/v2\/media\/1239"}],"wp:attachment":[{"href":"https:\/\/www.fangofast.com\/it\/wp-json\/wp\/v2\/media?parent=676"}],"wp:term":[{"taxonomy":"product_cat","embeddable":true,"href":"https:\/\/www.fangofast.com\/it\/wp-json\/wp\/v2\/product_cat?post=676"},{"taxonomy":"product_tag","embeddable":true,"href":"https:\/\/www.fangofast.com\/it\/wp-json\/wp\/v2\/product_tag?post=676"}],"curies":[{"name":"wp","href":"https:\/\/api.w.org\/{rel}","templated":true}]}}