{"id":666,"date":"2024-05-25T11:21:32","date_gmt":"2024-05-25T03:21:32","guid":{"rendered":"http:\/\/www.fangofast.com\/?post_type=product&#038;p=666"},"modified":"2025-03-20T14:08:41","modified_gmt":"2025-03-20T06:08:41","slug":"bathroom-fan","status":"publish","type":"product","link":"https:\/\/www.fangofast.com\/it\/product\/bathroom-fan\/","title":{"rendered":"Ventilatore da bagno 100A-timer"},"content":{"rendered":"<p>Ventilatore da bagno<\/p>\n<table style=\"font-size: 16px; font-style: normal;\">\n<tbody>\n<tr>\n<td width=\"147\"><strong><b>B<\/b><\/strong><strong><b>rand<\/b><\/strong><\/td>\n<td width=\"366\">FanGoFast<\/td>\n<\/tr>\n<tr>\n<td width=\"147\"><strong><b>Colore<\/b><\/strong><\/td>\n<td width=\"366\">Bianco<\/td>\n<\/tr>\n<tr>\n<td width=\"147\"><strong><b>Design del ventilatore elettrico<\/b><\/strong><\/td>\n<td width=\"366\">Ventilatore di scarico<\/td>\n<\/tr>\n<tr>\n<td width=\"147\"><strong><b>Fonte di alimentazione<\/b><\/strong><\/td>\n<td width=\"366\">Elettrico con cavo<\/td>\n<\/tr>\n<tr>\n<td width=\"147\"><strong><b>Stile<\/b><\/strong><\/td>\n<td width=\"366\">Typ-100A-Timer<\/td>\n<\/tr>\n<tr>\n<td width=\"147\"><strong><b>Dimensioni del prodotto<\/b><\/strong><\/td>\n<td width=\"366\">16D x 11L x 11H cm<\/td>\n<\/tr>\n<tr>\n<td width=\"147\"><strong><b>Tipo di camera<\/b><\/strong><\/td>\n<td width=\"366\">Cucina, bagno<\/td>\n<\/tr>\n<tr>\n<td width=\"147\"><strong><b>Caratteristica speciale<\/b><\/strong><\/td>\n<td width=\"366\">Leggero<\/td>\n<\/tr>\n<tr>\n<td width=\"147\"><strong><b>Usi consigliati per il prodotto<\/b><\/strong><\/td>\n<td width=\"366\">Ventilazione<\/td>\n<\/tr>\n<tr>\n<td width=\"147\"><strong><b>Livello di rumore<\/b><\/strong><\/td>\n<td width=\"366\">36 dB<\/td>\n<\/tr>\n<\/tbody>\n<\/table>\n<p>&nbsp;<\/p>\n<ul>\n<li class=\"a-spacing-mini\"><span class=\"a-list-item\">In omaggio: un cacciavite in dotazione.<\/span><\/li>\n<li class=\"a-spacing-mini\"><span class=\"a-list-item\">Ventilatore da bagno da 100 mm di diametro: Questo ventilatore da bagno da 100 mm \u00e8 realizzato in materiale ABS resistente alla corrosione, leggero e che non si deforma facilmente, con un'eccellente resistenza al calore e una lunga durata. Tensione di funzionamento: 230 V\/50 Hz; potenza: 12 W; risparmio energetico. La minore potenza pu\u00f2 garantire un flusso d'aria soddisfacente. Flusso d'aria: 66 m\u00b3\/h; velocit\u00e0 del motore: 2200 RPM.<\/span><\/li>\n<li class=\"a-spacing-mini\"><span class=\"a-list-item\">Funzione di temporizzazione: il ventilatore da bagno \u00e8 dotato di una funzione di temporizzazione che pu\u00f2 essere impostata in base ai propri desideri (1 minuto - 30 minuti), facile da installare e utilizzare, manutenzione estremamente economica.<\/span><\/li>\n<li class=\"a-spacing-mini\"><span class=\"a-list-item\">Valvola di ritegno speciale - a differenza di altri ventilatori di scarico, i ventilatori di scarico FanGoFast da 100 mm sono dotati di una valvola di ritegno a 4 porte che corrisponde meglio al principio di gravit\u00e0 e riduce al minimo la perdita di flusso d'aria. Inoltre, la valvola di ritegno \u00e8 realizzata in materiale speciale flessibile ed elastico, pi\u00f9 resistente rispetto a quello dei ventilatori di scarico generici.<\/span><\/li>\n<li class=\"a-spacing-mini\"><span class=\"a-list-item\">Bassa rumorosit\u00e0: questo ventilatore da parete da 100 mm \u00e8 dotato di un motore in rame con doppio cuscinetto a sfera, che garantisce un'elevata efficienza, un funzionamento silenzioso e prestazioni di alta qualit\u00e0. Rispetto ai motori ordinari, il motore migliorato \u00e8 in grado di ridurre il coefficiente di attrito, di risparmiare energia e di ridurre il rumore del ventilatore da bagno da 100 mm.<\/span><\/li>\n<li class=\"a-spacing-mini\"><span class=\"a-list-item\">Ampia applicazione: questo ventilatore da bagno da 100 mm \u00e8 la scelta ideale per creare un sistema HVAC efficiente in cucine, camere da letto, uffici, scantinati, magazzini, garage e altre aree che richiedono una ventilazione continua o necessaria. Offriamo 30 giorni di rimborso completo veloce e nuovo servizio di sostituzione entro 18 mesi di garanzia. Qualsiasi domanda con questo ventilatore bagno, non esitate a contattarci in qualsiasi momento.<\/span><\/li>\n<\/ul>","protected":false},"excerpt":{"rendered":"<p>Bathroom Fan Brand FanGoFast Color White Electric fan design Exhaust Fan Power source Corded Electric Style Typ-100A-Timer Product dimensions 16D\u00a0x 11W\u00a0x 11H cm Room type Kitchen, Bathroom Special feature Lightweight Recommended uses for product Ventilating Noise level 36 dB &nbsp; For free: a screwdriver is included. Diameter 100 mm bathroom fan: This 100 mm bathroom &hellip;<\/p>\n<p class=\"read-more\"> <a class=\"\" href=\"https:\/\/www.fangofast.com\/it\/product\/bathroom-fan\/\"> <span class=\"screen-reader-text\">Ventilatore da bagno 100A-timer<\/span> Leggi tutto \u00bb<\/a><\/p>","protected":false},"featured_media":669,"template":"","meta":{"site-sidebar-layout":"default","site-content-layout":"default","ast-global-header-display":"","ast-main-header-display":"","ast-hfb-above-header-display":"","ast-hfb-below-header-display":"","ast-hfb-mobile-header-display":"","site-post-title":"","ast-breadcrumbs-content":"","ast-featured-img":"","footer-sml-layout":"","theme-transparent-header-meta":"default","adv-header-id-meta":"","stick-header-meta":"","header-above-stick-meta":"","header-main-stick-meta":"","header-below-stick-meta":""},"product_cat":[37],"product_tag":[],"class_list":["post-666","product","type-product","status-publish","has-post-thumbnail","hentry","product_cat-bathroom-fan","desktop-align-left","tablet-align-left","mobile-align-left","ast-product-gallery-layout-vertical-slider","ast-product-tabs-layout-horizontal"],"_links":{"self":[{"href":"https:\/\/www.fangofast.com\/it\/wp-json\/wp\/v2\/product\/666","targetHints":{"allow":["GET"]}}],"collection":[{"href":"https:\/\/www.fangofast.com\/it\/wp-json\/wp\/v2\/product"}],"about":[{"href":"https:\/\/www.fangofast.com\/it\/wp-json\/wp\/v2\/types\/product"}],"wp:featuredmedia":[{"embeddable":true,"href":"https:\/\/www.fangofast.com\/it\/wp-json\/wp\/v2\/media\/669"}],"wp:attachment":[{"href":"https:\/\/www.fangofast.com\/it\/wp-json\/wp\/v2\/media?parent=666"}],"wp:term":[{"taxonomy":"product_cat","embeddable":true,"href":"https:\/\/www.fangofast.com\/it\/wp-json\/wp\/v2\/product_cat?post=666"},{"taxonomy":"product_tag","embeddable":true,"href":"https:\/\/www.fangofast.com\/it\/wp-json\/wp\/v2\/product_tag?post=666"}],"curies":[{"name":"wp","href":"https:\/\/api.w.org\/{rel}","templated":true}]}}