{"id":658,"date":"2024-05-25T11:21:15","date_gmt":"2024-05-25T03:21:15","guid":{"rendered":"http:\/\/www.fangofast.com\/?post_type=product&#038;p=658"},"modified":"2024-06-29T09:33:25","modified_gmt":"2024-06-29T01:33:25","slug":"100mm-ec-tubular-fan-is-adjustable","status":"publish","type":"product","link":"https:\/\/www.fangofast.com\/it\/product\/100mm-ec-tubular-fan-is-adjustable\/","title":{"rendered":"Estrattore d'aria CE da 100 mm"},"content":{"rendered":"<table>\n<tbody>\n<tr>\n<td width=\"136\"><strong><b>Marchio <\/b><\/strong><\/td>\n<td width=\"434\">FanGoFast<\/td>\n<\/tr>\n<tr>\n<td width=\"136\"><strong><b>Colore<\/b><\/strong><\/td>\n<td width=\"434\">Nero<\/td>\n<\/tr>\n<tr>\n<td width=\"136\"><strong><b>Ventilatore elettrico Design<\/b><\/strong><\/td>\n<td width=\"434\">Ventilatore per l'estrazione<\/td>\n<\/tr>\n<tr>\n<td width=\"136\"><strong><b>Stile<\/b><\/strong><\/td>\n<td width=\"434\">Estrattore d'aria CE 100 mm<\/td>\n<\/tr>\n<tr>\n<td width=\"136\"><strong><b>Dimensioni del prodotto<\/b><\/strong><\/td>\n<td width=\"434\">33, 4d x 24, 7w x 22,5H centimetri<\/td>\n<\/tr>\n<tr>\n<td width=\"136\"><strong><b>Tipo <\/b><\/strong><\/td>\n<td width=\"434\">Casa, ufficio, bagno<\/td>\n<\/tr>\n<tr>\n<td width=\"136\"><strong><b>P<\/b><\/strong><strong><b>ower <\/b><\/strong><\/td>\n<td width=\"434\">35 Watt<\/td>\n<\/tr>\n<tr>\n<td width=\"136\"><strong><b>Capacit\u00e0 del flusso d'aria<\/b><\/strong><\/td>\n<td width=\"434\">360 metri cubi all'ora<\/td>\n<\/tr>\n<tr>\n<td width=\"136\"><strong><b>Velocit\u00e0 <\/b><\/strong><\/td>\n<td width=\"434\">0.02<\/td>\n<\/tr>\n<\/tbody>\n<\/table>\n<p>&nbsp;<\/p>\n<ul>\n<li>Prestazioni elevate - il potente estrattore d'aria pu\u00f2 raggiungere qualsiasi velocit\u00e0 da 0 a 100% grazie al cruise control incluso e dispone di un motore ECO EC che genera un'elevata portata d'aria di 360 m\u00b3\/h.<\/li>\n<li>Efficienza energetica - questo ventilatore di estrazione dell'aria FanGoFast online da 100 mm utilizza un efficiente motore EC che consente al ventilatore di funzionare in modo pi\u00f9 stabile e di raggiungere basse velocit\u00e0 senza generare rumore o calore significativi. L'efficienza energetica dei motori EC consente di risparmiare fino a 40% sui costi energetici, con una maggiore efficienza rispetto ad altri ventilatori.<\/li>\n<li>Spina IEC e DESIGN modulare - il ventilatore tubolare FanGoFast \u00e8 dotato di un'interfaccia IEC che supporta tutte le spine da 230 V per una maggiore comodit\u00e0. Estremit\u00e0 del tubo rimovibili con viti di bloccaggio per un rapido smontaggio e una facile installazione.<\/li>\n<li>Robusto e durevole - l'alloggiamento dell'estrattore d'aria \u00e8 realizzato in materiale ABS altamente resistente, che offre i vantaggi della resistenza alla corrosione, della lunga durata e della sicurezza. A differenza delle ventole tubolari in metallo che si arrugginiscono con il tempo. L'estrattore d'aria silenzioso da 100 mm ha anche superato il test di caduta, che a sua volta garantisce la stabilit\u00e0 strutturale.<\/li>\n<li>IMPIEGHI VERSATILI - L'estrattore d'aria regolabile da 100 mm \u00e8 adatto a un'ampia variet\u00e0 di luoghi che richiedono una migliore circolazione dell'aria, come lavanderie, stampanti 3D, macchine per l'incisione laser, cantine, soffitte, garage, ecc.<\/li>\n<\/ul>","protected":false},"excerpt":{"rendered":"<p>Brand FanGoFast Color Black Electric fan Design Ventilation fan for extraction Style EC air extractor 100mm Dimensions of the product 33, 4d x 24, 7w x 22,5H centimeters Type Home,\u00a0office, bathroom Power 35 Watts Air flow capacity 360 cubic meters per hour Speed 0.02 &nbsp; High performance &#8211; the powerful air extractor can reach any &hellip;<\/p>\n<p class=\"read-more\"> <a class=\"\" href=\"https:\/\/www.fangofast.com\/it\/product\/100mm-ec-tubular-fan-is-adjustable\/\"> <span class=\"screen-reader-text\">Estrattore d'aria CE da 100 mm<\/span> Leggi tutto \u00bb<\/a><\/p>","protected":false},"featured_media":663,"template":"","meta":{"site-sidebar-layout":"default","site-content-layout":"default","ast-global-header-display":"","ast-main-header-display":"","ast-hfb-above-header-display":"","ast-hfb-below-header-display":"","ast-hfb-mobile-header-display":"","site-post-title":"","ast-breadcrumbs-content":"","ast-featured-img":"","footer-sml-layout":"","theme-transparent-header-meta":"default","adv-header-id-meta":"","stick-header-meta":"","header-above-stick-meta":"","header-main-stick-meta":"","header-below-stick-meta":""},"product_cat":[36],"product_tag":[],"class_list":["post-658","product","type-product","status-publish","has-post-thumbnail","hentry","product_cat-ec-motor-mixed-flow-inline-fan","desktop-align-left","tablet-align-left","mobile-align-left","ast-product-gallery-layout-vertical-slider","ast-product-tabs-layout-horizontal"],"_links":{"self":[{"href":"https:\/\/www.fangofast.com\/it\/wp-json\/wp\/v2\/product\/658","targetHints":{"allow":["GET"]}}],"collection":[{"href":"https:\/\/www.fangofast.com\/it\/wp-json\/wp\/v2\/product"}],"about":[{"href":"https:\/\/www.fangofast.com\/it\/wp-json\/wp\/v2\/types\/product"}],"wp:featuredmedia":[{"embeddable":true,"href":"https:\/\/www.fangofast.com\/it\/wp-json\/wp\/v2\/media\/663"}],"wp:attachment":[{"href":"https:\/\/www.fangofast.com\/it\/wp-json\/wp\/v2\/media?parent=658"}],"wp:term":[{"taxonomy":"product_cat","embeddable":true,"href":"https:\/\/www.fangofast.com\/it\/wp-json\/wp\/v2\/product_cat?post=658"},{"taxonomy":"product_tag","embeddable":true,"href":"https:\/\/www.fangofast.com\/it\/wp-json\/wp\/v2\/product_tag?post=658"}],"curies":[{"name":"wp","href":"https:\/\/api.w.org\/{rel}","templated":true}]}}