{"id":651,"date":"2024-05-25T11:20:38","date_gmt":"2024-05-25T03:20:38","guid":{"rendered":"http:\/\/www.fangofast.com\/?post_type=product&#038;p=651"},"modified":"2024-06-29T09:35:53","modified_gmt":"2024-06-29T01:35:53","slug":"150mm-ec-tubular-fan-is-adjustable","status":"publish","type":"product","link":"https:\/\/www.fangofast.com\/it\/product\/150mm-ec-tubular-fan-is-adjustable\/","title":{"rendered":"Estrattore d'aria CE da 150 mm"},"content":{"rendered":"<table>\n<tbody>\n<tr>\n<td width=\"136\"><strong><b>Marchio <\/b><\/strong><\/td>\n<td width=\"434\">FanGoFast<\/td>\n<\/tr>\n<tr>\n<td width=\"136\"><strong><b>Colore<\/b><\/strong><\/td>\n<td width=\"434\">Nero<\/td>\n<\/tr>\n<tr>\n<td width=\"136\"><strong><b>Ventilatore elettrico Design<\/b><\/strong><\/td>\n<td width=\"434\">Ventilatore per l'estrazione<\/td>\n<\/tr>\n<tr>\n<td width=\"136\"><strong><b>Fonte di energia<\/b><\/strong><\/td>\n<td width=\"434\">Cavo elettrico<\/td>\n<\/tr>\n<tr>\n<td width=\"136\"><strong><b>Stile<\/b><\/strong><\/td>\n<td width=\"434\">Estrattore d'aria CE 150 mm<\/td>\n<\/tr>\n<tr>\n<td width=\"136\"><strong><b>Dimensioni del prodotto<\/b><\/strong><\/td>\n<td width=\"434\">34, 5d x 26, 7w x 24,2H centimetri<\/td>\n<\/tr>\n<tr>\n<td width=\"136\"><strong><b>Tipo <\/b><\/strong><\/td>\n<td width=\"434\">Casa, ufficio, bagno<\/td>\n<\/tr>\n<tr>\n<td width=\"136\"><strong><b>P<\/b><\/strong><strong><b>ower <\/b><\/strong><\/td>\n<td width=\"434\">70 Watt<\/td>\n<\/tr>\n<tr>\n<td width=\"136\"><strong><b>Capacit\u00e0 del flusso d'aria<\/b><\/strong><\/td>\n<td width=\"434\">684 metri cubi all'ora<\/td>\n<\/tr>\n<tr>\n<td width=\"136\"><strong><b>Velocit\u00e0 di movimento<\/b><\/strong><\/td>\n<td width=\"434\">0.01<\/td>\n<\/tr>\n<\/tbody>\n<\/table>\n<p>&nbsp;<\/p>\n<ul>\n<li>Prestazioni elevate - il potente estrattore d'aria pu\u00f2 raggiungere qualsiasi velocit\u00e0 da 0 a 100% grazie al cruise control incluso e dispone di un motore ECO EC che genera un flusso d'aria elevato di 684 m\u00b3\/h.<\/li>\n<li>Efficienza energetica - questo ventilatore di estrazione dell'aria in linea FanGoFast 150 mm utilizza un efficiente motore EC che consente al ventilatore di funzionare in modo pi\u00f9 stabile e di raggiungere basse velocit\u00e0 senza generare rumore o calore significativi. L'efficienza energetica dei motori EC consente di risparmiare fino a 40% sui costi energetici, con una maggiore efficienza rispetto ad altri ventilatori.<\/li>\n<li>Spina IEC e DESIGN modulare - il ventilatore tubolare FanGoFast \u00e8 dotato di un'interfaccia IEC che supporta tutte le spine da 230 V per una maggiore comodit\u00e0. Estremit\u00e0 del tubo rimovibili con viti di bloccaggio per un rapido smontaggio e una facile installazione.<\/li>\n<li>Robusto e durevole - l'alloggiamento dell'estrattore d'aria \u00e8 realizzato in materiale ABS altamente resistente, che offre i vantaggi della resistenza alla corrosione, della lunga durata e della sicurezza. A differenza dei ventilatori tubolari in metallo che si arrugginiscono con il tempo. L'estrattore d'aria silenzioso da 150 mm ha superato anche il test di caduta, che a sua volta garantisce la stabilit\u00e0 strutturale.<\/li>\n<li>IMPIEGHI VERSATILI - L'estrattore d'aria regolabile da 150 mm \u00e8 adatto a un'ampia variet\u00e0 di luoghi che richiedono una migliore circolazione dell'aria, come lavanderie, stampanti 3D, macchine per l'incisione laser, cantine, soffitte, garage, ecc.<\/li>\n<\/ul>","protected":false},"excerpt":{"rendered":"<p>Brand FanGoFast Color Black Electric fan Design Ventilation fan for extraction Source of power Electric cable Style EC air extractor 150mm Dimensions of the product 34, 5d x 26, 7w x 24,2H centimeters Type Home,\u00a0office, bathroom Power 70\u00a0Watts Air flow capacity 684\u00a0cubic meters per hour Speed of movement 0.01 &nbsp; High performance &#8211; the powerful &hellip;<\/p>\n<p class=\"read-more\"> <a class=\"\" href=\"https:\/\/www.fangofast.com\/it\/product\/150mm-ec-tubular-fan-is-adjustable\/\"> <span class=\"screen-reader-text\">Estrattore d'aria CE da 150 mm<\/span> Leggi tutto \u00bb<\/a><\/p>","protected":false},"featured_media":656,"template":"","meta":{"site-sidebar-layout":"default","site-content-layout":"default","ast-global-header-display":"","ast-main-header-display":"","ast-hfb-above-header-display":"","ast-hfb-below-header-display":"","ast-hfb-mobile-header-display":"","site-post-title":"","ast-breadcrumbs-content":"","ast-featured-img":"","footer-sml-layout":"","theme-transparent-header-meta":"default","adv-header-id-meta":"","stick-header-meta":"","header-above-stick-meta":"","header-main-stick-meta":"","header-below-stick-meta":""},"product_cat":[36],"product_tag":[],"class_list":["post-651","product","type-product","status-publish","has-post-thumbnail","hentry","product_cat-ec-motor-mixed-flow-inline-fan","desktop-align-left","tablet-align-left","mobile-align-left","ast-product-gallery-layout-vertical-slider","ast-product-tabs-layout-horizontal"],"_links":{"self":[{"href":"https:\/\/www.fangofast.com\/it\/wp-json\/wp\/v2\/product\/651","targetHints":{"allow":["GET"]}}],"collection":[{"href":"https:\/\/www.fangofast.com\/it\/wp-json\/wp\/v2\/product"}],"about":[{"href":"https:\/\/www.fangofast.com\/it\/wp-json\/wp\/v2\/types\/product"}],"wp:featuredmedia":[{"embeddable":true,"href":"https:\/\/www.fangofast.com\/it\/wp-json\/wp\/v2\/media\/656"}],"wp:attachment":[{"href":"https:\/\/www.fangofast.com\/it\/wp-json\/wp\/v2\/media?parent=651"}],"wp:term":[{"taxonomy":"product_cat","embeddable":true,"href":"https:\/\/www.fangofast.com\/it\/wp-json\/wp\/v2\/product_cat?post=651"},{"taxonomy":"product_tag","embeddable":true,"href":"https:\/\/www.fangofast.com\/it\/wp-json\/wp\/v2\/product_tag?post=651"}],"curies":[{"name":"wp","href":"https:\/\/api.w.org\/{rel}","templated":true}]}}