{"id":638,"date":"2024-05-25T11:18:48","date_gmt":"2024-05-25T03:18:48","guid":{"rendered":"http:\/\/www.fangofast.com\/?post_type=product&#038;p=638"},"modified":"2024-05-25T11:18:51","modified_gmt":"2024-05-25T03:18:51","slug":"mixflow-inline-fan-3","status":"publish","type":"product","link":"https:\/\/www.fangofast.com\/it\/product\/mixflow-inline-fan-3\/","title":{"rendered":"Ventilatore in linea Mixflow"},"content":{"rendered":"<table>\n<tbody>\n<tr>\n<td width=\"129\"><strong><b>Marchio<\/b><\/strong><\/td>\n<td width=\"412\">FanGoFast<\/td>\n<\/tr>\n<tr>\n<td width=\"129\"><strong><b>Colore<\/b><\/strong><\/td>\n<td width=\"412\">Nero<\/td>\n<\/tr>\n<tr>\n<td width=\"129\"><strong><b>Design del ventilatore elettrico<\/b><\/strong><\/td>\n<td width=\"412\">Ventilatore di scarico<\/td>\n<\/tr>\n<tr>\n<td width=\"129\"><strong><b>Dimensioni del prodotto<\/b><\/strong><\/td>\n<td width=\"412\">31,5D x 22L x 25H centimetri<\/td>\n<\/tr>\n<tr>\n<td width=\"129\"><strong><b>Tipo di camera<\/b><\/strong><\/td>\n<td width=\"412\">Bagno, cucina<\/td>\n<\/tr>\n<tr>\n<td width=\"129\"><strong><b>Caratteristica speciale<\/b><\/strong><\/td>\n<td width=\"412\">Impermeabile<\/td>\n<\/tr>\n<tr>\n<td width=\"129\"><strong><b>Livello di rumore<\/b><\/strong><\/td>\n<td width=\"412\">31 dB<\/td>\n<\/tr>\n<tr>\n<td width=\"129\"><strong><b>Potenza<\/b><\/strong><\/td>\n<td width=\"412\">23 watt<\/td>\n<\/tr>\n<tr>\n<td width=\"129\"><strong><b>Tema<\/b><\/strong><\/td>\n<td width=\"412\">Casa<\/td>\n<\/tr>\n<\/tbody>\n<\/table>\n<p>&nbsp;<\/p>\n<ul>\n<li>Potenza: dotato di una ventola di grandi dimensioni, funzionante a una tensione di 230V\/50Hz e con un consumo di 123\/128W (alto\/basso), il motore opera a velocit\u00e0 di 2450\/1950RPM, erogando volumi d'aria di 840m\u00b3\/h e 690m\u00b3\/h (alto\/basso). I motori a doppio cuscinetto a sfere di NSK garantiscono prestazioni elevate, efficienza e un MTBF esteso fino a 50.000 ore.<\/li>\n<li>Impermeabile IP44: Grazie all'utilizzo di gomma impermeabile, i ventilatori sono certificati come realmente impermeabili IP44, prolungando cos\u00ec la durata dei condensatori del motore.<\/li>\n<li>Bassa rumorosit\u00e0: Il ventilatore bilanciato funziona a un basso livello di rumorosit\u00e0 di circa 65 dB; \u00e8 inoltre dotato di due regolatori di velocit\u00e0 per una facile regolazione.<\/li>\n<li>Applicazioni versatili: Adatti alla ventilazione industriale, alla ventilazione domestica o alla purificazione dell'aria in orticoltura. Ideali come aspiratori per bagni, laboratori, cucine, serre, tende da coltivazione ecc., progettati specificamente per soddisfare le esigenze dei coltivatori che mirano a ottimizzare la crescita delle piante. Possono essere utilizzati in combinazione con filtri a carbone e tubi per espellere aria o gas indesiderati dalle camere di coltivazione. Consigliato anche per mantenere la qualit\u00e0 dell'aria interna nei sistemi HVAC.<\/li>\n<li>Facile installazione: Realizzato in materiale plastico ABS nero e con dimensioni di 200 mm, questo aspiratore \u00e8 facilmente montabile a parete o a soffitto. Per l'installazione, consultare il manuale allegato.<\/li>\n<\/ul>","protected":false},"excerpt":{"rendered":"<p>Brand FanGoFast Colour Black Electric fan design Exhaust Fan Product dimensions 31.5D x 22W x 25H centimetres Room type Bathroom, Kitchen Special feature Waterproof Noise level 31 dB Wattage 23 watts Theme Home &nbsp; Power: Equipped with a large fan, operating at a voltage of 230V\/50Hz and consuming 123\/128W (high\/low), the motor operates at speeds &hellip;<\/p>\n<p class=\"read-more\"> <a class=\"\" href=\"https:\/\/www.fangofast.com\/it\/product\/mixflow-inline-fan-3\/\"> <span class=\"screen-reader-text\">Ventilatore in linea Mixflow<\/span> Leggi tutto \u00bb<\/a><\/p>","protected":false},"featured_media":642,"template":"","meta":{"site-sidebar-layout":"default","site-content-layout":"default","ast-global-header-display":"","ast-main-header-display":"","ast-hfb-above-header-display":"","ast-hfb-below-header-display":"","ast-hfb-mobile-header-display":"","site-post-title":"","ast-breadcrumbs-content":"","ast-featured-img":"","footer-sml-layout":"","theme-transparent-header-meta":"default","adv-header-id-meta":"","stick-header-meta":"","header-above-stick-meta":"","header-main-stick-meta":"","header-below-stick-meta":""},"product_cat":[35],"product_tag":[],"class_list":["post-638","product","type-product","status-publish","has-post-thumbnail","hentry","product_cat-mixflow-inline-fan","desktop-align-left","tablet-align-left","mobile-align-left","ast-product-gallery-layout-vertical-slider","ast-product-tabs-layout-horizontal"],"_links":{"self":[{"href":"https:\/\/www.fangofast.com\/it\/wp-json\/wp\/v2\/product\/638","targetHints":{"allow":["GET"]}}],"collection":[{"href":"https:\/\/www.fangofast.com\/it\/wp-json\/wp\/v2\/product"}],"about":[{"href":"https:\/\/www.fangofast.com\/it\/wp-json\/wp\/v2\/types\/product"}],"wp:featuredmedia":[{"embeddable":true,"href":"https:\/\/www.fangofast.com\/it\/wp-json\/wp\/v2\/media\/642"}],"wp:attachment":[{"href":"https:\/\/www.fangofast.com\/it\/wp-json\/wp\/v2\/media?parent=638"}],"wp:term":[{"taxonomy":"product_cat","embeddable":true,"href":"https:\/\/www.fangofast.com\/it\/wp-json\/wp\/v2\/product_cat?post=638"},{"taxonomy":"product_tag","embeddable":true,"href":"https:\/\/www.fangofast.com\/it\/wp-json\/wp\/v2\/product_tag?post=638"}],"curies":[{"name":"wp","href":"https:\/\/api.w.org\/{rel}","templated":true}]}}