{"id":627,"date":"2024-05-25T11:17:20","date_gmt":"2024-05-25T03:17:20","guid":{"rendered":"http:\/\/www.fangofast.com\/?post_type=product&#038;p=627"},"modified":"2024-05-25T11:17:20","modified_gmt":"2024-05-25T03:17:20","slug":"mixflow-inline-fan","status":"publish","type":"product","link":"https:\/\/www.fangofast.com\/it\/product\/mixflow-inline-fan\/","title":{"rendered":"Ventilatore in linea Mixflow"},"content":{"rendered":"<table>\n<tbody>\n<tr>\n<td width=\"129\"><strong><b>Marchio<\/b><\/strong><\/td>\n<td width=\"412\">FanGoFast<\/td>\n<\/tr>\n<tr>\n<td width=\"129\"><strong><b>Colore<\/b><\/strong><\/td>\n<td width=\"412\">Nero<\/td>\n<\/tr>\n<tr>\n<td width=\"129\"><strong><b>Design del ventilatore elettrico<\/b><\/strong><\/td>\n<td width=\"412\">Soffiante<\/td>\n<\/tr>\n<tr>\n<td width=\"129\"><strong><b>Fonte di alimentazione<\/b><\/strong><\/td>\n<td width=\"412\">Elettrico con cavo<\/td>\n<\/tr>\n<tr>\n<td width=\"129\"><strong><b>Dimensioni del prodotto<\/b><\/strong><\/td>\n<td width=\"412\">32D x 28L x 28H centimetri<\/td>\n<\/tr>\n<tr>\n<td width=\"129\"><strong><b>Tipo di camera<\/b><\/strong><\/td>\n<td width=\"412\">Bagno<\/td>\n<\/tr>\n<tr>\n<td width=\"129\"><strong><b>Caratteristica speciale<\/b><\/strong><\/td>\n<td width=\"412\">Impermeabile<\/td>\n<\/tr>\n<tr>\n<td width=\"129\"><strong><b>Usi consigliati per il prodotto<\/b><\/strong><\/td>\n<td width=\"412\">Ventilazione<\/td>\n<\/tr>\n<tr>\n<td width=\"129\"><strong><b>Livello di rumore<\/b><\/strong><\/td>\n<td width=\"412\">65 dB<\/td>\n<\/tr>\n<\/tbody>\n<\/table>\n<p>&nbsp;<\/p>\n<ul>\n<li>Potenza: grande ventilatore, tensione :230V\/50Hz, potenza :123\/128W (alto\/basso), velocit\u00e0 :2450\/1950RPM, volume d'aria :840m\u00b3\/h, 690m\u00b3\/h (alto\/basso). I motori a doppio cuscinetto a sfere NSK offrono prestazioni elevate, alta efficienza e un MTBF lungo fino a 50.000 ore.<\/li>\n<li>Impermeabile IP44: La gomma impermeabile rende i ventilatori impermeabili in vero IP44, garantendo ai condensatori del motore una maggiore durata.<\/li>\n<li>Bassa rumorosit\u00e0: La ventola bilanciata funziona a un basso livello di rumorosit\u00e0, circa 65dB; Due regolatori di velocit\u00e0 per una facile regolazione della velocit\u00e0 della ventola.<\/li>\n<li>Molteplici utilizzi: adatti alla ventilazione industriale, alla ventilazione domestica o alla purificazione dell'aria in orticoltura. Ventilatori di scarico per bagno, officina, cucina, serra, tenda da coltivazione, ecc. L'abbiamo sviluppata per i coltivatori che vogliono far crescere meglio le loro piante. \u00c8 possibile utilizzare filtri e tubi al carbonio per filtrare l'aria o i gas nocivi all'esterno della camera di coltivazione. \u00c8 anche una scelta migliore per mantenere l'aria interna fresca nei sistemi HVAC.<\/li>\n<li>Facile da installare: Questo aspiratore da 200 mm \u00e8 realizzato in plastica ABS nera. Pu\u00f2 essere facilmente montato a parete\/soffitto. \u00c8 possibile consultare il manuale allegato.<\/li>\n<\/ul>","protected":false},"excerpt":{"rendered":"<p>Brand FanGoFast Colour Black Electric fan design Blower Power source Corded Electric Product dimensions 32D x 28W x 28H centimetres Room type Bathroom Special feature Waterproof Recommended uses for product Ventilating Noise level 65\u00a0dB &nbsp; Power: big fan, voltage :230V\/50Hz, power :123\/128W(high\/low), speed :2450\/1950RPM, air volume :840m\u00b3\/h, 690m\u00b3\/h(high\/low). NSK double ball bearing motors offer high &hellip;<\/p>\n<p class=\"read-more\"> <a class=\"\" href=\"https:\/\/www.fangofast.com\/it\/product\/mixflow-inline-fan\/\"> <span class=\"screen-reader-text\">Ventilatore in linea Mixflow<\/span> Leggi tutto \u00bb<\/a><\/p>","protected":false},"featured_media":628,"template":"","meta":{"site-sidebar-layout":"default","site-content-layout":"default","ast-global-header-display":"","ast-main-header-display":"","ast-hfb-above-header-display":"","ast-hfb-below-header-display":"","ast-hfb-mobile-header-display":"","site-post-title":"","ast-breadcrumbs-content":"","ast-featured-img":"","footer-sml-layout":"","theme-transparent-header-meta":"default","adv-header-id-meta":"","stick-header-meta":"","header-above-stick-meta":"","header-main-stick-meta":"","header-below-stick-meta":""},"product_cat":[35],"product_tag":[],"class_list":["post-627","product","type-product","status-publish","has-post-thumbnail","hentry","product_cat-mixflow-inline-fan","desktop-align-left","tablet-align-left","mobile-align-left","ast-product-gallery-layout-vertical-slider","ast-product-tabs-layout-horizontal"],"_links":{"self":[{"href":"https:\/\/www.fangofast.com\/it\/wp-json\/wp\/v2\/product\/627","targetHints":{"allow":["GET"]}}],"collection":[{"href":"https:\/\/www.fangofast.com\/it\/wp-json\/wp\/v2\/product"}],"about":[{"href":"https:\/\/www.fangofast.com\/it\/wp-json\/wp\/v2\/types\/product"}],"wp:featuredmedia":[{"embeddable":true,"href":"https:\/\/www.fangofast.com\/it\/wp-json\/wp\/v2\/media\/628"}],"wp:attachment":[{"href":"https:\/\/www.fangofast.com\/it\/wp-json\/wp\/v2\/media?parent=627"}],"wp:term":[{"taxonomy":"product_cat","embeddable":true,"href":"https:\/\/www.fangofast.com\/it\/wp-json\/wp\/v2\/product_cat?post=627"},{"taxonomy":"product_tag","embeddable":true,"href":"https:\/\/www.fangofast.com\/it\/wp-json\/wp\/v2\/product_tag?post=627"}],"curies":[{"name":"wp","href":"https:\/\/api.w.org\/{rel}","templated":true}]}}