{"id":1221,"date":"2025-03-20T11:44:01","date_gmt":"2025-03-20T03:44:01","guid":{"rendered":"https:\/\/www.fangofast.com\/?post_type=product&#038;p=1221"},"modified":"2025-03-20T11:44:01","modified_gmt":"2025-03-20T03:44:01","slug":"150-mm-inline-booster-duct-fan","status":"publish","type":"product","link":"https:\/\/www.fangofast.com\/it\/product\/150-mm-inline-booster-duct-fan\/","title":{"rendered":"Ventilatore da condotto Booster in linea da 150 mm"},"content":{"rendered":"<table>\n<tbody>\n<tr>\n<td width=\"129\"><strong><b>Marchio<\/b><\/strong><\/td>\n<td width=\"412\">FanGoFast<\/td>\n<\/tr>\n<tr>\n<td width=\"129\"><strong><b>Colore<\/b><\/strong><\/td>\n<td width=\"412\">Nero<\/td>\n<\/tr>\n<tr>\n<td width=\"129\"><strong><b>Design del ventilatore elettrico<\/b><\/strong><\/td>\n<td width=\"412\">Ventilatore di scarico<\/td>\n<\/tr>\n<tr>\n<td width=\"129\"><strong><b>Fonte di alimentazione<\/b><\/strong><\/td>\n<td width=\"412\">Elettrico con cavo<\/td>\n<\/tr>\n<tr>\n<td width=\"129\"><strong><b>Stile<\/b><\/strong><\/td>\n<td width=\"412\">Classico<\/td>\n<\/tr>\n<tr>\n<td width=\"129\"><strong><b>Dimensioni del prodotto<\/b><\/strong><\/td>\n<td width=\"412\">18,5D x 14,7L x 14,7H centimetri<\/td>\n<\/tr>\n<tr>\n<td width=\"129\"><strong><b>Tipo di camera<\/b><\/strong><\/td>\n<td width=\"412\">Lavanderia<\/td>\n<\/tr>\n<tr>\n<td width=\"129\"><strong><b>Caratteristica speciale<\/b><\/strong><\/td>\n<td width=\"412\">Portatile, silenzioso, impermeabile, leggero<\/td>\n<\/tr>\n<tr>\n<td width=\"129\"><strong><b>Usi consigliati per il prodotto<\/b><\/strong><\/td>\n<td width=\"412\">Luftzirkulation, Entl\u00fcftend, Ventilierend, K\u00fchlung<\/td>\n<\/tr>\n<tr>\n<td width=\"129\"><strong><b>Livello di rumore<\/b><\/strong><\/td>\n<td width=\"412\">36 dB<\/td>\n<\/tr>\n<\/tbody>\n<\/table>\n<p>&nbsp;<\/p>\n<ul>\n<li>Senza preoccupazioni: offriamo la sostituzione invece della riparazione.<\/li>\n<li>RISPARMIO ENERGETICO Questo ventilatore per condotte da 150 mm adotta un motore CC avanzato, che consuma solo 19 W di energia durante il funzionamento, consentendo un notevole risparmio energetico. Anche ad alta velocit\u00e0, il ventilatore per condotti funziona in modo molto silenzioso, rendendolo adatto all'uso in casa e in ufficio.<\/li>\n<li>PICCOLO E POTENTE Questo ventilatore da condotto in linea pesa solo 30 once. \u00c8 leggero e comodo da indossare. Ma ha una velocit\u00e0 elevata di 3000 giri\/minuto e pu\u00f2 produrre un forte flusso d'aria fino a 587 m\u00b3\/h, che assicura una circolazione dell'aria rapida ed efficiente per eliminare gli odori e mantenere l'ambiente fresco e confortevole.<\/li>\n<li>Durevole e antiscivolo: il ventilatore growbox \u00e8 realizzato in plastica di alta qualit\u00e0, non solo robusta e durevole, ma anche non facilmente deformabile. La superficie ergonomica antiscivolo offre un maggiore comfort.<\/li>\n<li>0-100% Velocit\u00e0 regolabile Il ventilatore di scarico \u00e8 dotato di un regolatore di velocit\u00e0 regolabile, che consente all'utente di regolare in modo flessibile la velocit\u00e0 del vento per soddisfare le esigenze di diversi scenari e fornire un'esperienza di ventilazione personalizzata.<\/li>\n<li>Ampia applicazione: Il ventilatore per tubi di scarico FanGoFast da 100 mm adotta un design compatto ed \u00e8 adatto a vari ambienti, quali serra, garage, cantina, cucina e lavanderia, ecc.<\/li>\n<li>Leggero e portatile: Questo ventilatore da 100 mm \u00e8 leggero e facile da trasportare e installare, con un design compatto che consente di risparmiare spazio.<\/li>\n<\/ul>","protected":false},"excerpt":{"rendered":"<p>Brand FanGoFast Colour Black Electric fan design Exhaust Fan Power source Corded Electric Style Classic Product dimensions 18.5D x 14.7W x 14.7H centimetres Room type Laundry Room Special feature Portable, Quiet Operation, Waterproof, Lightweight Recommended uses for product Luftzirkulation, Entl\u00fcftend, Ventilierend, K\u00fchlung Noise level 36 dB &nbsp; Worry free: we offer replacement instead of a &hellip;<\/p>\n<p class=\"read-more\"> <a class=\"\" href=\"https:\/\/www.fangofast.com\/it\/product\/150-mm-inline-booster-duct-fan\/\"> <span class=\"screen-reader-text\">Ventilatore da condotto Booster in linea da 150 mm<\/span> Leggi tutto \u00bb<\/a><\/p>","protected":false},"featured_media":1222,"template":"","meta":{"site-sidebar-layout":"default","site-content-layout":"default","ast-global-header-display":"","ast-main-header-display":"","ast-hfb-above-header-display":"","ast-hfb-below-header-display":"","ast-hfb-mobile-header-display":"","site-post-title":"","ast-breadcrumbs-content":"","ast-featured-img":"","footer-sml-layout":"","theme-transparent-header-meta":"default","adv-header-id-meta":"","stick-header-meta":"","header-above-stick-meta":"","header-main-stick-meta":"","header-below-stick-meta":""},"product_cat":[70],"product_tag":[],"class_list":["post-1221","product","type-product","status-publish","has-post-thumbnail","hentry","product_cat-inline-booster-duct-fan","desktop-align-left","tablet-align-left","mobile-align-left","ast-product-gallery-layout-vertical-slider","ast-product-tabs-layout-horizontal"],"_links":{"self":[{"href":"https:\/\/www.fangofast.com\/it\/wp-json\/wp\/v2\/product\/1221","targetHints":{"allow":["GET"]}}],"collection":[{"href":"https:\/\/www.fangofast.com\/it\/wp-json\/wp\/v2\/product"}],"about":[{"href":"https:\/\/www.fangofast.com\/it\/wp-json\/wp\/v2\/types\/product"}],"wp:featuredmedia":[{"embeddable":true,"href":"https:\/\/www.fangofast.com\/it\/wp-json\/wp\/v2\/media\/1222"}],"wp:attachment":[{"href":"https:\/\/www.fangofast.com\/it\/wp-json\/wp\/v2\/media?parent=1221"}],"wp:term":[{"taxonomy":"product_cat","embeddable":true,"href":"https:\/\/www.fangofast.com\/it\/wp-json\/wp\/v2\/product_cat?post=1221"},{"taxonomy":"product_tag","embeddable":true,"href":"https:\/\/www.fangofast.com\/it\/wp-json\/wp\/v2\/product_tag?post=1221"}],"curies":[{"name":"wp","href":"https:\/\/api.w.org\/{rel}","templated":true}]}}