{"id":1212,"date":"2025-03-20T11:38:30","date_gmt":"2025-03-20T03:38:30","guid":{"rendered":"https:\/\/www.fangofast.com\/?post_type=product&#038;p=1212"},"modified":"2025-03-20T11:39:50","modified_gmt":"2025-03-20T03:39:50","slug":"100-mm-inline-booster-duct-fan","status":"publish","type":"product","link":"https:\/\/www.fangofast.com\/it\/product\/100-mm-inline-booster-duct-fan\/","title":{"rendered":"Ventilatore da condotto Booster in linea da 100 mm"},"content":{"rendered":"<table>\n<tbody>\n<tr>\n<td width=\"129\"><strong><b>Marchio<\/b><\/strong><\/td>\n<td width=\"412\">FanGoFast<\/td>\n<\/tr>\n<tr>\n<td width=\"129\"><strong><b>Colore<\/b><\/strong><\/td>\n<td width=\"412\">Nero<\/td>\n<\/tr>\n<tr>\n<td width=\"129\"><strong><b>Design del ventilatore elettrico<\/b><\/strong><\/td>\n<td width=\"412\">Ventilatore di scarico<\/td>\n<\/tr>\n<tr>\n<td width=\"129\"><strong><b>Fonte di alimentazione<\/b><\/strong><\/td>\n<td width=\"412\">Elettrico con cavo<\/td>\n<\/tr>\n<tr>\n<td width=\"129\"><strong><b>Stile<\/b><\/strong><\/td>\n<td width=\"412\">Classico<\/td>\n<\/tr>\n<tr>\n<td width=\"129\"><strong><b>Dimensioni del prodotto<\/b><\/strong><\/td>\n<td width=\"412\">18,5D x 9,8L x 9,8H centimetri<\/td>\n<\/tr>\n<tr>\n<td width=\"129\"><strong><b>Tipo di camera<\/b><\/strong><\/td>\n<td width=\"412\">Serre<\/td>\n<\/tr>\n<tr>\n<td width=\"129\"><strong><b>Caratteristica speciale<\/b><\/strong><\/td>\n<td width=\"412\">Portatile, silenzioso, impermeabile, leggero<\/td>\n<\/tr>\n<tr>\n<td width=\"129\"><strong><b>Potenza<\/b><\/strong><\/td>\n<td width=\"412\">6 watt<\/td>\n<\/tr>\n<tr>\n<td width=\"129\"><strong><b>Tipo di finitura<\/b><\/strong><\/td>\n<td width=\"412\">Incompiuto<\/td>\n<\/tr>\n<\/tbody>\n<\/table>\n<p>&nbsp;<\/p>\n<ul>\n<li>Senza preoccupazioni: offriamo la sostituzione invece della riparazione.<\/li>\n<li>RISPARMIO ENERGETICO Questo ventilatore da condotto da 100 mm adotta un motore CC avanzato, che consuma solo 6 W di energia durante il funzionamento, consentendo un notevole risparmio energetico. Anche ad alta velocit\u00e0, il ventilatore da condotto funziona in modo molto silenzioso, rendendolo adatto all'uso in casa e in ufficio.<\/li>\n<li>PICCOLO E POTENTE Questo ventilatore da condotto in linea pesa solo 560 g. \u00c8 leggero e comodo da indossare. Ma ha una velocit\u00e0 elevata di 4500 giri al minuto e pu\u00f2 produrre un forte flusso d'aria fino a 221 m\u00b3\/h, che assicura una circolazione dell'aria rapida ed efficiente per eliminare gli odori e mantenere l'ambiente fresco e confortevole.<\/li>\n<li>Durevole e antiscivolo: il ventilatore growbox \u00e8 realizzato in plastica di alta qualit\u00e0, non solo robusta e durevole, ma anche non facilmente deformabile. La superficie ergonomica antiscivolo offre un maggiore comfort.<\/li>\n<li>0-100% Velocit\u00e0 regolabile Il ventilatore di scarico \u00e8 dotato di un regolatore di velocit\u00e0 regolabile, che consente all'utente di regolare in modo flessibile la velocit\u00e0 del vento per soddisfare le esigenze di diversi scenari e fornire un'esperienza di ventilazione personalizzata.<\/li>\n<li>Ampia applicazione: Il ventilatore per tubi di scarico FanGoFast da 100 mm adotta un design compatto ed \u00e8 adatto a vari ambienti, come serra, garage, cantina, cucina e lavanderia, ecc.<\/li>\n<li>Leggero e portatile: Questo ventilatore da 100 mm \u00e8 leggero e facile da trasportare e installare, con un design compatto che consente di risparmiare spazio.<\/li>\n<\/ul>","protected":false},"excerpt":{"rendered":"<p>Brand FanGoFast Colour Black Electric fan design Exhaust Fan Power source Corded Electric Style Classic Product dimensions 18.5D x 9.8W x 9.8H centimetres Room type Greenhouses Special feature Portable, Quiet Operation, Waterproof, Lightweight Wattage 6 watts Finish type Unfinished &nbsp; Worry free: we offer replacement instead of a repair. ENERGY SAVING This 100mm duct fan &hellip;<\/p>\n<p class=\"read-more\"> <a class=\"\" href=\"https:\/\/www.fangofast.com\/it\/product\/100-mm-inline-booster-duct-fan\/\"> <span class=\"screen-reader-text\">Ventilatore da condotto Booster in linea da 100 mm<\/span> Leggi tutto \u00bb<\/a><\/p>","protected":false},"featured_media":1213,"template":"","meta":{"site-sidebar-layout":"default","site-content-layout":"default","ast-global-header-display":"","ast-main-header-display":"","ast-hfb-above-header-display":"","ast-hfb-below-header-display":"","ast-hfb-mobile-header-display":"","site-post-title":"","ast-breadcrumbs-content":"","ast-featured-img":"","footer-sml-layout":"","theme-transparent-header-meta":"default","adv-header-id-meta":"","stick-header-meta":"","header-above-stick-meta":"","header-main-stick-meta":"","header-below-stick-meta":""},"product_cat":[70],"product_tag":[],"class_list":["post-1212","product","type-product","status-publish","has-post-thumbnail","hentry","product_cat-inline-booster-duct-fan","desktop-align-left","tablet-align-left","mobile-align-left","ast-product-gallery-layout-vertical-slider","ast-product-tabs-layout-horizontal"],"_links":{"self":[{"href":"https:\/\/www.fangofast.com\/it\/wp-json\/wp\/v2\/product\/1212","targetHints":{"allow":["GET"]}}],"collection":[{"href":"https:\/\/www.fangofast.com\/it\/wp-json\/wp\/v2\/product"}],"about":[{"href":"https:\/\/www.fangofast.com\/it\/wp-json\/wp\/v2\/types\/product"}],"wp:featuredmedia":[{"embeddable":true,"href":"https:\/\/www.fangofast.com\/it\/wp-json\/wp\/v2\/media\/1213"}],"wp:attachment":[{"href":"https:\/\/www.fangofast.com\/it\/wp-json\/wp\/v2\/media?parent=1212"}],"wp:term":[{"taxonomy":"product_cat","embeddable":true,"href":"https:\/\/www.fangofast.com\/it\/wp-json\/wp\/v2\/product_cat?post=1212"},{"taxonomy":"product_tag","embeddable":true,"href":"https:\/\/www.fangofast.com\/it\/wp-json\/wp\/v2\/product_tag?post=1212"}],"curies":[{"name":"wp","href":"https:\/\/api.w.org\/{rel}","templated":true}]}}