{"id":1199,"date":"2025-03-20T10:49:09","date_gmt":"2025-03-20T02:49:09","guid":{"rendered":"https:\/\/www.fangofast.com\/?post_type=product&#038;p=1199"},"modified":"2025-03-20T10:51:59","modified_gmt":"2025-03-20T02:51:59","slug":"150-mm-ec-air-extractor-with-app-panel-control","status":"publish","type":"product","link":"https:\/\/www.fangofast.com\/it\/product\/150-mm-ec-air-extractor-with-app-panel-control\/","title":{"rendered":"Estrattore d'aria EC da 150 mm con App e pannello di controllo"},"content":{"rendered":"<table>\n<tbody>\n<tr>\n<td width=\"129\"><strong><b>Marchio<\/b><\/strong><\/td>\n<td width=\"412\">Cattura<\/td>\n<\/tr>\n<tr>\n<td width=\"129\"><strong><b>Colore<\/b><\/strong><\/td>\n<td width=\"412\">Ventilatore per tubi con controller app da 150 mm<\/td>\n<\/tr>\n<tr>\n<td width=\"129\"><strong><b>Design del ventilatore elettrico<\/b><\/strong><\/td>\n<td width=\"412\">Soffiante<\/td>\n<\/tr>\n<tr>\n<td width=\"129\"><strong><b>Fonte di alimentazione<\/b><\/strong><\/td>\n<td width=\"412\">Elettrico con cavo<\/td>\n<\/tr>\n<tr>\n<td width=\"129\"><strong><b>Stile<\/b><\/strong><\/td>\n<td width=\"412\">Industriale<\/td>\n<\/tr>\n<tr>\n<td width=\"129\"><strong><b>Dimensioni del prodotto<\/b><\/strong><\/td>\n<td width=\"412\">10D x 10L x 10H millimetri<\/td>\n<\/tr>\n<tr>\n<td width=\"129\"><strong><b>Caratteristica speciale<\/b><\/strong><\/td>\n<td width=\"412\">Wi-Fi abilitato<\/td>\n<\/tr>\n<tr>\n<td width=\"129\"><strong><b>Usi consigliati per il prodotto<\/b><\/strong><\/td>\n<td width=\"412\">Circolazione dell'aria, ventilazione, aerazione, asciugatura, raffreddamento<\/td>\n<\/tr>\n<tr>\n<td width=\"129\"><strong><b>Tipo di finitura<\/b><\/strong><\/td>\n<td width=\"412\">Verniciato<\/td>\n<\/tr>\n<tr>\n<td width=\"129\"><strong><b>Capacit\u00e0 del flusso d'aria<\/b><\/strong><\/td>\n<td width=\"412\">595 CMPH<\/td>\n<\/tr>\n<\/tbody>\n<\/table>\n<p>&nbsp;<\/p>\n<ul>\n<li>Il ventilatore da condotto intelligente per un clima perfetto: il nostro ventilatore da condotto intelligente combina la tecnologia pi\u00f9 avanzata con un design di facile utilizzo per offrirvi una soluzione di ventilazione efficiente e confortevole. Con una forte portata d'aria di 595 m\u00b3\/h e un design compatto di 150 mm, questo ventilatore di scarico \u00e8 ideale per l'uso in serre, garage, bagni e cucine.<\/li>\n<li>Controllo intelligente tramite app e pannello - Il ventilatore per tubi offre due opzioni di controllo flessibili: tramite la pratica app per smartphone o il pannello di controllo integrato, \u00e8 possibile regolare facilmente la velocit\u00e0, la temperatura e l'umidit\u00e0. per offrire una soluzione di ventilazione efficiente e confortevole.<\/li>\n<li>Con controllo della temperatura e dell'umidit\u00e0: impostate determinati valori di temperatura e umidit\u00e0 e il ventilatore si accende automaticamente a questi valori quando la temperatura o l'umidit\u00e0 della stanza raggiunge o supera il valore impostato. Ideale per verande, garage, bagni e cucine.<\/li>\n<li>Utile funzione timer: la funzione di ritardo \u00e8 flessibile. Impostate un periodo di tempo individuale, ad esempio B. 30 minuti, e il ventilatore continuer\u00e0 a funzionare per 30 minuti dopo lo spegnimento, ideale per una ventilazione efficiente dal punto di vista energetico.<\/li>\n<li>Versatile - Che si tratti di serre, garage, bagni o cucine, questo ventilatore \u00e8 la soluzione ideale per eliminare efficacemente umidit\u00e0, odori e aria viziata.<\/li>\n<\/ul>","protected":false},"excerpt":{"rendered":"<p>Brand Capture Colour 150 Mm App Controller Pipe Fan Electric fan design Blower Power source Corded Electric Style Industrial Product dimensions 10D x 10W x 10H millimetres Special feature Wi-Fi Enabled Recommended uses for product Air circulation, ventilating, ventilating, drying, cooling Finish type Painted Air flow capacity 595 CMPH &nbsp; The intelligent duct fan for &hellip;<\/p>\n<p class=\"read-more\"> <a class=\"\" href=\"https:\/\/www.fangofast.com\/it\/product\/150-mm-ec-air-extractor-with-app-panel-control\/\"> <span class=\"screen-reader-text\">Estrattore d'aria EC da 150 mm con App e pannello di controllo<\/span> Leggi tutto \u00bb<\/a><\/p>","protected":false},"featured_media":1200,"template":"","meta":{"site-sidebar-layout":"default","site-content-layout":"default","ast-global-header-display":"","ast-main-header-display":"","ast-hfb-above-header-display":"","ast-hfb-below-header-display":"","ast-hfb-mobile-header-display":"","site-post-title":"","ast-breadcrumbs-content":"","ast-featured-img":"","footer-sml-layout":"","theme-transparent-header-meta":"default","adv-header-id-meta":"","stick-header-meta":"","header-above-stick-meta":"","header-main-stick-meta":"","header-below-stick-meta":""},"product_cat":[36],"product_tag":[],"class_list":["post-1199","product","type-product","status-publish","has-post-thumbnail","hentry","product_cat-ec-motor-mixed-flow-inline-fan","desktop-align-left","tablet-align-left","mobile-align-left","ast-product-gallery-layout-vertical-slider","ast-product-tabs-layout-horizontal"],"_links":{"self":[{"href":"https:\/\/www.fangofast.com\/it\/wp-json\/wp\/v2\/product\/1199","targetHints":{"allow":["GET"]}}],"collection":[{"href":"https:\/\/www.fangofast.com\/it\/wp-json\/wp\/v2\/product"}],"about":[{"href":"https:\/\/www.fangofast.com\/it\/wp-json\/wp\/v2\/types\/product"}],"wp:featuredmedia":[{"embeddable":true,"href":"https:\/\/www.fangofast.com\/it\/wp-json\/wp\/v2\/media\/1200"}],"wp:attachment":[{"href":"https:\/\/www.fangofast.com\/it\/wp-json\/wp\/v2\/media?parent=1199"}],"wp:term":[{"taxonomy":"product_cat","embeddable":true,"href":"https:\/\/www.fangofast.com\/it\/wp-json\/wp\/v2\/product_cat?post=1199"},{"taxonomy":"product_tag","embeddable":true,"href":"https:\/\/www.fangofast.com\/it\/wp-json\/wp\/v2\/product_tag?post=1199"}],"curies":[{"name":"wp","href":"https:\/\/api.w.org\/{rel}","templated":true}]}}