{"id":1139,"date":"2024-07-16T11:20:24","date_gmt":"2024-07-16T03:20:24","guid":{"rendered":"https:\/\/www.fangofast.com\/?post_type=product&#038;p=1139"},"modified":"2024-07-16T14:04:33","modified_gmt":"2024-07-16T06:04:33","slug":"600d-bubble-bag","status":"publish","type":"product","link":"https:\/\/www.fangofast.com\/it\/product\/600d-bubble-bag\/","title":{"rendered":"Borsa a bolle d'aria 600D"},"content":{"rendered":"<div class=\"elementor-element elementor-element-2d5c1fa elementor-repeater-item-none elementor-repeater-item-none_hover elementor-widget elementor-widget-heading\" data-id=\"2d5c1fa\" data-element_type=\"widget\" data-widget_type=\"heading.default\">\n<div class=\"elementor-widget-container\">\n<h2 class=\"elementor-heading-title elementor-size-default\">Doppie cuciture<\/h2>\n<p><img decoding=\"async\" class=\"size-medium wp-image-1140 alignright\" src=\"https:\/\/www.fangofast.com\/wp-content\/uploads\/2024\/07\/2-1-300x203.png\" alt=\"\" width=\"300\" height=\"203\" srcset=\"https:\/\/www.fangofast.com\/wp-content\/uploads\/2024\/07\/2-1-300x203.png 300w, https:\/\/www.fangofast.com\/wp-content\/uploads\/2024\/07\/2-1-18x12.png 18w, https:\/\/www.fangofast.com\/wp-content\/uploads\/2024\/07\/2-1.png 510w\" sizes=\"(max-width: 300px) 100vw, 300px\" \/><\/p>\n<\/div>\n<\/div>\n<div class=\"elementor-element elementor-element-1953575 elementor-repeater-item-none elementor-repeater-item-none_hover elementor-widget elementor-widget-text-editor\" data-id=\"1953575\" data-element_type=\"widget\" data-widget_type=\"text-editor.default\">\n<div class=\"elementor-widget-container\">\n<p>Sperimentate una durata impareggiabile grazie alla nostra tecnica di doppia cucitura. Ogni<\/p>\n<p>La borsa per l'hashish \u00e8 realizzata con cuciture rinforzate, che assicurano<\/p>\n<p>resistere ai rigori dell'uso ripetuto. Questa struttura robusta garantisce<\/p>\n<p>prestazioni di lunga durata, che rendono le nostre borse una scelta affidabile per un'ampia<\/p>\n<p>sessioni di estrazione.<\/p>\n<hr \/>\n<div class=\"elementor-element elementor-element-1a87d9a elementor-repeater-item-none elementor-repeater-item-none_hover elementor-widget elementor-widget-heading\" data-id=\"1a87d9a\" data-element_type=\"widget\" data-widget_type=\"heading.default\">\n<div class=\"elementor-widget-container\">\n<h2 class=\"elementor-heading-title elementor-size-default\" style=\"text-align: right;\"><img decoding=\"async\" class=\"size-medium wp-image-1141 alignleft\" style=\"font-size: 16px; font-style: inherit; font-weight: inherit;\" src=\"https:\/\/www.fangofast.com\/wp-content\/uploads\/2024\/07\/1-1-300x203.png\" alt=\"\" width=\"300\" height=\"203\" srcset=\"https:\/\/www.fangofast.com\/wp-content\/uploads\/2024\/07\/1-1-300x203.png 300w, https:\/\/www.fangofast.com\/wp-content\/uploads\/2024\/07\/1-1-18x12.png 18w, https:\/\/www.fangofast.com\/wp-content\/uploads\/2024\/07\/1-1.png 510w\" sizes=\"(max-width: 300px) 100vw, 300px\" \/>Maglia di grado alimentare<\/h2>\n<\/div>\n<\/div>\n<div class=\"elementor-element elementor-element-f50c014 elementor-repeater-item-none elementor-repeater-item-none_hover elementor-widget elementor-widget-text-editor\" data-id=\"f50c014\" data-element_type=\"widget\" data-widget_type=\"text-editor.default\">\n<div class=\"elementor-widget-container\">\n<p style=\"text-align: right;\">Sicurezza e qualit\u00e0 vanno di pari passo con la nostra rete per alimenti. Appositamente<\/p>\n<p style=\"text-align: right;\">progettata per la purezza, la nostra rete \u00e8 atossica e priva di sostanze chimiche nocive,<\/p>\n<p style=\"text-align: right;\">assicurando che l'hashish rimanga incontaminato e sicuro per il consumo.<\/p>\n<p style=\"text-align: right;\">Ideale per chi d\u00e0 priorit\u00e0 alla salute e alla qualit\u00e0 nel processo di estrazione.<\/p>\n<hr \/>\n<div class=\"elementor-element elementor-element-4db6607 elementor-repeater-item-none elementor-repeater-item-none_hover elementor-widget elementor-widget-heading\" data-id=\"4db6607\" data-element_type=\"widget\" data-widget_type=\"heading.default\">\n<div class=\"elementor-widget-container\">\n<h2 class=\"elementor-heading-title elementor-size-default\">Tessuto impermeabile<img decoding=\"async\" class=\"size-medium wp-image-1142 alignright\" style=\"font-size: 16px; font-style: inherit; font-weight: inherit;\" src=\"https:\/\/www.fangofast.com\/wp-content\/uploads\/2024\/07\/3-1-300x203.png\" alt=\"\" width=\"300\" height=\"203\" srcset=\"https:\/\/www.fangofast.com\/wp-content\/uploads\/2024\/07\/3-1-300x203.png 300w, https:\/\/www.fangofast.com\/wp-content\/uploads\/2024\/07\/3-1-18x12.png 18w, https:\/\/www.fangofast.com\/wp-content\/uploads\/2024\/07\/3-1.png 510w\" sizes=\"(max-width: 300px) 100vw, 300px\" \/><\/h2>\n<\/div>\n<\/div>\n<div class=\"elementor-element elementor-element-b6d80f3 elementor-repeater-item-none elementor-repeater-item-none_hover elementor-widget elementor-widget-text-editor\" data-id=\"b6d80f3\" data-element_type=\"widget\" data-widget_type=\"text-editor.default\">\n<div class=\"elementor-widget-container\">\n<p>I nostri sacchi per l'hashish sono caratterizzati da un tessuto impermeabile, che offre una protezione superiore e una facile<\/p>\n<p>manutenzione. Questo materiale impedisce efficacemente la penetrazione dell'umidit\u00e0, garantendo<\/p>\n<p>il vostro hashish rimane asciutto, preservandone la qualit\u00e0. La natura impermeabile inoltre<\/p>\n<p>semplifica la pulizia, rendendo la pulizia post-estrazione un gioco da ragazzi.<\/p>\n<hr \/>\n<\/div>\n<div class=\"elementor-element elementor-element-e7bf730 elementor-repeater-item-none elementor-repeater-item-none_hover elementor-widget elementor-widget-heading\" data-id=\"e7bf730\" data-element_type=\"widget\" data-widget_type=\"heading.default\">\n<div class=\"elementor-widget-container\">\n<h2 class=\"elementor-heading-title elementor-size-default\" style=\"text-align: right;\"><img decoding=\"async\" class=\"size-medium wp-image-1143 alignleft\" style=\"font-size: 16px; font-style: inherit; font-weight: inherit;\" src=\"https:\/\/www.fangofast.com\/wp-content\/uploads\/2024\/07\/4-1-300x203.png\" alt=\"\" width=\"300\" height=\"203\" srcset=\"https:\/\/www.fangofast.com\/wp-content\/uploads\/2024\/07\/4-1-300x203.png 300w, https:\/\/www.fangofast.com\/wp-content\/uploads\/2024\/07\/4-1-18x12.png 18w, https:\/\/www.fangofast.com\/wp-content\/uploads\/2024\/07\/4-1.png 510w\" sizes=\"(max-width: 300px) 100vw, 300px\" \/>Rivestimento ecologico<\/h2>\n<\/div>\n<\/div>\n<div class=\"elementor-element elementor-element-af2ec36 elementor-repeater-item-none elementor-repeater-item-none_hover elementor-widget elementor-widget-text-editor\" data-id=\"af2ec36\" data-element_type=\"widget\" data-widget_type=\"text-editor.default\">\n<div class=\"elementor-widget-container\">\n<p style=\"text-align: right;\">Abbracciate la sostenibilit\u00e0 con il nostro rivestimento ecologico. Orientrise si impegna<\/p>\n<p style=\"text-align: right;\">alla responsabilit\u00e0 ambientale, e i nostri sacchetti di hashish riflettono questa etica. L'eco-<\/p>\n<p style=\"text-align: right;\">Il rivestimento ecologico non solo aumenta la durata della borsa, ma assicura anche che<\/p>\n<p style=\"text-align: right;\">impatto ambientale minimo, in linea con i valori dell'eco-consapevolezza.<\/p>\n<p style=\"text-align: right;\">estrattori.<\/p>\n<hr \/>\n<p>&nbsp;<\/p>\n<\/div>\n<\/div>\n<\/div>\n<\/div>\n<\/div>\n<\/div>\n<\/div>","protected":false},"excerpt":{"rendered":"<p>La Bubble Hash Bag 600D \u00e8 progettata per garantire una durata e un'efficienza senza pari. Realizzato in tessuto 600 denari, offre un'eccezionale robustezza e resistenza all'usura. Ideale per un uso regolare e intensivo, questo sacchetto garantisce un filtraggio e una purezza costanti, rendendolo la scelta migliore per i professionisti che cercano prestazioni affidabili e durature.<\/p>","protected":false},"featured_media":1154,"template":"","meta":{"site-sidebar-layout":"default","site-content-layout":"default","ast-global-header-display":"","ast-main-header-display":"","ast-hfb-above-header-display":"","ast-hfb-below-header-display":"","ast-hfb-mobile-header-display":"","site-post-title":"","ast-breadcrumbs-content":"","ast-featured-img":"","footer-sml-layout":"","theme-transparent-header-meta":"default","adv-header-id-meta":"","stick-header-meta":"","header-above-stick-meta":"","header-main-stick-meta":"","header-below-stick-meta":""},"product_cat":[64],"product_tag":[],"class_list":["post-1139","product","type-product","status-publish","has-post-thumbnail","hentry","product_cat-bubble-hash-bag","desktop-align-left","tablet-align-left","mobile-align-left","ast-product-gallery-layout-vertical-slider","ast-product-gallery-with-no-image","ast-product-tabs-layout-horizontal"],"_links":{"self":[{"href":"https:\/\/www.fangofast.com\/it\/wp-json\/wp\/v2\/product\/1139","targetHints":{"allow":["GET"]}}],"collection":[{"href":"https:\/\/www.fangofast.com\/it\/wp-json\/wp\/v2\/product"}],"about":[{"href":"https:\/\/www.fangofast.com\/it\/wp-json\/wp\/v2\/types\/product"}],"wp:featuredmedia":[{"embeddable":true,"href":"https:\/\/www.fangofast.com\/it\/wp-json\/wp\/v2\/media\/1154"}],"wp:attachment":[{"href":"https:\/\/www.fangofast.com\/it\/wp-json\/wp\/v2\/media?parent=1139"}],"wp:term":[{"taxonomy":"product_cat","embeddable":true,"href":"https:\/\/www.fangofast.com\/it\/wp-json\/wp\/v2\/product_cat?post=1139"},{"taxonomy":"product_tag","embeddable":true,"href":"https:\/\/www.fangofast.com\/it\/wp-json\/wp\/v2\/product_tag?post=1139"}],"curies":[{"name":"wp","href":"https:\/\/api.w.org\/{rel}","templated":true}]}}