{"id":801,"date":"2024-05-25T11:38:19","date_gmt":"2024-05-25T03:38:19","guid":{"rendered":"http:\/\/www.fangofast.com\/?post_type=product&#038;p=801"},"modified":"2024-05-25T11:38:19","modified_gmt":"2024-05-25T03:38:19","slug":"ceiling-register-5","status":"publish","type":"product","link":"https:\/\/www.fangofast.com\/fr\/product\/ceiling-register-5\/","title":{"rendered":"Registre des plafonds"},"content":{"rendered":"<table>\n<tbody>\n<tr>\n<td width=\"281\">Fabricant<\/td>\n<td width=\"281\">FanGoFast<\/td>\n<\/tr>\n<tr>\n<td width=\"281\">Dimensions du produit<\/td>\n<td width=\"281\">25,4 x 15,24 x 3,99 cm ; 340 g<\/td>\n<\/tr>\n<tr>\n<td width=\"281\">Num\u00e9ro de mod\u00e8le de l'article<\/td>\n<td width=\"281\">10\u00d76<\/td>\n<\/tr>\n<tr>\n<td width=\"281\">Taille<\/td>\n<td width=\"281\">10\u00d76<\/td>\n<\/tr>\n<tr>\n<td width=\"281\">Couleur<\/td>\n<td width=\"281\">Blanc cass\u00e9<\/td>\n<\/tr>\n<tr>\n<td width=\"281\">Mat\u00e9riau<\/td>\n<td width=\"281\">Plastique ABS<\/td>\n<\/tr>\n<tr>\n<td width=\"281\">Composants inclus<\/td>\n<td width=\"281\">1\u00d7Registre de plafond , 2\u00d7Vis<\/td>\n<\/tr>\n<tr>\n<td width=\"281\">Piles incluses ?<\/td>\n<td width=\"281\">Non<\/td>\n<\/tr>\n<tr>\n<td width=\"281\">Piles n\u00e9cessaires ?<\/td>\n<td width=\"281\">Non<\/td>\n<\/tr>\n<tr>\n<td width=\"281\">Poids de l'article<\/td>\n<td width=\"281\">340 g<\/td>\n<\/tr>\n<\/tbody>\n<\/table>\n<p>&nbsp;<\/p>\n<p>&nbsp;<\/p>\n<ul>\n<li>Couvercle d'\u00e9vent Taille du produit : Veuillez v\u00e9rifier la taille de votre conduit carr\u00e9 avant d'acheter. Assurez-vous que vos dimensions correspondent \u00e0 celles de notre conduit arri\u00e8re. Taille du panneau : 31cmx19.5cm (12inch x 7.7inch) ; Taille du conduit arri\u00e8re : 24.5cmx14.5cm (9.65inch x 5.7inch) ; Hauteur du conduit : 3.5cm \/ 1.4inch.Emball\u00e9 avec deux vis (Veuillez v\u00e9rifier avant l'installation).La couleur du couvercle d'\u00e9vent est al\u00e9atoire, contrairement au blanc pur, mais il appartient \u00e0 la gamme blanche.<\/li>\n<li>\u00c9vents en plastique ABS : Le couvercle des grilles d'a\u00e9ration est fabriqu\u00e9 en plastique ABS de haute qualit\u00e9. D\u00e9core votre pi\u00e8ce avec une surface lisse et brillante, et se nettoie facilement.<\/li>\n<li>Conception \u00e0 3 voies : Les couvercles de la grille d'ouverture sont \u00e0 trois voies, l'air est souffl\u00e9 dans trois directions avec un r\u00e9glage manuel.<\/li>\n<li>Ajusteur manuel : Un bouton de r\u00e9glage manuel se trouve sur le c\u00f4t\u00e9 droit du registre. Il suffit de pousser le bouton vers le haut ou vers le bas pour effectuer le r\u00e9glage.<\/li>\n<li>Syst\u00e8me de ventilation de l'air. Id\u00e9al comme couvercle d'entr\u00e9e d'air pour \u00e9vacuer l'air vici\u00e9, les odeurs et les odeurs vers l'ext\u00e9rieur.<\/li>\n<\/ul>","protected":false},"excerpt":{"rendered":"<p>Manufacturer \u200eFanGoFast Product Dimensions \u200e25.4 x 15.24 x 3.99 cm; 340 g Item model number \u200e10\u00d76 Size \u200e10\u00d76 Colour \u200eOff-white Material \u200eABS plastic Included Components \u200e1\u00d7Ceiling Register , 2\u00d7Screws Batteries included? \u200eNo Batteries Required? \u200eNo Item Weight \u200e340 g &nbsp; &nbsp; Vent Cover Product Size: Please check the Registers Vents size of your square duct &hellip;<\/p>\n<p class=\"read-more\"> <a class=\"\" href=\"https:\/\/www.fangofast.com\/fr\/product\/ceiling-register-5\/\"> <span class=\"screen-reader-text\">Registre des plafonds<\/span> Lire la suite \u00bb<\/a><\/p>","protected":false},"featured_media":807,"template":"","meta":{"site-sidebar-layout":"default","site-content-layout":"default","ast-global-header-display":"","ast-main-header-display":"","ast-hfb-above-header-display":"","ast-hfb-below-header-display":"","ast-hfb-mobile-header-display":"","site-post-title":"","ast-breadcrumbs-content":"","ast-featured-img":"","footer-sml-layout":"","theme-transparent-header-meta":"default","adv-header-id-meta":"","stick-header-meta":"","header-above-stick-meta":"","header-main-stick-meta":"","header-below-stick-meta":""},"product_cat":[49],"product_tag":[],"class_list":["post-801","product","type-product","status-publish","has-post-thumbnail","hentry","product_cat-ceiling-register","desktop-align-left","tablet-align-left","mobile-align-left","ast-product-gallery-layout-vertical-slider","ast-product-tabs-layout-horizontal"],"_links":{"self":[{"href":"https:\/\/www.fangofast.com\/fr\/wp-json\/wp\/v2\/product\/801","targetHints":{"allow":["GET"]}}],"collection":[{"href":"https:\/\/www.fangofast.com\/fr\/wp-json\/wp\/v2\/product"}],"about":[{"href":"https:\/\/www.fangofast.com\/fr\/wp-json\/wp\/v2\/types\/product"}],"wp:featuredmedia":[{"embeddable":true,"href":"https:\/\/www.fangofast.com\/fr\/wp-json\/wp\/v2\/media\/807"}],"wp:attachment":[{"href":"https:\/\/www.fangofast.com\/fr\/wp-json\/wp\/v2\/media?parent=801"}],"wp:term":[{"taxonomy":"product_cat","embeddable":true,"href":"https:\/\/www.fangofast.com\/fr\/wp-json\/wp\/v2\/product_cat?post=801"},{"taxonomy":"product_tag","embeddable":true,"href":"https:\/\/www.fangofast.com\/fr\/wp-json\/wp\/v2\/product_tag?post=801"}],"curies":[{"name":"wp","href":"https:\/\/api.w.org\/{rel}","templated":true}]}}