{"id":798,"date":"2024-05-25T11:37:55","date_gmt":"2024-05-25T03:37:55","guid":{"rendered":"http:\/\/www.fangofast.com\/?post_type=product&#038;p=798"},"modified":"2024-05-25T11:37:55","modified_gmt":"2024-05-25T03:37:55","slug":"ceiling-register-4","status":"publish","type":"product","link":"https:\/\/www.fangofast.com\/fr\/product\/ceiling-register-4\/","title":{"rendered":"Registre des plafonds"},"content":{"rendered":"<table>\n<tbody>\n<tr>\n<td width=\"279\">Fabricant<\/td>\n<td width=\"279\">FanGoFast<\/td>\n<\/tr>\n<tr>\n<td width=\"279\">Num\u00e9ro de pi\u00e8ce<\/td>\n<td width=\"279\">3SW<\/td>\n<\/tr>\n<tr>\n<td width=\"279\">Dimensions du produit<\/td>\n<td width=\"279\">30,48 x 3,81 x 25,4 cm ; 408 g<\/td>\n<\/tr>\n<tr>\n<td width=\"279\">Num\u00e9ro de mod\u00e8le de l'article<\/td>\n<td width=\"279\">3SW<\/td>\n<\/tr>\n<tr>\n<td width=\"279\">Taille<\/td>\n<td width=\"279\">10\u00d78<\/td>\n<\/tr>\n<tr>\n<td width=\"279\">Couleur<\/td>\n<td width=\"279\">Blanc chaud<\/td>\n<\/tr>\n<tr>\n<td width=\"279\">Composants inclus<\/td>\n<td width=\"279\">1\u00d7Registre de plafond , 2\u00d7Vis<\/td>\n<\/tr>\n<tr>\n<td width=\"279\">Piles incluses ?<\/td>\n<td width=\"279\">Non<\/td>\n<\/tr>\n<tr>\n<td width=\"279\">Piles n\u00e9cessaires ?<\/td>\n<td width=\"279\">Non<\/td>\n<\/tr>\n<tr>\n<td width=\"279\">Poids de l'article<\/td>\n<td width=\"279\">408 g<\/td>\n<\/tr>\n<\/tbody>\n<\/table>\n<p>&nbsp;<\/p>\n<ul>\n<li>Taille du produit : Veuillez v\u00e9rifier la taille de votre conduit carr\u00e9 avant d'acheter. Assurez-vous que vos dimensions correspondent \u00e0 celles de notre conduit arri\u00e8re. Dimensions du panneau : 298 mm x 249 mm (11,75 pouces x 9,8 pouces) ; dimensions du conduit arri\u00e8re : 246 cm x 195 mm (9,7 pouces x 7,65 pouces) ; hauteur du conduit : 34 mm (1,35 pouce).<\/li>\n<li>Plastique ABS : Le couvercle de la bouche d'a\u00e9ration est fabriqu\u00e9 en plastique ABS de haute qualit\u00e9. D\u00e9core votre pi\u00e8ce avec une surface lisse et brillante, et se nettoie facilement.<\/li>\n<li>Conception \u00e0 3 voies : Les couvercles de la grille d'ouverture sont \u00e0 trois voies, l'air est souffl\u00e9 dans trois directions avec un r\u00e9glage manuel.<\/li>\n<li>Ajusteur manuel : Un bouton de r\u00e9glage manuel se trouve sur le c\u00f4t\u00e9 droit du registre. Il suffit de pousser le bouton vers le haut ou vers le bas pour effectuer le r\u00e9glage.<\/li>\n<li>Large application : Le montage au plafond ou sur les parois lat\u00e9rales est autoris\u00e9 pour connecter votre syst\u00e8me HVAC, de ventilation d'air. Id\u00e9al comme couvercle d'entr\u00e9e d'air pour \u00e9vacuer l'air vici\u00e9, les odeurs vers l'ext\u00e9rieur.<\/li>\n<\/ul>","protected":false},"excerpt":{"rendered":"<p>Manufacturer \u200eFanGoFast Part Number \u200e3SW Product Dimensions \u200e30.48 x 3.81 x 25.4 cm; 408 g Item model number \u200e3SW Size \u200e10\u00d78 Colour \u200eWarm White Included Components \u200e1\u00d7Ceiling Register , 2\u00d7Screws Batteries included? \u200eNo Batteries Required? \u200eNo Item Weight \u200e408 g &nbsp; Product Size: Please check the size of your square duct before purchasing. Make sure &hellip;<\/p>\n<p class=\"read-more\"> <a class=\"\" href=\"https:\/\/www.fangofast.com\/fr\/product\/ceiling-register-4\/\"> <span class=\"screen-reader-text\">Registre des plafonds<\/span> Lire la suite \u00bb<\/a><\/p>","protected":false},"featured_media":799,"template":"","meta":{"site-sidebar-layout":"default","site-content-layout":"default","ast-global-header-display":"","ast-main-header-display":"","ast-hfb-above-header-display":"","ast-hfb-below-header-display":"","ast-hfb-mobile-header-display":"","site-post-title":"","ast-breadcrumbs-content":"","ast-featured-img":"","footer-sml-layout":"","theme-transparent-header-meta":"default","adv-header-id-meta":"","stick-header-meta":"","header-above-stick-meta":"","header-main-stick-meta":"","header-below-stick-meta":""},"product_cat":[49],"product_tag":[],"class_list":["post-798","product","type-product","status-publish","has-post-thumbnail","hentry","product_cat-ceiling-register","desktop-align-left","tablet-align-left","mobile-align-left","ast-product-gallery-layout-vertical-slider","ast-product-tabs-layout-horizontal"],"_links":{"self":[{"href":"https:\/\/www.fangofast.com\/fr\/wp-json\/wp\/v2\/product\/798","targetHints":{"allow":["GET"]}}],"collection":[{"href":"https:\/\/www.fangofast.com\/fr\/wp-json\/wp\/v2\/product"}],"about":[{"href":"https:\/\/www.fangofast.com\/fr\/wp-json\/wp\/v2\/types\/product"}],"wp:featuredmedia":[{"embeddable":true,"href":"https:\/\/www.fangofast.com\/fr\/wp-json\/wp\/v2\/media\/799"}],"wp:attachment":[{"href":"https:\/\/www.fangofast.com\/fr\/wp-json\/wp\/v2\/media?parent=798"}],"wp:term":[{"taxonomy":"product_cat","embeddable":true,"href":"https:\/\/www.fangofast.com\/fr\/wp-json\/wp\/v2\/product_cat?post=798"},{"taxonomy":"product_tag","embeddable":true,"href":"https:\/\/www.fangofast.com\/fr\/wp-json\/wp\/v2\/product_tag?post=798"}],"curies":[{"name":"wp","href":"https:\/\/api.w.org\/{rel}","templated":true}]}}