{"id":786,"date":"2024-05-25T11:37:05","date_gmt":"2024-05-25T03:37:05","guid":{"rendered":"http:\/\/www.fangofast.com\/?post_type=product&#038;p=786"},"modified":"2024-05-25T11:37:07","modified_gmt":"2024-05-25T03:37:07","slug":"ceiling-register-3","status":"publish","type":"product","link":"https:\/\/www.fangofast.com\/fr\/product\/ceiling-register-3\/","title":{"rendered":"Registre des plafonds"},"content":{"rendered":"<table>\n<tbody>\n<tr>\n<td width=\"273\">Fabricant<\/td>\n<td width=\"274\">FanGoFast<\/td>\n<\/tr>\n<tr>\n<td width=\"273\">Dimensions du produit<\/td>\n<td width=\"274\">25,4 x 15,24 x 3,99 cm ; 372 g<\/td>\n<\/tr>\n<tr>\n<td width=\"273\">Num\u00e9ro de mod\u00e8le de l'article<\/td>\n<td width=\"274\">12*6<\/td>\n<\/tr>\n<tr>\n<td width=\"273\">Taille<\/td>\n<td width=\"274\">12\u00d76<\/td>\n<\/tr>\n<tr>\n<td width=\"273\">Couleur<\/td>\n<td width=\"274\">Blanc<\/td>\n<\/tr>\n<tr>\n<td width=\"273\">Style<\/td>\n<td width=\"274\">Moderne<\/td>\n<\/tr>\n<tr>\n<td width=\"273\">Mat\u00e9riau<\/td>\n<td width=\"274\">Plastique, Acrylonitrile Butadi\u00e8ne Styr\u00e8ne<\/td>\n<\/tr>\n<tr>\n<td width=\"273\">Puissance<\/td>\n<td width=\"274\">5 watts<\/td>\n<\/tr>\n<tr>\n<td width=\"273\">Longueur de la lame<\/td>\n<td width=\"274\">3 pouces<\/td>\n<\/tr>\n<tr>\n<td width=\"273\">Composants inclus<\/td>\n<td width=\"274\">Cordon<\/td>\n<\/tr>\n<tr>\n<td width=\"273\">Piles incluses ?<\/td>\n<td width=\"274\">Non<\/td>\n<\/tr>\n<tr>\n<td width=\"273\">Piles n\u00e9cessaires ?<\/td>\n<td width=\"274\">Non<\/td>\n<\/tr>\n<tr>\n<td width=\"273\">Poids de l'article<\/td>\n<td width=\"274\">372 g<\/td>\n<\/tr>\n<\/tbody>\n<\/table>\n<p>&nbsp;<\/p>\n<ul>\n<li>Taille du produit Air Vent : Veuillez v\u00e9rifier la taille du registre de plafond de votre conduit carr\u00e9 avant d'acheter. Assurez-vous que vos dimensions correspondent \u00e0 celles de notre conduit arri\u00e8re. Dimensions du panneau : 34.9cm x 20.2cm (13.75inch x 7.95inch) ; Dimensions du conduit arri\u00e8re : 29.6cm x 14.6cm (11.65inch x 5.75inch) ; Hauteur du conduit : 3.4cm \/ 1.35inch).Livr\u00e9 avec deux vis (Veuillez v\u00e9rifier avant l'installation).La couleur du couvercle de l'\u00e9vent est al\u00e9atoire, contrairement au blanc pur, mais il appartient \u00e0 la gamme des blancs. La couleur du couvercle de l'\u00e9vent est al\u00e9atoire, contrairement au blanc pur, mais il appartient \u00e0 la gamme blanche.<\/li>\n<li>Bouche d'a\u00e9ration en plastique ABS : Les caches de bouches d'a\u00e9ration sont fabriqu\u00e9s en plastique ABS de haute qualit\u00e9. D\u00e9core votre pi\u00e8ce avec une surface lisse et brillante, et se nettoie facilement.<\/li>\n<li>Couvercle d'a\u00e9ration \u00e0 3 voies : Le couvercle de la grille d'ouverture est \u00e0 trois voies, l'air est souffl\u00e9 dans trois directions avec un r\u00e9glage manuel.<\/li>\n<li>Ajusteur manuel : Un bouton de r\u00e9glage manuel se trouve sur le c\u00f4t\u00e9 droit du registre. Il suffit de pousser le bouton vers le haut ou vers le bas pour effectuer le r\u00e9glage.<\/li>\n<li>Large application : Le montage au plafond ou sur les parois lat\u00e9rales est autoris\u00e9 pour connecter votre syst\u00e8me HVAC, de ventilation d'air. Id\u00e9al comme couvercle d'entr\u00e9e d'air pour \u00e9vacuer l'air vici\u00e9, les odeurs vers l'ext\u00e9rieur.<\/li>\n<\/ul>","protected":false},"excerpt":{"rendered":"<p>Manufacturer \u200eFanGoFast Product Dimensions \u200e25.4 x 15.24 x 3.99 cm; 372 g Item model number \u200e12*6 Size \u200e12\u00d76 Colour \u200eWhite Style \u200eModern Material \u200ePlastic, Acrylonitrile Butadiene Styrene Wattage \u200e5 watts Blade length \u200e3 Inches Included Components \u200eCord Batteries included? \u200eNo Batteries Required? \u200eNo Item Weight \u200e372 g &nbsp; Air Vent Product Size: Please check the &hellip;<\/p>\n<p class=\"read-more\"> <a class=\"\" href=\"https:\/\/www.fangofast.com\/fr\/product\/ceiling-register-3\/\"> <span class=\"screen-reader-text\">Registre des plafonds<\/span> Lire la suite \u00bb<\/a><\/p>","protected":false},"featured_media":789,"template":"","meta":{"site-sidebar-layout":"default","site-content-layout":"default","ast-global-header-display":"","ast-main-header-display":"","ast-hfb-above-header-display":"","ast-hfb-below-header-display":"","ast-hfb-mobile-header-display":"","site-post-title":"","ast-breadcrumbs-content":"","ast-featured-img":"","footer-sml-layout":"","theme-transparent-header-meta":"default","adv-header-id-meta":"","stick-header-meta":"","header-above-stick-meta":"","header-main-stick-meta":"","header-below-stick-meta":""},"product_cat":[49],"product_tag":[],"class_list":["post-786","product","type-product","status-publish","has-post-thumbnail","hentry","product_cat-ceiling-register","desktop-align-left","tablet-align-left","mobile-align-left","ast-product-gallery-layout-vertical-slider","ast-product-tabs-layout-horizontal"],"_links":{"self":[{"href":"https:\/\/www.fangofast.com\/fr\/wp-json\/wp\/v2\/product\/786","targetHints":{"allow":["GET"]}}],"collection":[{"href":"https:\/\/www.fangofast.com\/fr\/wp-json\/wp\/v2\/product"}],"about":[{"href":"https:\/\/www.fangofast.com\/fr\/wp-json\/wp\/v2\/types\/product"}],"wp:featuredmedia":[{"embeddable":true,"href":"https:\/\/www.fangofast.com\/fr\/wp-json\/wp\/v2\/media\/789"}],"wp:attachment":[{"href":"https:\/\/www.fangofast.com\/fr\/wp-json\/wp\/v2\/media?parent=786"}],"wp:term":[{"taxonomy":"product_cat","embeddable":true,"href":"https:\/\/www.fangofast.com\/fr\/wp-json\/wp\/v2\/product_cat?post=786"},{"taxonomy":"product_tag","embeddable":true,"href":"https:\/\/www.fangofast.com\/fr\/wp-json\/wp\/v2\/product_tag?post=786"}],"curies":[{"name":"wp","href":"https:\/\/api.w.org\/{rel}","templated":true}]}}