{"id":774,"date":"2024-05-25T11:35:03","date_gmt":"2024-05-25T03:35:03","guid":{"rendered":"http:\/\/www.fangofast.com\/?post_type=product&#038;p=774"},"modified":"2024-05-25T11:35:04","modified_gmt":"2024-05-25T03:35:04","slug":"ceiling-register","status":"publish","type":"product","link":"https:\/\/www.fangofast.com\/fr\/product\/ceiling-register\/","title":{"rendered":"Registre des plafonds"},"content":{"rendered":"<table>\n<tbody>\n<tr>\n<td width=\"276\">Fabricant<\/td>\n<td width=\"276\">FanGoFast<\/td>\n<\/tr>\n<tr>\n<td width=\"276\">Num\u00e9ro de pi\u00e8ce<\/td>\n<td width=\"276\">JSFKD-4\u00d710-3P-US<\/td>\n<\/tr>\n<tr>\n<td width=\"276\">Dimensions du produit<\/td>\n<td width=\"276\">25,4 x 10,16 x 3,05 cm ; 1,36 kg<\/td>\n<\/tr>\n<tr>\n<td width=\"276\">Num\u00e9ro de mod\u00e8le de l'article<\/td>\n<td width=\"276\">JSFKD-4\u00d710-3P-US<\/td>\n<\/tr>\n<tr>\n<td width=\"276\">Couleur<\/td>\n<td width=\"276\">Gris fonc\u00e9<\/td>\n<\/tr>\n<tr>\n<td width=\"276\">Mat\u00e9riau<\/td>\n<td width=\"276\">M\u00e9tal<\/td>\n<\/tr>\n<tr>\n<td width=\"276\">Composants inclus<\/td>\n<td width=\"276\">NON<\/td>\n<\/tr>\n<tr>\n<td width=\"276\">Piles incluses ?<\/td>\n<td width=\"276\">Non<\/td>\n<\/tr>\n<tr>\n<td width=\"276\">Piles n\u00e9cessaires ?<\/td>\n<td width=\"276\">Non<\/td>\n<\/tr>\n<tr>\n<td width=\"276\">Poids de l'article<\/td>\n<td width=\"276\">1,36 kg<\/td>\n<\/tr>\n<\/tbody>\n<\/table>\n<p>&nbsp;<\/p>\n<ul>\n<li>Taille de l'ouverture du conduit : 4 po \u00d7 10 po : La taille indiqu\u00e9e sur l'\u00e9vent de sol correspond \u00e0 la taille de l'ouverture du tuyau. Veuillez prendre les mesures de l'ouverture du tuyau dans la pi\u00e8ce avant l'achat et commander la taille correcte. Remarque : Mesurez l'int\u00e9rieur de l'ouverture du conduit en pouces. Ne mesurez pas la taille totale de l'\u00e9vent!vent !<\/li>\n<li>Bouches d'a\u00e9ration en m\u00e9tal pour le sol : 100% de marque, neuves et de haute qualit\u00e9. Fabriqu\u00e9es en fer de haute qualit\u00e9, elles sont solides et durables, ne se cassent pas et ne se d\u00e9forment pas facilement, et peuvent \u00eatre utilis\u00e9es pendant longtemps.<\/li>\n<li>D\u00e9coratif : L'aspect de l'\u00e9vent est net et concis, ce qui permet non seulement la circulation de l'air, mais joue \u00e9galement un r\u00f4le d\u00e9coratif dans la pi\u00e8ce.<\/li>\n<li>Facile \u00e0 r\u00e9gler : La bouche d'a\u00e9ration de plancher avec clapet anti-retour r\u00e9glable peut \u00eatre facilement ajust\u00e9e ; lorsque le clapet est ferm\u00e9, il peut emp\u00eacher efficacement l'air conditionn\u00e9 de s'\u00e9couler.<\/li>\n<li>Facile \u00e0 installer, sans outils : L'installation est simple, ne n\u00e9cessite aucun outil suppl\u00e9mentaire et peut \u00eatre r\u00e9alis\u00e9e en quelques minutes.<\/li>\n<\/ul>","protected":false},"excerpt":{"rendered":"<p>Manufacturer \u200eFanGoFast Part Number \u200eJSFKD-4\u00d710-3P-US Product Dimensions \u200e25.4 x 10.16 x 3.05 cm; 1.36 kg Item model number \u200eJSFKD-4\u00d710-3P-US Colour \u200eDark Gray Material \u200eMetal Included Components \u200eNO Batteries included? \u200eNo Batteries Required? \u200eNo Item Weight \u200e1.36 kg &nbsp; 4 in \u00d7 10 in duct opening size: The size indicated on the floor vent corresponds to &hellip;<\/p>\n<p class=\"read-more\"> <a class=\"\" href=\"https:\/\/www.fangofast.com\/fr\/product\/ceiling-register\/\"> <span class=\"screen-reader-text\">Registre des plafonds<\/span> Lire la suite \u00bb<\/a><\/p>","protected":false},"featured_media":776,"template":"","meta":{"site-sidebar-layout":"default","site-content-layout":"default","ast-global-header-display":"","ast-main-header-display":"","ast-hfb-above-header-display":"","ast-hfb-below-header-display":"","ast-hfb-mobile-header-display":"","site-post-title":"","ast-breadcrumbs-content":"","ast-featured-img":"","footer-sml-layout":"","theme-transparent-header-meta":"default","adv-header-id-meta":"","stick-header-meta":"","header-above-stick-meta":"","header-main-stick-meta":"","header-below-stick-meta":""},"product_cat":[49],"product_tag":[],"class_list":["post-774","product","type-product","status-publish","has-post-thumbnail","hentry","product_cat-ceiling-register","desktop-align-left","tablet-align-left","mobile-align-left","ast-product-gallery-layout-vertical-slider","ast-product-tabs-layout-horizontal"],"_links":{"self":[{"href":"https:\/\/www.fangofast.com\/fr\/wp-json\/wp\/v2\/product\/774","targetHints":{"allow":["GET"]}}],"collection":[{"href":"https:\/\/www.fangofast.com\/fr\/wp-json\/wp\/v2\/product"}],"about":[{"href":"https:\/\/www.fangofast.com\/fr\/wp-json\/wp\/v2\/types\/product"}],"wp:featuredmedia":[{"embeddable":true,"href":"https:\/\/www.fangofast.com\/fr\/wp-json\/wp\/v2\/media\/776"}],"wp:attachment":[{"href":"https:\/\/www.fangofast.com\/fr\/wp-json\/wp\/v2\/media?parent=774"}],"wp:term":[{"taxonomy":"product_cat","embeddable":true,"href":"https:\/\/www.fangofast.com\/fr\/wp-json\/wp\/v2\/product_cat?post=774"},{"taxonomy":"product_tag","embeddable":true,"href":"https:\/\/www.fangofast.com\/fr\/wp-json\/wp\/v2\/product_tag?post=774"}],"curies":[{"name":"wp","href":"https:\/\/api.w.org\/{rel}","templated":true}]}}