{"id":752,"date":"2024-05-25T11:32:49","date_gmt":"2024-05-25T03:32:49","guid":{"rendered":"http:\/\/www.fangofast.com\/?post_type=product&#038;p=752"},"modified":"2024-05-25T11:32:52","modified_gmt":"2024-05-25T03:32:52","slug":"11-62a-series","status":"publish","type":"product","link":"https:\/\/www.fangofast.com\/fr\/product\/11-62a-series\/","title":{"rendered":"S\u00e9rie 11-62A"},"content":{"rendered":"<p><img decoding=\"async\" class=\"alignnone size-full wp-image-759\" src=\"http:\/\/www.fangofast.com\/wp-content\/uploads\/2024\/05\/11-62A-series-1.png\" alt=\"\" width=\"561\" height=\"184\" srcset=\"https:\/\/www.fangofast.com\/wp-content\/uploads\/2024\/05\/11-62A-series-1.png 561w, https:\/\/www.fangofast.com\/wp-content\/uploads\/2024\/05\/11-62A-series-1-300x98.png 300w\" sizes=\"(max-width: 561px) 100vw, 561px\" \/> <img decoding=\"async\" class=\"alignnone size-full wp-image-760\" src=\"http:\/\/www.fangofast.com\/wp-content\/uploads\/2024\/05\/11-62A-series-2.png\" alt=\"\" width=\"1082\" height=\"375\" srcset=\"https:\/\/www.fangofast.com\/wp-content\/uploads\/2024\/05\/11-62A-series-2.png 1082w, https:\/\/www.fangofast.com\/wp-content\/uploads\/2024\/05\/11-62A-series-2-300x104.png 300w, https:\/\/www.fangofast.com\/wp-content\/uploads\/2024\/05\/11-62A-series-2-1024x355.png 1024w, https:\/\/www.fangofast.com\/wp-content\/uploads\/2024\/05\/11-62A-series-2-768x266.png 768w, https:\/\/www.fangofast.com\/wp-content\/uploads\/2024\/05\/11-62A-series-2-600x208.png 600w\" sizes=\"(max-width: 1082px) 100vw, 1082px\" \/> <img decoding=\"async\" class=\"alignnone size-full wp-image-761\" src=\"http:\/\/www.fangofast.com\/wp-content\/uploads\/2024\/05\/11-62A-series-3.png\" alt=\"\" width=\"1193\" height=\"456\" srcset=\"https:\/\/www.fangofast.com\/wp-content\/uploads\/2024\/05\/11-62A-series-3.png 1193w, https:\/\/www.fangofast.com\/wp-content\/uploads\/2024\/05\/11-62A-series-3-300x115.png 300w, https:\/\/www.fangofast.com\/wp-content\/uploads\/2024\/05\/11-62A-series-3-1024x391.png 1024w, https:\/\/www.fangofast.com\/wp-content\/uploads\/2024\/05\/11-62A-series-3-768x294.png 768w, https:\/\/www.fangofast.com\/wp-content\/uploads\/2024\/05\/11-62A-series-3-600x229.png 600w\" sizes=\"(max-width: 1193px) 100vw, 1193px\" \/> <img decoding=\"async\" class=\"alignnone size-full wp-image-762\" src=\"http:\/\/www.fangofast.com\/wp-content\/uploads\/2024\/05\/11-62A-series-4.png\" alt=\"\" width=\"1212\" height=\"614\" srcset=\"https:\/\/www.fangofast.com\/wp-content\/uploads\/2024\/05\/11-62A-series-4.png 1212w, https:\/\/www.fangofast.com\/wp-content\/uploads\/2024\/05\/11-62A-series-4-300x152.png 300w, https:\/\/www.fangofast.com\/wp-content\/uploads\/2024\/05\/11-62A-series-4-1024x519.png 1024w, https:\/\/www.fangofast.com\/wp-content\/uploads\/2024\/05\/11-62A-series-4-768x389.png 768w, https:\/\/www.fangofast.com\/wp-content\/uploads\/2024\/05\/11-62A-series-4-600x304.png 600w\" sizes=\"(max-width: 1212px) 100vw, 1212px\" \/><\/p>","protected":false},"excerpt":{"rendered":"<p><strong><b>D\u00e9faut<\/b><\/strong><strong><b>\u00a0<\/b><\/strong><strong><b>livraison<\/b><\/strong><strong><b>: <\/b><\/strong><strong><b>droit<\/b><\/strong><strong><b>&#8211;<\/b><\/strong><strong><b>tourn\u00e9<\/b><\/strong><strong><b>\u00a0<\/b><\/strong><strong><b>90\u00b0<\/b><\/strong><\/p>\n<p>Les ventilateurs centrifuges silencieux de la s\u00e9rie 11-62A sont con\u00e7us et d\u00e9velopp\u00e9s en tant que roues \u00e9oliennes \u00e0 ailes multiples avec des pales capacitives et des pales larges en se r\u00e9f\u00e9rant \u00e0 la technologie de pointe nationale et \u00e9trang\u00e8re afin de s'adapter \u00e0 la tendance principale du d\u00e9veloppement actuel du march\u00e9, de l'industrie de purification, de la protection de l'environnement et de la r\u00e9duction du bruit. Cette s\u00e9rie de ventilateurs se caract\u00e9rise par un faible niveau de bruit, une faible vitesse de rotation, une grande efficacit\u00e9, un d\u00e9bit d'air important et de faibles vibrations. Ils constituent une solution id\u00e9ale pour les applications de ventilation dans le domaine de la protection de l'environnement et des installations techniques.<\/p>","protected":false},"featured_media":754,"template":"","meta":{"site-sidebar-layout":"default","site-content-layout":"default","ast-global-header-display":"","ast-main-header-display":"","ast-hfb-above-header-display":"","ast-hfb-below-header-display":"","ast-hfb-mobile-header-display":"","site-post-title":"","ast-breadcrumbs-content":"","ast-featured-img":"","footer-sml-layout":"","theme-transparent-header-meta":"default","adv-header-id-meta":"","stick-header-meta":"","header-above-stick-meta":"","header-main-stick-meta":"","header-below-stick-meta":""},"product_cat":[45],"product_tag":[],"class_list":["post-752","product","type-product","status-publish","has-post-thumbnail","hentry","product_cat-inductrial-centrifugal-fan","desktop-align-left","tablet-align-left","mobile-align-left","ast-product-gallery-layout-vertical-slider","ast-product-tabs-layout-horizontal"],"_links":{"self":[{"href":"https:\/\/www.fangofast.com\/fr\/wp-json\/wp\/v2\/product\/752","targetHints":{"allow":["GET"]}}],"collection":[{"href":"https:\/\/www.fangofast.com\/fr\/wp-json\/wp\/v2\/product"}],"about":[{"href":"https:\/\/www.fangofast.com\/fr\/wp-json\/wp\/v2\/types\/product"}],"wp:featuredmedia":[{"embeddable":true,"href":"https:\/\/www.fangofast.com\/fr\/wp-json\/wp\/v2\/media\/754"}],"wp:attachment":[{"href":"https:\/\/www.fangofast.com\/fr\/wp-json\/wp\/v2\/media?parent=752"}],"wp:term":[{"taxonomy":"product_cat","embeddable":true,"href":"https:\/\/www.fangofast.com\/fr\/wp-json\/wp\/v2\/product_cat?post=752"},{"taxonomy":"product_tag","embeddable":true,"href":"https:\/\/www.fangofast.com\/fr\/wp-json\/wp\/v2\/product_tag?post=752"}],"curies":[{"name":"wp","href":"https:\/\/api.w.org\/{rel}","templated":true}]}}