{"id":717,"date":"2024-05-25T11:26:00","date_gmt":"2024-05-25T03:26:00","guid":{"rendered":"http:\/\/www.fangofast.com\/?post_type=product&#038;p=717"},"modified":"2024-05-25T11:26:00","modified_gmt":"2024-05-25T03:26:00","slug":"100mm-axial-fan-kit","status":"publish","type":"product","link":"https:\/\/www.fangofast.com\/fr\/product\/100mm-axial-fan-kit\/","title":{"rendered":"Kit ventilateur axial 100mm"},"content":{"rendered":"<table>\n<tbody>\n<tr>\n<td width=\"136\"><strong><b>Marque<\/b><\/strong><\/td>\n<td width=\"434\">FanGoFast<\/td>\n<\/tr>\n<tr>\n<td width=\"136\"><strong><b>Couleur <\/b><\/strong><\/td>\n<td width=\"434\">Noir<\/td>\n<\/tr>\n<tr>\n<td width=\"136\"><strong><b>Source d'\u00e9nergie<\/b><\/strong><\/td>\n<td width=\"434\">C\u00e2ble \u00e9lectrique<\/td>\n<\/tr>\n<tr>\n<td width=\"136\"><strong><b>Style<\/b><\/strong><\/td>\n<td width=\"434\">Ventilateur axial de 100 mm Kit<\/td>\n<\/tr>\n<tr>\n<td width=\"136\"><strong><b>Dimensions du produit<\/b><\/strong><\/td>\n<td width=\"434\">15d x 17w x 29.5h centim\u00e8tres<\/td>\n<\/tr>\n<tr>\n<td width=\"136\"><strong><b>Type<\/b><\/strong><\/td>\n<td width=\"434\">Garage, bureau \u00e0 domicile, salle \u00e0 manger<\/td>\n<\/tr>\n<tr>\n<td width=\"136\"><strong><b>Caract\u00e9ristiques sp\u00e9ciales :<\/b><\/strong><\/td>\n<td width=\"434\">Sp\u00e9cifications : tension : 220-240V ; fr\u00e9quence : 50\/60Hz ; puissance :18W ; vitesse : 2700 RPM ; d\u00e9bit d'air :153m\u00b3\/h. Plage de temp\u00e9rature de fonctionnement : -20\u2103-70\u2103(-4\u2109-158\u2109). KIT ventilateur AXIAL 100MM PRATIQUE : le KIT est emball\u00e9 avec 1 x ventilateur AXIAL, 1 x tuyau PVC et deux colliers de serrage. Un paquet de vis (paquet de quatre) gratuit. Le tuyau est d'environ 6 pouces de diam\u00e8tre \/ 2 m\u00e8tres de long (6.5ft). Ventilateur tubulaire silencieux de 100 mm, mat\u00e9riaux de haute qualit\u00e9 : le bo\u00eetier du ventilateur tubulaire silencieux de 100 mm est en aluminium avec un rev\u00eatement noir mat, l\u00e9ger mais solide et r\u00e9sistant \u00e0 la rouille. Contrairement \u00e0 d'autres ventilateurs en plastique, qui sont susceptibles de se casser et ne sont pas durables. Le bo\u00eetier m\u00e9tallique ext\u00e9rieur \u00e9vite les dommages accidentels. Ventilateur AXIAL 2 en 1 : FanGoFast a d\u00e9velopp\u00e9 ce ventilateur \u00e0 gaine bas\u00e9 sur les ventilateurs AC Muffin, vous pouvez utiliser la gaine \u00e0 l'int\u00e9rieur ou l'enlever. Cela permet d'utiliser le ventilateur dans diff\u00e9rents environnements, et m\u00eame de changer la taille traditionnelle carr\u00e9e en ronde. Id\u00e9al pour les d\u00e9butants dans la culture de plantes avec une petite tente. Moteur \u00e0 billes \u00e0 huile : le moteur du ventilateur tubulaire axial est dot\u00e9 d'un roulement \u00e0 billes \u00e0 lubrification permanente qui fonctionne silencieusement et ne n\u00e9cessite pas d'entretien. Convient aux espaces verts, aux greniers, aux chambres d'h\u00f4pital, \u00e0 la r\u00e9frig\u00e9ration commerciale et aux applications industrielles.<\/td>\n<\/tr>\n<tr>\n<td width=\"136\"><strong><b>Utilisations recommand\u00e9es pour le produit<\/b><\/strong><\/td>\n<td width=\"434\">\u00c9puisant<\/td>\n<\/tr>\n<tr>\n<td width=\"136\"><strong><b>P<\/b><\/strong><strong><b>ower <\/b><\/strong><\/td>\n<td width=\"434\">18 Watts<\/td>\n<\/tr>\n<tr>\n<td width=\"136\"><strong><b>Tension<\/b><\/strong><\/td>\n<td width=\"434\">220<\/td>\n<\/tr>\n<\/tbody>\n<\/table>\n<p>&nbsp;<\/p>\n<ul>\n<li>Sp\u00e9cification : Tension :220-240V ; Fr\u00e9quence :50\/60Hz ; Grades :6W ; Vitesse :3200 RPM ; Pression d'air :180m\u00b3\/ h. Betriebstemperaturbereich : -20\u2103-70\u2103(-4\u2109-158\u2109).<\/li>\n<li>Mat\u00e9riau de haute qualit\u00e9 : Le bo\u00eetier du ventilateur tubulaire de 100 mm est compos\u00e9 d'aluminium l\u00e9ger et d'un rev\u00eatement MAT noir, qui est robuste et ne rouille pas. Contrairement aux autres ventilateurs en plastique, ils se cassent facilement et ne sont pas durables. Le bo\u00eetier m\u00e9tallique \u00e9vite les dommages accidentels.<\/li>\n<li>Moteurs \u00e0 vanne \u00e0 bille lubrifi\u00e9e : Les moteurs de ventilateurs axiaux sont dot\u00e9s de roulements \u00e0 billes lubrifi\u00e9s en permanence qui fonctionnent silencieusement et ne n\u00e9cessitent pas d'entretien. Ils conviennent aux espaces verts, aux lofts, aux h\u00f4pitaux, \u00e0 la r\u00e9frig\u00e9ration commerciale et aux applications industrielles.<\/li>\n<li>Faible consommation d'\u00e9nergie et haute efficacit\u00e9 : Ventilateur tubulaire int\u00e9gr\u00e9, lubrifi\u00e9, moteur \u00e0 roulement \u00e0 billes, ce qui rend le fonctionnement du ventilateur plus stable. Il pr\u00e9sente les avantages d'une pression d'air \u00e9lev\u00e9e, d'un grand volume d'air, d'une grande efficacit\u00e9, d'une faible consommation d'\u00e9nergie et d'un faible niveau sonore. Le ventilateur adopte le principe du m\u00e9canisme de flux d'air pour obtenir le meilleur flux d'air et la meilleure pression du vent.<\/li>\n<li>Kit utilitaire pour tuner TV \u00e0 ventilation axiale 100MM : Ce kit comprend 1 ventilateur axial, 1 tuyau en PVC et 2 clips. Un paquet de vis gratuit (quatre paquets). Le tuyau a un diam\u00e8tre d'environ 6 pouces \/ 2 m\u00e8tres de long (6,5 pieds).<\/li>\n<\/ul>","protected":false},"excerpt":{"rendered":"<p>Brand FanGoFast Color Black Power Source Electric cable Style 100 mm axial fan Kit Product Dimensions 15d x 17w x 29.5h centimeters Type Garage, home office, dining room Special feature specification: Specification: voltage: 220-240V; Frequency: 50\/60Hz; Power :18W; Speed: 2700 RPM; Air flow rate :153m\u00b3\/h. Operating temperature range: -20\u2103-70\u2103(-4\u2109-158\u2109). PRACTICAL 100MM AXIAL fan KIT: the &hellip;<\/p>\n<p class=\"read-more\"> <a class=\"\" href=\"https:\/\/www.fangofast.com\/fr\/product\/100mm-axial-fan-kit\/\"> <span class=\"screen-reader-text\">Kit ventilateur axial 100mm<\/span> Lire la suite \u00bb<\/a><\/p>","protected":false},"featured_media":722,"template":"","meta":{"site-sidebar-layout":"default","site-content-layout":"default","ast-global-header-display":"","ast-main-header-display":"","ast-hfb-above-header-display":"","ast-hfb-below-header-display":"","ast-hfb-mobile-header-display":"","site-post-title":"","ast-breadcrumbs-content":"","ast-featured-img":"","footer-sml-layout":"","theme-transparent-header-meta":"default","adv-header-id-meta":"","stick-header-meta":"","header-above-stick-meta":"","header-main-stick-meta":"","header-below-stick-meta":""},"product_cat":[38],"product_tag":[],"class_list":["post-717","product","type-product","status-publish","has-post-thumbnail","hentry","product_cat-axial-inline-fan","desktop-align-left","tablet-align-left","mobile-align-left","ast-product-gallery-layout-vertical-slider","ast-product-tabs-layout-horizontal"],"_links":{"self":[{"href":"https:\/\/www.fangofast.com\/fr\/wp-json\/wp\/v2\/product\/717","targetHints":{"allow":["GET"]}}],"collection":[{"href":"https:\/\/www.fangofast.com\/fr\/wp-json\/wp\/v2\/product"}],"about":[{"href":"https:\/\/www.fangofast.com\/fr\/wp-json\/wp\/v2\/types\/product"}],"wp:featuredmedia":[{"embeddable":true,"href":"https:\/\/www.fangofast.com\/fr\/wp-json\/wp\/v2\/media\/722"}],"wp:attachment":[{"href":"https:\/\/www.fangofast.com\/fr\/wp-json\/wp\/v2\/media?parent=717"}],"wp:term":[{"taxonomy":"product_cat","embeddable":true,"href":"https:\/\/www.fangofast.com\/fr\/wp-json\/wp\/v2\/product_cat?post=717"},{"taxonomy":"product_tag","embeddable":true,"href":"https:\/\/www.fangofast.com\/fr\/wp-json\/wp\/v2\/product_tag?post=717"}],"curies":[{"name":"wp","href":"https:\/\/api.w.org\/{rel}","templated":true}]}}