{"id":710,"date":"2024-05-25T11:25:06","date_gmt":"2024-05-25T03:25:06","guid":{"rendered":"http:\/\/www.fangofast.com\/?post_type=product&#038;p=710"},"modified":"2024-05-25T11:25:07","modified_gmt":"2024-05-25T03:25:07","slug":"150mm-axial-fan-kit","status":"publish","type":"product","link":"https:\/\/www.fangofast.com\/fr\/product\/150mm-axial-fan-kit\/","title":{"rendered":"Kit ventilateur axial 150mm"},"content":{"rendered":"<table>\n<tbody>\n<tr>\n<td width=\"136\"><strong><b>Marque<\/b><\/strong><\/td>\n<td width=\"434\">FanGoFast<\/td>\n<\/tr>\n<tr>\n<td width=\"136\"><strong><b>Couleur <\/b><\/strong><\/td>\n<td width=\"434\">Noir<\/td>\n<\/tr>\n<tr>\n<td width=\"136\"><strong><b>pouvoir<\/b><\/strong><\/td>\n<td width=\"434\">C\u00e2ble \u00e9lectrique<\/td>\n<\/tr>\n<tr>\n<td width=\"136\"><strong><b>Style<\/b><\/strong><\/td>\n<td width=\"434\">Ventilateur axial de 150 mm Kit<\/td>\n<\/tr>\n<tr>\n<td width=\"136\"><strong><b>Dimensions du produit<\/b><\/strong><\/td>\n<td width=\"434\">19,5d x 21w x 38h centim\u00e8tres<\/td>\n<\/tr>\n<tr>\n<td width=\"136\"><strong><b>Type <\/b><\/strong><\/td>\n<td width=\"434\">Garage, bureau \u00e0 domicile, salle \u00e0 manger<\/td>\n<\/tr>\n<tr>\n<td width=\"136\"><strong><b>Dossier sp\u00e9cial<\/b><\/strong><\/td>\n<td width=\"434\">Sp\u00e9cifications : tension : 220-240V ; fr\u00e9quence : 50\/60Hz ; puissance :36W ; vitesse : 2500 RPM ; d\u00e9bit d'air :334m\u00b3\/h. Plage de temp\u00e9rature de fonctionnement : -20\u2103-70\u2103(-4\u2109-158\u2109). , mat\u00e9riaux de haute qualit\u00e9 : le centre du ventilateur axial est en plastique dur moul\u00e9 par injection d'une seule pi\u00e8ce. Les deux extr\u00e9mit\u00e9s sont faites d'un mat\u00e9riau ABS noir r\u00e9sistant \u00e0 la corrosion. Plastique ABS de haute qualit\u00e9, excellent travail et durabilit\u00e9. Moteur \u00e0 billes \u00e0 huile : le moteur du ventilateur tubulaire axial est \u00e9quip\u00e9 d'un roulement \u00e0 billes \u00e0 lubrification permanente qui fonctionne silencieusement et ne n\u00e9cessite pas d'entretien. Convient pour les espaces verts, les greniers, les chambres d'h\u00f4pital, la r\u00e9frig\u00e9ration commerciale et les applications industrielles. KIT PRATIQUE DE VENTILATION AXIALE 150MM : le KIT comprend 1 ventilateur AXIALE, 1 tuyau en PVC et deux colliers de serrage. Un paquet de vis (paquet de quatre) gratuit. Le tuyau de canalisation a un diam\u00e8tre d'environ 6 pouces \/ 3 m\u00e8tres de long (9.8ft). Ventilateur AXIAL 2 en 1 : FanGoFast a d\u00e9velopp\u00e9 ce ventilateur \u00e0 gaine bas\u00e9 sur les ventilateurs AC Muffin, vous pouvez utiliser la gaine \u00e0 l'int\u00e9rieur ou l'enlever. Il permet d'utiliser le ventilateur dans diff\u00e9rents environnements, et m\u00eame de changer la taille traditionnelle carr\u00e9e en ronde. Id\u00e9al pour un d\u00e9butant dans la culture de plantes avec une petite tente.<\/td>\n<\/tr>\n<tr>\n<td width=\"136\"><strong><b>Utilisations recommand\u00e9es pour le produit<\/b><\/strong><\/td>\n<td width=\"434\">\u00c9puisant<\/td>\n<\/tr>\n<tr>\n<td width=\"136\"><strong><b>Niveau sonore<\/b><\/strong><\/td>\n<td width=\"434\">40 dB<\/td>\n<\/tr>\n<\/tbody>\n<\/table>\n<p>&nbsp;<\/p>\n<ul>\n<li>Sp\u00e9cifications : Tension :220-240V ; Fr\u00e9quence :50\/60Hz ; Grades :36W ; Vitesse :2500 RPM ; Pression d'air :334m\u00b3\/ h. Betriebstemperaturbereich : -20\u2103-70\u2103(-4\u2109-158\u2109).<\/li>\n<li>Mat\u00e9riaux de haute qualit\u00e9 : Le centre du ventilateur axial est fabriqu\u00e9 en plastique dur moul\u00e9 par injection en une seule pi\u00e8ce. Les deux extr\u00e9mit\u00e9s sont en ABS noir anticorrosion. Plastique ABS de haute qualit\u00e9, excellente technologie, longue dur\u00e9e de vie.<\/li>\n<li>Moteurs \u00e0 vanne \u00e0 bille lubrifi\u00e9e : Les moteurs de ventilateurs axiaux sont dot\u00e9s de roulements \u00e0 billes lubrifi\u00e9s en permanence qui fonctionnent silencieusement et ne n\u00e9cessitent pas d'entretien. Ils conviennent aux espaces verts, aux lofts, aux h\u00f4pitaux, \u00e0 la r\u00e9frig\u00e9ration commerciale et aux applications industrielles.<\/li>\n<li>Faible consommation d'\u00e9nergie et haute efficacit\u00e9 : Ventilateur tubulaire int\u00e9gr\u00e9, lubrifi\u00e9, moteur \u00e0 roulement \u00e0 billes, ce qui rend le fonctionnement du ventilateur plus stable. Il pr\u00e9sente les avantages d'une pression d'air \u00e9lev\u00e9e, d'un grand volume d'air, d'un rendement \u00e9lev\u00e9, d'une faible consommation d'\u00e9nergie et d'un faible niveau sonore. Le ventilateur est con\u00e7u sur le principe du m\u00e9canisme de flux d'air pour obtenir le meilleur flux d'air et la meilleure pression du vent.<\/li>\n<li>Kit utilitaire pour tuner TV \u00e0 ventilation axiale 150MM : Ce kit comprend 1 ventilateur axial, 1 tuyau en PVC et 2 colliers de serrage. Un paquet de vis gratuit (quatre paquets). Le tuyau a un diam\u00e8tre d'environ 6 pouces et une longueur d'environ 3 m\u00e8tres (9,8 pieds).<\/li>\n<\/ul>","protected":false},"excerpt":{"rendered":"<p>Brand FanGoFast Color Black power Electric cable Style 150\u00a0mm axial fan Kit Dimensions of the product 19.5d x 21w x 38h centimeters Type Garage, home office, dining room Special feature Specification: voltage: 220-240V; Frequency: 50\/60Hz; Power :36W; Speed: 2500 RPM; Air flow :334m\u00b3\/h. Operating temperature range: -20\u2103-70\u2103(-4\u2109-158\u2109). , high quality materials: the center of the &hellip;<\/p>\n<p class=\"read-more\"> <a class=\"\" href=\"https:\/\/www.fangofast.com\/fr\/product\/150mm-axial-fan-kit\/\"> <span class=\"screen-reader-text\">Kit ventilateur axial 150mm<\/span> Lire la suite \u00bb<\/a><\/p>","protected":false},"featured_media":715,"template":"","meta":{"site-sidebar-layout":"default","site-content-layout":"default","ast-global-header-display":"","ast-main-header-display":"","ast-hfb-above-header-display":"","ast-hfb-below-header-display":"","ast-hfb-mobile-header-display":"","site-post-title":"","ast-breadcrumbs-content":"","ast-featured-img":"","footer-sml-layout":"","theme-transparent-header-meta":"default","adv-header-id-meta":"","stick-header-meta":"","header-above-stick-meta":"","header-main-stick-meta":"","header-below-stick-meta":""},"product_cat":[38],"product_tag":[],"class_list":["post-710","product","type-product","status-publish","has-post-thumbnail","hentry","product_cat-axial-inline-fan","desktop-align-left","tablet-align-left","mobile-align-left","ast-product-gallery-layout-vertical-slider","ast-product-tabs-layout-horizontal"],"_links":{"self":[{"href":"https:\/\/www.fangofast.com\/fr\/wp-json\/wp\/v2\/product\/710","targetHints":{"allow":["GET"]}}],"collection":[{"href":"https:\/\/www.fangofast.com\/fr\/wp-json\/wp\/v2\/product"}],"about":[{"href":"https:\/\/www.fangofast.com\/fr\/wp-json\/wp\/v2\/types\/product"}],"wp:featuredmedia":[{"embeddable":true,"href":"https:\/\/www.fangofast.com\/fr\/wp-json\/wp\/v2\/media\/715"}],"wp:attachment":[{"href":"https:\/\/www.fangofast.com\/fr\/wp-json\/wp\/v2\/media?parent=710"}],"wp:term":[{"taxonomy":"product_cat","embeddable":true,"href":"https:\/\/www.fangofast.com\/fr\/wp-json\/wp\/v2\/product_cat?post=710"},{"taxonomy":"product_tag","embeddable":true,"href":"https:\/\/www.fangofast.com\/fr\/wp-json\/wp\/v2\/product_tag?post=710"}],"curies":[{"name":"wp","href":"https:\/\/api.w.org\/{rel}","templated":true}]}}