{"id":705,"date":"2024-05-25T11:24:24","date_gmt":"2024-05-25T03:24:24","guid":{"rendered":"http:\/\/www.fangofast.com\/?post_type=product&#038;p=705"},"modified":"2025-03-20T14:17:05","modified_gmt":"2025-03-20T06:17:05","slug":"bathroom-fan-6","status":"publish","type":"product","link":"https:\/\/www.fangofast.com\/fr\/product\/bathroom-fan-6\/","title":{"rendered":"Ventilateur de salle de bains 100-A"},"content":{"rendered":"<table class=\"a-normal a-spacing-micro\">\n<tbody>\n<tr class=\"a-spacing-small po-brand\">\n<td class=\"a-span3\"><span class=\"a-size-base a-text-bold\">Marque<\/span><\/td>\n<td class=\"a-span9\"><span class=\"a-size-base po-break-word\">FanGoFast<\/span><\/td>\n<\/tr>\n<tr class=\"a-spacing-small po-color\">\n<td class=\"a-span3\"><span class=\"a-size-base a-text-bold\">Couleur<\/span><\/td>\n<td class=\"a-span9\"><span class=\"a-size-base po-break-word\">Blanc<\/span><\/td>\n<\/tr>\n<tr class=\"a-spacing-small po-electric_fan_design\">\n<td class=\"a-span3\"><span class=\"a-size-base a-text-bold\">Conception du ventilateur \u00e9lectrique<\/span><\/td>\n<td class=\"a-span9\"><span class=\"a-size-base po-break-word\">Ventilateur d'extraction<\/span><\/td>\n<\/tr>\n<tr class=\"a-spacing-small po-power_source_type\">\n<td class=\"a-span3\"><span class=\"a-size-base a-text-bold\">Source d'alimentation<\/span><\/td>\n<td class=\"a-span9\"><span class=\"a-size-base po-break-word\">\u00c9lectrique \u00e0 cordon<\/span><\/td>\n<\/tr>\n<tr class=\"a-spacing-small po-style\">\n<td class=\"a-span3\"><span class=\"a-size-base a-text-bold\">Style<\/span><\/td>\n<td class=\"a-span9\"><span class=\"a-size-base po-break-word\">Type 100A<\/span><\/td>\n<\/tr>\n<tr class=\"a-spacing-small po-item_depth_width_height\">\n<td class=\"a-span3\"><span class=\"a-size-base a-text-bold\">Dimensions du produit<\/span><\/td>\n<td class=\"a-span9\"><span class=\"a-size-base po-break-word\">12D x 15W x 15H centim\u00e8tres<\/span><\/td>\n<\/tr>\n<tr class=\"a-spacing-small po-room_type\">\n<td class=\"a-span3\"><span class=\"a-size-base a-text-bold\">Type de chambre<\/span><\/td>\n<td class=\"a-span9\"><span class=\"a-size-base po-break-word\">Salle de bains\/salon\/maison<\/span><\/td>\n<\/tr>\n<tr class=\"a-spacing-small po-special_feature\">\n<td class=\"a-span3\"><span class=\"a-size-base a-text-bold\">Dossier sp\u00e9cial<\/span><\/td>\n<td class=\"a-span9\"><span class=\"a-size-base po-break-word\">Efficacit\u00e9 \u00e9nerg\u00e9tique de classe B, \u00e9tanch\u00e9it\u00e9 IP44, moteur \u00e0 roulement \u00e0 billes<\/span><\/td>\n<\/tr>\n<tr class=\"a-spacing-small po-recommended_uses_for_product\">\n<td class=\"a-span3\"><span class=\"a-size-base a-text-bold\">Utilisations recommand\u00e9es du produit<\/span><\/td>\n<td class=\"a-span9\"><span class=\"a-size-base po-break-word\">Ventilation<\/span><\/td>\n<\/tr>\n<tr class=\"a-spacing-small po-noise_level\">\n<td class=\"a-span3\"><span class=\"a-size-base a-text-bold\">Niveau sonore<\/span><\/td>\n<td class=\"a-span9\"><span class=\"a-size-base po-break-word\">37 dB<\/span><\/td>\n<\/tr>\n<\/tbody>\n<\/table>\n<ul>\n<li class=\"a-spacing-mini\"><span class=\"a-list-item\">Gratuit : un tournevis est inclus.<\/span><\/li>\n<li class=\"a-spacing-mini\"><span class=\"a-list-item\">Ne vous inqui\u00e9tez pas : nous proposons un remplacement au lieu d'une r\u00e9paration dans le cadre de la garantie.<\/span><\/li>\n<li class=\"a-spacing-mini\"><span class=\"a-list-item\">Ventilateur de salle de bains de 100 mm de diam\u00e8tre : Ce ventilateur de salle de bains de 100 mm de diam\u00e8tre est fabriqu\u00e9 en ABS r\u00e9sistant \u00e0 la corrosion. Il est l\u00e9ger et ne se d\u00e9forme pas facilement, et pr\u00e9sente une excellente r\u00e9sistance \u00e0 la chaleur et une grande long\u00e9vit\u00e9. Tension de fonctionnement : 230 V\/50 Hz ; puissance : 12 W ; \u00e9conomie d'\u00e9nergie. La puissance r\u00e9duite permet d'obtenir un d\u00e9bit d'air satisfaisant. D\u00e9bit d'air : 66 m\u00b3\/h ; vitesse du moteur : 2200 RPM.<\/span><\/li>\n<li class=\"a-spacing-mini\"><span class=\"a-list-item\">Clapet anti-retour sp\u00e9cial - contrairement aux autres ventilateurs d'extraction, les ventilateurs d'extraction FanGoFast 100 mm sont \u00e9quip\u00e9s d'un clapet anti-retour \u00e0 4 portes qui correspond mieux au principe de gravit\u00e9 et minimise la perte de flux d'air. Le clapet anti-retour est fabriqu\u00e9 dans un mat\u00e9riau sp\u00e9cial flexible et \u00e9lastique, qui est plus durable que les ventilateurs d'extraction ordinaires.<\/span><\/li>\n<li class=\"a-spacing-mini\"><span class=\"a-list-item\">Faible niveau sonore : ce ventilateur mural de 100 mm est \u00e9quip\u00e9 d'un moteur en cuivre avec double roulement \u00e0 billes, qui garantit un rendement \u00e9lev\u00e9, un fonctionnement silencieux et des performances de haute qualit\u00e9. Par rapport aux moteurs ordinaires, le moteur am\u00e9lior\u00e9 peut r\u00e9duire le coefficient de frottement, \u00e9conomiser de l'\u00e9nergie et r\u00e9duire le bruit du ventilateur de salle de bains de 100 mm.<\/span><\/li>\n<li class=\"a-spacing-mini\"><span class=\"a-list-item\">Protection contre la surchauffe : les pales du ventilateur axial assurent un refroidissement optimal et le moteur \u00e9tanche avec palier en cuivre pur g\u00e9n\u00e8re moins de chaleur, prolonge le temps de fonctionnement et la dur\u00e9e de vie. Le dispositif int\u00e9gr\u00e9 de protection contre la surchauffe interrompt le contact lorsque le moteur surchauffe et joue le r\u00f4le de protection contre les pannes de courant et de double protection.<\/span><\/li>\n<li class=\"a-spacing-mini\"><span class=\"a-list-item\">Large application : ce ventilateur de salle de bain 100 mm est le choix id\u00e9al pour cr\u00e9er un syst\u00e8me HVAC efficace dans les cuisines, les chambres, les bureaux, les sous-sols, les entrep\u00f4ts, les garages et d'autres zones qui n\u00e9cessitent une ventilation continue ou n\u00e9cessaire. Nous offrons un remboursement int\u00e9gral rapide sous 30 jours et un nouveau service de remplacement sous 18 mois de garantie. Si vous avez des questions concernant ce ventilateur de salle de bain, n'h\u00e9sitez pas \u00e0 nous contacter \u00e0 tout moment.<\/span><\/li>\n<\/ul>","protected":false},"excerpt":{"rendered":"<p>Brand FanGoFast Colour White Electric fan design Exhaust Fan Power source Corded Electric Style Type 100A Product dimensions 12D x 15W x 15H centimetres Room type Bathroom\/Living Room\/Home Special feature Class B energy efficiency, IP44 waterproof, ball bearing motor Recommended uses for product Ventilating Noise level 37 dB For free: a screwdriver is included. Worry &hellip;<\/p>\n<p class=\"read-more\"> <a class=\"\" href=\"https:\/\/www.fangofast.com\/fr\/product\/bathroom-fan-6\/\"> <span class=\"screen-reader-text\">Ventilateur de salle de bains 100-A<\/span> Lire la suite \u00bb<\/a><\/p>","protected":false},"featured_media":708,"template":"","meta":{"site-sidebar-layout":"default","site-content-layout":"default","ast-global-header-display":"","ast-main-header-display":"","ast-hfb-above-header-display":"","ast-hfb-below-header-display":"","ast-hfb-mobile-header-display":"","site-post-title":"","ast-breadcrumbs-content":"","ast-featured-img":"","footer-sml-layout":"","theme-transparent-header-meta":"default","adv-header-id-meta":"","stick-header-meta":"","header-above-stick-meta":"","header-main-stick-meta":"","header-below-stick-meta":""},"product_cat":[37],"product_tag":[],"class_list":["post-705","product","type-product","status-publish","has-post-thumbnail","hentry","product_cat-bathroom-fan","desktop-align-left","tablet-align-left","mobile-align-left","ast-product-gallery-layout-vertical-slider","ast-product-tabs-layout-horizontal"],"_links":{"self":[{"href":"https:\/\/www.fangofast.com\/fr\/wp-json\/wp\/v2\/product\/705","targetHints":{"allow":["GET"]}}],"collection":[{"href":"https:\/\/www.fangofast.com\/fr\/wp-json\/wp\/v2\/product"}],"about":[{"href":"https:\/\/www.fangofast.com\/fr\/wp-json\/wp\/v2\/types\/product"}],"wp:featuredmedia":[{"embeddable":true,"href":"https:\/\/www.fangofast.com\/fr\/wp-json\/wp\/v2\/media\/708"}],"wp:attachment":[{"href":"https:\/\/www.fangofast.com\/fr\/wp-json\/wp\/v2\/media?parent=705"}],"wp:term":[{"taxonomy":"product_cat","embeddable":true,"href":"https:\/\/www.fangofast.com\/fr\/wp-json\/wp\/v2\/product_cat?post=705"},{"taxonomy":"product_tag","embeddable":true,"href":"https:\/\/www.fangofast.com\/fr\/wp-json\/wp\/v2\/product_tag?post=705"}],"curies":[{"name":"wp","href":"https:\/\/api.w.org\/{rel}","templated":true}]}}