{"id":693,"date":"2024-05-25T11:23:47","date_gmt":"2024-05-25T03:23:47","guid":{"rendered":"http:\/\/www.fangofast.com\/?post_type=product&#038;p=693"},"modified":"2025-03-20T14:29:40","modified_gmt":"2025-03-20T06:29:40","slug":"bathroom-fan-5","status":"publish","type":"product","link":"https:\/\/www.fangofast.com\/fr\/product\/bathroom-fan-5\/","title":{"rendered":"Ventilateur de salle de bains 100B-humidit\u00e9"},"content":{"rendered":"<div id=\"twister_feature_div\" class=\"celwidget\" data-feature-name=\"twister\" data-csa-c-type=\"widget\" data-csa-c-content-id=\"twister\" data-csa-c-slot-id=\"twister_feature_div\" data-csa-c-asin=\"B0BV63DJ79\" data-csa-c-is-in-initial-active-row=\"false\" data-csa-c-id=\"ap7tnp-r2rx4j-f87cwr-vllbv2\" data-cel-widget=\"twister_feature_div\">\n<div id=\"twister-plus-desktop-twister-container\" class=\"a-cardui-deck inline-twister-container-margins\" data-csa-c-content-id=\"twister-plus-inline-twister-container\" data-csa-c-slot-id=\"twister-plus-inline-twister-container\" data-csa-c-type=\"slot\" data-csa-c-id=\"wd9j4d-o44i6u-goetoj-g7h3ku\">\n<div id=\"twister-plus-inline-twister-card\" class=\"a-cardui inline-twister-card-padding\" data-a-card-type=\"basic\">\n<div class=\"a-cardui-body\">\n<div id=\"twister-plus-inline-twister\" class=\"a-section\">\n<div id=\"inline-twister-singleton-header-color_name\" class=\"a-section a-spacing-none inline-twister-singleton-header\"><\/div>\n<\/div>\n<\/div>\n<\/div>\n<\/div>\n<\/div>\n<div id=\"productOverview_feature_div\" class=\"celwidget\" data-feature-name=\"productOverview\" data-csa-c-type=\"widget\" data-csa-c-content-id=\"productOverview\" data-csa-c-slot-id=\"productOverview_feature_div\" data-csa-c-asin=\"B0BV63DJ79\" data-csa-c-is-in-initial-active-row=\"false\" data-csa-c-id=\"ngq3o2-3li0zh-3gg9m0-pmml6j\" data-cel-widget=\"productOverview_feature_div\">\n<div class=\"a-section a-spacing-small a-spacing-top-small\">\n<table class=\"a-normal a-spacing-micro\" style=\"height: 281px;\" width=\"1335\">\n<tbody>\n<tr class=\"a-spacing-small po-brand\">\n<td class=\"a-span3\"><span class=\"a-size-base a-text-bold\">Marque<\/span><\/td>\n<td class=\"a-span9\"><span class=\"a-size-base po-break-word\">FanGoFast<\/span><\/td>\n<\/tr>\n<tr class=\"a-spacing-small po-color\">\n<td class=\"a-span3\"><span class=\"a-size-base a-text-bold\">Couleur<\/span><\/td>\n<td class=\"a-span9\"><span class=\"a-size-base po-break-word\">Blanc<\/span><\/td>\n<\/tr>\n<tr class=\"a-spacing-small po-electric_fan_design\">\n<td class=\"a-span3\"><span class=\"a-size-base a-text-bold\">Conception du ventilateur \u00e9lectrique<\/span><\/td>\n<td class=\"a-span9\"><span class=\"a-size-base po-break-word\">Ventilateur d'extraction<\/span><\/td>\n<\/tr>\n<tr class=\"a-spacing-small po-power_source_type\">\n<td class=\"a-span3\"><span class=\"a-size-base a-text-bold\">Source d'alimentation<\/span><\/td>\n<td class=\"a-span9\"><span class=\"a-size-base po-break-word\">OUI<\/span><\/td>\n<\/tr>\n<tr class=\"a-spacing-small po-style\">\n<td class=\"a-span3\"><span class=\"a-size-base a-text-bold\">Style<\/span><\/td>\n<td class=\"a-span9\"><span class=\"a-size-base po-break-word\">Humidit\u00e9 de type 100<\/span><\/td>\n<\/tr>\n<tr class=\"a-spacing-small po-item_depth_width_height\">\n<td class=\"a-span3\"><span class=\"a-size-base a-text-bold\">Dimensions du produit<\/span><\/td>\n<td class=\"a-span9\"><span class=\"a-size-base po-break-word\">16D x 11W x 11H centim\u00e8tres<\/span><\/td>\n<\/tr>\n<\/tbody>\n<\/table>\n<\/div>\n<\/div>\n<p>&nbsp;<\/p>\n<ul>\n<li class=\"a-spacing-mini\"><span class=\"a-list-item\">Contr\u00f4le intelligent de l'humidit\u00e9 Le ventilateur avec capteur d'humidit\u00e9 est dot\u00e9 d'un capteur d'humidit\u00e9 avanc\u00e9 int\u00e9gr\u00e9, qui met automatiquement en marche le ventilateur de la salle de bains lorsque l'humidit\u00e9 d\u00e9passe une valeur d\u00e9finie de 50 \u00e0 90 %, avec une dur\u00e9e de fonctionnement de 1 \u00e0 30 minutes, en fonction de vos besoins !<\/span><\/li>\n<li class=\"a-spacing-mini\"><span class=\"a-list-item\">Installation facile : le ventilateur de salle de bains de 100 mm est livr\u00e9 avec un ensemble complet d'accessoires de montage, y compris des vis et des ancrages, pour garantir une installation rapide et facile. Que vous le fixiez au mur, au plafond ou \u00e0 une fen\u00eatre, l'installation est simple et convient \u00e0 tous les utilisateurs.<\/span><\/li>\n<li class=\"a-spacing-mini\"><span class=\"a-list-item\">Conception ultra-silencieuse : Avec un niveau sonore de seulement 30 dB, le ventilateur r\u00e9gulateur d'humidit\u00e9 aspire l'air sans perturber votre travail ou votre repos. Sa conception silencieuse le rend id\u00e9al pour les chambres \u00e0 coucher, les salles de bains ou d'autres environnements qui requi\u00e8rent un environnement silencieux.<\/span><\/li>\n<li class=\"a-spacing-mini\"><span class=\"a-list-item\">DESIGN ELEGANT Ce ventilateur extracteur s'int\u00e8gre dans une grande vari\u00e9t\u00e9 de styles d'int\u00e9rieur gr\u00e2ce \u00e0 son apparence simple et moderne. Que vous ayez une salle de bains traditionnelle ou moderne, ce ventilateur de salle de bains mural s'int\u00e9grera parfaitement et ajoutera une touche d'\u00e9l\u00e9gance \u00e0 votre espace.<\/span><\/li>\n<li class=\"a-spacing-mini\"><span class=\"a-list-item\">Ventilation efficace : ce ventilateur d'extraction efficace pour la salle de bains poss\u00e8de une puissante fonction de ventilation qui \u00e9limine efficacement l'exc\u00e8s d'humidit\u00e9 et les odeurs et assure une circulation d'air frais. Que ce soit apr\u00e8s la douche ou dans un environnement humide, il r\u00e9tablit rapidement la qualit\u00e9 de l'air et am\u00e9liore l'exp\u00e9rience de vie.<\/span><\/li>\n<\/ul>","protected":false},"excerpt":{"rendered":"<p>Brand FanGoFast Colour White Electric fan design Exhaust Fan Power source YES Style Type 100 humidity Product dimensions 16D x 11W x 11H centimetres &nbsp; Intelligent Humidity Control The fan with hygrosensor has a built-in advanced humidity sensor, which automatically turns on the bathroom fan when the humidity exceeds a set value of 50-90 percent, &hellip;<\/p>\n<p class=\"read-more\"> <a class=\"\" href=\"https:\/\/www.fangofast.com\/fr\/product\/bathroom-fan-5\/\"> <span class=\"screen-reader-text\">Ventilateur de salle de bains 100B-humidit\u00e9<\/span> Lire la suite \u00bb<\/a><\/p>","protected":false},"featured_media":1254,"template":"","meta":{"site-sidebar-layout":"default","site-content-layout":"default","ast-global-header-display":"","ast-main-header-display":"","ast-hfb-above-header-display":"","ast-hfb-below-header-display":"","ast-hfb-mobile-header-display":"","site-post-title":"","ast-breadcrumbs-content":"","ast-featured-img":"","footer-sml-layout":"","theme-transparent-header-meta":"default","adv-header-id-meta":"","stick-header-meta":"","header-above-stick-meta":"","header-main-stick-meta":"","header-below-stick-meta":""},"product_cat":[37],"product_tag":[],"class_list":["post-693","product","type-product","status-publish","has-post-thumbnail","hentry","product_cat-bathroom-fan","desktop-align-left","tablet-align-left","mobile-align-left","ast-product-gallery-layout-vertical-slider","ast-product-tabs-layout-horizontal"],"_links":{"self":[{"href":"https:\/\/www.fangofast.com\/fr\/wp-json\/wp\/v2\/product\/693","targetHints":{"allow":["GET"]}}],"collection":[{"href":"https:\/\/www.fangofast.com\/fr\/wp-json\/wp\/v2\/product"}],"about":[{"href":"https:\/\/www.fangofast.com\/fr\/wp-json\/wp\/v2\/types\/product"}],"wp:featuredmedia":[{"embeddable":true,"href":"https:\/\/www.fangofast.com\/fr\/wp-json\/wp\/v2\/media\/1254"}],"wp:attachment":[{"href":"https:\/\/www.fangofast.com\/fr\/wp-json\/wp\/v2\/media?parent=693"}],"wp:term":[{"taxonomy":"product_cat","embeddable":true,"href":"https:\/\/www.fangofast.com\/fr\/wp-json\/wp\/v2\/product_cat?post=693"},{"taxonomy":"product_tag","embeddable":true,"href":"https:\/\/www.fangofast.com\/fr\/wp-json\/wp\/v2\/product_tag?post=693"}],"curies":[{"name":"wp","href":"https:\/\/api.w.org\/{rel}","templated":true}]}}