{"id":677,"date":"2024-05-25T11:22:37","date_gmt":"2024-05-25T03:22:37","guid":{"rendered":"http:\/\/www.fangofast.com\/?post_type=product&#038;p=677"},"modified":"2025-03-20T14:22:47","modified_gmt":"2025-03-20T06:22:47","slug":"bathroom-fan-3","status":"publish","type":"product","link":"https:\/\/www.fangofast.com\/fr\/product\/bathroom-fan-3\/","title":{"rendered":"150-B Ventilateur de salle de bains"},"content":{"rendered":"<table class=\"a-normal a-spacing-micro\">\n<tbody>\n<tr class=\"a-spacing-small po-brand\">\n<td class=\"a-span3\"><span class=\"a-size-base a-text-bold\">Marque<\/span><\/td>\n<td class=\"a-span9\"><span class=\"a-size-base po-break-word\">FanGoFast<\/span><\/td>\n<\/tr>\n<tr class=\"a-spacing-small po-color\">\n<td class=\"a-span3\"><span class=\"a-size-base a-text-bold\">Couleur<\/span><\/td>\n<td class=\"a-span9\"><span class=\"a-size-base po-break-word\">Blanc<\/span><\/td>\n<\/tr>\n<tr class=\"a-spacing-small po-electric_fan_design\">\n<td class=\"a-span3\"><span class=\"a-size-base a-text-bold\">Conception du ventilateur \u00e9lectrique<\/span><\/td>\n<td class=\"a-span9\"><span class=\"a-size-base po-break-word\">Ventilateur d'extraction<\/span><\/td>\n<\/tr>\n<tr class=\"a-spacing-small po-power_source_type\">\n<td class=\"a-span3\"><span class=\"a-size-base a-text-bold\">Source d'alimentation<\/span><\/td>\n<td class=\"a-span9\"><span class=\"a-size-base po-break-word\">Courant alternatif (CA)<\/span><\/td>\n<\/tr>\n<tr class=\"a-spacing-small po-style\">\n<td class=\"a-span3\"><span class=\"a-size-base a-text-bold\">Style<\/span><\/td>\n<td class=\"a-span9\"><span class=\"a-size-base po-break-word\">Type-150B<\/span><\/td>\n<\/tr>\n<tr class=\"a-spacing-small po-item_depth_width_height\">\n<td class=\"a-span3\"><span class=\"a-size-base a-text-bold\">Dimensions du produit<\/span><\/td>\n<td class=\"a-span9\"><span class=\"a-size-base po-break-word\">13,5D x 20W x 20H centim\u00e8tres<\/span><\/td>\n<\/tr>\n<tr class=\"a-spacing-small po-room_type\">\n<td class=\"a-span3\"><span class=\"a-size-base a-text-bold\">Type de chambre<\/span><\/td>\n<td class=\"a-span9\"><span class=\"a-size-base po-break-word\">Cuisine<\/span><\/td>\n<\/tr>\n<tr class=\"a-spacing-small po-special_feature\">\n<td class=\"a-span3\"><span class=\"a-size-base a-text-bold\">Dossier sp\u00e9cial<\/span><\/td>\n<td class=\"a-span9\"><span class=\"a-size-base po-break-word\">Imperm\u00e9able \u00e0 l'eau<\/span><\/td>\n<\/tr>\n<tr class=\"a-spacing-small po-recommended_uses_for_product\">\n<td class=\"a-span3\"><span class=\"a-size-base a-text-bold\">Utilisations recommand\u00e9es du produit<\/span><\/td>\n<td class=\"a-span9\"><span class=\"a-size-base po-break-word\">Ventilation<\/span><\/td>\n<\/tr>\n<tr class=\"a-spacing-small po-noise_level\">\n<td class=\"a-span3\"><span class=\"a-size-base a-text-bold\">Niveau sonore<\/span><\/td>\n<td class=\"a-span9\"><span class=\"a-size-base po-break-word\">46 dB<\/span><\/td>\n<\/tr>\n<\/tbody>\n<\/table>\n<p>&nbsp;<\/p>\n<ul>\n<li class=\"a-spacing-mini\"><span class=\"a-list-item\">Gratuit - un tournevis est inclus<\/span><\/li>\n<li class=\"a-spacing-mini\"><span class=\"a-list-item\">Haute performance : tension de fonctionnement : 230 V\/50 Hz ; puissance : 17 W ; d\u00e9bit d'air : 132 m\u00b3\/h. Le ventilateur de salle de bains standard de 150 mm est une solution id\u00e9ale pour les pi\u00e8ces \u00e0 forte humidit\u00e9, telles que les salles de bains, les cuisines, les garages, les sous-sols, les salons, les bureaux, les salles d'outils, etc.<\/span><\/li>\n<li class=\"a-spacing-mini\"><span class=\"a-list-item\">Clapet anti-retour sp\u00e9cial - contrairement aux autres ventilateurs d'extraction, les ventilateurs de salle de bains silencieux FanGoFast 150 mm sont \u00e9quip\u00e9s d'un clapet anti-retour \u00e0 4 portes qui correspond mieux au principe de gravit\u00e9 et minimise la perte de flux d'air. Le clapet anti-retour est fabriqu\u00e9 dans un mat\u00e9riau sp\u00e9cial flexible et \u00e9lastique, plus durable que les ventilateurs d'extraction classiques.<\/span><\/li>\n<li class=\"a-spacing-mini\"><span class=\"a-list-item\">Faible niveau sonore : ce ventilateur mural de 150 mm est \u00e9quip\u00e9 d'un moteur en cuivre avec double roulement \u00e0 billes, qui garantit un rendement \u00e9lev\u00e9, un fonctionnement silencieux et des performances de haute qualit\u00e9. Par rapport aux moteurs ordinaires, le moteur am\u00e9lior\u00e9 peut r\u00e9duire le coefficient de frottement, \u00e9conomiser de l'\u00e9nergie et r\u00e9duire le bruit du ventilateur de salle de bains de 150 mm.<\/span><\/li>\n<li class=\"a-spacing-mini\"><span class=\"a-list-item\">Mat\u00e9riau de haute qualit\u00e9 : le cadre principal et les pales du ventilateur d'extraction de la salle de bains sont fabriqu\u00e9s en ABS anti-UV, ce qui offre une bonne protection contre la corrosion et le vieillissement et est facile \u00e0 nettoyer.<\/span><\/li>\n<li class=\"a-spacing-mini\"><span class=\"a-list-item\">SERVICE A LA CLIENT\u00c8LE - Nous assurons un remboursement int\u00e9gral rapide sous 30 jours et un service de remplacement dans le cadre de la garantie de 18 mois. Si vous avez des questions concernant ce ventilateur de salle de bain, n'h\u00e9sitez pas \u00e0 nous contacter.<\/span><\/li>\n<\/ul>","protected":false},"excerpt":{"rendered":"<p>Brand FanGoFast Colour White Electric fan design Exhaust Fan Power source Alternating Current (AC) Style Type-150B Product dimensions 13.5D x 20W x 20H centimetres Room type Kitchen Special feature Waterproof Recommended uses for product Ventilating Noise level 46 dB &nbsp; For free \u2013 a screwdriver is included High performance: operating voltage: 230 V\/50 Hz; power: &hellip;<\/p>\n<p class=\"read-more\"> <a class=\"\" href=\"https:\/\/www.fangofast.com\/fr\/product\/bathroom-fan-3\/\"> <span class=\"screen-reader-text\">150-B Ventilateur de salle de bains<\/span> Lire la suite \u00bb<\/a><\/p>","protected":false},"featured_media":1247,"template":"","meta":{"site-sidebar-layout":"default","site-content-layout":"default","ast-global-header-display":"","ast-main-header-display":"","ast-hfb-above-header-display":"","ast-hfb-below-header-display":"","ast-hfb-mobile-header-display":"","site-post-title":"","ast-breadcrumbs-content":"","ast-featured-img":"","footer-sml-layout":"","theme-transparent-header-meta":"default","adv-header-id-meta":"","stick-header-meta":"","header-above-stick-meta":"","header-main-stick-meta":"","header-below-stick-meta":""},"product_cat":[37],"product_tag":[],"class_list":["post-677","product","type-product","status-publish","has-post-thumbnail","hentry","product_cat-bathroom-fan","desktop-align-left","tablet-align-left","mobile-align-left","ast-product-gallery-layout-vertical-slider","ast-product-tabs-layout-horizontal"],"_links":{"self":[{"href":"https:\/\/www.fangofast.com\/fr\/wp-json\/wp\/v2\/product\/677","targetHints":{"allow":["GET"]}}],"collection":[{"href":"https:\/\/www.fangofast.com\/fr\/wp-json\/wp\/v2\/product"}],"about":[{"href":"https:\/\/www.fangofast.com\/fr\/wp-json\/wp\/v2\/types\/product"}],"wp:featuredmedia":[{"embeddable":true,"href":"https:\/\/www.fangofast.com\/fr\/wp-json\/wp\/v2\/media\/1247"}],"wp:attachment":[{"href":"https:\/\/www.fangofast.com\/fr\/wp-json\/wp\/v2\/media?parent=677"}],"wp:term":[{"taxonomy":"product_cat","embeddable":true,"href":"https:\/\/www.fangofast.com\/fr\/wp-json\/wp\/v2\/product_cat?post=677"},{"taxonomy":"product_tag","embeddable":true,"href":"https:\/\/www.fangofast.com\/fr\/wp-json\/wp\/v2\/product_tag?post=677"}],"curies":[{"name":"wp","href":"https:\/\/api.w.org\/{rel}","templated":true}]}}