{"id":666,"date":"2024-05-25T11:21:32","date_gmt":"2024-05-25T03:21:32","guid":{"rendered":"http:\/\/www.fangofast.com\/?post_type=product&#038;p=666"},"modified":"2025-03-20T14:08:41","modified_gmt":"2025-03-20T06:08:41","slug":"bathroom-fan","status":"publish","type":"product","link":"https:\/\/www.fangofast.com\/fr\/product\/bathroom-fan\/","title":{"rendered":"Ventilateur de salle de bains 100A-timer"},"content":{"rendered":"<p>Ventilateur de salle de bains<\/p>\n<table style=\"font-size: 16px; font-style: normal;\">\n<tbody>\n<tr>\n<td width=\"147\"><strong><b>B<\/b><\/strong><strong><b>rand<\/b><\/strong><\/td>\n<td width=\"366\">FanGoFast<\/td>\n<\/tr>\n<tr>\n<td width=\"147\"><strong><b>Couleur<\/b><\/strong><\/td>\n<td width=\"366\">Blanc<\/td>\n<\/tr>\n<tr>\n<td width=\"147\"><strong><b>Conception du ventilateur \u00e9lectrique<\/b><\/strong><\/td>\n<td width=\"366\">Ventilateur d'extraction<\/td>\n<\/tr>\n<tr>\n<td width=\"147\"><strong><b>Source d'alimentation<\/b><\/strong><\/td>\n<td width=\"366\">\u00c9lectrique \u00e0 cordon<\/td>\n<\/tr>\n<tr>\n<td width=\"147\"><strong><b>Style<\/b><\/strong><\/td>\n<td width=\"366\">Typ-100A-Timer<\/td>\n<\/tr>\n<tr>\n<td width=\"147\"><strong><b>Dimensions du produit<\/b><\/strong><\/td>\n<td width=\"366\">16D x 11W x 11H cm<\/td>\n<\/tr>\n<tr>\n<td width=\"147\"><strong><b>Type de chambre<\/b><\/strong><\/td>\n<td width=\"366\">Cuisine, salle de bains<\/td>\n<\/tr>\n<tr>\n<td width=\"147\"><strong><b>Dossier sp\u00e9cial<\/b><\/strong><\/td>\n<td width=\"366\">L\u00e9ger<\/td>\n<\/tr>\n<tr>\n<td width=\"147\"><strong><b>Utilisations recommand\u00e9es du produit<\/b><\/strong><\/td>\n<td width=\"366\">Ventilation<\/td>\n<\/tr>\n<tr>\n<td width=\"147\"><strong><b>Niveau sonore<\/b><\/strong><\/td>\n<td width=\"366\">36 dB<\/td>\n<\/tr>\n<\/tbody>\n<\/table>\n<p>&nbsp;<\/p>\n<ul>\n<li class=\"a-spacing-mini\"><span class=\"a-list-item\">Gratuit : un tournevis est inclus.<\/span><\/li>\n<li class=\"a-spacing-mini\"><span class=\"a-list-item\">Ventilateur de salle de bains de 100 mm de diam\u00e8tre : Ce ventilateur de salle de bains de 100 mm de diam\u00e8tre est fabriqu\u00e9 en ABS r\u00e9sistant \u00e0 la corrosion. Il est l\u00e9ger et ne se d\u00e9forme pas facilement, et pr\u00e9sente une excellente r\u00e9sistance \u00e0 la chaleur et une grande long\u00e9vit\u00e9. Tension de fonctionnement : 230 V\/50 Hz ; puissance : 12 W ; \u00e9conomie d'\u00e9nergie. La puissance r\u00e9duite permet d'obtenir un d\u00e9bit d'air satisfaisant. D\u00e9bit d'air : 66 m\u00b3\/h ; vitesse du moteur : 2200 RPM.<\/span><\/li>\n<li class=\"a-spacing-mini\"><span class=\"a-list-item\">Fonction de minuterie : le ventilateur de salle de bains dispose d'une fonction de minuterie que vous pouvez r\u00e9gler selon vos souhaits (1 minute - 30 minutes). L'installation et l'utilisation sont faciles, l'entretien est extr\u00eamement rentable.<\/span><\/li>\n<li class=\"a-spacing-mini\"><span class=\"a-list-item\">Clapet anti-retour sp\u00e9cial - contrairement aux autres ventilateurs d'extraction, les ventilateurs d'extraction FanGoFast 100 mm sont \u00e9quip\u00e9s d'un clapet anti-retour \u00e0 4 portes qui correspond mieux au principe de gravit\u00e9 et minimise la perte de flux d'air. Le clapet anti-retour est fabriqu\u00e9 dans un mat\u00e9riau sp\u00e9cial flexible et \u00e9lastique, qui est plus durable que les ventilateurs d'extraction ordinaires.<\/span><\/li>\n<li class=\"a-spacing-mini\"><span class=\"a-list-item\">Faible niveau sonore : ce ventilateur mural de 100 mm est \u00e9quip\u00e9 d'un moteur en cuivre avec double roulement \u00e0 billes, qui garantit un rendement \u00e9lev\u00e9, un fonctionnement silencieux et des performances de haute qualit\u00e9. Par rapport aux moteurs ordinaires, le moteur am\u00e9lior\u00e9 peut r\u00e9duire le coefficient de frottement, \u00e9conomiser de l'\u00e9nergie et r\u00e9duire le bruit du ventilateur de salle de bains de 100 mm.<\/span><\/li>\n<li class=\"a-spacing-mini\"><span class=\"a-list-item\">Large application : ce ventilateur de salle de bain 100 mm est le choix id\u00e9al pour cr\u00e9er un syst\u00e8me HVAC efficace dans les cuisines, les chambres, les bureaux, les sous-sols, les entrep\u00f4ts, les garages et d'autres zones qui n\u00e9cessitent une ventilation continue ou n\u00e9cessaire. Nous offrons un remboursement int\u00e9gral rapide sous 30 jours et un nouveau service de remplacement sous 18 mois de garantie. Si vous avez des questions concernant ce ventilateur de salle de bain, n'h\u00e9sitez pas \u00e0 nous contacter \u00e0 tout moment.<\/span><\/li>\n<\/ul>","protected":false},"excerpt":{"rendered":"<p>Bathroom Fan Brand FanGoFast Color White Electric fan design Exhaust Fan Power source Corded Electric Style Typ-100A-Timer Product dimensions 16D\u00a0x 11W\u00a0x 11H cm Room type Kitchen, Bathroom Special feature Lightweight Recommended uses for product Ventilating Noise level 36 dB &nbsp; For free: a screwdriver is included. Diameter 100 mm bathroom fan: This 100 mm bathroom &hellip;<\/p>\n<p class=\"read-more\"> <a class=\"\" href=\"https:\/\/www.fangofast.com\/fr\/product\/bathroom-fan\/\"> <span class=\"screen-reader-text\">Ventilateur de salle de bains 100A-timer<\/span> Lire la suite \u00bb<\/a><\/p>","protected":false},"featured_media":669,"template":"","meta":{"site-sidebar-layout":"default","site-content-layout":"default","ast-global-header-display":"","ast-main-header-display":"","ast-hfb-above-header-display":"","ast-hfb-below-header-display":"","ast-hfb-mobile-header-display":"","site-post-title":"","ast-breadcrumbs-content":"","ast-featured-img":"","footer-sml-layout":"","theme-transparent-header-meta":"default","adv-header-id-meta":"","stick-header-meta":"","header-above-stick-meta":"","header-main-stick-meta":"","header-below-stick-meta":""},"product_cat":[37],"product_tag":[],"class_list":["post-666","product","type-product","status-publish","has-post-thumbnail","hentry","product_cat-bathroom-fan","desktop-align-left","tablet-align-left","mobile-align-left","ast-product-gallery-layout-vertical-slider","ast-product-tabs-layout-horizontal"],"_links":{"self":[{"href":"https:\/\/www.fangofast.com\/fr\/wp-json\/wp\/v2\/product\/666","targetHints":{"allow":["GET"]}}],"collection":[{"href":"https:\/\/www.fangofast.com\/fr\/wp-json\/wp\/v2\/product"}],"about":[{"href":"https:\/\/www.fangofast.com\/fr\/wp-json\/wp\/v2\/types\/product"}],"wp:featuredmedia":[{"embeddable":true,"href":"https:\/\/www.fangofast.com\/fr\/wp-json\/wp\/v2\/media\/669"}],"wp:attachment":[{"href":"https:\/\/www.fangofast.com\/fr\/wp-json\/wp\/v2\/media?parent=666"}],"wp:term":[{"taxonomy":"product_cat","embeddable":true,"href":"https:\/\/www.fangofast.com\/fr\/wp-json\/wp\/v2\/product_cat?post=666"},{"taxonomy":"product_tag","embeddable":true,"href":"https:\/\/www.fangofast.com\/fr\/wp-json\/wp\/v2\/product_tag?post=666"}],"curies":[{"name":"wp","href":"https:\/\/api.w.org\/{rel}","templated":true}]}}