{"id":658,"date":"2024-05-25T11:21:15","date_gmt":"2024-05-25T03:21:15","guid":{"rendered":"http:\/\/www.fangofast.com\/?post_type=product&#038;p=658"},"modified":"2024-06-29T09:33:25","modified_gmt":"2024-06-29T01:33:25","slug":"100mm-ec-tubular-fan-is-adjustable","status":"publish","type":"product","link":"https:\/\/www.fangofast.com\/fr\/product\/100mm-ec-tubular-fan-is-adjustable\/","title":{"rendered":"Extracteur d'air EC 100mm"},"content":{"rendered":"<table>\n<tbody>\n<tr>\n<td width=\"136\"><strong><b>Marque <\/b><\/strong><\/td>\n<td width=\"434\">FanGoFast<\/td>\n<\/tr>\n<tr>\n<td width=\"136\"><strong><b>Couleur<\/b><\/strong><\/td>\n<td width=\"434\">Noir<\/td>\n<\/tr>\n<tr>\n<td width=\"136\"><strong><b>Ventilateur \u00e9lectrique Conception<\/b><\/strong><\/td>\n<td width=\"434\">Ventilateur pour l'extraction<\/td>\n<\/tr>\n<tr>\n<td width=\"136\"><strong><b>Style<\/b><\/strong><\/td>\n<td width=\"434\">Extracteur d'air EC 100mm<\/td>\n<\/tr>\n<tr>\n<td width=\"136\"><strong><b>Dimensions du produit<\/b><\/strong><\/td>\n<td width=\"434\">33, 4d x 24, 7w x 22,5H centim\u00e8tres<\/td>\n<\/tr>\n<tr>\n<td width=\"136\"><strong><b>Type <\/b><\/strong><\/td>\n<td width=\"434\">Maison, bureau, salle de bain<\/td>\n<\/tr>\n<tr>\n<td width=\"136\"><strong><b>P<\/b><\/strong><strong><b>ower <\/b><\/strong><\/td>\n<td width=\"434\">35 Watts<\/td>\n<\/tr>\n<tr>\n<td width=\"136\"><strong><b>Capacit\u00e9 de d\u00e9bit d'air<\/b><\/strong><\/td>\n<td width=\"434\">360 m\u00e8tres cubes par heure<\/td>\n<\/tr>\n<tr>\n<td width=\"136\"><strong><b>Vitesse <\/b><\/strong><\/td>\n<td width=\"434\">0.02<\/td>\n<\/tr>\n<\/tbody>\n<\/table>\n<p>&nbsp;<\/p>\n<ul>\n<li>Haute performance - le puissant extracteur d'air peut atteindre n'importe quelle vitesse de 0 \u00e0 100% gr\u00e2ce au r\u00e9gulateur de vitesse inclus et dispose d'un moteur ECO EC qui g\u00e9n\u00e8re un d\u00e9bit d'air \u00e9lev\u00e9 de 360 m\u00b3\/h.<\/li>\n<li>Efficacit\u00e9 \u00e9nerg\u00e9tique - ce ventilateur extracteur d'air FanGoFast online 100mm utilise un moteur EC efficace qui permet au ventilateur de fonctionner de mani\u00e8re plus stable et d'atteindre de faibles vitesses sans g\u00e9n\u00e9rer de bruit ou de chaleur significatifs. L'efficacit\u00e9 \u00e9nerg\u00e9tique des moteurs EC permet d'\u00e9conomiser jusqu'\u00e0 40% sur les co\u00fbts \u00e9nerg\u00e9tiques, ce qui est plus efficace que les autres ventilateurs.<\/li>\n<li>Prise IEC et conception modulaire - le ventilateur tubulaire FanGoFast est \u00e9quip\u00e9 d'une interface IEC qui prend en charge toutes les prises de 230 V pour plus de commodit\u00e9. Les extr\u00e9mit\u00e9s du tube sont amovibles et dot\u00e9es de vis de blocage pour un d\u00e9montage rapide et une installation facile.<\/li>\n<li>Robuste et durable - le bo\u00eetier de l'extracteur d'air est fabriqu\u00e9 dans un mat\u00e9riau ABS tr\u00e8s r\u00e9sistant, qui offre les avantages d'une r\u00e9sistance \u00e0 la corrosion, d'une longue dur\u00e9e de vie et d'une grande s\u00e9curit\u00e9. Contrairement aux ventilateurs en m\u00e9tal tubulaire qui rouillent avec le temps. L'extracteur d'air silencieux de 100 mm a \u00e9galement pass\u00e9 le test de chute, ce qui garantit la stabilit\u00e9 de la structure.<\/li>\n<li>Utilisations multiples - l'extracteur d'air r\u00e9glable de 100 mm convient \u00e0 une grande vari\u00e9t\u00e9 d'endroits n\u00e9cessitant une meilleure circulation de l'air, tels que les buanderies, les imprimantes 3D, les machines \u00e0 graver au laser, les caves, les greniers, les garages, etc.<\/li>\n<\/ul>","protected":false},"excerpt":{"rendered":"<p>Brand FanGoFast Color Black Electric fan Design Ventilation fan for extraction Style EC air extractor 100mm Dimensions of the product 33, 4d x 24, 7w x 22,5H centimeters Type Home,\u00a0office, bathroom Power 35 Watts Air flow capacity 360 cubic meters per hour Speed 0.02 &nbsp; High performance &#8211; the powerful air extractor can reach any &hellip;<\/p>\n<p class=\"read-more\"> <a class=\"\" href=\"https:\/\/www.fangofast.com\/fr\/product\/100mm-ec-tubular-fan-is-adjustable\/\"> <span class=\"screen-reader-text\">Extracteur d'air EC 100mm<\/span> Lire la suite \u00bb<\/a><\/p>","protected":false},"featured_media":663,"template":"","meta":{"site-sidebar-layout":"default","site-content-layout":"default","ast-global-header-display":"","ast-main-header-display":"","ast-hfb-above-header-display":"","ast-hfb-below-header-display":"","ast-hfb-mobile-header-display":"","site-post-title":"","ast-breadcrumbs-content":"","ast-featured-img":"","footer-sml-layout":"","theme-transparent-header-meta":"default","adv-header-id-meta":"","stick-header-meta":"","header-above-stick-meta":"","header-main-stick-meta":"","header-below-stick-meta":""},"product_cat":[36],"product_tag":[],"class_list":["post-658","product","type-product","status-publish","has-post-thumbnail","hentry","product_cat-ec-motor-mixed-flow-inline-fan","desktop-align-left","tablet-align-left","mobile-align-left","ast-product-gallery-layout-vertical-slider","ast-product-tabs-layout-horizontal"],"_links":{"self":[{"href":"https:\/\/www.fangofast.com\/fr\/wp-json\/wp\/v2\/product\/658","targetHints":{"allow":["GET"]}}],"collection":[{"href":"https:\/\/www.fangofast.com\/fr\/wp-json\/wp\/v2\/product"}],"about":[{"href":"https:\/\/www.fangofast.com\/fr\/wp-json\/wp\/v2\/types\/product"}],"wp:featuredmedia":[{"embeddable":true,"href":"https:\/\/www.fangofast.com\/fr\/wp-json\/wp\/v2\/media\/663"}],"wp:attachment":[{"href":"https:\/\/www.fangofast.com\/fr\/wp-json\/wp\/v2\/media?parent=658"}],"wp:term":[{"taxonomy":"product_cat","embeddable":true,"href":"https:\/\/www.fangofast.com\/fr\/wp-json\/wp\/v2\/product_cat?post=658"},{"taxonomy":"product_tag","embeddable":true,"href":"https:\/\/www.fangofast.com\/fr\/wp-json\/wp\/v2\/product_tag?post=658"}],"curies":[{"name":"wp","href":"https:\/\/api.w.org\/{rel}","templated":true}]}}