{"id":638,"date":"2024-05-25T11:18:48","date_gmt":"2024-05-25T03:18:48","guid":{"rendered":"http:\/\/www.fangofast.com\/?post_type=product&#038;p=638"},"modified":"2024-05-25T11:18:51","modified_gmt":"2024-05-25T03:18:51","slug":"mixflow-inline-fan-3","status":"publish","type":"product","link":"https:\/\/www.fangofast.com\/fr\/product\/mixflow-inline-fan-3\/","title":{"rendered":"Ventilateur en ligne Mixflow"},"content":{"rendered":"<table>\n<tbody>\n<tr>\n<td width=\"129\"><strong><b>Marque<\/b><\/strong><\/td>\n<td width=\"412\">FanGoFast<\/td>\n<\/tr>\n<tr>\n<td width=\"129\"><strong><b>Couleur<\/b><\/strong><\/td>\n<td width=\"412\">Noir<\/td>\n<\/tr>\n<tr>\n<td width=\"129\"><strong><b>Conception du ventilateur \u00e9lectrique<\/b><\/strong><\/td>\n<td width=\"412\">Ventilateur d'extraction<\/td>\n<\/tr>\n<tr>\n<td width=\"129\"><strong><b>Dimensions du produit<\/b><\/strong><\/td>\n<td width=\"412\">31,5D x 22W x 25H centim\u00e8tres<\/td>\n<\/tr>\n<tr>\n<td width=\"129\"><strong><b>Type de chambre<\/b><\/strong><\/td>\n<td width=\"412\">Salle de bains, Cuisine<\/td>\n<\/tr>\n<tr>\n<td width=\"129\"><strong><b>Dossier sp\u00e9cial<\/b><\/strong><\/td>\n<td width=\"412\">Imperm\u00e9able \u00e0 l'eau<\/td>\n<\/tr>\n<tr>\n<td width=\"129\"><strong><b>Niveau sonore<\/b><\/strong><\/td>\n<td width=\"412\">31 dB<\/td>\n<\/tr>\n<tr>\n<td width=\"129\"><strong><b>Puissance<\/b><\/strong><\/td>\n<td width=\"412\">23 watts<\/td>\n<\/tr>\n<tr>\n<td width=\"129\"><strong><b>Th\u00e8me<\/b><\/strong><\/td>\n<td width=\"412\">Accueil<\/td>\n<\/tr>\n<\/tbody>\n<\/table>\n<p>&nbsp;<\/p>\n<ul>\n<li>Puissance : \u00e9quip\u00e9 d'un grand ventilateur, fonctionnant \u00e0 une tension de 230V\/50Hz et consommant 123\/128W (haut\/bas), le moteur fonctionne \u00e0 des vitesses de 2450\/1950RPM, d\u00e9livrant des volumes d'air de 840m\u00b3\/h et 690m\u00b3\/h (haut\/bas). Les moteurs NSK \u00e0 double roulement \u00e0 billes garantissent des performances \u00e9lev\u00e9es, une grande efficacit\u00e9 et un MTBF \u00e9tendu allant jusqu'\u00e0 50 000 heures.<\/li>\n<li>\u00c9tanch\u00e9it\u00e9 IP44 : Gr\u00e2ce \u00e0 l'utilisation de caoutchouc imperm\u00e9able, les ventilateurs sont certifi\u00e9s IP44, ce qui prolonge la dur\u00e9e de vie des condensateurs du moteur.<\/li>\n<li>Faible niveau sonore : Le ventilateur \u00e9quilibr\u00e9 fonctionne \u00e0 un faible niveau sonore d'environ 65 dB ; il est \u00e9galement dot\u00e9 de deux r\u00e9gulateurs de vitesse pour un r\u00e9glage facile.<\/li>\n<li>Applications polyvalentes : Convient \u00e0 la ventilation industrielle, \u00e0 la ventilation domestique ou \u00e0 la purification de l'air horticole. Id\u00e9al comme ventilateur d'extraction pour les salles de bains, les ateliers, les cuisines, les serres, les tentes de culture, etc., sp\u00e9cialement con\u00e7u pour r\u00e9pondre aux besoins des cultivateurs d\u00e9sireux d'optimiser la croissance des plantes. Ils peuvent \u00eatre utilis\u00e9s avec des filtres \u00e0 charbon et des tuyaux pour expulser l'air ou les gaz ind\u00e9sirables des chambres de culture. \u00c9galement recommand\u00e9 pour maintenir la qualit\u00e9 de l'air int\u00e9rieur dans les syst\u00e8mes de chauffage, de ventilation et de climatisation.<\/li>\n<li>Installation facile : Fabriqu\u00e9 en plastique ABS noir et mesurant 200 mm, ce ventilateur d'extraction se monte facilement sur les murs ou les plafonds. Se r\u00e9f\u00e9rer au manuel ci-joint pour les conseils d'installation.<\/li>\n<\/ul>","protected":false},"excerpt":{"rendered":"<p>Brand FanGoFast Colour Black Electric fan design Exhaust Fan Product dimensions 31.5D x 22W x 25H centimetres Room type Bathroom, Kitchen Special feature Waterproof Noise level 31 dB Wattage 23 watts Theme Home &nbsp; Power: Equipped with a large fan, operating at a voltage of 230V\/50Hz and consuming 123\/128W (high\/low), the motor operates at speeds &hellip;<\/p>\n<p class=\"read-more\"> <a class=\"\" href=\"https:\/\/www.fangofast.com\/fr\/product\/mixflow-inline-fan-3\/\"> <span class=\"screen-reader-text\">Ventilateur en ligne Mixflow<\/span> Lire la suite \u00bb<\/a><\/p>","protected":false},"featured_media":642,"template":"","meta":{"site-sidebar-layout":"default","site-content-layout":"default","ast-global-header-display":"","ast-main-header-display":"","ast-hfb-above-header-display":"","ast-hfb-below-header-display":"","ast-hfb-mobile-header-display":"","site-post-title":"","ast-breadcrumbs-content":"","ast-featured-img":"","footer-sml-layout":"","theme-transparent-header-meta":"default","adv-header-id-meta":"","stick-header-meta":"","header-above-stick-meta":"","header-main-stick-meta":"","header-below-stick-meta":""},"product_cat":[35],"product_tag":[],"class_list":["post-638","product","type-product","status-publish","has-post-thumbnail","hentry","product_cat-mixflow-inline-fan","desktop-align-left","tablet-align-left","mobile-align-left","ast-product-gallery-layout-vertical-slider","ast-product-tabs-layout-horizontal"],"_links":{"self":[{"href":"https:\/\/www.fangofast.com\/fr\/wp-json\/wp\/v2\/product\/638","targetHints":{"allow":["GET"]}}],"collection":[{"href":"https:\/\/www.fangofast.com\/fr\/wp-json\/wp\/v2\/product"}],"about":[{"href":"https:\/\/www.fangofast.com\/fr\/wp-json\/wp\/v2\/types\/product"}],"wp:featuredmedia":[{"embeddable":true,"href":"https:\/\/www.fangofast.com\/fr\/wp-json\/wp\/v2\/media\/642"}],"wp:attachment":[{"href":"https:\/\/www.fangofast.com\/fr\/wp-json\/wp\/v2\/media?parent=638"}],"wp:term":[{"taxonomy":"product_cat","embeddable":true,"href":"https:\/\/www.fangofast.com\/fr\/wp-json\/wp\/v2\/product_cat?post=638"},{"taxonomy":"product_tag","embeddable":true,"href":"https:\/\/www.fangofast.com\/fr\/wp-json\/wp\/v2\/product_tag?post=638"}],"curies":[{"name":"wp","href":"https:\/\/api.w.org\/{rel}","templated":true}]}}