{"id":634,"date":"2024-05-25T11:18:36","date_gmt":"2024-05-25T03:18:36","guid":{"rendered":"http:\/\/www.fangofast.com\/?post_type=product&#038;p=634"},"modified":"2024-05-25T11:18:36","modified_gmt":"2024-05-25T03:18:36","slug":"mixflow-inline-fan-2","status":"publish","type":"product","link":"https:\/\/www.fangofast.com\/fr\/product\/mixflow-inline-fan-2\/","title":{"rendered":"Ventilateur en ligne Mixflow"},"content":{"rendered":"<table>\n<tbody>\n<tr>\n<td width=\"129\"><strong><b>Marque<\/b><\/strong><\/td>\n<td width=\"412\">FanGoFast<\/td>\n<\/tr>\n<tr>\n<td width=\"129\"><strong><b>Couleur<\/b><\/strong><\/td>\n<td width=\"412\">Noir<\/td>\n<\/tr>\n<tr>\n<td width=\"129\"><strong><b>Conception du ventilateur \u00e9lectrique<\/b><\/strong><\/td>\n<td width=\"412\">Soufflerie<\/td>\n<\/tr>\n<tr>\n<td width=\"129\"><strong><b>Source d'alimentation<\/b><\/strong><\/td>\n<td width=\"412\">\u00c9lectrique \u00e0 cordon<\/td>\n<\/tr>\n<tr>\n<td width=\"129\"><strong><b>Dimensions du produit<\/b><\/strong><\/td>\n<td width=\"412\">33D x 22W x 20H centim\u00e8tres<\/td>\n<\/tr>\n<tr>\n<td width=\"129\"><strong><b>Type de chambre<\/b><\/strong><\/td>\n<td width=\"412\">Salle de bains<\/td>\n<\/tr>\n<tr>\n<td width=\"129\"><strong><b>Dossier sp\u00e9cial<\/b><\/strong><\/td>\n<td width=\"412\">Imperm\u00e9able \u00e0 l'eau<\/td>\n<\/tr>\n<tr>\n<td width=\"129\"><strong><b>Utilisations recommand\u00e9es du produit<\/b><\/strong><\/td>\n<td width=\"412\">Ventilation<\/td>\n<\/tr>\n<tr>\n<td width=\"129\"><strong><b>Niveau sonore<\/b><\/strong><\/td>\n<td width=\"412\">31 dB<\/td>\n<\/tr>\n<tr>\n<td width=\"129\"><strong><b>Puissance<\/b><\/strong><\/td>\n<td width=\"412\">24 watts<\/td>\n<\/tr>\n<\/tbody>\n<\/table>\n<p>&nbsp;<\/p>\n<ul>\n<li>HAUTES PERFORMANCES - Ce ventilateur de gaine en ligne est \u00e9quip\u00e9 d'un r\u00e9gulateur int\u00e9gr\u00e9 \u00e0 deux vitesses pour r\u00e9guler le d\u00e9bit d'air. Un d\u00e9bit d'air pouvant atteindre 198 m\u00b3\/h peut \u00eatre obtenu. \u00c9quip\u00e9 de roulements \u00e0 billes, le ventilateur de gaine fonctionne avec un faible niveau de bruit, qui est d'environ 31 dB. Contrairement aux ventilateurs de chemin\u00e9e EC, qui ont tendance \u00e0 \u00eatre plus bruyants, ce ventilateur offre un excellent rapport qualit\u00e9-prix sur le long terme.<\/li>\n<li>2-IN-1 DUCT FAN 100MM- Les deux supports de conduit du ventilateur d'extraction peuvent \u00eatre d\u00e9tach\u00e9s et install\u00e9s dans le conduit du syst\u00e8me de ventilation domestique en tant que ventilateur de conduit, ou utilis\u00e9s directement pour la ventilation dans les petits espaces tels que les serres, les cultures hydroponiques, les \u00e9tablis, les sous-sols, les imprimantes laser 3D, etc.<\/li>\n<li>ROBUSTE ET DURABLE : Le corps du ventilateur tubulaire est fabriqu\u00e9 en ABS haute r\u00e9sistance, qui pr\u00e9sente les avantages d'une r\u00e9sistance \u00e0 la corrosion, d'une longue dur\u00e9e de vie et d'une grande s\u00e9curit\u00e9. Le ventilateur de gaine silencieux de 100 mm a \u00e9galement pass\u00e9 avec succ\u00e8s le test de chute, ce qui garantit la stabilit\u00e9 de la structure. Le moteur \u00e0 double roulement \u00e0 billes NSK en cuivre garantit une efficacit\u00e9 \u00e9lev\u00e9e et un MTBF de 50000 heures.<\/li>\n<li>ETANCHEITE IP44 - L'anneau en caoutchouc \u00e9tanche rend le ventilateur vraiment \u00e9tanche IP44 et rend le condensateur du moteur plus durable. Tension : 230V\/50Hz, puissance : 26\/23W (haut\/bas), vitesse : 2200\/1850RPM), volume d'air : 198m\u00b3\/h, 165m\u00b3\/h (haut\/bas).<\/li>\n<li>SERVICE CLIENT - Chaque ventilateur d'extraction fait l'objet d'un contr\u00f4le de qualit\u00e9 strict avant d'\u00eatre livr\u00e9. Nous disposons \u00e9galement d'une \u00e9quipe de service client\u00e8le professionnelle pour r\u00e9pondre \u00e0 vos besoins. N'h\u00e9sitez pas \u00e0 nous contacter si vous avez des questions sur nos ventilateurs en ligne. Nous offrons un service apr\u00e8s-vente de 18 mois.<\/li>\n<\/ul>","protected":false},"excerpt":{"rendered":"<p>Brand FanGoFast Colour Black Electric fan design Blower Power source Corded Electric Product dimensions 33D x 22W x 20H centimetres Room type Bathroom Special feature Waterproof Recommended uses for product Ventilating Noise level 31 dB Wattage 24 watts &nbsp; HIGH PERFORMANCE &#8211; This in-line duct fan has a built-in two-speed controller to regulate the airflow. &hellip;<\/p>\n<p class=\"read-more\"> <a class=\"\" href=\"https:\/\/www.fangofast.com\/fr\/product\/mixflow-inline-fan-2\/\"> <span class=\"screen-reader-text\">Ventilateur en ligne Mixflow<\/span> Lire la suite \u00bb<\/a><\/p>","protected":false},"featured_media":635,"template":"","meta":{"site-sidebar-layout":"default","site-content-layout":"default","ast-global-header-display":"","ast-main-header-display":"","ast-hfb-above-header-display":"","ast-hfb-below-header-display":"","ast-hfb-mobile-header-display":"","site-post-title":"","ast-breadcrumbs-content":"","ast-featured-img":"","footer-sml-layout":"","theme-transparent-header-meta":"default","adv-header-id-meta":"","stick-header-meta":"","header-above-stick-meta":"","header-main-stick-meta":"","header-below-stick-meta":""},"product_cat":[35],"product_tag":[],"class_list":["post-634","product","type-product","status-publish","has-post-thumbnail","hentry","product_cat-mixflow-inline-fan","desktop-align-left","tablet-align-left","mobile-align-left","ast-product-gallery-layout-vertical-slider","ast-product-tabs-layout-horizontal"],"_links":{"self":[{"href":"https:\/\/www.fangofast.com\/fr\/wp-json\/wp\/v2\/product\/634","targetHints":{"allow":["GET"]}}],"collection":[{"href":"https:\/\/www.fangofast.com\/fr\/wp-json\/wp\/v2\/product"}],"about":[{"href":"https:\/\/www.fangofast.com\/fr\/wp-json\/wp\/v2\/types\/product"}],"wp:featuredmedia":[{"embeddable":true,"href":"https:\/\/www.fangofast.com\/fr\/wp-json\/wp\/v2\/media\/635"}],"wp:attachment":[{"href":"https:\/\/www.fangofast.com\/fr\/wp-json\/wp\/v2\/media?parent=634"}],"wp:term":[{"taxonomy":"product_cat","embeddable":true,"href":"https:\/\/www.fangofast.com\/fr\/wp-json\/wp\/v2\/product_cat?post=634"},{"taxonomy":"product_tag","embeddable":true,"href":"https:\/\/www.fangofast.com\/fr\/wp-json\/wp\/v2\/product_tag?post=634"}],"curies":[{"name":"wp","href":"https:\/\/api.w.org\/{rel}","templated":true}]}}