{"id":627,"date":"2024-05-25T11:17:20","date_gmt":"2024-05-25T03:17:20","guid":{"rendered":"http:\/\/www.fangofast.com\/?post_type=product&#038;p=627"},"modified":"2024-05-25T11:17:20","modified_gmt":"2024-05-25T03:17:20","slug":"mixflow-inline-fan","status":"publish","type":"product","link":"https:\/\/www.fangofast.com\/fr\/product\/mixflow-inline-fan\/","title":{"rendered":"Ventilateur en ligne Mixflow"},"content":{"rendered":"<table>\n<tbody>\n<tr>\n<td width=\"129\"><strong><b>Marque<\/b><\/strong><\/td>\n<td width=\"412\">FanGoFast<\/td>\n<\/tr>\n<tr>\n<td width=\"129\"><strong><b>Couleur<\/b><\/strong><\/td>\n<td width=\"412\">Noir<\/td>\n<\/tr>\n<tr>\n<td width=\"129\"><strong><b>Conception du ventilateur \u00e9lectrique<\/b><\/strong><\/td>\n<td width=\"412\">Soufflerie<\/td>\n<\/tr>\n<tr>\n<td width=\"129\"><strong><b>Source d'alimentation<\/b><\/strong><\/td>\n<td width=\"412\">\u00c9lectrique \u00e0 cordon<\/td>\n<\/tr>\n<tr>\n<td width=\"129\"><strong><b>Dimensions du produit<\/b><\/strong><\/td>\n<td width=\"412\">32D x 28W x 28H centim\u00e8tres<\/td>\n<\/tr>\n<tr>\n<td width=\"129\"><strong><b>Type de chambre<\/b><\/strong><\/td>\n<td width=\"412\">Salle de bains<\/td>\n<\/tr>\n<tr>\n<td width=\"129\"><strong><b>Dossier sp\u00e9cial<\/b><\/strong><\/td>\n<td width=\"412\">Imperm\u00e9able \u00e0 l'eau<\/td>\n<\/tr>\n<tr>\n<td width=\"129\"><strong><b>Utilisations recommand\u00e9es du produit<\/b><\/strong><\/td>\n<td width=\"412\">Ventilation<\/td>\n<\/tr>\n<tr>\n<td width=\"129\"><strong><b>Niveau sonore<\/b><\/strong><\/td>\n<td width=\"412\">65 dB<\/td>\n<\/tr>\n<\/tbody>\n<\/table>\n<p>&nbsp;<\/p>\n<ul>\n<li>Puissance : grand ventilateur, tension :230V\/50Hz, puissance :123\/128W(haut\/bas), vitesse :2450\/1950RPM, volume d'air :840m\u00b3\/h, 690m\u00b3\/h(haut\/bas). Les moteurs \u00e0 double roulement \u00e0 billes NSK offrent de hautes performances, un rendement \u00e9lev\u00e9 et une longue dur\u00e9e de vie (MTBF) jusqu'\u00e0 50 000 heures.<\/li>\n<li>\u00c9tanch\u00e9it\u00e9 IP44 : Le caoutchouc imperm\u00e9able rend les ventilateurs \u00e9tanches selon la norme IP44, ce qui prolonge la dur\u00e9e de vie des condensateurs de moteur.<\/li>\n<li>Faible niveau sonore : Le ventilateur \u00e9quilibr\u00e9 fonctionne \u00e0 un faible niveau sonore, environ 65dB ; Deux r\u00e9gulateurs de vitesse pour un r\u00e9glage facile de la vitesse du ventilateur.<\/li>\n<li>Utilisations multiples : convient \u00e0 la ventilation industrielle, \u00e0 la ventilation domestique ou \u00e0 la purification de l'air horticole. Ventilateurs d'extraction pour salle de bain, atelier, cuisine, serre, tente de culture, etc. Nous l'avons certainement d\u00e9velopp\u00e9 pour les cultivateurs qui veulent que leurs plantes poussent mieux. Vous pouvez utiliser des filtres \u00e0 charbon et des tuyaux pour filtrer l'air ou les gaz nocifs \u00e0 l'ext\u00e9rieur de la chambre d'\u00e9levage. C'est \u00e9galement un meilleur choix pour garder l'air int\u00e9rieur frais dans les syst\u00e8mes HVAC.<\/li>\n<li>Facile \u00e0 installer : Ce ventilateur d'extraction de 200 mm est fabriqu\u00e9 en plastique ABS noir. Il peut \u00eatre facilement mont\u00e9 sur le mur\/le plafond. Vous pouvez vous r\u00e9f\u00e9rer au manuel ci-joint.<\/li>\n<\/ul>","protected":false},"excerpt":{"rendered":"<p>Brand FanGoFast Colour Black Electric fan design Blower Power source Corded Electric Product dimensions 32D x 28W x 28H centimetres Room type Bathroom Special feature Waterproof Recommended uses for product Ventilating Noise level 65\u00a0dB &nbsp; Power: big fan, voltage :230V\/50Hz, power :123\/128W(high\/low), speed :2450\/1950RPM, air volume :840m\u00b3\/h, 690m\u00b3\/h(high\/low). NSK double ball bearing motors offer high &hellip;<\/p>\n<p class=\"read-more\"> <a class=\"\" href=\"https:\/\/www.fangofast.com\/fr\/product\/mixflow-inline-fan\/\"> <span class=\"screen-reader-text\">Ventilateur en ligne Mixflow<\/span> Lire la suite \u00bb<\/a><\/p>","protected":false},"featured_media":628,"template":"","meta":{"site-sidebar-layout":"default","site-content-layout":"default","ast-global-header-display":"","ast-main-header-display":"","ast-hfb-above-header-display":"","ast-hfb-below-header-display":"","ast-hfb-mobile-header-display":"","site-post-title":"","ast-breadcrumbs-content":"","ast-featured-img":"","footer-sml-layout":"","theme-transparent-header-meta":"default","adv-header-id-meta":"","stick-header-meta":"","header-above-stick-meta":"","header-main-stick-meta":"","header-below-stick-meta":""},"product_cat":[35],"product_tag":[],"class_list":["post-627","product","type-product","status-publish","has-post-thumbnail","hentry","product_cat-mixflow-inline-fan","desktop-align-left","tablet-align-left","mobile-align-left","ast-product-gallery-layout-vertical-slider","ast-product-tabs-layout-horizontal"],"_links":{"self":[{"href":"https:\/\/www.fangofast.com\/fr\/wp-json\/wp\/v2\/product\/627","targetHints":{"allow":["GET"]}}],"collection":[{"href":"https:\/\/www.fangofast.com\/fr\/wp-json\/wp\/v2\/product"}],"about":[{"href":"https:\/\/www.fangofast.com\/fr\/wp-json\/wp\/v2\/types\/product"}],"wp:featuredmedia":[{"embeddable":true,"href":"https:\/\/www.fangofast.com\/fr\/wp-json\/wp\/v2\/media\/628"}],"wp:attachment":[{"href":"https:\/\/www.fangofast.com\/fr\/wp-json\/wp\/v2\/media?parent=627"}],"wp:term":[{"taxonomy":"product_cat","embeddable":true,"href":"https:\/\/www.fangofast.com\/fr\/wp-json\/wp\/v2\/product_cat?post=627"},{"taxonomy":"product_tag","embeddable":true,"href":"https:\/\/www.fangofast.com\/fr\/wp-json\/wp\/v2\/product_tag?post=627"}],"curies":[{"name":"wp","href":"https:\/\/api.w.org\/{rel}","templated":true}]}}