{"id":604,"date":"2024-05-25T11:15:57","date_gmt":"2024-05-25T03:15:57","guid":{"rendered":"http:\/\/www.fangofast.com\/?post_type=product&#038;p=604"},"modified":"2024-05-25T11:15:58","modified_gmt":"2024-05-25T03:15:58","slug":"mfj-series","status":"publish","type":"product","link":"https:\/\/www.fangofast.com\/fr\/product\/mfj-series\/","title":{"rendered":"S\u00e9rie MFJ"},"content":{"rendered":"<p><img decoding=\"async\" class=\"alignnone size-full wp-image-621\" src=\"http:\/\/www.fangofast.com\/wp-content\/uploads\/2024\/05\/MFJ-series3.png\" alt=\"\" width=\"1014\" height=\"255\" srcset=\"https:\/\/www.fangofast.com\/wp-content\/uploads\/2024\/05\/MFJ-series3.png 1014w, https:\/\/www.fangofast.com\/wp-content\/uploads\/2024\/05\/MFJ-series3-300x75.png 300w, https:\/\/www.fangofast.com\/wp-content\/uploads\/2024\/05\/MFJ-series3-768x193.png 768w, https:\/\/www.fangofast.com\/wp-content\/uploads\/2024\/05\/MFJ-series3-600x151.png 600w\" sizes=\"(max-width: 1014px) 100vw, 1014px\" \/> <img decoding=\"async\" class=\"alignnone size-full wp-image-622\" src=\"http:\/\/www.fangofast.com\/wp-content\/uploads\/2024\/05\/MFJ-series1.png\" alt=\"\" width=\"804\" height=\"307\" srcset=\"https:\/\/www.fangofast.com\/wp-content\/uploads\/2024\/05\/MFJ-series1.png 804w, https:\/\/www.fangofast.com\/wp-content\/uploads\/2024\/05\/MFJ-series1-300x115.png 300w, https:\/\/www.fangofast.com\/wp-content\/uploads\/2024\/05\/MFJ-series1-768x293.png 768w, https:\/\/www.fangofast.com\/wp-content\/uploads\/2024\/05\/MFJ-series1-600x229.png 600w\" sizes=\"(max-width: 804px) 100vw, 804px\" \/> <img decoding=\"async\" class=\"alignnone size-full wp-image-623\" src=\"http:\/\/www.fangofast.com\/wp-content\/uploads\/2024\/05\/MFJ-series2.png\" alt=\"\" width=\"990\" height=\"232\" srcset=\"https:\/\/www.fangofast.com\/wp-content\/uploads\/2024\/05\/MFJ-series2.png 990w, https:\/\/www.fangofast.com\/wp-content\/uploads\/2024\/05\/MFJ-series2-300x70.png 300w, https:\/\/www.fangofast.com\/wp-content\/uploads\/2024\/05\/MFJ-series2-768x180.png 768w, https:\/\/www.fangofast.com\/wp-content\/uploads\/2024\/05\/MFJ-series2-600x141.png 600w\" sizes=\"(max-width: 990px) 100vw, 990px\" \/><\/p>","protected":false},"excerpt":{"rendered":"<ul>\n<li>\u00c9conomie d'\u00e9nergie<\/li>\n<\/ul>\n<p>Moteur en cuivre de haute qualit\u00e9 Roulement \u00e0 billes Bruit faible et volume d'air stable<\/p>\n<ul>\n<li>Durable<\/li>\n<\/ul>\n<p>Bo\u00eetier m\u00e9tallique de haute qualit\u00e9 Bo\u00eetier monobloc Anti-corrosion par pulv\u00e9risation d'\u00e9nergie<\/p>\n<ul>\n<li>Ajustement flexible<\/li>\n<\/ul>\n<p>Pour di\ufb00\u00e9rentes applications Installer avec d'autres types d'an pour obtenir la meilleure combinaison.<\/p>\n<ul>\n<li>Distance de l'alimentation en air<\/li>\n<\/ul>\n<p>Conception optimis\u00e9e Toutes les pi\u00e8ces sont parfaitement combin\u00e9es Avec un volume d'air puissant et une pression d'air stable<\/p>","protected":false},"featured_media":614,"template":"","meta":{"site-sidebar-layout":"default","site-content-layout":"default","ast-global-header-display":"","ast-main-header-display":"","ast-hfb-above-header-display":"","ast-hfb-below-header-display":"","ast-hfb-mobile-header-display":"","site-post-title":"","ast-breadcrumbs-content":"","ast-featured-img":"","footer-sml-layout":"","theme-transparent-header-meta":"default","adv-header-id-meta":"","stick-header-meta":"","header-above-stick-meta":"","header-main-stick-meta":"","header-below-stick-meta":""},"product_cat":[32],"product_tag":[],"class_list":["post-604","product","type-product","status-publish","has-post-thumbnail","hentry","product_cat-circular-duct-fan","desktop-align-left","tablet-align-left","mobile-align-left","ast-product-gallery-layout-vertical-slider","ast-product-tabs-layout-horizontal"],"_links":{"self":[{"href":"https:\/\/www.fangofast.com\/fr\/wp-json\/wp\/v2\/product\/604","targetHints":{"allow":["GET"]}}],"collection":[{"href":"https:\/\/www.fangofast.com\/fr\/wp-json\/wp\/v2\/product"}],"about":[{"href":"https:\/\/www.fangofast.com\/fr\/wp-json\/wp\/v2\/types\/product"}],"wp:featuredmedia":[{"embeddable":true,"href":"https:\/\/www.fangofast.com\/fr\/wp-json\/wp\/v2\/media\/614"}],"wp:attachment":[{"href":"https:\/\/www.fangofast.com\/fr\/wp-json\/wp\/v2\/media?parent=604"}],"wp:term":[{"taxonomy":"product_cat","embeddable":true,"href":"https:\/\/www.fangofast.com\/fr\/wp-json\/wp\/v2\/product_cat?post=604"},{"taxonomy":"product_tag","embeddable":true,"href":"https:\/\/www.fangofast.com\/fr\/wp-json\/wp\/v2\/product_tag?post=604"}],"curies":[{"name":"wp","href":"https:\/\/api.w.org\/{rel}","templated":true}]}}