{"id":1212,"date":"2025-03-20T11:38:30","date_gmt":"2025-03-20T03:38:30","guid":{"rendered":"https:\/\/www.fangofast.com\/?post_type=product&#038;p=1212"},"modified":"2025-03-20T11:39:50","modified_gmt":"2025-03-20T03:39:50","slug":"100-mm-inline-booster-duct-fan","status":"publish","type":"product","link":"https:\/\/www.fangofast.com\/fr\/product\/100-mm-inline-booster-duct-fan\/","title":{"rendered":"Ventilateur de gaine \u00e0 surpression en ligne de 100 mm"},"content":{"rendered":"<table>\n<tbody>\n<tr>\n<td width=\"129\"><strong><b>Marque<\/b><\/strong><\/td>\n<td width=\"412\">FanGoFast<\/td>\n<\/tr>\n<tr>\n<td width=\"129\"><strong><b>Couleur<\/b><\/strong><\/td>\n<td width=\"412\">Noir<\/td>\n<\/tr>\n<tr>\n<td width=\"129\"><strong><b>Conception du ventilateur \u00e9lectrique<\/b><\/strong><\/td>\n<td width=\"412\">Ventilateur d'extraction<\/td>\n<\/tr>\n<tr>\n<td width=\"129\"><strong><b>Source d'alimentation<\/b><\/strong><\/td>\n<td width=\"412\">\u00c9lectrique \u00e0 cordon<\/td>\n<\/tr>\n<tr>\n<td width=\"129\"><strong><b>Style<\/b><\/strong><\/td>\n<td width=\"412\">Classique<\/td>\n<\/tr>\n<tr>\n<td width=\"129\"><strong><b>Dimensions du produit<\/b><\/strong><\/td>\n<td width=\"412\">18,5D x 9,8W x 9,8H centim\u00e8tres<\/td>\n<\/tr>\n<tr>\n<td width=\"129\"><strong><b>Type de chambre<\/b><\/strong><\/td>\n<td width=\"412\">Serres<\/td>\n<\/tr>\n<tr>\n<td width=\"129\"><strong><b>Dossier sp\u00e9cial<\/b><\/strong><\/td>\n<td width=\"412\">Portable, silencieux, \u00e9tanche, l\u00e9ger<\/td>\n<\/tr>\n<tr>\n<td width=\"129\"><strong><b>Puissance<\/b><\/strong><\/td>\n<td width=\"412\">6 watts<\/td>\n<\/tr>\n<tr>\n<td width=\"129\"><strong><b>Type de finition<\/b><\/strong><\/td>\n<td width=\"412\">Inachev\u00e9e<\/td>\n<\/tr>\n<\/tbody>\n<\/table>\n<p>&nbsp;<\/p>\n<ul>\n<li>Ne vous inqui\u00e9tez pas : nous proposons un remplacement au lieu d'une r\u00e9paration.<\/li>\n<li>\u00c9CONOMIE D'\u00c9NERGIE Ce ventilateur de gaine de 100 mm adopte un moteur \u00e0 courant continu avanc\u00e9 qui ne consomme que 6 W en fonctionnement, ce qui permet de r\u00e9aliser d'importantes \u00e9conomies d'\u00e9nergie. M\u00eame \u00e0 grande vitesse, le ventilateur de gaine fonctionne tr\u00e8s silencieusement, ce qui le rend adapt\u00e9 \u00e0 une utilisation \u00e0 la maison et au bureau.<\/li>\n<li>PETIT ET PUISSANT Ce ventilateur de conduit en ligne ne p\u00e8se que 560g. Il est l\u00e9ger et confortable \u00e0 porter. Mais il a une vitesse \u00e9lev\u00e9e de 4500 tr\/min et peut produire un flux d'air puissant allant jusqu'\u00e0 221 m\u00b3\/h, ce qui assure une circulation d'air rapide et efficace pour \u00e9liminer les odeurs et maintenir l'environnement frais et confortable.<\/li>\n<li>Durable et antid\u00e9rapant : le ventilateur growbox est fabriqu\u00e9 en plastique de haute qualit\u00e9, qui est non seulement robuste et durable, mais aussi difficilement d\u00e9formable. La surface ergonomique antid\u00e9rapante vous apporte plus de confort.<\/li>\n<li>0-100% Vitesse r\u00e9glable Le ventilateur d'extraction est \u00e9quip\u00e9 d'un r\u00e9gulateur de vitesse r\u00e9glable, qui permet \u00e0 l'utilisateur d'ajuster la vitesse du vent de mani\u00e8re flexible pour r\u00e9pondre aux besoins de diff\u00e9rents sc\u00e9narios et fournir une exp\u00e9rience de ventilation personnalis\u00e9e.<\/li>\n<li>Large application : Le ventilateur FanGoFast 100 mm adopte un design compact et convient \u00e0 divers environnements, tels que les serres, les garages, les sous-sols, les cuisines et les buanderies, etc., ce qui peut am\u00e9liorer efficacement l'effet de ventilation et la qualit\u00e9 de l'air de la pi\u00e8ce.<\/li>\n<li>L\u00e9ger et portable : Ce ventilateur de 100 mm est l\u00e9ger et facile \u00e0 transporter et \u00e0 installer, avec un design compact qui permet d'\u00e9conomiser de l'espace de stockage.<\/li>\n<\/ul>","protected":false},"excerpt":{"rendered":"<p>Brand FanGoFast Colour Black Electric fan design Exhaust Fan Power source Corded Electric Style Classic Product dimensions 18.5D x 9.8W x 9.8H centimetres Room type Greenhouses Special feature Portable, Quiet Operation, Waterproof, Lightweight Wattage 6 watts Finish type Unfinished &nbsp; Worry free: we offer replacement instead of a repair. ENERGY SAVING This 100mm duct fan &hellip;<\/p>\n<p class=\"read-more\"> <a class=\"\" href=\"https:\/\/www.fangofast.com\/fr\/product\/100-mm-inline-booster-duct-fan\/\"> <span class=\"screen-reader-text\">Ventilateur de gaine \u00e0 surpression en ligne de 100 mm<\/span> Lire la suite \u00bb<\/a><\/p>","protected":false},"featured_media":1213,"template":"","meta":{"site-sidebar-layout":"default","site-content-layout":"default","ast-global-header-display":"","ast-main-header-display":"","ast-hfb-above-header-display":"","ast-hfb-below-header-display":"","ast-hfb-mobile-header-display":"","site-post-title":"","ast-breadcrumbs-content":"","ast-featured-img":"","footer-sml-layout":"","theme-transparent-header-meta":"default","adv-header-id-meta":"","stick-header-meta":"","header-above-stick-meta":"","header-main-stick-meta":"","header-below-stick-meta":""},"product_cat":[70],"product_tag":[],"class_list":["post-1212","product","type-product","status-publish","has-post-thumbnail","hentry","product_cat-inline-booster-duct-fan","desktop-align-left","tablet-align-left","mobile-align-left","ast-product-gallery-layout-vertical-slider","ast-product-tabs-layout-horizontal"],"_links":{"self":[{"href":"https:\/\/www.fangofast.com\/fr\/wp-json\/wp\/v2\/product\/1212","targetHints":{"allow":["GET"]}}],"collection":[{"href":"https:\/\/www.fangofast.com\/fr\/wp-json\/wp\/v2\/product"}],"about":[{"href":"https:\/\/www.fangofast.com\/fr\/wp-json\/wp\/v2\/types\/product"}],"wp:featuredmedia":[{"embeddable":true,"href":"https:\/\/www.fangofast.com\/fr\/wp-json\/wp\/v2\/media\/1213"}],"wp:attachment":[{"href":"https:\/\/www.fangofast.com\/fr\/wp-json\/wp\/v2\/media?parent=1212"}],"wp:term":[{"taxonomy":"product_cat","embeddable":true,"href":"https:\/\/www.fangofast.com\/fr\/wp-json\/wp\/v2\/product_cat?post=1212"},{"taxonomy":"product_tag","embeddable":true,"href":"https:\/\/www.fangofast.com\/fr\/wp-json\/wp\/v2\/product_tag?post=1212"}],"curies":[{"name":"wp","href":"https:\/\/api.w.org\/{rel}","templated":true}]}}