{"id":1189,"date":"2025-03-20T10:33:03","date_gmt":"2025-03-20T02:33:03","guid":{"rendered":"https:\/\/www.fangofast.com\/?post_type=product&#038;p=1189"},"modified":"2025-03-20T10:43:19","modified_gmt":"2025-03-20T02:43:19","slug":"100-mm-smart-model-ec-tubular-fan-adjustable","status":"publish","type":"product","link":"https:\/\/www.fangofast.com\/fr\/product\/100-mm-smart-model-ec-tubular-fan-adjustable\/","title":{"rendered":"Extracteur d'air EC 100 mm avec App &amp; Panel Control"},"content":{"rendered":"<table>\n<tbody>\n<tr>\n<td width=\"129\"><strong><b>Marque<\/b><\/strong><\/td>\n<td width=\"412\">Capture<\/td>\n<\/tr>\n<tr>\n<td width=\"129\"><strong><b>Couleur<\/b><\/strong><\/td>\n<td width=\"412\">Orange<\/td>\n<\/tr>\n<tr>\n<td width=\"129\"><strong><b>Conception du ventilateur \u00e9lectrique<\/b><\/strong><\/td>\n<td width=\"412\">Ventilateur d'extraction<\/td>\n<\/tr>\n<tr>\n<td width=\"129\"><strong><b>Source d'alimentation<\/b><\/strong><\/td>\n<td width=\"412\">\u00c9lectrique \u00e0 cordon<\/td>\n<\/tr>\n<tr>\n<td width=\"129\"><strong><b>Style<\/b><\/strong><\/td>\n<td width=\"412\">Industriel<\/td>\n<\/tr>\n<tr>\n<td width=\"129\"><strong><b>Dimensions du produit<\/b><\/strong><\/td>\n<td width=\"412\">10D x 10W x 10H millim\u00e8tres<\/td>\n<\/tr>\n<tr>\n<td width=\"129\"><strong><b>Type de chambre<\/b><\/strong><\/td>\n<td width=\"412\">Salon<\/td>\n<\/tr>\n<tr>\n<td width=\"129\"><strong><b>Dossier sp\u00e9cial<\/b><\/strong><\/td>\n<td width=\"412\">Peut \u00eatre utilis\u00e9 avec l'application, \u00e9conomie d'\u00e9nergie, fonctionnement silencieux<\/td>\n<\/tr>\n<tr>\n<td width=\"129\"><strong><b>Utilisations recommand\u00e9es du produit<\/b><\/strong><\/td>\n<td width=\"412\">Circulation d'air, ventilation, a\u00e9ration, s\u00e9chage<\/td>\n<\/tr>\n<tr>\n<td width=\"129\"><strong><b>Type de finition<\/b><\/strong><\/td>\n<td width=\"412\">Inachev\u00e9e<\/td>\n<\/tr>\n<\/tbody>\n<\/table>\n<p>&nbsp;<\/p>\n<ul>\n<li>Le ventilateur de gaine intelligent pour un climat ambiant parfait : notre ventilateur de gaine intelligent associe les derni\u00e8res technologies \u00e0 un design convivial pour vous offrir une solution de ventilation efficace et confortable. Avec un d\u00e9bit d'air de 360 m\u00b3\/h et un design compact de 100 mm, ce ventilateur d'extraction est id\u00e9al pour les serres, les garages, les salles de bains et les cuisines.<\/li>\n<li>Contr\u00f4le intelligent via l'appli et le panneau - Le ventilateur pour tuyaux offre deux options de contr\u00f4le flexibles : via l'appli pratique pour smartphone ou le panneau de contr\u00f4le int\u00e9gr\u00e9, vous pouvez facilement r\u00e9gler la vitesse, la temp\u00e9rature et l'humidit\u00e9. pour vous fournir une solution de ventilation efficace et confortable.<\/li>\n<li>Fonction de temporisation utile : la fonction de temporisation vous permet d'\u00eatre flexible. R\u00e9glez une dur\u00e9e individuelle, par exemple B. 30 minutes, et le ventilateur continue de fonctionner pendant 30 minutes apr\u00e8s s'\u00eatre \u00e9teint, ce qui est id\u00e9al pour une ventilation \u00e9conome en \u00e9nergie.<\/li>\n<li>Avec contr\u00f4le de la temp\u00e9rature et de l'humidit\u00e9 - r\u00e9glez certaines valeurs de temp\u00e9rature et d'humidit\u00e9, et le ventilateur se met automatiquement en marche \u00e0 ces valeurs lorsque la temp\u00e9rature ou l'humidit\u00e9 de la pi\u00e8ce atteint ou d\u00e9passe la valeur que vous avez r\u00e9gl\u00e9e. Id\u00e9al pour les v\u00e9randas, les garages, les salles de bains et les cuisines.<\/li>\n<li>Polyvalent - Que ce soit dans les serres, les garages, les salles de bains ou les cuisines, ce ventilateur est la solution id\u00e9ale pour \u00e9liminer efficacement l'humidit\u00e9, les odeurs et l'air vici\u00e9.<\/li>\n<\/ul>","protected":false},"excerpt":{"rendered":"<p>Brand Capture Colour Orange Electric fan design Exhaust Fan Power source Corded Electric Style Industrial Product dimensions 10D x 10W x 10H millimetres Room type Living room Special feature Can be operated with app, energy saving, quiet operation Recommended uses for product Air circulation, ventilating, ventilating, drying Finish type Unfinished &nbsp; The intelligent duct fan &hellip;<\/p>\n<p class=\"read-more\"> <a class=\"\" href=\"https:\/\/www.fangofast.com\/fr\/product\/100-mm-smart-model-ec-tubular-fan-adjustable\/\"> <span class=\"screen-reader-text\">Extracteur d'air EC 100 mm avec App &amp; Panel Control<\/span> Lire la suite \u00bb<\/a><\/p>","protected":false},"featured_media":1190,"template":"","meta":{"site-sidebar-layout":"default","site-content-layout":"default","ast-global-header-display":"","ast-main-header-display":"","ast-hfb-above-header-display":"","ast-hfb-below-header-display":"","ast-hfb-mobile-header-display":"","site-post-title":"","ast-breadcrumbs-content":"","ast-featured-img":"","footer-sml-layout":"","theme-transparent-header-meta":"default","adv-header-id-meta":"","stick-header-meta":"","header-above-stick-meta":"","header-main-stick-meta":"","header-below-stick-meta":""},"product_cat":[36],"product_tag":[],"class_list":["post-1189","product","type-product","status-publish","has-post-thumbnail","hentry","product_cat-ec-motor-mixed-flow-inline-fan","desktop-align-left","tablet-align-left","mobile-align-left","ast-product-gallery-layout-vertical-slider","ast-product-tabs-layout-horizontal"],"_links":{"self":[{"href":"https:\/\/www.fangofast.com\/fr\/wp-json\/wp\/v2\/product\/1189","targetHints":{"allow":["GET"]}}],"collection":[{"href":"https:\/\/www.fangofast.com\/fr\/wp-json\/wp\/v2\/product"}],"about":[{"href":"https:\/\/www.fangofast.com\/fr\/wp-json\/wp\/v2\/types\/product"}],"wp:featuredmedia":[{"embeddable":true,"href":"https:\/\/www.fangofast.com\/fr\/wp-json\/wp\/v2\/media\/1190"}],"wp:attachment":[{"href":"https:\/\/www.fangofast.com\/fr\/wp-json\/wp\/v2\/media?parent=1189"}],"wp:term":[{"taxonomy":"product_cat","embeddable":true,"href":"https:\/\/www.fangofast.com\/fr\/wp-json\/wp\/v2\/product_cat?post=1189"},{"taxonomy":"product_tag","embeddable":true,"href":"https:\/\/www.fangofast.com\/fr\/wp-json\/wp\/v2\/product_tag?post=1189"}],"curies":[{"name":"wp","href":"https:\/\/api.w.org\/{rel}","templated":true}]}}