{"id":1177,"date":"2025-03-20T10:18:08","date_gmt":"2025-03-20T02:18:08","guid":{"rendered":"https:\/\/www.fangofast.com\/?post_type=product&#038;p=1177"},"modified":"2025-03-20T10:39:00","modified_gmt":"2025-03-20T02:39:00","slug":"200mm-ec-tubular-fan-is-adjustable","status":"publish","type":"product","link":"https:\/\/www.fangofast.com\/fr\/product\/200mm-ec-tubular-fan-is-adjustable\/","title":{"rendered":"Extracteur d'air EC 200mm"},"content":{"rendered":"<table>\n<tbody>\n<tr>\n<td width=\"129\"><strong><b>Marque<\/b><\/strong><\/td>\n<td width=\"412\">Capture<\/td>\n<\/tr>\n<tr>\n<td width=\"129\"><strong><b>Couleur<\/b><\/strong><\/td>\n<td width=\"412\">200 Mm Ec Pipe Fan, Adjustable<\/td>\n<\/tr>\n<tr>\n<td width=\"129\"><strong><b>Conception du ventilateur \u00e9lectrique<\/b><\/strong><\/td>\n<td width=\"412\">Ventilateur d'extraction<\/td>\n<\/tr>\n<tr>\n<td width=\"129\"><strong><b>Source d'alimentation<\/b><\/strong><\/td>\n<td width=\"412\">\u00c9lectrique \u00e0 cordon<\/td>\n<\/tr>\n<tr>\n<td width=\"129\"><strong><b>Style<\/b><\/strong><\/td>\n<td width=\"412\">Ventilateur EC de 200 mm, r\u00e9glable<\/td>\n<\/tr>\n<tr>\n<td width=\"129\"><strong><b>Dimensions du produit<\/b><\/strong><\/td>\n<td width=\"412\">36D x 31W x 28H centim\u00e8tres<\/td>\n<\/tr>\n<tr>\n<td width=\"129\"><strong><b>Type de chambre<\/b><\/strong><\/td>\n<td width=\"412\">Toutes les pi\u00e8ces<\/td>\n<\/tr>\n<tr>\n<td width=\"129\"><strong><b>Dossier sp\u00e9cial<\/b><\/strong><\/td>\n<td width=\"412\">Portable<\/td>\n<\/tr>\n<tr>\n<td width=\"129\"><strong><b>Utilisations recommand\u00e9es du produit<\/b><\/strong><\/td>\n<td width=\"412\">Circulation de l'air<\/td>\n<\/tr>\n<tr>\n<td width=\"129\"><strong><b>Type de finition<\/b><\/strong><\/td>\n<td width=\"412\">Inachev\u00e9e<\/td>\n<\/tr>\n<\/tbody>\n<\/table>\n<p>&nbsp;<\/p>\n<ul>\n<li>Ce ventilateur de 200 mm est id\u00e9al pour les applications de ventilation industrielle telles que les ventilateurs de cloisons s\u00e8ches et les ventilateurs de plafond.<\/li>\n<li>Facilit\u00e9 d'utilisation Gr\u00e2ce \u00e0 la t\u00e9l\u00e9commande pratique, vous pouvez contr\u00f4ler le ventilateur en toute simplicit\u00e9.<\/li>\n<li>Polyvalent : le ventilateur peut fonctionner \u00e0 la fois avec 12V et 240V.<\/li>\n<li>CONSTRUCTION DURABLE : Gr\u00e2ce \u00e0 sa conception robuste, ce ventilateur est id\u00e9al pour une utilisation en ext\u00e9rieur.<\/li>\n<li>VENTILATION EFFICACE Gr\u00e2ce \u00e0 ses performances \u00e9lev\u00e9es, le ventilateur assure une ventilation et une a\u00e9ration efficaces des pi\u00e8ces.<\/li>\n<\/ul>","protected":false},"excerpt":{"rendered":"<p>Brand Capture Colour 200 Mm Ec Pipe Fan, Adjustable Electric fan design Exhaust Fan Power source Corded Electric Style 200 mm EC pipe fan, adjustable Product dimensions 36D x 31W x 28H centimetres Room type All rooms Special feature Portable Recommended uses for product Air Circulation Finish type Unfinished &nbsp; POWERFUL PIPE FAN This 200mm &hellip;<\/p>\n<p class=\"read-more\"> <a class=\"\" href=\"https:\/\/www.fangofast.com\/fr\/product\/200mm-ec-tubular-fan-is-adjustable\/\"> <span class=\"screen-reader-text\">Extracteur d'air EC 200mm<\/span> Lire la suite \u00bb<\/a><\/p>","protected":false},"featured_media":1178,"template":"","meta":{"site-sidebar-layout":"default","site-content-layout":"default","ast-global-header-display":"","ast-main-header-display":"","ast-hfb-above-header-display":"","ast-hfb-below-header-display":"","ast-hfb-mobile-header-display":"","site-post-title":"","ast-breadcrumbs-content":"","ast-featured-img":"","footer-sml-layout":"","theme-transparent-header-meta":"default","adv-header-id-meta":"","stick-header-meta":"","header-above-stick-meta":"","header-main-stick-meta":"","header-below-stick-meta":""},"product_cat":[36],"product_tag":[],"class_list":["post-1177","product","type-product","status-publish","has-post-thumbnail","hentry","product_cat-ec-motor-mixed-flow-inline-fan","desktop-align-left","tablet-align-left","mobile-align-left","ast-product-gallery-layout-vertical-slider","ast-product-tabs-layout-horizontal"],"_links":{"self":[{"href":"https:\/\/www.fangofast.com\/fr\/wp-json\/wp\/v2\/product\/1177","targetHints":{"allow":["GET"]}}],"collection":[{"href":"https:\/\/www.fangofast.com\/fr\/wp-json\/wp\/v2\/product"}],"about":[{"href":"https:\/\/www.fangofast.com\/fr\/wp-json\/wp\/v2\/types\/product"}],"wp:featuredmedia":[{"embeddable":true,"href":"https:\/\/www.fangofast.com\/fr\/wp-json\/wp\/v2\/media\/1178"}],"wp:attachment":[{"href":"https:\/\/www.fangofast.com\/fr\/wp-json\/wp\/v2\/media?parent=1177"}],"wp:term":[{"taxonomy":"product_cat","embeddable":true,"href":"https:\/\/www.fangofast.com\/fr\/wp-json\/wp\/v2\/product_cat?post=1177"},{"taxonomy":"product_tag","embeddable":true,"href":"https:\/\/www.fangofast.com\/fr\/wp-json\/wp\/v2\/product_tag?post=1177"}],"curies":[{"name":"wp","href":"https:\/\/api.w.org\/{rel}","templated":true}]}}