{"id":1159,"date":"2024-07-16T15:21:40","date_gmt":"2024-07-16T07:21:40","guid":{"rendered":"https:\/\/www.fangofast.com\/?post_type=product&#038;p=1159"},"modified":"2024-07-17T14:05:49","modified_gmt":"2024-07-17T06:05:49","slug":"timer","status":"publish","type":"product","link":"https:\/\/www.fangofast.com\/fr\/product\/timer\/","title":{"rendered":"Minuterie"},"content":{"rendered":"","protected":false},"excerpt":{"rendered":"<p>D\u00e9couvrez la fusion de la fonctionnalit\u00e9 et de l'innovation avec les accessoires hydroponiques de Fangofast. Notre s\u00e9lection compl\u00e8te, comprenant des ventilateurs en ligne de premier ordre et des sacs de culture efficaces, est con\u00e7ue pour r\u00e9pondre aux besoins nuanc\u00e9s de la culture hydroponique. Gr\u00e2ce \u00e0 notre vaste exp\u00e9rience, nous fournissons des accessoires qui non seulement compl\u00e8tent vos syst\u00e8mes, mais qui placent \u00e9galement la barre plus haut en termes de qualit\u00e9 et de performance.<\/p>","protected":false},"featured_media":1160,"template":"","meta":{"site-sidebar-layout":"default","site-content-layout":"default","ast-global-header-display":"","ast-main-header-display":"","ast-hfb-above-header-display":"","ast-hfb-below-header-display":"","ast-hfb-mobile-header-display":"","site-post-title":"","ast-breadcrumbs-content":"","ast-featured-img":"","footer-sml-layout":"","theme-transparent-header-meta":"default","adv-header-id-meta":"","stick-header-meta":"","header-above-stick-meta":"","header-main-stick-meta":"","header-below-stick-meta":""},"product_cat":[67],"product_tag":[],"class_list":["post-1159","product","type-product","status-publish","has-post-thumbnail","hentry","product_cat-timer","desktop-align-left","tablet-align-left","mobile-align-left","ast-product-gallery-layout-vertical-slider","ast-product-gallery-with-no-image","ast-product-tabs-layout-horizontal"],"_links":{"self":[{"href":"https:\/\/www.fangofast.com\/fr\/wp-json\/wp\/v2\/product\/1159","targetHints":{"allow":["GET"]}}],"collection":[{"href":"https:\/\/www.fangofast.com\/fr\/wp-json\/wp\/v2\/product"}],"about":[{"href":"https:\/\/www.fangofast.com\/fr\/wp-json\/wp\/v2\/types\/product"}],"wp:featuredmedia":[{"embeddable":true,"href":"https:\/\/www.fangofast.com\/fr\/wp-json\/wp\/v2\/media\/1160"}],"wp:attachment":[{"href":"https:\/\/www.fangofast.com\/fr\/wp-json\/wp\/v2\/media?parent=1159"}],"wp:term":[{"taxonomy":"product_cat","embeddable":true,"href":"https:\/\/www.fangofast.com\/fr\/wp-json\/wp\/v2\/product_cat?post=1159"},{"taxonomy":"product_tag","embeddable":true,"href":"https:\/\/www.fangofast.com\/fr\/wp-json\/wp\/v2\/product_tag?post=1159"}],"curies":[{"name":"wp","href":"https:\/\/api.w.org\/{rel}","templated":true}]}}