{"id":1139,"date":"2024-07-16T11:20:24","date_gmt":"2024-07-16T03:20:24","guid":{"rendered":"https:\/\/www.fangofast.com\/?post_type=product&#038;p=1139"},"modified":"2024-07-16T14:04:33","modified_gmt":"2024-07-16T06:04:33","slug":"600d-bubble-bag","status":"publish","type":"product","link":"https:\/\/www.fangofast.com\/fr\/product\/600d-bubble-bag\/","title":{"rendered":"Sac \u00e0 bulles 600D"},"content":{"rendered":"<div class=\"elementor-element elementor-element-2d5c1fa elementor-repeater-item-none elementor-repeater-item-none_hover elementor-widget elementor-widget-heading\" data-id=\"2d5c1fa\" data-element_type=\"widget\" data-widget_type=\"heading.default\">\n<div class=\"elementor-widget-container\">\n<h2 class=\"elementor-heading-title elementor-size-default\">Double couture<\/h2>\n<p><img decoding=\"async\" class=\"size-medium wp-image-1140 alignright\" src=\"https:\/\/www.fangofast.com\/wp-content\/uploads\/2024\/07\/2-1-300x203.png\" alt=\"\" width=\"300\" height=\"203\" srcset=\"https:\/\/www.fangofast.com\/wp-content\/uploads\/2024\/07\/2-1-300x203.png 300w, https:\/\/www.fangofast.com\/wp-content\/uploads\/2024\/07\/2-1-18x12.png 18w, https:\/\/www.fangofast.com\/wp-content\/uploads\/2024\/07\/2-1.png 510w\" sizes=\"(max-width: 300px) 100vw, 300px\" \/><\/p>\n<\/div>\n<\/div>\n<div class=\"elementor-element elementor-element-1953575 elementor-repeater-item-none elementor-repeater-item-none_hover elementor-widget elementor-widget-text-editor\" data-id=\"1953575\" data-element_type=\"widget\" data-widget_type=\"text-editor.default\">\n<div class=\"elementor-widget-container\">\n<p>Profitez d'une durabilit\u00e9 in\u00e9gal\u00e9e gr\u00e2ce \u00e0 notre technique de double piq\u00fbre. Chaque<\/p>\n<p>Le sac hash est m\u00e9ticuleusement fabriqu\u00e9 avec des coutures renforc\u00e9es, ce qui garantit qu'il est bien prot\u00e9g\u00e9.<\/p>\n<p>r\u00e9sister aux rigueurs d'une utilisation r\u00e9p\u00e9t\u00e9e. Cette construction robuste garantit<\/p>\n<p>performance durable, ce qui fait de nos sacs un choix fiable pour une utilisation intensive.<\/p>\n<p>sessions d'extraction.<\/p>\n<hr \/>\n<div class=\"elementor-element elementor-element-1a87d9a elementor-repeater-item-none elementor-repeater-item-none_hover elementor-widget elementor-widget-heading\" data-id=\"1a87d9a\" data-element_type=\"widget\" data-widget_type=\"heading.default\">\n<div class=\"elementor-widget-container\">\n<h2 class=\"elementor-heading-title elementor-size-default\" style=\"text-align: right;\"><img decoding=\"async\" class=\"size-medium wp-image-1141 alignleft\" style=\"font-size: 16px; font-style: inherit; font-weight: inherit;\" src=\"https:\/\/www.fangofast.com\/wp-content\/uploads\/2024\/07\/1-1-300x203.png\" alt=\"\" width=\"300\" height=\"203\" srcset=\"https:\/\/www.fangofast.com\/wp-content\/uploads\/2024\/07\/1-1-300x203.png 300w, https:\/\/www.fangofast.com\/wp-content\/uploads\/2024\/07\/1-1-18x12.png 18w, https:\/\/www.fangofast.com\/wp-content\/uploads\/2024\/07\/1-1.png 510w\" sizes=\"(max-width: 300px) 100vw, 300px\" \/>Maille de qualit\u00e9 alimentaire<\/h2>\n<\/div>\n<\/div>\n<div class=\"elementor-element elementor-element-f50c014 elementor-repeater-item-none elementor-repeater-item-none_hover elementor-widget elementor-widget-text-editor\" data-id=\"f50c014\" data-element_type=\"widget\" data-widget_type=\"text-editor.default\">\n<div class=\"elementor-widget-container\">\n<p style=\"text-align: right;\">S\u00e9curit\u00e9 et qualit\u00e9 vont de pair avec notre filet de qualit\u00e9 alimentaire. Sp\u00e9cialement<\/p>\n<p style=\"text-align: right;\">Con\u00e7ue pour \u00eatre pure, notre maille est non toxique et exempte de produits chimiques nocifs,<\/p>\n<p style=\"text-align: right;\">garantissant que votre haschisch ne soit pas contamin\u00e9 et puisse \u00eatre consomm\u00e9 sans danger.<\/p>\n<p style=\"text-align: right;\">Id\u00e9al pour ceux qui privil\u00e9gient la sant\u00e9 et la qualit\u00e9 dans leur processus d'extraction.<\/p>\n<hr \/>\n<div class=\"elementor-element elementor-element-4db6607 elementor-repeater-item-none elementor-repeater-item-none_hover elementor-widget elementor-widget-heading\" data-id=\"4db6607\" data-element_type=\"widget\" data-widget_type=\"heading.default\">\n<div class=\"elementor-widget-container\">\n<h2 class=\"elementor-heading-title elementor-size-default\">Tissu imperm\u00e9able<img decoding=\"async\" class=\"size-medium wp-image-1142 alignright\" style=\"font-size: 16px; font-style: inherit; font-weight: inherit;\" src=\"https:\/\/www.fangofast.com\/wp-content\/uploads\/2024\/07\/3-1-300x203.png\" alt=\"\" width=\"300\" height=\"203\" srcset=\"https:\/\/www.fangofast.com\/wp-content\/uploads\/2024\/07\/3-1-300x203.png 300w, https:\/\/www.fangofast.com\/wp-content\/uploads\/2024\/07\/3-1-18x12.png 18w, https:\/\/www.fangofast.com\/wp-content\/uploads\/2024\/07\/3-1.png 510w\" sizes=\"(max-width: 300px) 100vw, 300px\" \/><\/h2>\n<\/div>\n<\/div>\n<div class=\"elementor-element elementor-element-b6d80f3 elementor-repeater-item-none elementor-repeater-item-none_hover elementor-widget elementor-widget-text-editor\" data-id=\"b6d80f3\" data-element_type=\"widget\" data-widget_type=\"text-editor.default\">\n<div class=\"elementor-widget-container\">\n<p>Nos sacs \u00e0 foin sont dot\u00e9s d'un tissu imperm\u00e9able, offrant une protection sup\u00e9rieure et une facilit\u00e9 d'utilisation.<\/p>\n<p>l'entretien. Ce mat\u00e9riau emp\u00eache efficacement la p\u00e9n\u00e9tration de l'humidit\u00e9, ce qui garantit<\/p>\n<p>votre hachis reste sec et pr\u00e9serve sa qualit\u00e9. La nature imperm\u00e9able \u00e0 l'eau<\/p>\n<p>simplifie le nettoyage, ce qui rend le nettoyage post-extraction tr\u00e8s facile.<\/p>\n<hr \/>\n<\/div>\n<div class=\"elementor-element elementor-element-e7bf730 elementor-repeater-item-none elementor-repeater-item-none_hover elementor-widget elementor-widget-heading\" data-id=\"e7bf730\" data-element_type=\"widget\" data-widget_type=\"heading.default\">\n<div class=\"elementor-widget-container\">\n<h2 class=\"elementor-heading-title elementor-size-default\" style=\"text-align: right;\"><img decoding=\"async\" class=\"size-medium wp-image-1143 alignleft\" style=\"font-size: 16px; font-style: inherit; font-weight: inherit;\" src=\"https:\/\/www.fangofast.com\/wp-content\/uploads\/2024\/07\/4-1-300x203.png\" alt=\"\" width=\"300\" height=\"203\" srcset=\"https:\/\/www.fangofast.com\/wp-content\/uploads\/2024\/07\/4-1-300x203.png 300w, https:\/\/www.fangofast.com\/wp-content\/uploads\/2024\/07\/4-1-18x12.png 18w, https:\/\/www.fangofast.com\/wp-content\/uploads\/2024\/07\/4-1.png 510w\" sizes=\"(max-width: 300px) 100vw, 300px\" \/>Rev\u00eatement \u00e9cologique<\/h2>\n<\/div>\n<\/div>\n<div class=\"elementor-element elementor-element-af2ec36 elementor-repeater-item-none elementor-repeater-item-none_hover elementor-widget elementor-widget-text-editor\" data-id=\"af2ec36\" data-element_type=\"widget\" data-widget_type=\"text-editor.default\">\n<div class=\"elementor-widget-container\">\n<p style=\"text-align: right;\">Adoptez le d\u00e9veloppement durable avec notre rev\u00eatement \u00e9cologique. Orientrise s'engage<\/p>\n<p style=\"text-align: right;\">\u00e0 la responsabilit\u00e9 environnementale, et nos sacs \u00e0 haschisch refl\u00e8tent cette philosophie. Les sacs de haschisch \u00e9co-<\/p>\n<p style=\"text-align: right;\">non seulement renforce la durabilit\u00e9 du sac, mais assure \u00e9galement la protection de l'environnement.<\/p>\n<p style=\"text-align: right;\">un impact minimal sur l'environnement, ce qui est conforme aux valeurs des entreprises soucieuses de l'environnement.<\/p>\n<p style=\"text-align: right;\">les extracteurs.<\/p>\n<hr \/>\n<p>&nbsp;<\/p>\n<\/div>\n<\/div>\n<\/div>\n<\/div>\n<\/div>\n<\/div>\n<\/div>","protected":false},"excerpt":{"rendered":"<p>Le Bubble Hash Bag 600D est con\u00e7u pour une durabilit\u00e9 et une efficacit\u00e9 in\u00e9gal\u00e9es. Fabriqu\u00e9 en tissu 600 deniers, il offre une solidit\u00e9 et une r\u00e9sistance exceptionnelles \u00e0 l'usure. Id\u00e9al pour un usage r\u00e9gulier et intensif, ce sac garantit une filtration et une puret\u00e9 constantes, ce qui en fait un choix de premier ordre pour les professionnels \u00e0 la recherche d'une performance fiable et durable.<\/p>","protected":false},"featured_media":1154,"template":"","meta":{"site-sidebar-layout":"default","site-content-layout":"default","ast-global-header-display":"","ast-main-header-display":"","ast-hfb-above-header-display":"","ast-hfb-below-header-display":"","ast-hfb-mobile-header-display":"","site-post-title":"","ast-breadcrumbs-content":"","ast-featured-img":"","footer-sml-layout":"","theme-transparent-header-meta":"default","adv-header-id-meta":"","stick-header-meta":"","header-above-stick-meta":"","header-main-stick-meta":"","header-below-stick-meta":""},"product_cat":[64],"product_tag":[],"class_list":["post-1139","product","type-product","status-publish","has-post-thumbnail","hentry","product_cat-bubble-hash-bag","desktop-align-left","tablet-align-left","mobile-align-left","ast-product-gallery-layout-vertical-slider","ast-product-gallery-with-no-image","ast-product-tabs-layout-horizontal"],"_links":{"self":[{"href":"https:\/\/www.fangofast.com\/fr\/wp-json\/wp\/v2\/product\/1139","targetHints":{"allow":["GET"]}}],"collection":[{"href":"https:\/\/www.fangofast.com\/fr\/wp-json\/wp\/v2\/product"}],"about":[{"href":"https:\/\/www.fangofast.com\/fr\/wp-json\/wp\/v2\/types\/product"}],"wp:featuredmedia":[{"embeddable":true,"href":"https:\/\/www.fangofast.com\/fr\/wp-json\/wp\/v2\/media\/1154"}],"wp:attachment":[{"href":"https:\/\/www.fangofast.com\/fr\/wp-json\/wp\/v2\/media?parent=1139"}],"wp:term":[{"taxonomy":"product_cat","embeddable":true,"href":"https:\/\/www.fangofast.com\/fr\/wp-json\/wp\/v2\/product_cat?post=1139"},{"taxonomy":"product_tag","embeddable":true,"href":"https:\/\/www.fangofast.com\/fr\/wp-json\/wp\/v2\/product_tag?post=1139"}],"curies":[{"name":"wp","href":"https:\/\/api.w.org\/{rel}","templated":true}]}}