{"id":1137,"date":"2024-07-16T10:31:54","date_gmt":"2024-07-16T02:31:54","guid":{"rendered":"https:\/\/www.fangofast.com\/?post_type=product&#038;p=1137"},"modified":"2024-07-17T14:40:02","modified_gmt":"2024-07-17T06:40:02","slug":"square-grow-bag","status":"publish","type":"product","link":"https:\/\/www.fangofast.com\/fr\/product\/square-grow-bag\/","title":{"rendered":"Sac de culture carr\u00e9"},"content":{"rendered":"<div class=\"elementor-element elementor-element-dba1d63 elementor-repeater-item-none elementor-repeater-item-none_hover elementor-widget elementor-widget-heading\" data-id=\"dba1d63\" data-element_type=\"widget\" data-widget_type=\"heading.default\">\n<div class=\"elementor-widget-container\">\n<h2 class=\"elementor-heading-title elementor-size-default\" style=\"text-align: right;\">Couture verrouill\u00e9e \u00e0 5 fils<\/h2>\n<\/div>\n<\/div>\n<div class=\"elementor-element elementor-element-28c867e elementor-repeater-item-none elementor-repeater-item-none_hover elementor-widget elementor-widget-text-editor\" data-id=\"28c867e\" data-element_type=\"widget\" data-widget_type=\"text-editor.default\">\n<div class=\"elementor-widget-container\">\n<p><img decoding=\"async\" class=\"size-medium wp-image-1133 alignleft\" style=\"text-align: right;\" src=\"https:\/\/www.fangofast.com\/wp-content\/uploads\/2024\/07\/grow-bag-f1-300x203.png\" alt=\"\" width=\"300\" height=\"203\" srcset=\"https:\/\/www.fangofast.com\/wp-content\/uploads\/2024\/07\/grow-bag-f1-300x203.png 300w, https:\/\/www.fangofast.com\/wp-content\/uploads\/2024\/07\/grow-bag-f1-18x12.png 18w, https:\/\/www.fangofast.com\/wp-content\/uploads\/2024\/07\/grow-bag-f1.png 510w\" sizes=\"(max-width: 300px) 100vw, 300px\" \/><\/p>\n<p style=\"text-align: right;\">Les sacs de culture d'Orientrise sont dot\u00e9s d'un syst\u00e8me de fermeture \u00e0 5 fils, un syst\u00e8me de fermeture robuste.<\/p>\n<p style=\"text-align: right;\">technique de construction qui am\u00e9liore consid\u00e9rablement la r\u00e9sistance du sac.<\/p>\n<p style=\"text-align: right;\">durabilit\u00e9 et dur\u00e9e de vie. Cette m\u00e9thode de couture avanc\u00e9e garantit<\/p>\n<p style=\"text-align: right;\">que les sacs r\u00e9sistent aux rigueurs d'une utilisation fr\u00e9quente, ce qui en fait un produit de choix.<\/p>\n<p style=\"text-align: right;\">un choix fiable pour les activit\u00e9s horticoles intensives.<\/p>\n<\/div>\n<\/div>\n<hr \/>\n<div class=\"elementor-element elementor-element-28c867e elementor-repeater-item-none elementor-repeater-item-none_hover elementor-widget elementor-widget-text-editor\" data-id=\"28c867e\" data-element_type=\"widget\" data-widget_type=\"text-editor.default\">\n<div class=\"elementor-widget-container\">\n<div class=\"elementor-element elementor-element-ea81737 e-con-full e-flex elementor-repeater-item-default_padding elementor-repeater-item-none elementor-repeater-item-none_hover e-con e-child\" data-id=\"ea81737\" data-element_type=\"container\" data-settings=\"{&quot;content_width&quot;:&quot;full&quot;,&quot;ang_container_spacing_size&quot;:&quot;default_padding&quot;}\">\n<div class=\"elementor-element elementor-element-a8ba43f elementor-repeater-item-none elementor-repeater-item-none_hover elementor-widget elementor-widget-heading\" data-id=\"a8ba43f\" data-element_type=\"widget\" data-widget_type=\"heading.default\">\n<div class=\"elementor-widget-container\">\n<h2 class=\"elementor-heading-title elementor-size-default\">X Sharp Sewing<\/h2>\n<p><img decoding=\"async\" class=\"size-medium wp-image-1134 alignright\" style=\"font-style: inherit; font-weight: inherit;\" src=\"https:\/\/www.fangofast.com\/wp-content\/uploads\/2024\/07\/grow-bag-f2-300x203.png\" alt=\"\" width=\"300\" height=\"203\" srcset=\"https:\/\/www.fangofast.com\/wp-content\/uploads\/2024\/07\/grow-bag-f2-300x203.png 300w, https:\/\/www.fangofast.com\/wp-content\/uploads\/2024\/07\/grow-bag-f2-18x12.png 18w, https:\/\/www.fangofast.com\/wp-content\/uploads\/2024\/07\/grow-bag-f2.png 510w\" sizes=\"(max-width: 300px) 100vw, 300px\" \/><\/p>\n<\/div>\n<p style=\"font-size: 16px;\"><span style=\"font-size: 16px;\">Notre technique de couture X Sharp offre une pr\u00e9cision et une r\u00e9sistance accrues.<\/span><\/p>\n<\/div>\n<div class=\"elementor-element elementor-element-cd5c669 elementor-repeater-item-none elementor-repeater-item-none_hover elementor-widget elementor-widget-text-editor\" data-id=\"cd5c669\" data-element_type=\"widget\" data-widget_type=\"text-editor.default\">\n<div class=\"elementor-widget-container\">\n<p>de la force dans chaque couture. Cette approche m\u00e9ticuleuse de la couture<\/p>\n<\/div>\n<p>garantit que chaque sac de culture conserve sa forme et son int\u00e9grit\u00e9 sous l'effet de la chaleur.<\/p>\n<p>charges lourdes, ce qui permet d'assurer la constance de la qualit\u00e9 des produits.<span style=\"font-size: 16px;\">t de performance et de fiabilit\u00e9.<\/span><\/p>\n<p>&nbsp;<\/p>\n<\/div>\n<hr \/>\n<\/div>\n<div class=\"elementor-element elementor-element-ec9e07f e-con-full e-flex elementor-repeater-item-default_padding elementor-repeater-item-none elementor-repeater-item-none_hover e-con e-child\" data-id=\"ec9e07f\" data-element_type=\"container\" data-settings=\"{&quot;content_width&quot;:&quot;full&quot;,&quot;ang_container_spacing_size&quot;:&quot;default_padding&quot;}\">\n<div class=\"elementor-element elementor-element-45839ce external_elementor-repeater-item-none_external elementor-repeater-item-none elementor-repeater-item-none_hover elementor-widget elementor-widget-image\" data-id=\"45839ce\" data-element_type=\"widget\" data-widget_type=\"image.default\">\n<div class=\"elementor-element elementor-element-5bd6d76 elementor-repeater-item-none elementor-repeater-item-none_hover elementor-widget elementor-widget-heading\" data-id=\"5bd6d76\" data-element_type=\"widget\" data-widget_type=\"heading.default\">\n<div class=\"elementor-widget-container\">\n<h2 class=\"elementor-heading-title elementor-size-default\" style=\"text-align: right;\"><img decoding=\"async\" class=\"size-medium wp-image-1135 alignleft\" src=\"https:\/\/www.fangofast.com\/wp-content\/uploads\/2024\/07\/grow-bag-f3-300x203.png\" alt=\"\" width=\"300\" height=\"203\" srcset=\"https:\/\/www.fangofast.com\/wp-content\/uploads\/2024\/07\/grow-bag-f3-300x203.png 300w, https:\/\/www.fangofast.com\/wp-content\/uploads\/2024\/07\/grow-bag-f3-18x12.png 18w, https:\/\/www.fangofast.com\/wp-content\/uploads\/2024\/07\/grow-bag-f3.png 510w\" sizes=\"(max-width: 300px) 100vw, 300px\" \/>Poign\u00e9es robustes<\/h2>\n<\/div>\n<\/div>\n<div class=\"elementor-element elementor-element-7ba003c elementor-repeater-item-none elementor-repeater-item-none_hover elementor-widget elementor-widget-text-editor\" data-id=\"7ba003c\" data-element_type=\"widget\" data-widget_type=\"text-editor.default\">\n<div class=\"elementor-widget-container\" data-wp-editing=\"1\">\n<p style=\"text-align: right;\">Con\u00e7us avec des poign\u00e9es robustes, nos sacs de culture sont faciles \u00e0 manipuler.<\/p>\n<p style=\"text-align: right;\">mouvement et de la manipulation. Les poign\u00e9es renforc\u00e9es sont con\u00e7ues pour<\/p>\n<p style=\"text-align: right;\">supportent des poids importants, ce qui rend le transport des plantes plus difficile.<\/p>\n<p style=\"text-align: right;\">sans effort et efficace pour les jardiniers comme pour les producteurs commerciaux.<\/p>\n<\/div>\n<\/div>\n<\/div>\n<\/div>\n<\/div>\n<\/div>\n<p>&nbsp;<\/p>\n<hr \/>\n<div class=\"elementor-element elementor-element-28c867e elementor-repeater-item-none elementor-repeater-item-none_hover elementor-widget elementor-widget-text-editor\" data-id=\"28c867e\" data-element_type=\"widget\" data-widget_type=\"text-editor.default\">\n<div class=\"elementor-widget-container\">\n<div class=\"elementor-element elementor-element-ec9e07f e-con-full e-flex elementor-repeater-item-default_padding elementor-repeater-item-none elementor-repeater-item-none_hover e-con e-child\" data-id=\"ec9e07f\" data-element_type=\"container\" data-settings=\"{&quot;content_width&quot;:&quot;full&quot;,&quot;ang_container_spacing_size&quot;:&quot;default_padding&quot;}\">\n<div class=\"elementor-element elementor-element-45839ce external_elementor-repeater-item-none_external elementor-repeater-item-none elementor-repeater-item-none_hover elementor-widget elementor-widget-image\" data-id=\"45839ce\" data-element_type=\"widget\" data-widget_type=\"image.default\">\n<div class=\"elementor-element elementor-element-7ba003c elementor-repeater-item-none elementor-repeater-item-none_hover elementor-widget elementor-widget-text-editor\" data-id=\"7ba003c\" data-element_type=\"widget\" data-widget_type=\"text-editor.default\">\n<div class=\"elementor-widget-container\" data-wp-editing=\"1\">\n<div class=\"elementor-element elementor-element-1690c84 elementor-repeater-item-none elementor-repeater-item-none_hover elementor-widget elementor-widget-heading\" data-id=\"1690c84\" data-element_type=\"widget\" data-widget_type=\"heading.default\">\n<div class=\"elementor-widget-container\">\n<h2 class=\"elementor-heading-title elementor-size-default\">Fond renforc\u00e9<img decoding=\"async\" class=\"size-medium wp-image-1136 alignright\" style=\"text-align: right; font-size: 16px; font-weight: 400;\" src=\"https:\/\/www.fangofast.com\/wp-content\/uploads\/2024\/07\/grow-bag-f4-300x203.png\" alt=\"\" width=\"300\" height=\"203\" srcset=\"https:\/\/www.fangofast.com\/wp-content\/uploads\/2024\/07\/grow-bag-f4-300x203.png 300w, https:\/\/www.fangofast.com\/wp-content\/uploads\/2024\/07\/grow-bag-f4-18x12.png 18w, https:\/\/www.fangofast.com\/wp-content\/uploads\/2024\/07\/grow-bag-f4.png 510w\" sizes=\"(max-width: 300px) 100vw, 300px\" \/><\/h2>\n<\/div>\n<\/div>\n<div class=\"elementor-element elementor-element-753ec9b elementor-repeater-item-none elementor-repeater-item-none_hover elementor-widget elementor-widget-text-editor\" data-id=\"753ec9b\" data-element_type=\"widget\" data-widget_type=\"text-editor.default\">\n<div class=\"elementor-widget-container\">\n<p>Le fond renforc\u00e9 de nos sacs de culture offre un niveau de s\u00e9curit\u00e9 in\u00e9gal\u00e9.<\/p>\n<p>stabilit\u00e9 et soutien. Cette caract\u00e9ristique garantit que les sacs restent<\/p>\n<p>et conservent leur forme, \u00e9vitant ainsi l'affaissement et la perte de poids.<\/p>\n<p>facilitant les conditions optimales de croissance des plantes.<\/p>\n<hr \/>\n<\/div>\n<\/div>\n<\/div>\n<\/div>\n<\/div>\n<p>&nbsp;<\/p>\n<\/div>\n<\/div>\n<\/div>","protected":false},"excerpt":{"rendered":"<p>Les caract\u00e9ristiques avanc\u00e9es de nos sacs de culture<br \/>\nLes sacs de culture de Fangofast sont con\u00e7us avec des caract\u00e9ristiques avanc\u00e9es pour r\u00e9pondre aux exigences rigoureuses des grossistes et des marques d'horticulture. Mettant l'accent sur la qualit\u00e9, l'efficacit\u00e9 et la durabilit\u00e9, nos sacs int\u00e8grent des mat\u00e9riaux de pointe et des conceptions innovantes. Ces caract\u00e9ristiques garantissent la durabilit\u00e9, une croissance optimale des plantes et une forte repr\u00e9sentation de votre marque, soulignant notre engagement \u00e0 \u00e9lever votre entreprise sur le march\u00e9 concurrentiel.<\/p>","protected":false},"featured_media":1138,"template":"","meta":{"site-sidebar-layout":"default","site-content-layout":"default","ast-global-header-display":"","ast-main-header-display":"","ast-hfb-above-header-display":"","ast-hfb-below-header-display":"","ast-hfb-mobile-header-display":"","site-post-title":"","ast-breadcrumbs-content":"","ast-featured-img":"","footer-sml-layout":"","theme-transparent-header-meta":"default","adv-header-id-meta":"","stick-header-meta":"","header-above-stick-meta":"","header-main-stick-meta":"","header-below-stick-meta":""},"product_cat":[63],"product_tag":[],"class_list":["post-1137","product","type-product","status-publish","has-post-thumbnail","hentry","product_cat-grow-bag","desktop-align-left","tablet-align-left","mobile-align-left","ast-product-gallery-layout-vertical-slider","ast-product-gallery-with-no-image","ast-product-tabs-layout-horizontal"],"_links":{"self":[{"href":"https:\/\/www.fangofast.com\/fr\/wp-json\/wp\/v2\/product\/1137","targetHints":{"allow":["GET"]}}],"collection":[{"href":"https:\/\/www.fangofast.com\/fr\/wp-json\/wp\/v2\/product"}],"about":[{"href":"https:\/\/www.fangofast.com\/fr\/wp-json\/wp\/v2\/types\/product"}],"wp:featuredmedia":[{"embeddable":true,"href":"https:\/\/www.fangofast.com\/fr\/wp-json\/wp\/v2\/media\/1138"}],"wp:attachment":[{"href":"https:\/\/www.fangofast.com\/fr\/wp-json\/wp\/v2\/media?parent=1137"}],"wp:term":[{"taxonomy":"product_cat","embeddable":true,"href":"https:\/\/www.fangofast.com\/fr\/wp-json\/wp\/v2\/product_cat?post=1137"},{"taxonomy":"product_tag","embeddable":true,"href":"https:\/\/www.fangofast.com\/fr\/wp-json\/wp\/v2\/product_tag?post=1137"}],"curies":[{"name":"wp","href":"https:\/\/api.w.org\/{rel}","templated":true}]}}