{"id":1122,"date":"2024-07-15T17:50:28","date_gmt":"2024-07-15T09:50:28","guid":{"rendered":"https:\/\/www.fangofast.com\/?post_type=product&#038;p=1122"},"modified":"2024-07-17T11:27:16","modified_gmt":"2024-07-17T03:27:16","slug":"stackable-drying-rack","status":"publish","type":"product","link":"https:\/\/www.fangofast.com\/fr\/product\/stackable-drying-rack\/","title":{"rendered":"S\u00e9choir empilable"},"content":{"rendered":"<div class=\"elementor-element elementor-element-8f78dbb e-con-full elementor-repeater-item-none elementor-repeater-item-none_hover e-flex elementor-repeater-item-default_padding e-con e-child\" data-id=\"8f78dbb\" data-element_type=\"container\" data-settings=\"{&quot;content_width&quot;:&quot;full&quot;,&quot;ang_container_spacing_size&quot;:&quot;default_padding&quot;}\">\n<div class=\"elementor-element elementor-element-f9f9ae6 elementor-repeater-item-none elementor-repeater-item-none_hover elementor-widget elementor-widget-heading\" data-id=\"f9f9ae6\" data-element_type=\"widget\" data-widget_type=\"heading.default\">\n<div class=\"elementor-widget-container\">\n<hr \/>\n<h2 class=\"elementor-heading-title elementor-size-default\">Crochets de suspension en velcro<\/h2>\n<\/div>\n<\/div>\n<div class=\"elementor-element elementor-element-7143f9d elementor-repeater-item-none elementor-repeater-item-none_hover elementor-widget elementor-widget-text-editor\" data-id=\"7143f9d\" data-element_type=\"widget\" data-widget_type=\"text-editor.default\">\n<div class=\"elementor-widget-container\">\n<p>Le s\u00e9chage des herbes d'Orientrise permet une installation sans probl\u00e8me.<\/p>\n<p><img decoding=\"async\" class=\"alignright\" style=\"font-style: inherit; font-weight: inherit;\" src=\"https:\/\/www.fangofast.com\/wp-content\/uploads\/2024\/07\/dr-feature-1-300x203.png\" alt=\"\" width=\"300\" height=\"203\" \/><span style=\"font-size: 16px;\">\u00e9quip\u00e9s de crochets de suspension en velcro. Con\u00e7us pour faciliter et<\/span><\/p>\n<\/div>\n<p>Ces crochets garantissent la s\u00e9curit\u00e9 et permettent de maintenir fermement en place les claies de s\u00e9chage,<\/p>\n<p>offrant un environnement de s\u00e9chage stable et fiable pour vos herbes.<\/p>\n<\/div>\n<\/div>\n<div class=\"elementor-element elementor-element-446c44b e-con-full elementor-repeater-item-none elementor-repeater-item-none_hover e-flex elementor-repeater-item-default_padding e-con e-child\" data-id=\"446c44b\" data-element_type=\"container\" data-settings=\"{&quot;content_width&quot;:&quot;full&quot;,&quot;ang_container_spacing_size&quot;:&quot;default_padding&quot;}\">\n<div class=\"elementor-element elementor-element-2c485ac external_elementor-repeater-item-none_external elementor-repeater-item-none elementor-repeater-item-none_hover elementor-widget elementor-widget-image\" data-id=\"2c485ac\" data-element_type=\"widget\" data-widget_type=\"image.default\">\n<div class=\"elementor-element elementor-element-ac40c26 elementor-repeater-item-none elementor-repeater-item-none_hover elementor-widget elementor-widget-heading\" data-id=\"ac40c26\" data-element_type=\"widget\" data-widget_type=\"heading.default\">\n<div class=\"elementor-widget-container\">\n<hr \/>\n<h2 class=\"elementor-heading-title elementor-size-default\" style=\"text-align: right;\">Couvercle imperm\u00e9able<\/h2>\n<\/div>\n<\/div>\n<div class=\"elementor-element elementor-element-908082b elementor-repeater-item-none elementor-repeater-item-none_hover elementor-widget elementor-widget-text-editor\" data-id=\"908082b\" data-element_type=\"widget\" data-widget_type=\"text-editor.default\">\n<div class=\"elementor-widget-container\">\n<p style=\"text-align: right;\">Orientrise am\u00e9liore le s\u00e9chage des herbes gr\u00e2ce \u00e0 des couvercles imperm\u00e9ables,<\/p>\n<p style=\"text-align: right;\"><img decoding=\"async\" class=\"size-medium wp-image-1111 alignleft\" style=\"font-style: inherit; font-weight: inherit;\" src=\"https:\/\/www.fangofast.com\/wp-content\/uploads\/2024\/07\/dr-feature-3-300x203.png\" alt=\"\" width=\"300\" height=\"203\" srcset=\"https:\/\/www.fangofast.com\/wp-content\/uploads\/2024\/07\/dr-feature-3-300x203.png 300w, https:\/\/www.fangofast.com\/wp-content\/uploads\/2024\/07\/dr-feature-3-18x12.png 18w, https:\/\/www.fangofast.com\/wp-content\/uploads\/2024\/07\/dr-feature-3.png 510w\" sizes=\"(max-width: 300px) 100vw, 300px\" \/>en veillant \u00e0 ce que vos herbes soient prot\u00e9g\u00e9es de l'humidit\u00e9 et des agressions ext\u00e9rieures.<\/p>\n<p style=\"text-align: right;\">\u00e9l\u00e9ments. Ce dispositif de protection maintient le s\u00e9chage id\u00e9al.<\/p>\n<p style=\"text-align: right;\">Les conditions d'\u00e9levage sont tr\u00e8s difficiles, ce qui permet de pr\u00e9server la qualit\u00e9 et l'essence de vos plantes m\u00e9dicinales.<\/p>\n<hr \/>\n<div class=\"elementor-element elementor-element-a1b3b97 e-con-full elementor-repeater-item-none elementor-repeater-item-none_hover e-flex elementor-repeater-item-default_padding e-con e-child\" data-id=\"a1b3b97\" data-element_type=\"container\" data-settings=\"{&quot;content_width&quot;:&quot;full&quot;,&quot;ang_container_spacing_size&quot;:&quot;default_padding&quot;}\">\n<div class=\"elementor-element elementor-element-eb453f6 elementor-repeater-item-none elementor-repeater-item-none_hover elementor-widget elementor-widget-heading\" data-id=\"eb453f6\" data-element_type=\"widget\" data-widget_type=\"heading.default\">\n<div class=\"elementor-widget-container\">\n<h2 class=\"elementor-heading-title elementor-size-default\">Maille respirante \u00e9cologique<\/h2>\n<\/div>\n<\/div>\n<div class=\"elementor-element elementor-element-fdcc629 elementor-repeater-item-none elementor-repeater-item-none_hover elementor-widget elementor-widget-text-editor\" data-id=\"fdcc629\" data-element_type=\"widget\" data-widget_type=\"text-editor.default\">\n<div class=\"elementor-widget-container\">\n<p>Nos s\u00e9choirs \u00e0 herbes aromatiques sont dot\u00e9s d'un rev\u00eatement respirant respectueux de l'environnement.<\/p>\n<p>Le tissu en maille filet favorise une circulation optimale de l'air tout en \u00e9tant respectueux de la plan\u00e8te.<\/p>\n<p>Cette conception respectueuse de l'environnement permet un s\u00e9chage homog\u00e8ne, pr\u00e9servant ainsi la qualit\u00e9 de l'eau.<img decoding=\"async\" class=\"size-medium wp-image-1113 alignright\" style=\"font-style: inherit; font-weight: inherit;\" src=\"https:\/\/www.fangofast.com\/wp-content\/uploads\/2024\/07\/dr-feature-2-300x203.png\" alt=\"\" width=\"300\" height=\"203\" srcset=\"https:\/\/www.fangofast.com\/wp-content\/uploads\/2024\/07\/dr-feature-2-300x203.png 300w, https:\/\/www.fangofast.com\/wp-content\/uploads\/2024\/07\/dr-feature-2-18x12.png 18w, https:\/\/www.fangofast.com\/wp-content\/uploads\/2024\/07\/dr-feature-2.png 510w\" sizes=\"(max-width: 300px) 100vw, 300px\" \/><\/p>\n<p>les propri\u00e9t\u00e9s naturelles de vos plantes, et en garantissant une qualit\u00e9 de premier ordre en<\/p>\n<p>chaque lot.<\/p>\n<\/div>\n<\/div>\n<\/div>\n<\/div>\n<\/div>\n<\/div>\n<\/div>\n<div class=\"elementor-element elementor-element-485e496 external_elementor-repeater-item-none_external elementor-repeater-item-none elementor-repeater-item-none_hover elementor-widget elementor-widget-image\" data-id=\"485e496\" data-element_type=\"widget\" data-widget_type=\"image.default\"><\/div>\n<div data-id=\"485e496\" data-element_type=\"widget\" data-widget_type=\"image.default\"><\/div>\n<div data-id=\"485e496\" data-element_type=\"widget\" data-widget_type=\"image.default\"><\/div>\n<div data-id=\"485e496\" data-element_type=\"widget\" data-widget_type=\"image.default\">\n<p>-<\/p>\n<hr \/>\n<\/div>\n<div data-id=\"485e496\" data-element_type=\"widget\" data-widget_type=\"image.default\"><\/div>","protected":false},"excerpt":{"rendered":"<p>Entrez dans le monde du s\u00e9chage avanc\u00e9 des herbes avec les claies de s\u00e9chage soigneusement con\u00e7ues par Fangofast. Con\u00e7us pour r\u00e9pondre aux normes \u00e9lev\u00e9es des grossistes et des marques horticoles, nos s\u00e9choirs assurent une circulation efficace de l'air et des conditions de s\u00e9chage optimales. Dot\u00e9s d'options personnalisables et d'une construction robuste, ils sont con\u00e7us pour s'adapter \u00e0 une grande vari\u00e9t\u00e9 de types et de volumes d'herbes. Id\u00e9ales pour pr\u00e9server la qualit\u00e9 et maximiser l'espace, les \u00e9tag\u00e8res de s\u00e9chage d'herbes Fangofast sont la fusion parfaite de l'aspect pratique et de la qualit\u00e9 de fabrication, \u00e9tablissant une nouvelle norme dans l'industrie du s\u00e9chage d'herbes.<\/p>","protected":false},"featured_media":1124,"template":"","meta":{"site-sidebar-layout":"default","site-content-layout":"default","ast-global-header-display":"","ast-main-header-display":"","ast-hfb-above-header-display":"","ast-hfb-below-header-display":"","ast-hfb-mobile-header-display":"","site-post-title":"","ast-breadcrumbs-content":"","ast-featured-img":"","footer-sml-layout":"","theme-transparent-header-meta":"default","adv-header-id-meta":"","stick-header-meta":"","header-above-stick-meta":"","header-main-stick-meta":"","header-below-stick-meta":""},"product_cat":[60],"product_tag":[],"class_list":["post-1122","product","type-product","status-publish","has-post-thumbnail","hentry","product_cat-drying-rack","desktop-align-left","tablet-align-left","mobile-align-left","ast-product-gallery-layout-vertical-slider","ast-product-gallery-with-no-image","ast-product-tabs-layout-horizontal"],"_links":{"self":[{"href":"https:\/\/www.fangofast.com\/fr\/wp-json\/wp\/v2\/product\/1122","targetHints":{"allow":["GET"]}}],"collection":[{"href":"https:\/\/www.fangofast.com\/fr\/wp-json\/wp\/v2\/product"}],"about":[{"href":"https:\/\/www.fangofast.com\/fr\/wp-json\/wp\/v2\/types\/product"}],"wp:featuredmedia":[{"embeddable":true,"href":"https:\/\/www.fangofast.com\/fr\/wp-json\/wp\/v2\/media\/1124"}],"wp:attachment":[{"href":"https:\/\/www.fangofast.com\/fr\/wp-json\/wp\/v2\/media?parent=1122"}],"wp:term":[{"taxonomy":"product_cat","embeddable":true,"href":"https:\/\/www.fangofast.com\/fr\/wp-json\/wp\/v2\/product_cat?post=1122"},{"taxonomy":"product_tag","embeddable":true,"href":"https:\/\/www.fangofast.com\/fr\/wp-json\/wp\/v2\/product_tag?post=1122"}],"curies":[{"name":"wp","href":"https:\/\/api.w.org\/{rel}","templated":true}]}}