{"id":801,"date":"2024-05-25T11:38:19","date_gmt":"2024-05-25T03:38:19","guid":{"rendered":"http:\/\/www.fangofast.com\/?post_type=product&#038;p=801"},"modified":"2024-05-25T11:38:19","modified_gmt":"2024-05-25T03:38:19","slug":"ceiling-register-5","status":"publish","type":"product","link":"https:\/\/www.fangofast.com\/es\/product\/ceiling-register-5\/","title":{"rendered":"Registro de techo"},"content":{"rendered":"<table>\n<tbody>\n<tr>\n<td width=\"281\">Fabricante<\/td>\n<td width=\"281\">FanGoFast<\/td>\n<\/tr>\n<tr>\n<td width=\"281\">Dimensiones del producto<\/td>\n<td width=\"281\">25,4 x 15,24 x 3,99 cm; 340 g<\/td>\n<\/tr>\n<tr>\n<td width=\"281\">N\u00famero de modelo del art\u00edculo<\/td>\n<td width=\"281\">10\u00d76<\/td>\n<\/tr>\n<tr>\n<td width=\"281\">Talla<\/td>\n<td width=\"281\">10\u00d76<\/td>\n<\/tr>\n<tr>\n<td width=\"281\">Color<\/td>\n<td width=\"281\">Blanco roto<\/td>\n<\/tr>\n<tr>\n<td width=\"281\">Material<\/td>\n<td width=\"281\">Pl\u00e1stico ABS<\/td>\n<\/tr>\n<tr>\n<td width=\"281\">Componentes incluidos<\/td>\n<td width=\"281\">1\u00d7Registro de techo , 2\u00d7Tornillos<\/td>\n<\/tr>\n<tr>\n<td width=\"281\">\u00bfPilas incluidas?<\/td>\n<td width=\"281\">No<\/td>\n<\/tr>\n<tr>\n<td width=\"281\">\u00bfNecesita pilas?<\/td>\n<td width=\"281\">No<\/td>\n<\/tr>\n<tr>\n<td width=\"281\">Peso del art\u00edculo<\/td>\n<td width=\"281\">340 g<\/td>\n<\/tr>\n<\/tbody>\n<\/table>\n<p>&nbsp;<\/p>\n<p>&nbsp;<\/p>\n<ul>\n<li>Tama\u00f1o del producto de la cubierta del respiradero: Por favor, compruebe el tama\u00f1o de Registers Vents de su conducto cuadrado antes de comprar. Aseg\u00farese de que sus dimensiones coinciden con nuestras dimensiones del conducto trasero. Tama\u00f1o del panel: 31cmx19.5cm (12inch x 7.7inch); Tama\u00f1o del conducto trasero: 24.5cmx14.5cm (9.65inch x 5.7inch); Altura del conducto: 3.5cm \/ 1.4inch.Packed con dos tornillos (Por favor, compruebe antes de la instalaci\u00f3n).El color de la cubierta de ventilaci\u00f3n es al azar, a diferencia de blanco puro, pero pertenece a la gama blanca.<\/li>\n<li>Rejillas de ventilaci\u00f3n de pl\u00e1stico ABS: La cubierta de la rejilla de ventilaci\u00f3n de Registers est\u00e1 hecha de material pl\u00e1stico ABS de alta calidad. Decora tu habitaci\u00f3n con superficie lisa y brillante, tambi\u00e9n se limpia f\u00e1cilmente.<\/li>\n<li>Dise\u00f1o de 3 v\u00edas: La rejilla de apertura cubre es de 3 v\u00edas de dise\u00f1o, el aire sopla en tres direcciones con ajuste manual.<\/li>\n<li>Ajustador manual: Un ajustador manual est\u00e1 en el lado derecho de la caja registradora, puede presionar hacia arriba \/ abajo el bot\u00f3n para ajustar.<\/li>\n<li>Sistema de ventilaci\u00f3n de aire. Ideal como cubierta de rejillas de ventilaci\u00f3n de entrada para expulsar el aire viciado, los olores, los olores al exterior.<\/li>\n<\/ul>","protected":false},"excerpt":{"rendered":"<p>Manufacturer \u200eFanGoFast Product Dimensions \u200e25.4 x 15.24 x 3.99 cm; 340 g Item model number \u200e10\u00d76 Size \u200e10\u00d76 Colour \u200eOff-white Material \u200eABS plastic Included Components \u200e1\u00d7Ceiling Register , 2\u00d7Screws Batteries included? \u200eNo Batteries Required? \u200eNo Item Weight \u200e340 g &nbsp; &nbsp; Vent Cover Product Size: Please check the Registers Vents size of your square duct &hellip;<\/p>\n<p class=\"read-more\"> <a class=\"\" href=\"https:\/\/www.fangofast.com\/es\/product\/ceiling-register-5\/\"> <span class=\"screen-reader-text\">Registro de techo<\/span> Leer m\u00e1s \u00bb<\/a><\/p>","protected":false},"featured_media":807,"template":"","meta":{"site-sidebar-layout":"default","site-content-layout":"default","ast-global-header-display":"","ast-main-header-display":"","ast-hfb-above-header-display":"","ast-hfb-below-header-display":"","ast-hfb-mobile-header-display":"","site-post-title":"","ast-breadcrumbs-content":"","ast-featured-img":"","footer-sml-layout":"","theme-transparent-header-meta":"default","adv-header-id-meta":"","stick-header-meta":"","header-above-stick-meta":"","header-main-stick-meta":"","header-below-stick-meta":""},"product_cat":[49],"product_tag":[],"class_list":["post-801","product","type-product","status-publish","has-post-thumbnail","hentry","product_cat-ceiling-register","desktop-align-left","tablet-align-left","mobile-align-left","ast-product-gallery-layout-vertical-slider","ast-product-tabs-layout-horizontal"],"_links":{"self":[{"href":"https:\/\/www.fangofast.com\/es\/wp-json\/wp\/v2\/product\/801","targetHints":{"allow":["GET"]}}],"collection":[{"href":"https:\/\/www.fangofast.com\/es\/wp-json\/wp\/v2\/product"}],"about":[{"href":"https:\/\/www.fangofast.com\/es\/wp-json\/wp\/v2\/types\/product"}],"wp:featuredmedia":[{"embeddable":true,"href":"https:\/\/www.fangofast.com\/es\/wp-json\/wp\/v2\/media\/807"}],"wp:attachment":[{"href":"https:\/\/www.fangofast.com\/es\/wp-json\/wp\/v2\/media?parent=801"}],"wp:term":[{"taxonomy":"product_cat","embeddable":true,"href":"https:\/\/www.fangofast.com\/es\/wp-json\/wp\/v2\/product_cat?post=801"},{"taxonomy":"product_tag","embeddable":true,"href":"https:\/\/www.fangofast.com\/es\/wp-json\/wp\/v2\/product_tag?post=801"}],"curies":[{"name":"wp","href":"https:\/\/api.w.org\/{rel}","templated":true}]}}