{"id":798,"date":"2024-05-25T11:37:55","date_gmt":"2024-05-25T03:37:55","guid":{"rendered":"http:\/\/www.fangofast.com\/?post_type=product&#038;p=798"},"modified":"2024-05-25T11:37:55","modified_gmt":"2024-05-25T03:37:55","slug":"ceiling-register-4","status":"publish","type":"product","link":"https:\/\/www.fangofast.com\/es\/product\/ceiling-register-4\/","title":{"rendered":"Registro de techo"},"content":{"rendered":"<table>\n<tbody>\n<tr>\n<td width=\"279\">Fabricante<\/td>\n<td width=\"279\">FanGoFast<\/td>\n<\/tr>\n<tr>\n<td width=\"279\">N\u00famero de pieza<\/td>\n<td width=\"279\">3SW<\/td>\n<\/tr>\n<tr>\n<td width=\"279\">Dimensiones del producto<\/td>\n<td width=\"279\">30,48 x 3,81 x 25,4 cm; 408 g<\/td>\n<\/tr>\n<tr>\n<td width=\"279\">N\u00famero de modelo del art\u00edculo<\/td>\n<td width=\"279\">3SW<\/td>\n<\/tr>\n<tr>\n<td width=\"279\">Talla<\/td>\n<td width=\"279\">10\u00d78<\/td>\n<\/tr>\n<tr>\n<td width=\"279\">Color<\/td>\n<td width=\"279\">Blanco c\u00e1lido<\/td>\n<\/tr>\n<tr>\n<td width=\"279\">Componentes incluidos<\/td>\n<td width=\"279\">1\u00d7Registro de techo , 2\u00d7Tornillos<\/td>\n<\/tr>\n<tr>\n<td width=\"279\">\u00bfPilas incluidas?<\/td>\n<td width=\"279\">No<\/td>\n<\/tr>\n<tr>\n<td width=\"279\">\u00bfNecesita pilas?<\/td>\n<td width=\"279\">No<\/td>\n<\/tr>\n<tr>\n<td width=\"279\">Peso del art\u00edculo<\/td>\n<td width=\"279\">408 g<\/td>\n<\/tr>\n<\/tbody>\n<\/table>\n<p>&nbsp;<\/p>\n<ul>\n<li>Tama\u00f1o del producto: Por favor, compruebe el tama\u00f1o de su conducto cuadrado antes de comprar. Aseg\u00farese de que sus dimensiones coinciden con nuestras dimensiones del conducto trasero. Tama\u00f1o del panel: 298mm x 249mm (11.75inch x 9.8inch); Tama\u00f1o del conducto trasero: 246cm x 195mm (9.7inch x 7.65inch); Altura del conducto: 34mm \/ 1.35inch).Embalado con dos tornillos (Por favor, compruebe antes de la instalaci\u00f3n).<\/li>\n<li>Pl\u00e1stico ABS: La cubierta de ventilaci\u00f3n est\u00e1 hecha de material pl\u00e1stico ABS de alta calidad. Decora tu habitaci\u00f3n con superficie lisa y brillante, tambi\u00e9n se limpia f\u00e1cilmente.<\/li>\n<li>Dise\u00f1o de 3 v\u00edas: La rejilla de apertura cubre es de 3 v\u00edas de dise\u00f1o, el aire sopla en tres direcciones con ajuste manual.<\/li>\n<li>Ajustador manual: Un ajustador manual est\u00e1 en el lado derecho de la caja registradora, puede presionar hacia arriba \/ abajo el bot\u00f3n para ajustar.<\/li>\n<li>Amplia aplicaci\u00f3n: Se permite el montaje en techo \/ pared lateral para conectar su HVAC, sistema de ventilaci\u00f3n de aire. Ideal como una cubierta de ventilaci\u00f3n de entrada para agotar el aire malo, olores, olores al exterior.<\/li>\n<\/ul>","protected":false},"excerpt":{"rendered":"<p>Manufacturer \u200eFanGoFast Part Number \u200e3SW Product Dimensions \u200e30.48 x 3.81 x 25.4 cm; 408 g Item model number \u200e3SW Size \u200e10\u00d78 Colour \u200eWarm White Included Components \u200e1\u00d7Ceiling Register , 2\u00d7Screws Batteries included? \u200eNo Batteries Required? \u200eNo Item Weight \u200e408 g &nbsp; Product Size: Please check the size of your square duct before purchasing. Make sure &hellip;<\/p>\n<p class=\"read-more\"> <a class=\"\" href=\"https:\/\/www.fangofast.com\/es\/product\/ceiling-register-4\/\"> <span class=\"screen-reader-text\">Registro de techo<\/span> Leer m\u00e1s \u00bb<\/a><\/p>","protected":false},"featured_media":799,"template":"","meta":{"site-sidebar-layout":"default","site-content-layout":"default","ast-global-header-display":"","ast-main-header-display":"","ast-hfb-above-header-display":"","ast-hfb-below-header-display":"","ast-hfb-mobile-header-display":"","site-post-title":"","ast-breadcrumbs-content":"","ast-featured-img":"","footer-sml-layout":"","theme-transparent-header-meta":"default","adv-header-id-meta":"","stick-header-meta":"","header-above-stick-meta":"","header-main-stick-meta":"","header-below-stick-meta":""},"product_cat":[49],"product_tag":[],"class_list":["post-798","product","type-product","status-publish","has-post-thumbnail","hentry","product_cat-ceiling-register","desktop-align-left","tablet-align-left","mobile-align-left","ast-product-gallery-layout-vertical-slider","ast-product-tabs-layout-horizontal"],"_links":{"self":[{"href":"https:\/\/www.fangofast.com\/es\/wp-json\/wp\/v2\/product\/798","targetHints":{"allow":["GET"]}}],"collection":[{"href":"https:\/\/www.fangofast.com\/es\/wp-json\/wp\/v2\/product"}],"about":[{"href":"https:\/\/www.fangofast.com\/es\/wp-json\/wp\/v2\/types\/product"}],"wp:featuredmedia":[{"embeddable":true,"href":"https:\/\/www.fangofast.com\/es\/wp-json\/wp\/v2\/media\/799"}],"wp:attachment":[{"href":"https:\/\/www.fangofast.com\/es\/wp-json\/wp\/v2\/media?parent=798"}],"wp:term":[{"taxonomy":"product_cat","embeddable":true,"href":"https:\/\/www.fangofast.com\/es\/wp-json\/wp\/v2\/product_cat?post=798"},{"taxonomy":"product_tag","embeddable":true,"href":"https:\/\/www.fangofast.com\/es\/wp-json\/wp\/v2\/product_tag?post=798"}],"curies":[{"name":"wp","href":"https:\/\/api.w.org\/{rel}","templated":true}]}}