{"id":786,"date":"2024-05-25T11:37:05","date_gmt":"2024-05-25T03:37:05","guid":{"rendered":"http:\/\/www.fangofast.com\/?post_type=product&#038;p=786"},"modified":"2024-05-25T11:37:07","modified_gmt":"2024-05-25T03:37:07","slug":"ceiling-register-3","status":"publish","type":"product","link":"https:\/\/www.fangofast.com\/es\/product\/ceiling-register-3\/","title":{"rendered":"Registro de techo"},"content":{"rendered":"<table>\n<tbody>\n<tr>\n<td width=\"273\">Fabricante<\/td>\n<td width=\"274\">FanGoFast<\/td>\n<\/tr>\n<tr>\n<td width=\"273\">Dimensiones del producto<\/td>\n<td width=\"274\">25,4 x 15,24 x 3,99 cm; 372 g<\/td>\n<\/tr>\n<tr>\n<td width=\"273\">N\u00famero de modelo del art\u00edculo<\/td>\n<td width=\"274\">12*6<\/td>\n<\/tr>\n<tr>\n<td width=\"273\">Talla<\/td>\n<td width=\"274\">12\u00d76<\/td>\n<\/tr>\n<tr>\n<td width=\"273\">Color<\/td>\n<td width=\"274\">Blanco<\/td>\n<\/tr>\n<tr>\n<td width=\"273\">Estilo<\/td>\n<td width=\"274\">Moderno<\/td>\n<\/tr>\n<tr>\n<td width=\"273\">Material<\/td>\n<td width=\"274\">Pl\u00e1stico, acrilonitrilo butadieno estireno<\/td>\n<\/tr>\n<tr>\n<td width=\"273\">Vatios<\/td>\n<td width=\"274\">5 vatios<\/td>\n<\/tr>\n<tr>\n<td width=\"273\">Longitud de la hoja<\/td>\n<td width=\"274\">3 pulgadas<\/td>\n<\/tr>\n<tr>\n<td width=\"273\">Componentes incluidos<\/td>\n<td width=\"274\">Cord\u00f3n<\/td>\n<\/tr>\n<tr>\n<td width=\"273\">\u00bfPilas incluidas?<\/td>\n<td width=\"274\">No<\/td>\n<\/tr>\n<tr>\n<td width=\"273\">\u00bfNecesita pilas?<\/td>\n<td width=\"274\">No<\/td>\n<\/tr>\n<tr>\n<td width=\"273\">Peso del art\u00edculo<\/td>\n<td width=\"274\">372 g<\/td>\n<\/tr>\n<\/tbody>\n<\/table>\n<p>&nbsp;<\/p>\n<ul>\n<li>Tama\u00f1o del producto: Por favor, compruebe el registro de techo de tama\u00f1o de su conducto cuadrado antes de comprar. Aseg\u00farese de que sus dimensiones coinciden con nuestras dimensiones del conducto trasero. Tama\u00f1o del panel: 34.9cm x 20.2cm (13.75inch x 7.95inch); Tama\u00f1o del conducto trasero: 29.6cm x 14.6cm (11.65inch x 5.75inch); Altura del conducto: 3.4cm \/ 1.35inch).Embalado con dos tornillos (Por favor, compruebe antes de la instalaci\u00f3n).El color de la cubierta de ventilaci\u00f3n es al azar, a diferencia de blanco puro, Pero pertenece a la gama de blanco. Y por favor, tenga en cuenta que el material de la rejilla de ventilaci\u00f3n de techo es de pl\u00e1stico, por favor, compre seg\u00fan sea necesario.<\/li>\n<li>Ventilaci\u00f3n de aire de pl\u00e1stico ABS: Las cubiertas de ventilaci\u00f3n est\u00e1n hechas de material pl\u00e1stico ABS de alta calidad. Decora tu habitaci\u00f3n con superficie lisa y brillante, tambi\u00e9n se limpia f\u00e1cilmente.<\/li>\n<li>Cubierta de ventilaci\u00f3n de dise\u00f1o de 3 v\u00edas: La rejilla de apertura cubre es de 3 v\u00edas de dise\u00f1o, el aire sopla en tres direcciones con ajuste manual.<\/li>\n<li>Ajustador manual: Un ajustador manual est\u00e1 en el lado derecho de la caja registradora, puede presionar hacia arriba \/ abajo el bot\u00f3n para ajustar.<\/li>\n<li>Amplia aplicaci\u00f3n: Se permite el montaje en techo \/ pared lateral para conectar su HVAC, sistema de ventilaci\u00f3n de aire. Ideal como una cubierta de ventilaci\u00f3n de entrada para agotar el aire malo, olores, olores al exterior.<\/li>\n<\/ul>","protected":false},"excerpt":{"rendered":"<p>Manufacturer \u200eFanGoFast Product Dimensions \u200e25.4 x 15.24 x 3.99 cm; 372 g Item model number \u200e12*6 Size \u200e12\u00d76 Colour \u200eWhite Style \u200eModern Material \u200ePlastic, Acrylonitrile Butadiene Styrene Wattage \u200e5 watts Blade length \u200e3 Inches Included Components \u200eCord Batteries included? \u200eNo Batteries Required? \u200eNo Item Weight \u200e372 g &nbsp; Air Vent Product Size: Please check the &hellip;<\/p>\n<p class=\"read-more\"> <a class=\"\" href=\"https:\/\/www.fangofast.com\/es\/product\/ceiling-register-3\/\"> <span class=\"screen-reader-text\">Registro de techo<\/span> Leer m\u00e1s \u00bb<\/a><\/p>","protected":false},"featured_media":789,"template":"","meta":{"site-sidebar-layout":"default","site-content-layout":"default","ast-global-header-display":"","ast-main-header-display":"","ast-hfb-above-header-display":"","ast-hfb-below-header-display":"","ast-hfb-mobile-header-display":"","site-post-title":"","ast-breadcrumbs-content":"","ast-featured-img":"","footer-sml-layout":"","theme-transparent-header-meta":"default","adv-header-id-meta":"","stick-header-meta":"","header-above-stick-meta":"","header-main-stick-meta":"","header-below-stick-meta":""},"product_cat":[49],"product_tag":[],"class_list":["post-786","product","type-product","status-publish","has-post-thumbnail","hentry","product_cat-ceiling-register","desktop-align-left","tablet-align-left","mobile-align-left","ast-product-gallery-layout-vertical-slider","ast-product-tabs-layout-horizontal"],"_links":{"self":[{"href":"https:\/\/www.fangofast.com\/es\/wp-json\/wp\/v2\/product\/786","targetHints":{"allow":["GET"]}}],"collection":[{"href":"https:\/\/www.fangofast.com\/es\/wp-json\/wp\/v2\/product"}],"about":[{"href":"https:\/\/www.fangofast.com\/es\/wp-json\/wp\/v2\/types\/product"}],"wp:featuredmedia":[{"embeddable":true,"href":"https:\/\/www.fangofast.com\/es\/wp-json\/wp\/v2\/media\/789"}],"wp:attachment":[{"href":"https:\/\/www.fangofast.com\/es\/wp-json\/wp\/v2\/media?parent=786"}],"wp:term":[{"taxonomy":"product_cat","embeddable":true,"href":"https:\/\/www.fangofast.com\/es\/wp-json\/wp\/v2\/product_cat?post=786"},{"taxonomy":"product_tag","embeddable":true,"href":"https:\/\/www.fangofast.com\/es\/wp-json\/wp\/v2\/product_tag?post=786"}],"curies":[{"name":"wp","href":"https:\/\/api.w.org\/{rel}","templated":true}]}}