{"id":775,"date":"2024-05-25T11:36:59","date_gmt":"2024-05-25T03:36:59","guid":{"rendered":"http:\/\/www.fangofast.com\/?post_type=product&#038;p=775"},"modified":"2024-05-25T11:37:00","modified_gmt":"2024-05-25T03:37:00","slug":"ceiling-register-2","status":"publish","type":"product","link":"https:\/\/www.fangofast.com\/es\/product\/ceiling-register-2\/","title":{"rendered":"Registro de techo"},"content":{"rendered":"<table>\n<tbody>\n<tr>\n<td width=\"277\">Fabricante<\/td>\n<td width=\"278\">FanGoFast<\/td>\n<\/tr>\n<tr>\n<td width=\"277\">N\u00famero de pieza<\/td>\n<td width=\"278\">JSFKB-4\u00d710-3P-US<\/td>\n<\/tr>\n<tr>\n<td width=\"277\">Dimensiones del producto<\/td>\n<td width=\"278\">25,4 x 10,16 x 3,05 cm; 1,36 kg<\/td>\n<\/tr>\n<tr>\n<td width=\"277\">N\u00famero de modelo del art\u00edculo<\/td>\n<td width=\"278\">JSFKB-4\u00d710-3P-US<\/td>\n<\/tr>\n<tr>\n<td width=\"277\">Color<\/td>\n<td width=\"278\">Marr\u00f3n<\/td>\n<\/tr>\n<tr>\n<td width=\"277\">Material<\/td>\n<td width=\"278\">Metal<\/td>\n<\/tr>\n<tr>\n<td width=\"277\">Componentes incluidos<\/td>\n<td width=\"278\">NO<\/td>\n<\/tr>\n<tr>\n<td width=\"277\">\u00bfPilas incluidas?<\/td>\n<td width=\"278\">No<\/td>\n<\/tr>\n<tr>\n<td width=\"277\">\u00bfNecesita pilas?<\/td>\n<td width=\"278\">No<\/td>\n<\/tr>\n<tr>\n<td width=\"277\">Peso del art\u00edculo<\/td>\n<td width=\"278\">1,36 kg<\/td>\n<\/tr>\n<\/tbody>\n<\/table>\n<p>&nbsp;<\/p>\n<ul>\n<li>Tama\u00f1o de la abertura del conducto 4 in \u00d7 10 in: El tama\u00f1o indicado en la rejilla de ventilaci\u00f3n del suelo corresponde al tama\u00f1o de la abertura de la tuber\u00eda. Por favor, tome las medidas de la abertura de la tuber\u00eda en la habitaci\u00f3n antes de la compra y pida el tama\u00f1o correcto. Nota: Mida el interior de la abertura del conducto en pulgadas. No mida el tama\u00f1o total del conducto de ventilaci\u00f3n.<\/li>\n<li>Rejillas de ventilaci\u00f3n de suelo met\u00e1licas:100% totalmente nuevas y de alta calidad. Hecho de material de hierro de alta calidad, fuerte y durable, no es f\u00e1cil de romper o deformar, y se puede utilizar durante mucho tiempo.<\/li>\n<li>Decorativo: La apariencia de la rejilla de ventilaci\u00f3n es limpia y concisa, lo que no s\u00f3lo permite la circulaci\u00f3n del aire, sino que tambi\u00e9n desempe\u00f1a un papel decorativo en la habitaci\u00f3n.<\/li>\n<li>F\u00e1cil de ajustar: La rejilla de ventilaci\u00f3n del suelo con v\u00e1lvula de retenci\u00f3n ajustable se puede ajustar f\u00e1cilmente; cuando la v\u00e1lvula est\u00e1 cerrada, puede evitar eficazmente que salga el aire acondicionado.<\/li>\n<li>F\u00e1cil de instalar, no requiere herramientas: La instalaci\u00f3n es sencilla, no se necesitan herramientas adicionales y se puede completar en pocos minutos.<\/li>\n<\/ul>","protected":false},"excerpt":{"rendered":"<p>Manufacturer \u200eFanGoFast Part Number \u200eJSFKB-4\u00d710-3P-US Product Dimensions \u200e25.4 x 10.16 x 3.05 cm; 1.36 kg Item model number \u200eJSFKB-4\u00d710-3P-US Colour \u200eBrown Material \u200eMetal Included Components \u200eNO Batteries included? \u200eNo Batteries Required? \u200eNo Item Weight \u200e1.36 kg &nbsp; 4 in \u00d7 10 in duct opening size: The size indicated on the floor vent corresponds to the &hellip;<\/p>\n<p class=\"read-more\"> <a class=\"\" href=\"https:\/\/www.fangofast.com\/es\/product\/ceiling-register-2\/\"> <span class=\"screen-reader-text\">Registro de techo<\/span> Leer m\u00e1s \u00bb<\/a><\/p>","protected":false},"featured_media":783,"template":"","meta":{"site-sidebar-layout":"default","site-content-layout":"default","ast-global-header-display":"","ast-main-header-display":"","ast-hfb-above-header-display":"","ast-hfb-below-header-display":"","ast-hfb-mobile-header-display":"","site-post-title":"","ast-breadcrumbs-content":"","ast-featured-img":"","footer-sml-layout":"","theme-transparent-header-meta":"default","adv-header-id-meta":"","stick-header-meta":"","header-above-stick-meta":"","header-main-stick-meta":"","header-below-stick-meta":""},"product_cat":[49],"product_tag":[],"class_list":["post-775","product","type-product","status-publish","has-post-thumbnail","hentry","product_cat-ceiling-register","desktop-align-left","tablet-align-left","mobile-align-left","ast-product-gallery-layout-vertical-slider","ast-product-tabs-layout-horizontal"],"_links":{"self":[{"href":"https:\/\/www.fangofast.com\/es\/wp-json\/wp\/v2\/product\/775","targetHints":{"allow":["GET"]}}],"collection":[{"href":"https:\/\/www.fangofast.com\/es\/wp-json\/wp\/v2\/product"}],"about":[{"href":"https:\/\/www.fangofast.com\/es\/wp-json\/wp\/v2\/types\/product"}],"wp:featuredmedia":[{"embeddable":true,"href":"https:\/\/www.fangofast.com\/es\/wp-json\/wp\/v2\/media\/783"}],"wp:attachment":[{"href":"https:\/\/www.fangofast.com\/es\/wp-json\/wp\/v2\/media?parent=775"}],"wp:term":[{"taxonomy":"product_cat","embeddable":true,"href":"https:\/\/www.fangofast.com\/es\/wp-json\/wp\/v2\/product_cat?post=775"},{"taxonomy":"product_tag","embeddable":true,"href":"https:\/\/www.fangofast.com\/es\/wp-json\/wp\/v2\/product_tag?post=775"}],"curies":[{"name":"wp","href":"https:\/\/api.w.org\/{rel}","templated":true}]}}