{"id":742,"date":"2024-05-25T11:29:26","date_gmt":"2024-05-25T03:29:26","guid":{"rendered":"http:\/\/www.fangofast.com\/?post_type=product&#038;p=742"},"modified":"2024-05-25T11:29:26","modified_gmt":"2024-05-25T03:29:26","slug":"qrxf-max","status":"publish","type":"product","link":"https:\/\/www.fangofast.com\/es\/product\/qrxf-max\/","title":{"rendered":"QRXF m\u00e1x"},"content":{"rendered":"<p><img decoding=\"async\" class=\"alignnone size-full wp-image-749\" src=\"http:\/\/www.fangofast.com\/wp-content\/uploads\/2024\/05\/QRXF-max1.png\" alt=\"\" width=\"1363\" height=\"410\" srcset=\"https:\/\/www.fangofast.com\/wp-content\/uploads\/2024\/05\/QRXF-max1.png 1363w, https:\/\/www.fangofast.com\/wp-content\/uploads\/2024\/05\/QRXF-max1-300x90.png 300w, https:\/\/www.fangofast.com\/wp-content\/uploads\/2024\/05\/QRXF-max1-1024x308.png 1024w, https:\/\/www.fangofast.com\/wp-content\/uploads\/2024\/05\/QRXF-max1-768x231.png 768w, https:\/\/www.fangofast.com\/wp-content\/uploads\/2024\/05\/QRXF-max1-600x180.png 600w\" sizes=\"(max-width: 1363px) 100vw, 1363px\" \/> <img decoding=\"async\" class=\"alignnone size-full wp-image-750\" src=\"http:\/\/www.fangofast.com\/wp-content\/uploads\/2024\/05\/QRXF-max2.png\" alt=\"\" width=\"1514\" height=\"504\" srcset=\"https:\/\/www.fangofast.com\/wp-content\/uploads\/2024\/05\/QRXF-max2.png 1514w, https:\/\/www.fangofast.com\/wp-content\/uploads\/2024\/05\/QRXF-max2-300x100.png 300w, https:\/\/www.fangofast.com\/wp-content\/uploads\/2024\/05\/QRXF-max2-1024x341.png 1024w, https:\/\/www.fangofast.com\/wp-content\/uploads\/2024\/05\/QRXF-max2-768x256.png 768w, https:\/\/www.fangofast.com\/wp-content\/uploads\/2024\/05\/QRXF-max2-600x200.png 600w\" sizes=\"(max-width: 1514px) 100vw, 1514px\" \/> <img decoding=\"async\" class=\"alignnone size-full wp-image-751\" src=\"http:\/\/www.fangofast.com\/wp-content\/uploads\/2024\/05\/QRXF-max3.png\" alt=\"\" width=\"1509\" height=\"560\" srcset=\"https:\/\/www.fangofast.com\/wp-content\/uploads\/2024\/05\/QRXF-max3.png 1509w, https:\/\/www.fangofast.com\/wp-content\/uploads\/2024\/05\/QRXF-max3-300x111.png 300w, https:\/\/www.fangofast.com\/wp-content\/uploads\/2024\/05\/QRXF-max3-1024x380.png 1024w, https:\/\/www.fangofast.com\/wp-content\/uploads\/2024\/05\/QRXF-max3-768x285.png 768w, https:\/\/www.fangofast.com\/wp-content\/uploads\/2024\/05\/QRXF-max3-600x223.png 600w\" sizes=\"(max-width: 1509px) 100vw, 1509px\" \/><\/p>","protected":false},"excerpt":{"rendered":"<ul>\n<li>Ahorro de energ\u00eda<\/li>\n<\/ul>\n<p>Motor de cobre con rodamiento de bolas de alta calidad Bajo nivel de ruido con volumen de aire estable<\/p>\n<ul>\n<li>Filtro<\/li>\n<\/ul>\n<p>Gran cantidad de \ufb01ltro de recuperaci\u00f3n de calor E\ufb00ectively eliminar la mayor\u00eda de las sustancias nocivas y olores en el aire.<\/p>\n<ul>\n<li>Dise\u00f1o de unidad delgada<\/li>\n<\/ul>\n<p>Carcasa m\u00e1s fina hasta 20CM Ahorro de espacio<\/p>\n<ul>\n<li>F\u00e1cil mantenimiento<\/li>\n<\/ul>\n<p>Mantener el dise\u00f1o F\u00e1cil comprobaci\u00f3n del motor y sustituci\u00f3n del filtro<\/p>","protected":false},"featured_media":745,"template":"","meta":{"site-sidebar-layout":"default","site-content-layout":"default","ast-global-header-display":"","ast-main-header-display":"","ast-hfb-above-header-display":"","ast-hfb-below-header-display":"","ast-hfb-mobile-header-display":"","site-post-title":"","ast-breadcrumbs-content":"","ast-featured-img":"","footer-sml-layout":"","theme-transparent-header-meta":"default","adv-header-id-meta":"","stick-header-meta":"","header-above-stick-meta":"","header-main-stick-meta":"","header-below-stick-meta":""},"product_cat":[40],"product_tag":[],"class_list":["post-742","product","type-product","status-publish","has-post-thumbnail","hentry","product_cat-commercial-heat-recovery-unit-qrxf-max","desktop-align-left","tablet-align-left","mobile-align-left","ast-product-gallery-layout-vertical-slider","ast-product-tabs-layout-horizontal"],"_links":{"self":[{"href":"https:\/\/www.fangofast.com\/es\/wp-json\/wp\/v2\/product\/742","targetHints":{"allow":["GET"]}}],"collection":[{"href":"https:\/\/www.fangofast.com\/es\/wp-json\/wp\/v2\/product"}],"about":[{"href":"https:\/\/www.fangofast.com\/es\/wp-json\/wp\/v2\/types\/product"}],"wp:featuredmedia":[{"embeddable":true,"href":"https:\/\/www.fangofast.com\/es\/wp-json\/wp\/v2\/media\/745"}],"wp:attachment":[{"href":"https:\/\/www.fangofast.com\/es\/wp-json\/wp\/v2\/media?parent=742"}],"wp:term":[{"taxonomy":"product_cat","embeddable":true,"href":"https:\/\/www.fangofast.com\/es\/wp-json\/wp\/v2\/product_cat?post=742"},{"taxonomy":"product_tag","embeddable":true,"href":"https:\/\/www.fangofast.com\/es\/wp-json\/wp\/v2\/product_tag?post=742"}],"curies":[{"name":"wp","href":"https:\/\/api.w.org\/{rel}","templated":true}]}}