{"id":717,"date":"2024-05-25T11:26:00","date_gmt":"2024-05-25T03:26:00","guid":{"rendered":"http:\/\/www.fangofast.com\/?post_type=product&#038;p=717"},"modified":"2024-05-25T11:26:00","modified_gmt":"2024-05-25T03:26:00","slug":"100mm-axial-fan-kit","status":"publish","type":"product","link":"https:\/\/www.fangofast.com\/es\/product\/100mm-axial-fan-kit\/","title":{"rendered":"Kit de ventilador axial de 100 mm"},"content":{"rendered":"<table>\n<tbody>\n<tr>\n<td width=\"136\"><strong><b>Marca<\/b><\/strong><\/td>\n<td width=\"434\">FanGoFast<\/td>\n<\/tr>\n<tr>\n<td width=\"136\"><strong><b>Color <\/b><\/strong><\/td>\n<td width=\"434\">Negro<\/td>\n<\/tr>\n<tr>\n<td width=\"136\"><strong><b>Fuente de energ\u00eda<\/b><\/strong><\/td>\n<td width=\"434\">Cable el\u00e9ctrico<\/td>\n<\/tr>\n<tr>\n<td width=\"136\"><strong><b>Estilo<\/b><\/strong><\/td>\n<td width=\"434\">Ventilador axial de 100 mm Kit<\/td>\n<\/tr>\n<tr>\n<td width=\"136\"><strong><b>Dimensiones del producto<\/b><\/strong><\/td>\n<td width=\"434\">15d x 17w x 29.5h cent\u00edmetros<\/td>\n<\/tr>\n<tr>\n<td width=\"136\"><strong><b>Tipo<\/b><\/strong><\/td>\n<td width=\"434\">Garaje, despacho, comedor<\/td>\n<\/tr>\n<tr>\n<td width=\"136\"><strong><b>Especificaci\u00f3n de caracter\u00edsticas especiales:<\/b><\/strong><\/td>\n<td width=\"434\">Especificaciones: voltaje: 220-240V; frecuencia: 50\/60Hz; potencia: 18W; velocidad: 2700 RPM; caudal de aire: 153m\u00b3\/h. Rango de temperatura de funcionamiento: -20\u2103-70\u2103(-4\u2109-158\u2109). PR\u00c1CTICO KIT de ventilador AXIAL de 100MM: el KIT se embala con 1 x ventilador AXIAL, 1 x manguera de PVC y dos abrazaderas. Un paquete de tornillos (paquete de cuatro) gratis. El tubo del canal es de aproximadamente 6 pulgadas de di\u00e1metro \/ 2 metros de longitud (6.5ft). Materiales de alta calidad: la carcasa del ventilador tubular silencioso de 100 mm es de aluminio con revestimiento negro mate, ligero pero fuerte y resistente al \u00f3xido. A diferencia de otros ventiladores de pl\u00e1stico, que est\u00e1n sujetos a roturas y no son duraderos. La carcasa met\u00e1lica exterior evita da\u00f1os accidentales. Ventilador AXIAL 2 en 1: FanGoFast ha desarrollado este ventilador de vaina basado en los ventiladores AC Muffin, puede usar la vaina dentro o quitarla. Permite utilizar el ventilador en diferentes ambientes, incluso cambiar el tama\u00f1o tradicional de cuadrado a redondo. Ideal para un nuevo principiante en el cultivo de plantas con una peque\u00f1a tienda de campa\u00f1a. , motor de bolas lubricado: el motor del ventilador tubular axial tiene un rodamiento de bolas lubricado permanentemente que funciona silenciosamente y no requiere mantenimiento. Adecuado para espacios verdes, \u00e1ticos, habitaciones de hospital, refrigeraci\u00f3n comercial y aplicaciones industriales.<\/td>\n<\/tr>\n<tr>\n<td width=\"136\"><strong><b>USOS recomendados del producto<\/b><\/strong><\/td>\n<td width=\"434\">Agotador<\/td>\n<\/tr>\n<tr>\n<td width=\"136\"><strong><b>P<\/b><\/strong><strong><b>ower <\/b><\/strong><\/td>\n<td width=\"434\">18 vatios<\/td>\n<\/tr>\n<tr>\n<td width=\"136\"><strong><b>Tensi\u00f3n<\/b><\/strong><\/td>\n<td width=\"434\">220<\/td>\n<\/tr>\n<\/tbody>\n<\/table>\n<p>&nbsp;<\/p>\n<ul>\n<li>Especificaciones: Voltaje :220-240V; Frecuencia :50\/60Hz; Grados :6W; Velocidad :3200 RPM; Presi\u00f3n de aire :180m\u00b3\/ h. Betriebstemperaturbereich: -20\u2103-70\u2103(-4\u2109-158\u2109).<\/li>\n<li>Material de alta calidad: La carcasa tubular del ventilador de 100 mm est\u00e1 compuesta de aluminio ligero y revestimiento MAT negro, que es robusto y no se oxida. A diferencia de otros ventiladores de pl\u00e1stico, se rompen con facilidad y no son duraderos. La carcasa met\u00e1lica evita da\u00f1os accidentales.<\/li>\n<li>Motores de v\u00e1lvulas de bola lubricados: Los motores de ventilador de flujo axial tienen cojinetes de v\u00e1lvula de bola lubricados permanentemente que funcionan de forma silenciosa y no requieren mantenimiento. Adecuados para espacios verdes, lofts, hospitales, refrigeraci\u00f3n comercial y aplicaciones industriales.<\/li>\n<li>Bajo consumo de energ\u00eda y alta eficiencia: Ventilador tubular incorporado, lubricado, motor con rodamiento de bolas, haciendo que el ventilador funcione de forma m\u00e1s estable. Tiene las ventajas de alta presi\u00f3n de aire, gran volumen de aire, alta eficiencia, bajo consumo de energ\u00eda y bajo ruido. El ventilador adopta el principio del mecanismo de flujo de aire para lograr el mejor flujo de aire y presi\u00f3n del viento.<\/li>\n<li>Kit utilitario para sintonizador de TV con ventilaci\u00f3n axial de 100MM: Este kit incluye 1 ventilador axial, 1 tubo de PVC y 2 clips. Un paquete gratuito de tornillos (cuatro paquetes). El tubo tiene un di\u00e1metro aproximado de 6 pulgadas \/ 2 metros.<\/li>\n<\/ul>","protected":false},"excerpt":{"rendered":"<p>Brand FanGoFast Color Black Power Source Electric cable Style 100 mm axial fan Kit Product Dimensions 15d x 17w x 29.5h centimeters Type Garage, home office, dining room Special feature specification: Specification: voltage: 220-240V; Frequency: 50\/60Hz; Power :18W; Speed: 2700 RPM; Air flow rate :153m\u00b3\/h. Operating temperature range: -20\u2103-70\u2103(-4\u2109-158\u2109). PRACTICAL 100MM AXIAL fan KIT: the &hellip;<\/p>\n<p class=\"read-more\"> <a class=\"\" href=\"https:\/\/www.fangofast.com\/es\/product\/100mm-axial-fan-kit\/\"> <span class=\"screen-reader-text\">Kit de ventilador axial de 100 mm<\/span> Leer m\u00e1s \u00bb<\/a><\/p>","protected":false},"featured_media":722,"template":"","meta":{"site-sidebar-layout":"default","site-content-layout":"default","ast-global-header-display":"","ast-main-header-display":"","ast-hfb-above-header-display":"","ast-hfb-below-header-display":"","ast-hfb-mobile-header-display":"","site-post-title":"","ast-breadcrumbs-content":"","ast-featured-img":"","footer-sml-layout":"","theme-transparent-header-meta":"default","adv-header-id-meta":"","stick-header-meta":"","header-above-stick-meta":"","header-main-stick-meta":"","header-below-stick-meta":""},"product_cat":[38],"product_tag":[],"class_list":["post-717","product","type-product","status-publish","has-post-thumbnail","hentry","product_cat-axial-inline-fan","desktop-align-left","tablet-align-left","mobile-align-left","ast-product-gallery-layout-vertical-slider","ast-product-tabs-layout-horizontal"],"_links":{"self":[{"href":"https:\/\/www.fangofast.com\/es\/wp-json\/wp\/v2\/product\/717","targetHints":{"allow":["GET"]}}],"collection":[{"href":"https:\/\/www.fangofast.com\/es\/wp-json\/wp\/v2\/product"}],"about":[{"href":"https:\/\/www.fangofast.com\/es\/wp-json\/wp\/v2\/types\/product"}],"wp:featuredmedia":[{"embeddable":true,"href":"https:\/\/www.fangofast.com\/es\/wp-json\/wp\/v2\/media\/722"}],"wp:attachment":[{"href":"https:\/\/www.fangofast.com\/es\/wp-json\/wp\/v2\/media?parent=717"}],"wp:term":[{"taxonomy":"product_cat","embeddable":true,"href":"https:\/\/www.fangofast.com\/es\/wp-json\/wp\/v2\/product_cat?post=717"},{"taxonomy":"product_tag","embeddable":true,"href":"https:\/\/www.fangofast.com\/es\/wp-json\/wp\/v2\/product_tag?post=717"}],"curies":[{"name":"wp","href":"https:\/\/api.w.org\/{rel}","templated":true}]}}