{"id":710,"date":"2024-05-25T11:25:06","date_gmt":"2024-05-25T03:25:06","guid":{"rendered":"http:\/\/www.fangofast.com\/?post_type=product&#038;p=710"},"modified":"2024-05-25T11:25:07","modified_gmt":"2024-05-25T03:25:07","slug":"150mm-axial-fan-kit","status":"publish","type":"product","link":"https:\/\/www.fangofast.com\/es\/product\/150mm-axial-fan-kit\/","title":{"rendered":"Kit de ventilador axial de 150 mm"},"content":{"rendered":"<table>\n<tbody>\n<tr>\n<td width=\"136\"><strong><b>Marca<\/b><\/strong><\/td>\n<td width=\"434\">FanGoFast<\/td>\n<\/tr>\n<tr>\n<td width=\"136\"><strong><b>Color <\/b><\/strong><\/td>\n<td width=\"434\">Negro<\/td>\n<\/tr>\n<tr>\n<td width=\"136\"><strong><b>potencia<\/b><\/strong><\/td>\n<td width=\"434\">Cable el\u00e9ctrico<\/td>\n<\/tr>\n<tr>\n<td width=\"136\"><strong><b>Estilo<\/b><\/strong><\/td>\n<td width=\"434\">Ventilador axial de 150 mm Kit<\/td>\n<\/tr>\n<tr>\n<td width=\"136\"><strong><b>Dimensiones del producto<\/b><\/strong><\/td>\n<td width=\"434\">19.5d x 21w x 38h cent\u00edmetros<\/td>\n<\/tr>\n<tr>\n<td width=\"136\"><strong><b>Tipo <\/b><\/strong><\/td>\n<td width=\"434\">Garaje, despacho, comedor<\/td>\n<\/tr>\n<tr>\n<td width=\"136\"><strong><b>Reportaje especial<\/b><\/strong><\/td>\n<td width=\"434\">Especificaciones: Voltaje: 220-240V; Frecuencia: 50\/60Hz; Potencia: 36W; Velocidad: 2500 RPM; Caudal de aire: 334m\u00b3\/h. Rango de temperatura de funcionamiento: -20\u2103-70\u2103(-4\u2109-158\u2109). , materiales de alta calidad: el centro del ventilador axial est\u00e1 hecho de pl\u00e1stico duro moldeado por inyecci\u00f3n de una sola pieza. Ambos extremos est\u00e1n hechos de material ABS negro resistente a la corrosi\u00f3n. Pl\u00e1stico ABS de alta calidad, excelente mano de obra y durabilidad. , motor de bolas lubricado: el motor del ventilador tubular axial tiene un rodamiento de bolas lubricado permanentemente que funciona silenciosamente y no requiere mantenimiento. Adecuado para espacios verdes, \u00e1ticos, habitaciones de hospital, refrigeraci\u00f3n comercial y aplicaciones industriales. VENTILADOR AXIAL DE 150MM KIT PR\u00c1CTICO: el KIT incluye 1 ventilador AXIAL, 1 manguera de PVC y dos abrazaderas. Un paquete de tornillos (paquete de cuatro) gratis. El tubo del canal tiene aproximadamente 6 pulgadas de di\u00e1metro \/ 3 metros de longitud (9,8 pies). Ventilador AXIAL 2 en 1: FanGoFast ha desarrollado este ventilador de vaina basado en los ventiladores AC Muffin, puede utilizar la vaina dentro o quitarla. Permite utilizar el ventilador en diferentes ambientes, incluso cambiar el tama\u00f1o tradicional cuadrado a redondo. Ideal para un nuevo principiante en el cultivo de plantas con una peque\u00f1a tienda de campa\u00f1a.<\/td>\n<\/tr>\n<tr>\n<td width=\"136\"><strong><b>USOS recomendados del producto<\/b><\/strong><\/td>\n<td width=\"434\">Agotador<\/td>\n<\/tr>\n<tr>\n<td width=\"136\"><strong><b>Nivel sonoro<\/b><\/strong><\/td>\n<td width=\"434\">40 dB<\/td>\n<\/tr>\n<\/tbody>\n<\/table>\n<p>&nbsp;<\/p>\n<ul>\n<li>Especificaciones: Voltaje :220-240V; Frecuencia :50\/60Hz; Grados :36W; Velocidad :2500 RPM; Presi\u00f3n de aire :334m\u00b3\/ h. Betriebstemperaturbereich: -20\u2103-70\u2103(-4\u2109-158\u2109).<\/li>\n<li>Materiales de alta calidad: El centro del ventilador axial est\u00e1 hecho de pl\u00e1stico duro moldeado por inyecci\u00f3n de una sola pieza. Ambos extremos est\u00e1n hechos de material ABS negro anticorrosi\u00f3n. Pl\u00e1stico ABS de alta calidad, excelente tecnolog\u00eda, larga vida \u00fatil.<\/li>\n<li>Motores de v\u00e1lvulas de bola lubricados: Los motores de ventilador de flujo axial tienen cojinetes de v\u00e1lvula de bola lubricados permanentemente que funcionan de forma silenciosa y no requieren mantenimiento. Adecuados para espacios verdes, lofts, hospitales, refrigeraci\u00f3n comercial y aplicaciones industriales.<\/li>\n<li>Bajo consumo de energ\u00eda y alta eficiencia: Ventilador tubular incorporado, lubricado, motor con rodamiento de bolas, haciendo que el ventilador funcione de forma m\u00e1s estable. Tiene las ventajas de alta presi\u00f3n de aire, gran volumen de aire, alta eficiencia, bajo consumo de energ\u00eda y bajo ruido. El ventilador est\u00e1 dise\u00f1ado seg\u00fan el principio del mecanismo de flujo de aire para lograr el mejor flujo de aire y presi\u00f3n del viento.<\/li>\n<li>Kit utilitario para sintonizador de TV con ventilaci\u00f3n axial de 150MM: Este kit incluye 1 ventilador axial, 1 tubo de PVC y 2 abrazaderas. Un paquete gratuito de tornillos (cuatro paquetes). El tubo tiene unas 6 pulgadas de di\u00e1metro y unos 3 metros de largo.<\/li>\n<\/ul>","protected":false},"excerpt":{"rendered":"<p>Brand FanGoFast Color Black power Electric cable Style 150\u00a0mm axial fan Kit Dimensions of the product 19.5d x 21w x 38h centimeters Type Garage, home office, dining room Special feature Specification: voltage: 220-240V; Frequency: 50\/60Hz; Power :36W; Speed: 2500 RPM; Air flow :334m\u00b3\/h. Operating temperature range: -20\u2103-70\u2103(-4\u2109-158\u2109). , high quality materials: the center of the &hellip;<\/p>\n<p class=\"read-more\"> <a class=\"\" href=\"https:\/\/www.fangofast.com\/es\/product\/150mm-axial-fan-kit\/\"> <span class=\"screen-reader-text\">Kit de ventilador axial de 150 mm<\/span> Leer m\u00e1s \u00bb<\/a><\/p>","protected":false},"featured_media":715,"template":"","meta":{"site-sidebar-layout":"default","site-content-layout":"default","ast-global-header-display":"","ast-main-header-display":"","ast-hfb-above-header-display":"","ast-hfb-below-header-display":"","ast-hfb-mobile-header-display":"","site-post-title":"","ast-breadcrumbs-content":"","ast-featured-img":"","footer-sml-layout":"","theme-transparent-header-meta":"default","adv-header-id-meta":"","stick-header-meta":"","header-above-stick-meta":"","header-main-stick-meta":"","header-below-stick-meta":""},"product_cat":[38],"product_tag":[],"class_list":["post-710","product","type-product","status-publish","has-post-thumbnail","hentry","product_cat-axial-inline-fan","desktop-align-left","tablet-align-left","mobile-align-left","ast-product-gallery-layout-vertical-slider","ast-product-tabs-layout-horizontal"],"_links":{"self":[{"href":"https:\/\/www.fangofast.com\/es\/wp-json\/wp\/v2\/product\/710","targetHints":{"allow":["GET"]}}],"collection":[{"href":"https:\/\/www.fangofast.com\/es\/wp-json\/wp\/v2\/product"}],"about":[{"href":"https:\/\/www.fangofast.com\/es\/wp-json\/wp\/v2\/types\/product"}],"wp:featuredmedia":[{"embeddable":true,"href":"https:\/\/www.fangofast.com\/es\/wp-json\/wp\/v2\/media\/715"}],"wp:attachment":[{"href":"https:\/\/www.fangofast.com\/es\/wp-json\/wp\/v2\/media?parent=710"}],"wp:term":[{"taxonomy":"product_cat","embeddable":true,"href":"https:\/\/www.fangofast.com\/es\/wp-json\/wp\/v2\/product_cat?post=710"},{"taxonomy":"product_tag","embeddable":true,"href":"https:\/\/www.fangofast.com\/es\/wp-json\/wp\/v2\/product_tag?post=710"}],"curies":[{"name":"wp","href":"https:\/\/api.w.org\/{rel}","templated":true}]}}