{"id":705,"date":"2024-05-25T11:24:24","date_gmt":"2024-05-25T03:24:24","guid":{"rendered":"http:\/\/www.fangofast.com\/?post_type=product&#038;p=705"},"modified":"2025-03-20T14:17:05","modified_gmt":"2025-03-20T06:17:05","slug":"bathroom-fan-6","status":"publish","type":"product","link":"https:\/\/www.fangofast.com\/es\/product\/bathroom-fan-6\/","title":{"rendered":"Ventilador de ba\u00f1o 100-A"},"content":{"rendered":"<table class=\"a-normal a-spacing-micro\">\n<tbody>\n<tr class=\"a-spacing-small po-brand\">\n<td class=\"a-span3\"><span class=\"a-size-base a-text-bold\">Marca<\/span><\/td>\n<td class=\"a-span9\"><span class=\"a-size-base po-break-word\">FanGoFast<\/span><\/td>\n<\/tr>\n<tr class=\"a-spacing-small po-color\">\n<td class=\"a-span3\"><span class=\"a-size-base a-text-bold\">Color<\/span><\/td>\n<td class=\"a-span9\"><span class=\"a-size-base po-break-word\">Blanco<\/span><\/td>\n<\/tr>\n<tr class=\"a-spacing-small po-electric_fan_design\">\n<td class=\"a-span3\"><span class=\"a-size-base a-text-bold\">Dise\u00f1o de ventilador el\u00e9ctrico<\/span><\/td>\n<td class=\"a-span9\"><span class=\"a-size-base po-break-word\">Extractor<\/span><\/td>\n<\/tr>\n<tr class=\"a-spacing-small po-power_source_type\">\n<td class=\"a-span3\"><span class=\"a-size-base a-text-bold\">Fuente de energ\u00eda<\/span><\/td>\n<td class=\"a-span9\"><span class=\"a-size-base po-break-word\">El\u00e9ctrico con cable<\/span><\/td>\n<\/tr>\n<tr class=\"a-spacing-small po-style\">\n<td class=\"a-span3\"><span class=\"a-size-base a-text-bold\">Estilo<\/span><\/td>\n<td class=\"a-span9\"><span class=\"a-size-base po-break-word\">Tipo 100A<\/span><\/td>\n<\/tr>\n<tr class=\"a-spacing-small po-item_depth_width_height\">\n<td class=\"a-span3\"><span class=\"a-size-base a-text-bold\">Dimensiones del producto<\/span><\/td>\n<td class=\"a-span9\"><span class=\"a-size-base po-break-word\">12 D x 15 A x 15 H cent\u00edmetros<\/span><\/td>\n<\/tr>\n<tr class=\"a-spacing-small po-room_type\">\n<td class=\"a-span3\"><span class=\"a-size-base a-text-bold\">Tipo de habitaci\u00f3n<\/span><\/td>\n<td class=\"a-span9\"><span class=\"a-size-base po-break-word\">Ba\u00f1o\/Sal\u00f3n\/Casa<\/span><\/td>\n<\/tr>\n<tr class=\"a-spacing-small po-special_feature\">\n<td class=\"a-span3\"><span class=\"a-size-base a-text-bold\">Reportaje especial<\/span><\/td>\n<td class=\"a-span9\"><span class=\"a-size-base po-break-word\">Eficiencia energ\u00e9tica de clase B, estanqueidad IP44, motor con rodamiento de bolas<\/span><\/td>\n<\/tr>\n<tr class=\"a-spacing-small po-recommended_uses_for_product\">\n<td class=\"a-span3\"><span class=\"a-size-base a-text-bold\">Usos recomendados del producto<\/span><\/td>\n<td class=\"a-span9\"><span class=\"a-size-base po-break-word\">Ventilaci\u00f3n<\/span><\/td>\n<\/tr>\n<tr class=\"a-spacing-small po-noise_level\">\n<td class=\"a-span3\"><span class=\"a-size-base a-text-bold\">Nivel de ruido<\/span><\/td>\n<td class=\"a-span9\"><span class=\"a-size-base po-break-word\">37 dB<\/span><\/td>\n<\/tr>\n<\/tbody>\n<\/table>\n<ul>\n<li class=\"a-spacing-mini\"><span class=\"a-list-item\">Gratis: se incluye un destornillador.<\/span><\/li>\n<li class=\"a-spacing-mini\"><span class=\"a-list-item\">Sin preocupaciones: ofrecemos sustituci\u00f3n en lugar de reparaci\u00f3n dentro de la garant\u00eda.<\/span><\/li>\n<li class=\"a-spacing-mini\"><span class=\"a-list-item\">Ventilador de ba\u00f1o de 100 mm de di\u00e1metro: Este ventilador de ba\u00f1o de 100 mm est\u00e1 hecho de material ABS resistente a la corrosi\u00f3n, que es ligero y no se deforma f\u00e1cilmente, excelente resistencia al calor y durabilidad. Tensi\u00f3n de funcionamiento: 230 V\/50 Hz; potencia: 12 W; ahorro de energ\u00eda. La menor potencia puede proporcionarle un flujo de aire satisfactorio. Caudal de aire: 66 m\u00b3\/h; Velocidad del motor: 2200 RPM.<\/span><\/li>\n<li class=\"a-spacing-mini\"><span class=\"a-list-item\">V\u00e1lvula de retenci\u00f3n especial: a diferencia de otros extractores, los extractores FanGoFast de 100 mm est\u00e1n equipados con una v\u00e1lvula de retenci\u00f3n de 4 puertas que se corresponde mejor con el principio de gravedad y minimiza la p\u00e9rdida de flujo de aire. Y la v\u00e1lvula de retenci\u00f3n est\u00e1 hecha de un material especial flexible y el\u00e1stico, que es m\u00e1s duradero que el extractor general.<\/span><\/li>\n<li class=\"a-spacing-mini\"><span class=\"a-list-item\">Bajo nivel de ruido: este ventilador de pared de 100 mm est\u00e1 equipado con un motor de cobre con doble rodamiento de bolas, que garantiza una alta eficiencia, un funcionamiento silencioso y un rendimiento de alta calidad. En comparaci\u00f3n con los motores ordinarios, el motor mejorado puede reducir el coeficiente de fricci\u00f3n, ahorrar energ\u00eda de manera efectiva y reducir el ruido del ventilador de ba\u00f1o de 100 mm.<\/span><\/li>\n<li class=\"a-spacing-mini\"><span class=\"a-list-item\">Protecci\u00f3n contra sobrecalentamiento: las aspas del ventilador axial garantizan una refrigeraci\u00f3n \u00f3ptima y el motor sellado con cojinete de cobre puro genera menos calor, prolonga el tiempo de funcionamiento y alarga la vida \u00fatil. El dispositivo de protecci\u00f3n contra sobrecalentamiento integrado interrumpe el contacto cuando el motor se sobrecalienta y desempe\u00f1a la funci\u00f3n de protecci\u00f3n contra fallos de alimentaci\u00f3n y doble protecci\u00f3n.<\/span><\/li>\n<li class=\"a-spacing-mini\"><span class=\"a-list-item\">Amplia aplicaci\u00f3n: este ventilador de ba\u00f1o de 100 mm es la elecci\u00f3n ideal para crear un sistema de climatizaci\u00f3n eficiente en cocinas, dormitorios, oficinas, s\u00f3tanos, almacenes, garajes y otras \u00e1reas que requieran una ventilaci\u00f3n continua o necesaria. Ofrecemos 30 d\u00edas de reembolso completo r\u00e1pido y nuevo servicio de reemplazo dentro de los 18 meses de garant\u00eda. Cualquier pregunta con este ventilador de ba\u00f1o, por favor no dude en contactar con nosotros en cualquier momento.<\/span><\/li>\n<\/ul>","protected":false},"excerpt":{"rendered":"<p>Brand FanGoFast Colour White Electric fan design Exhaust Fan Power source Corded Electric Style Type 100A Product dimensions 12D x 15W x 15H centimetres Room type Bathroom\/Living Room\/Home Special feature Class B energy efficiency, IP44 waterproof, ball bearing motor Recommended uses for product Ventilating Noise level 37 dB For free: a screwdriver is included. Worry &hellip;<\/p>\n<p class=\"read-more\"> <a class=\"\" href=\"https:\/\/www.fangofast.com\/es\/product\/bathroom-fan-6\/\"> <span class=\"screen-reader-text\">Ventilador de ba\u00f1o 100-A<\/span> Leer m\u00e1s \u00bb<\/a><\/p>","protected":false},"featured_media":708,"template":"","meta":{"site-sidebar-layout":"default","site-content-layout":"default","ast-global-header-display":"","ast-main-header-display":"","ast-hfb-above-header-display":"","ast-hfb-below-header-display":"","ast-hfb-mobile-header-display":"","site-post-title":"","ast-breadcrumbs-content":"","ast-featured-img":"","footer-sml-layout":"","theme-transparent-header-meta":"default","adv-header-id-meta":"","stick-header-meta":"","header-above-stick-meta":"","header-main-stick-meta":"","header-below-stick-meta":""},"product_cat":[37],"product_tag":[],"class_list":["post-705","product","type-product","status-publish","has-post-thumbnail","hentry","product_cat-bathroom-fan","desktop-align-left","tablet-align-left","mobile-align-left","ast-product-gallery-layout-vertical-slider","ast-product-tabs-layout-horizontal"],"_links":{"self":[{"href":"https:\/\/www.fangofast.com\/es\/wp-json\/wp\/v2\/product\/705","targetHints":{"allow":["GET"]}}],"collection":[{"href":"https:\/\/www.fangofast.com\/es\/wp-json\/wp\/v2\/product"}],"about":[{"href":"https:\/\/www.fangofast.com\/es\/wp-json\/wp\/v2\/types\/product"}],"wp:featuredmedia":[{"embeddable":true,"href":"https:\/\/www.fangofast.com\/es\/wp-json\/wp\/v2\/media\/708"}],"wp:attachment":[{"href":"https:\/\/www.fangofast.com\/es\/wp-json\/wp\/v2\/media?parent=705"}],"wp:term":[{"taxonomy":"product_cat","embeddable":true,"href":"https:\/\/www.fangofast.com\/es\/wp-json\/wp\/v2\/product_cat?post=705"},{"taxonomy":"product_tag","embeddable":true,"href":"https:\/\/www.fangofast.com\/es\/wp-json\/wp\/v2\/product_tag?post=705"}],"curies":[{"name":"wp","href":"https:\/\/api.w.org\/{rel}","templated":true}]}}