{"id":693,"date":"2024-05-25T11:23:47","date_gmt":"2024-05-25T03:23:47","guid":{"rendered":"http:\/\/www.fangofast.com\/?post_type=product&#038;p=693"},"modified":"2025-03-20T14:29:40","modified_gmt":"2025-03-20T06:29:40","slug":"bathroom-fan-5","status":"publish","type":"product","link":"https:\/\/www.fangofast.com\/es\/product\/bathroom-fan-5\/","title":{"rendered":"Ventilador de ba\u00f1o 100B-humedad"},"content":{"rendered":"<div id=\"twister_feature_div\" class=\"celwidget\" data-feature-name=\"twister\" data-csa-c-type=\"widget\" data-csa-c-content-id=\"twister\" data-csa-c-slot-id=\"twister_feature_div\" data-csa-c-asin=\"B0BV63DJ79\" data-csa-c-is-in-initial-active-row=\"false\" data-csa-c-id=\"ap7tnp-r2rx4j-f87cwr-vllbv2\" data-cel-widget=\"twister_feature_div\">\n<div id=\"twister-plus-desktop-twister-container\" class=\"a-cardui-deck inline-twister-container-margins\" data-csa-c-content-id=\"twister-plus-inline-twister-container\" data-csa-c-slot-id=\"twister-plus-inline-twister-container\" data-csa-c-type=\"slot\" data-csa-c-id=\"wd9j4d-o44i6u-goetoj-g7h3ku\">\n<div id=\"twister-plus-inline-twister-card\" class=\"a-cardui inline-twister-card-padding\" data-a-card-type=\"basic\">\n<div class=\"a-cardui-body\">\n<div id=\"twister-plus-inline-twister\" class=\"a-section\">\n<div id=\"inline-twister-singleton-header-color_name\" class=\"a-section a-spacing-none inline-twister-singleton-header\"><\/div>\n<\/div>\n<\/div>\n<\/div>\n<\/div>\n<\/div>\n<div id=\"productOverview_feature_div\" class=\"celwidget\" data-feature-name=\"productOverview\" data-csa-c-type=\"widget\" data-csa-c-content-id=\"productOverview\" data-csa-c-slot-id=\"productOverview_feature_div\" data-csa-c-asin=\"B0BV63DJ79\" data-csa-c-is-in-initial-active-row=\"false\" data-csa-c-id=\"ngq3o2-3li0zh-3gg9m0-pmml6j\" data-cel-widget=\"productOverview_feature_div\">\n<div class=\"a-section a-spacing-small a-spacing-top-small\">\n<table class=\"a-normal a-spacing-micro\" style=\"height: 281px;\" width=\"1335\">\n<tbody>\n<tr class=\"a-spacing-small po-brand\">\n<td class=\"a-span3\"><span class=\"a-size-base a-text-bold\">Marca<\/span><\/td>\n<td class=\"a-span9\"><span class=\"a-size-base po-break-word\">FanGoFast<\/span><\/td>\n<\/tr>\n<tr class=\"a-spacing-small po-color\">\n<td class=\"a-span3\"><span class=\"a-size-base a-text-bold\">Color<\/span><\/td>\n<td class=\"a-span9\"><span class=\"a-size-base po-break-word\">Blanco<\/span><\/td>\n<\/tr>\n<tr class=\"a-spacing-small po-electric_fan_design\">\n<td class=\"a-span3\"><span class=\"a-size-base a-text-bold\">Dise\u00f1o de ventilador el\u00e9ctrico<\/span><\/td>\n<td class=\"a-span9\"><span class=\"a-size-base po-break-word\">Extractor<\/span><\/td>\n<\/tr>\n<tr class=\"a-spacing-small po-power_source_type\">\n<td class=\"a-span3\"><span class=\"a-size-base a-text-bold\">Fuente de energ\u00eda<\/span><\/td>\n<td class=\"a-span9\"><span class=\"a-size-base po-break-word\">S\u00cd<\/span><\/td>\n<\/tr>\n<tr class=\"a-spacing-small po-style\">\n<td class=\"a-span3\"><span class=\"a-size-base a-text-bold\">Estilo<\/span><\/td>\n<td class=\"a-span9\"><span class=\"a-size-base po-break-word\">Humedad tipo 100<\/span><\/td>\n<\/tr>\n<tr class=\"a-spacing-small po-item_depth_width_height\">\n<td class=\"a-span3\"><span class=\"a-size-base a-text-bold\">Dimensiones del producto<\/span><\/td>\n<td class=\"a-span9\"><span class=\"a-size-base po-break-word\">16 cm de fondo x 11 cm de ancho x 11 cm de alto<\/span><\/td>\n<\/tr>\n<\/tbody>\n<\/table>\n<\/div>\n<\/div>\n<p>&nbsp;<\/p>\n<ul>\n<li class=\"a-spacing-mini\"><span class=\"a-list-item\">Control inteligente de la humedad El ventilador con higrosensor lleva incorporado un avanzado sensor de humedad, que enciende autom\u00e1ticamente el ventilador del ba\u00f1o cuando la humedad supera un valor establecido del 50-90 por ciento, con un tiempo de funcionamiento de 1 a 30 minutos, seg\u00fan sus necesidades.<\/span><\/li>\n<li class=\"a-spacing-mini\"><span class=\"a-list-item\">F\u00e1cil instalaci\u00f3n: el ventilador de ba\u00f1o de 100 mm viene con un juego completo de accesorios de montaje, incluidos tornillos y anclajes, para garantizar una instalaci\u00f3n r\u00e1pida y sencilla. Tanto si lo monta en la pared como en el techo o la ventana, es sencillo y apto para todos los usuarios.<\/span><\/li>\n<li class=\"a-spacing-mini\"><span class=\"a-list-item\">Dise\u00f1o ultra silencioso: Con un nivel de ruido de s\u00f3lo 30 dB, el ventilador regulador de humedad aspira el aire sin molestarle en su trabajo o descanso. Su dise\u00f1o poco ruidoso lo hace ideal para dormitorios, cuartos de ba\u00f1o u otros entornos que requieran un ambiente silencioso.<\/span><\/li>\n<li class=\"a-spacing-mini\"><span class=\"a-list-item\">DISE\u00d1O ELEGANTE Este extractor combina con una gran variedad de estilos de interior gracias a su aspecto sencillo pero moderno. Tanto si tienes un ba\u00f1o tradicional como moderno, este extractor de pared para ba\u00f1o combinar\u00e1 a la perfecci\u00f3n y a\u00f1adir\u00e1 un toque de elegancia a tu espacio.<\/span><\/li>\n<li class=\"a-spacing-mini\"><span class=\"a-list-item\">Ventilaci\u00f3n eficaz: este eficaz extractor para cuarto de ba\u00f1o tiene una potente funci\u00f3n de ventilaci\u00f3n que elimina eficazmente el exceso de humedad y olores y garantiza la circulaci\u00f3n de aire fresco. Ya sea despu\u00e9s de la ducha o en un ambiente h\u00famedo, restablece r\u00e1pidamente la calidad del aire y mejora la experiencia de vida.<\/span><\/li>\n<\/ul>","protected":false},"excerpt":{"rendered":"<p>Brand FanGoFast Colour White Electric fan design Exhaust Fan Power source YES Style Type 100 humidity Product dimensions 16D x 11W x 11H centimetres &nbsp; Intelligent Humidity Control The fan with hygrosensor has a built-in advanced humidity sensor, which automatically turns on the bathroom fan when the humidity exceeds a set value of 50-90 percent, &hellip;<\/p>\n<p class=\"read-more\"> <a class=\"\" href=\"https:\/\/www.fangofast.com\/es\/product\/bathroom-fan-5\/\"> <span class=\"screen-reader-text\">Ventilador de ba\u00f1o 100B-humedad<\/span> Leer m\u00e1s \u00bb<\/a><\/p>","protected":false},"featured_media":1254,"template":"","meta":{"site-sidebar-layout":"default","site-content-layout":"default","ast-global-header-display":"","ast-main-header-display":"","ast-hfb-above-header-display":"","ast-hfb-below-header-display":"","ast-hfb-mobile-header-display":"","site-post-title":"","ast-breadcrumbs-content":"","ast-featured-img":"","footer-sml-layout":"","theme-transparent-header-meta":"default","adv-header-id-meta":"","stick-header-meta":"","header-above-stick-meta":"","header-main-stick-meta":"","header-below-stick-meta":""},"product_cat":[37],"product_tag":[],"class_list":["post-693","product","type-product","status-publish","has-post-thumbnail","hentry","product_cat-bathroom-fan","desktop-align-left","tablet-align-left","mobile-align-left","ast-product-gallery-layout-vertical-slider","ast-product-tabs-layout-horizontal"],"_links":{"self":[{"href":"https:\/\/www.fangofast.com\/es\/wp-json\/wp\/v2\/product\/693","targetHints":{"allow":["GET"]}}],"collection":[{"href":"https:\/\/www.fangofast.com\/es\/wp-json\/wp\/v2\/product"}],"about":[{"href":"https:\/\/www.fangofast.com\/es\/wp-json\/wp\/v2\/types\/product"}],"wp:featuredmedia":[{"embeddable":true,"href":"https:\/\/www.fangofast.com\/es\/wp-json\/wp\/v2\/media\/1254"}],"wp:attachment":[{"href":"https:\/\/www.fangofast.com\/es\/wp-json\/wp\/v2\/media?parent=693"}],"wp:term":[{"taxonomy":"product_cat","embeddable":true,"href":"https:\/\/www.fangofast.com\/es\/wp-json\/wp\/v2\/product_cat?post=693"},{"taxonomy":"product_tag","embeddable":true,"href":"https:\/\/www.fangofast.com\/es\/wp-json\/wp\/v2\/product_tag?post=693"}],"curies":[{"name":"wp","href":"https:\/\/api.w.org\/{rel}","templated":true}]}}