{"id":677,"date":"2024-05-25T11:22:37","date_gmt":"2024-05-25T03:22:37","guid":{"rendered":"http:\/\/www.fangofast.com\/?post_type=product&#038;p=677"},"modified":"2025-03-20T14:22:47","modified_gmt":"2025-03-20T06:22:47","slug":"bathroom-fan-3","status":"publish","type":"product","link":"https:\/\/www.fangofast.com\/es\/product\/bathroom-fan-3\/","title":{"rendered":"150-B Ventilador de ba\u00f1o"},"content":{"rendered":"<table class=\"a-normal a-spacing-micro\">\n<tbody>\n<tr class=\"a-spacing-small po-brand\">\n<td class=\"a-span3\"><span class=\"a-size-base a-text-bold\">Marca<\/span><\/td>\n<td class=\"a-span9\"><span class=\"a-size-base po-break-word\">FanGoFast<\/span><\/td>\n<\/tr>\n<tr class=\"a-spacing-small po-color\">\n<td class=\"a-span3\"><span class=\"a-size-base a-text-bold\">Color<\/span><\/td>\n<td class=\"a-span9\"><span class=\"a-size-base po-break-word\">Blanco<\/span><\/td>\n<\/tr>\n<tr class=\"a-spacing-small po-electric_fan_design\">\n<td class=\"a-span3\"><span class=\"a-size-base a-text-bold\">Dise\u00f1o de ventilador el\u00e9ctrico<\/span><\/td>\n<td class=\"a-span9\"><span class=\"a-size-base po-break-word\">Extractor<\/span><\/td>\n<\/tr>\n<tr class=\"a-spacing-small po-power_source_type\">\n<td class=\"a-span3\"><span class=\"a-size-base a-text-bold\">Fuente de energ\u00eda<\/span><\/td>\n<td class=\"a-span9\"><span class=\"a-size-base po-break-word\">Corriente alterna (CA)<\/span><\/td>\n<\/tr>\n<tr class=\"a-spacing-small po-style\">\n<td class=\"a-span3\"><span class=\"a-size-base a-text-bold\">Estilo<\/span><\/td>\n<td class=\"a-span9\"><span class=\"a-size-base po-break-word\">Tipo-150B<\/span><\/td>\n<\/tr>\n<tr class=\"a-spacing-small po-item_depth_width_height\">\n<td class=\"a-span3\"><span class=\"a-size-base a-text-bold\">Dimensiones del producto<\/span><\/td>\n<td class=\"a-span9\"><span class=\"a-size-base po-break-word\">13,5 cm de fondo x 20 cm de ancho x 20 cm de alto<\/span><\/td>\n<\/tr>\n<tr class=\"a-spacing-small po-room_type\">\n<td class=\"a-span3\"><span class=\"a-size-base a-text-bold\">Tipo de habitaci\u00f3n<\/span><\/td>\n<td class=\"a-span9\"><span class=\"a-size-base po-break-word\">Cocina<\/span><\/td>\n<\/tr>\n<tr class=\"a-spacing-small po-special_feature\">\n<td class=\"a-span3\"><span class=\"a-size-base a-text-bold\">Reportaje especial<\/span><\/td>\n<td class=\"a-span9\"><span class=\"a-size-base po-break-word\">Impermeable<\/span><\/td>\n<\/tr>\n<tr class=\"a-spacing-small po-recommended_uses_for_product\">\n<td class=\"a-span3\"><span class=\"a-size-base a-text-bold\">Usos recomendados del producto<\/span><\/td>\n<td class=\"a-span9\"><span class=\"a-size-base po-break-word\">Ventilaci\u00f3n<\/span><\/td>\n<\/tr>\n<tr class=\"a-spacing-small po-noise_level\">\n<td class=\"a-span3\"><span class=\"a-size-base a-text-bold\">Nivel de ruido<\/span><\/td>\n<td class=\"a-span9\"><span class=\"a-size-base po-break-word\">46 dB<\/span><\/td>\n<\/tr>\n<\/tbody>\n<\/table>\n<p>&nbsp;<\/p>\n<ul>\n<li class=\"a-spacing-mini\"><span class=\"a-list-item\">Gratis - se incluye un destornillador<\/span><\/li>\n<li class=\"a-spacing-mini\"><span class=\"a-list-item\">Alto rendimiento: tensi\u00f3n de funcionamiento: 230 V\/50 Hz; potencia: 17 W; caudal de aire: 132 m\u00b3\/h. El ventilador de ba\u00f1o est\u00e1ndar de 150 mm es una soluci\u00f3n ideal para estancias con mucha humedad, como ba\u00f1os, cocinas, garajes, s\u00f3tanos, salones, oficinas, cuartos de herramientas, etc.<\/span><\/li>\n<li class=\"a-spacing-mini\"><span class=\"a-list-item\">V\u00e1lvula de retenci\u00f3n especial: a diferencia de otros extractores, los extractores de ba\u00f1o silenciosos FanGoFast de 150 mm est\u00e1n equipados con una v\u00e1lvula de retenci\u00f3n de 4 puertas que se corresponde mejor con el principio de gravedad y minimiza la p\u00e9rdida de flujo de aire. Y la v\u00e1lvula de retenci\u00f3n est\u00e1 hecha de un material especial flexible y el\u00e1stico, que es m\u00e1s duradero que el extractor general.<\/span><\/li>\n<li class=\"a-spacing-mini\"><span class=\"a-list-item\">Bajo nivel de ruido: este ventilador de pared de 150 mm est\u00e1 equipado con un motor de cobre con doble rodamiento de bolas, que garantiza una alta eficiencia, un funcionamiento silencioso y un rendimiento de alta calidad. En comparaci\u00f3n con los motores ordinarios, el motor mejorado puede reducir el coeficiente de fricci\u00f3n, ahorrar energ\u00eda de manera efectiva y reducir el ruido del ventilador de ba\u00f1o de 150 mm.<\/span><\/li>\n<li class=\"a-spacing-mini\"><span class=\"a-list-item\">Material de alta calidad: el marco principal y las aspas del extractor de ba\u00f1o est\u00e1n hechos de material ABS anti-UV, que proporciona una buena protecci\u00f3n contra la corrosi\u00f3n y el envejecimiento y es f\u00e1cil de limpiar.<\/span><\/li>\n<li class=\"a-spacing-mini\"><span class=\"a-list-item\">SERVICIO AMIGABLE AL CLIENTE - Proporcionamos 30 d\u00edas de reembolso completo r\u00e1pido y nuevo servicio de reemplazo dentro de los 18 meses de garant\u00eda. Cualquier pregunta con este extractor de ba\u00f1o, se le pide que contacte con nosotros en cualquier momento.<\/span><\/li>\n<\/ul>","protected":false},"excerpt":{"rendered":"<p>Brand FanGoFast Colour White Electric fan design Exhaust Fan Power source Alternating Current (AC) Style Type-150B Product dimensions 13.5D x 20W x 20H centimetres Room type Kitchen Special feature Waterproof Recommended uses for product Ventilating Noise level 46 dB &nbsp; For free \u2013 a screwdriver is included High performance: operating voltage: 230 V\/50 Hz; power: &hellip;<\/p>\n<p class=\"read-more\"> <a class=\"\" href=\"https:\/\/www.fangofast.com\/es\/product\/bathroom-fan-3\/\"> <span class=\"screen-reader-text\">150-B Ventilador de ba\u00f1o<\/span> Leer m\u00e1s \u00bb<\/a><\/p>","protected":false},"featured_media":1247,"template":"","meta":{"site-sidebar-layout":"default","site-content-layout":"default","ast-global-header-display":"","ast-main-header-display":"","ast-hfb-above-header-display":"","ast-hfb-below-header-display":"","ast-hfb-mobile-header-display":"","site-post-title":"","ast-breadcrumbs-content":"","ast-featured-img":"","footer-sml-layout":"","theme-transparent-header-meta":"default","adv-header-id-meta":"","stick-header-meta":"","header-above-stick-meta":"","header-main-stick-meta":"","header-below-stick-meta":""},"product_cat":[37],"product_tag":[],"class_list":["post-677","product","type-product","status-publish","has-post-thumbnail","hentry","product_cat-bathroom-fan","desktop-align-left","tablet-align-left","mobile-align-left","ast-product-gallery-layout-vertical-slider","ast-product-tabs-layout-horizontal"],"_links":{"self":[{"href":"https:\/\/www.fangofast.com\/es\/wp-json\/wp\/v2\/product\/677","targetHints":{"allow":["GET"]}}],"collection":[{"href":"https:\/\/www.fangofast.com\/es\/wp-json\/wp\/v2\/product"}],"about":[{"href":"https:\/\/www.fangofast.com\/es\/wp-json\/wp\/v2\/types\/product"}],"wp:featuredmedia":[{"embeddable":true,"href":"https:\/\/www.fangofast.com\/es\/wp-json\/wp\/v2\/media\/1247"}],"wp:attachment":[{"href":"https:\/\/www.fangofast.com\/es\/wp-json\/wp\/v2\/media?parent=677"}],"wp:term":[{"taxonomy":"product_cat","embeddable":true,"href":"https:\/\/www.fangofast.com\/es\/wp-json\/wp\/v2\/product_cat?post=677"},{"taxonomy":"product_tag","embeddable":true,"href":"https:\/\/www.fangofast.com\/es\/wp-json\/wp\/v2\/product_tag?post=677"}],"curies":[{"name":"wp","href":"https:\/\/api.w.org\/{rel}","templated":true}]}}