{"id":666,"date":"2024-05-25T11:21:32","date_gmt":"2024-05-25T03:21:32","guid":{"rendered":"http:\/\/www.fangofast.com\/?post_type=product&#038;p=666"},"modified":"2025-03-20T14:08:41","modified_gmt":"2025-03-20T06:08:41","slug":"bathroom-fan","status":"publish","type":"product","link":"https:\/\/www.fangofast.com\/es\/product\/bathroom-fan\/","title":{"rendered":"Ventilador de ba\u00f1o 100A-timer"},"content":{"rendered":"<p>Ventilador de ba\u00f1o<\/p>\n<table style=\"font-size: 16px; font-style: normal;\">\n<tbody>\n<tr>\n<td width=\"147\"><strong><b>B<\/b><\/strong><strong><b>rand<\/b><\/strong><\/td>\n<td width=\"366\">FanGoFast<\/td>\n<\/tr>\n<tr>\n<td width=\"147\"><strong><b>Color<\/b><\/strong><\/td>\n<td width=\"366\">Blanco<\/td>\n<\/tr>\n<tr>\n<td width=\"147\"><strong><b>Dise\u00f1o de ventilador el\u00e9ctrico<\/b><\/strong><\/td>\n<td width=\"366\">Extractor<\/td>\n<\/tr>\n<tr>\n<td width=\"147\"><strong><b>Fuente de energ\u00eda<\/b><\/strong><\/td>\n<td width=\"366\">El\u00e9ctrico con cable<\/td>\n<\/tr>\n<tr>\n<td width=\"147\"><strong><b>Estilo<\/b><\/strong><\/td>\n<td width=\"366\">Temporizador Typ-100A<\/td>\n<\/tr>\n<tr>\n<td width=\"147\"><strong><b>Dimensiones del producto<\/b><\/strong><\/td>\n<td width=\"366\">16An x 11An x 11Al cm<\/td>\n<\/tr>\n<tr>\n<td width=\"147\"><strong><b>Tipo de habitaci\u00f3n<\/b><\/strong><\/td>\n<td width=\"366\">Cocina, Ba\u00f1o<\/td>\n<\/tr>\n<tr>\n<td width=\"147\"><strong><b>Reportaje especial<\/b><\/strong><\/td>\n<td width=\"366\">Ligero<\/td>\n<\/tr>\n<tr>\n<td width=\"147\"><strong><b>Usos recomendados del producto<\/b><\/strong><\/td>\n<td width=\"366\">Ventilaci\u00f3n<\/td>\n<\/tr>\n<tr>\n<td width=\"147\"><strong><b>Nivel de ruido<\/b><\/strong><\/td>\n<td width=\"366\">36 dB<\/td>\n<\/tr>\n<\/tbody>\n<\/table>\n<p>&nbsp;<\/p>\n<ul>\n<li class=\"a-spacing-mini\"><span class=\"a-list-item\">Gratis: se incluye un destornillador.<\/span><\/li>\n<li class=\"a-spacing-mini\"><span class=\"a-list-item\">Ventilador de ba\u00f1o de 100 mm de di\u00e1metro: Este ventilador de ba\u00f1o de 100 mm est\u00e1 hecho de material ABS resistente a la corrosi\u00f3n, que es ligero y no se deforma f\u00e1cilmente, excelente resistencia al calor y durabilidad. Tensi\u00f3n de funcionamiento: 230 V\/50 Hz; potencia: 12 W; ahorro de energ\u00eda. La menor potencia puede proporcionarle un flujo de aire satisfactorio. Caudal de aire: 66 m\u00b3\/h; Velocidad del motor: 2200 RPM.<\/span><\/li>\n<li class=\"a-spacing-mini\"><span class=\"a-list-item\">Funci\u00f3n de temporizaci\u00f3n: el ventilador de ba\u00f1o tiene una funci\u00f3n de temporizaci\u00f3n que puede ajustar seg\u00fan sus deseos (1 minuto - 30 minutos), f\u00e1cil instalaci\u00f3n y funcionamiento, mantenimiento muy rentable.<\/span><\/li>\n<li class=\"a-spacing-mini\"><span class=\"a-list-item\">V\u00e1lvula de retenci\u00f3n especial: a diferencia de otros extractores, los extractores FanGoFast de 100 mm est\u00e1n equipados con una v\u00e1lvula de retenci\u00f3n de 4 puertas que se corresponde mejor con el principio de gravedad y minimiza la p\u00e9rdida de flujo de aire. Y la v\u00e1lvula de retenci\u00f3n est\u00e1 hecha de un material especial flexible y el\u00e1stico, que es m\u00e1s duradero que el extractor general.<\/span><\/li>\n<li class=\"a-spacing-mini\"><span class=\"a-list-item\">Bajo nivel de ruido: este ventilador de pared de 100 mm est\u00e1 equipado con un motor de cobre con doble rodamiento de bolas, que garantiza una alta eficiencia, un funcionamiento silencioso y un rendimiento de alta calidad. En comparaci\u00f3n con los motores ordinarios, el motor mejorado puede reducir el coeficiente de fricci\u00f3n, ahorrar energ\u00eda de manera efectiva y reducir el ruido del ventilador de ba\u00f1o de 100 mm.<\/span><\/li>\n<li class=\"a-spacing-mini\"><span class=\"a-list-item\">Amplia aplicaci\u00f3n: este ventilador de ba\u00f1o de 100 mm es la elecci\u00f3n ideal para crear un sistema de climatizaci\u00f3n eficiente en cocinas, dormitorios, oficinas, s\u00f3tanos, almacenes, garajes y otras \u00e1reas que requieran una ventilaci\u00f3n continua o necesaria. Ofrecemos 30 d\u00edas de reembolso completo r\u00e1pido y nuevo servicio de reemplazo dentro de los 18 meses de garant\u00eda. Cualquier pregunta con este ventilador de ba\u00f1o, por favor no dude en contactar con nosotros en cualquier momento.<\/span><\/li>\n<\/ul>","protected":false},"excerpt":{"rendered":"<p>Bathroom Fan Brand FanGoFast Color White Electric fan design Exhaust Fan Power source Corded Electric Style Typ-100A-Timer Product dimensions 16D\u00a0x 11W\u00a0x 11H cm Room type Kitchen, Bathroom Special feature Lightweight Recommended uses for product Ventilating Noise level 36 dB &nbsp; For free: a screwdriver is included. Diameter 100 mm bathroom fan: This 100 mm bathroom &hellip;<\/p>\n<p class=\"read-more\"> <a class=\"\" href=\"https:\/\/www.fangofast.com\/es\/product\/bathroom-fan\/\"> <span class=\"screen-reader-text\">Ventilador de ba\u00f1o 100A-timer<\/span> Leer m\u00e1s \u00bb<\/a><\/p>","protected":false},"featured_media":669,"template":"","meta":{"site-sidebar-layout":"default","site-content-layout":"default","ast-global-header-display":"","ast-main-header-display":"","ast-hfb-above-header-display":"","ast-hfb-below-header-display":"","ast-hfb-mobile-header-display":"","site-post-title":"","ast-breadcrumbs-content":"","ast-featured-img":"","footer-sml-layout":"","theme-transparent-header-meta":"default","adv-header-id-meta":"","stick-header-meta":"","header-above-stick-meta":"","header-main-stick-meta":"","header-below-stick-meta":""},"product_cat":[37],"product_tag":[],"class_list":["post-666","product","type-product","status-publish","has-post-thumbnail","hentry","product_cat-bathroom-fan","desktop-align-left","tablet-align-left","mobile-align-left","ast-product-gallery-layout-vertical-slider","ast-product-tabs-layout-horizontal"],"_links":{"self":[{"href":"https:\/\/www.fangofast.com\/es\/wp-json\/wp\/v2\/product\/666","targetHints":{"allow":["GET"]}}],"collection":[{"href":"https:\/\/www.fangofast.com\/es\/wp-json\/wp\/v2\/product"}],"about":[{"href":"https:\/\/www.fangofast.com\/es\/wp-json\/wp\/v2\/types\/product"}],"wp:featuredmedia":[{"embeddable":true,"href":"https:\/\/www.fangofast.com\/es\/wp-json\/wp\/v2\/media\/669"}],"wp:attachment":[{"href":"https:\/\/www.fangofast.com\/es\/wp-json\/wp\/v2\/media?parent=666"}],"wp:term":[{"taxonomy":"product_cat","embeddable":true,"href":"https:\/\/www.fangofast.com\/es\/wp-json\/wp\/v2\/product_cat?post=666"},{"taxonomy":"product_tag","embeddable":true,"href":"https:\/\/www.fangofast.com\/es\/wp-json\/wp\/v2\/product_tag?post=666"}],"curies":[{"name":"wp","href":"https:\/\/api.w.org\/{rel}","templated":true}]}}